{"id":2794,"date":"2022-08-11T20:48:24","date_gmt":"2022-08-11T18:48:24","guid":{"rendered":"https:\/\/www.med4skin.ch\/conditions-generales-de-vente\/"},"modified":"2026-04-14T11:06:08","modified_gmt":"2026-04-14T09:06:08","slug":"conditions-generales-de-vente","status":"publish","type":"page","link":"https:\/\/www.med4skin.ch\/fr\/conditions-generales-de-vente\/","title":{"rendered":"CONDITIONS G\u00c9N\u00c9RALES DE VENTE"},"content":{"rendered":"<p>[et_pb_section fb_built=\u00a0\u00bb1&Prime; admin_label=\u00a0\u00bbFeatures Section\u00a0\u00bb _builder_version=\u00a0\u00bb4.16&Prime; custom_padding=\u00a0\u00bb110px||110px|\u00a0\u00bb global_colors_info=\u00a0\u00bb{}\u00a0\u00bb][et_pb_row _builder_version=\u00a0\u00bb4.16&Prime; custom_padding=\u00a0\u00bb20px|||\u00a0\u00bb locked=\u00a0\u00bboff\u00a0\u00bb global_colors_info=\u00a0\u00bb{}\u00a0\u00bb][et_pb_column type=\u00a0\u00bb4_4&Prime; _builder_version=\u00a0\u00bb4.16&Prime; custom_padding=\u00a0\u00bb|||\u00a0\u00bb global_colors_info=\u00a0\u00bb{}\u00a0\u00bb custom_padding__hover=\u00a0\u00bb|||\u00a0\u00bb][et_pb_text admin_label=\u00a0\u00bbFeatures Section Title\u00a0\u00bb _builder_version=\u00a0\u00bb4.16&Prime; text_font=\u00a0\u00bb||||||||\u00a0\u00bb header_font=\u00a0\u00bbRoboto|700||on|||||\u00a0\u00bb header_text_align=\u00a0\u00bbcenter\u00a0\u00bb header_font_size=\u00a0\u00bb52px\u00a0\u00bb header_letter_spacing=\u00a0\u00bb4px\u00a0\u00bb header_line_height=\u00a0\u00bb1.2em\u00a0\u00bb header_2_font=\u00a0\u00bb||||||||\u00a0\u00bb module_alignment=\u00a0\u00bbcenter\u00a0\u00bb custom_margin=\u00a0\u00bb|||\u00a0\u00bb custom_padding=\u00a0\u00bb|||\u00a0\u00bb animation_style=\u00a0\u00bbfade\u00a0\u00bb header_font_size_tablet=\u00a0\u00bb40px\u00a0\u00bb header_font_size_phone=\u00a0\u00bb\u00a0\u00bb header_font_size_last_edited=\u00a0\u00bbon|tablet\u00a0\u00bb locked=\u00a0\u00bboff\u00a0\u00bb global_colors_info=\u00a0\u00bb{}\u00a0\u00bb]<\/p>\n<h1>CGV - Conditions g\u00e9n\u00e9rales de vente<\/h1>\n<p>[\/et_pb_text][et_pb_divider color=\u00a0\u00bb#ffb500&Prime; divider_weight=\u00a0\u00bb2px\u00a0\u00bb disabled_on=\u00a0\u00bboff|off|off\u00a0\u00bb _builder_version=\u00a0\u00bb4.16&Prime; max_width=\u00a0\u00bb100px\u00a0\u00bb module_alignment=\u00a0\u00bbcenter\u00a0\u00bb animation_style=\u00a0\u00bbfade\u00a0\u00bb locked=\u00a0\u00bboff\u00a0\u00bb global_colors_info=\u00a0\u00bb{}\u00a0\u00bb][\/et_pb_divider][\/et_pb_column][\/et_pb_row][et_pb_row _builder_version=\u00a0\u00bb4.16&Prime; _module_preset=\u00a0\u00bbdefault\u00a0\u00bb global_colors_info=\u00a0\u00bb{}\u00a0\u00bb][et_pb_column type=\u00a0\u00bb4_4&Prime; _builder_version=\u00a0\u00bb4.16&Prime; _module_preset=\u00a0\u00bbdefault\u00a0\u00bb global_colors_info=\u00a0\u00bb{}\u00a0\u00bb][et_pb_text _builder_version=\u00a0\u00bb4.27.0&Prime; _module_preset=\u00a0\u00bbdefault\u00a0\u00bb hover_enabled=\u00a0\u00bb0&Prime; global_colors_info=\u00a0\u00bb{}\u00a0\u00bb sticky_enabled=\u00a0\u00bb0&Prime;]<\/p>\n<h2>1. Champ d&rsquo;application<\/h2>\n<p>Les pr\u00e9sentes conditions g\u00e9n\u00e9rales de vente r\u00e9gissent les relations entre <a href=\"https:\/\/www.med4skin.ch\/fr\/\">www.med4skin.ch,<\/a> repr\u00e9sent\u00e9 par med4skin AG \u00e0 8834 Schindellegi (ci-apr\u00e8s d\u00e9nomm\u00e9 m4s), et ses clients. Les accords \u00e9crits communs dans lesquels certains points ont \u00e9t\u00e9 modifi\u00e9s ou compl\u00e9t\u00e9s et accept\u00e9s par m4s constituent des exceptions.<\/p>\n<p>m4s se r\u00e9serve le droit de modifier les pr\u00e9sentes conditions g\u00e9n\u00e9rales \u00e0 tout moment. Vous trouverez les CGV actuelles et en vigueur sur notre site web.<\/p>\n<p>&nbsp;<\/p>\n<h2>2. Conclusion du contrat<\/h2>\n<p>Le contrat entre m4s et le client est conclu par la commande en bonne et due forme via la boutique en ligne du site Internet et la confirmation \u00e9crite de m4s. Les accords oraux ne suffisent pas \u00e0 conclure un contrat.<\/p>\n<p>Le client s&rsquo;assure que les dispositions l\u00e9gales en vigueur, entre autres celles de l&rsquo;OFSP, sont respect\u00e9es lors de l&rsquo;utilisation des appareils achet\u00e9s.<\/p>\n<p>&nbsp;<\/p>\n<h2>3. Prix<\/h2>\n<p>Sauf mention contraire, les prix s&rsquo;entendent en francs suisses, hors TVA, livraison, emballage et assurance. Les services, tels que les formations ou les consommables, doivent \u00eatre command\u00e9s et pay\u00e9s s\u00e9par\u00e9ment, sauf accord contraire.<\/p>\n<p>&nbsp;<\/p>\n<h2>4. Livraison<\/h2>\n<p>La livraison s&rsquo;effectue en g\u00e9n\u00e9ral \u00e0 court terme \u00e0 partir de l&rsquo;entrep\u00f4t. Si la marchandise n&rsquo;est pas en stock au moment de l&rsquo;arriv\u00e9e de la commande, la livraison ult\u00e9rieure est assur\u00e9e dans les meilleurs d\u00e9lais. Il n&rsquo;autorise pas le client \u00e0 r\u00e9silier le contrat de vente si la nouvelle date de livraison se situe dans un d\u00e9lai raisonnable. De m\u00eame, cela n&rsquo;autorise pas le client \u00e0 r\u00e9clamer des dommages et int\u00e9r\u00eats, de quelque nature que ce soit, \u00e0 m4s.<\/p>\n<p>En cas de retard de livraison d\u00fb \u00e0 un \u00e9v\u00e9nement de force majeure ind\u00e9pendant de la volont\u00e9 de m4s (guerre, tremblement de terre, gr\u00e8ve, ordre des autorit\u00e9s, retards des fournisseurs, etc. Dans de tels cas, le d\u00e9lai de livraison est prolong\u00e9 de mani\u00e8re appropri\u00e9e.<\/p>\n<p>Si les obligations contractuelles, entre autres un d\u00e9faut de paiement convenu, ne sont pas respect\u00e9es, le d\u00e9lai de livraison sera prolong\u00e9 du temps n\u00e9cessaire \u00e0 l&rsquo;ex\u00e9cution de cette obligation.<\/p>\n<p>&nbsp;<\/p>\n<h2>5. Paiement<\/h2>\n<p>Le paiement des prestations command\u00e9es s&rsquo;effectue en principe par paiement anticip\u00e9 ou par carte de cr\u00e9dit. m4s d\u00e9cide des variantes possibles, telles que la facturation normale, le paiement mensuel ou d&rsquo;autres possibilit\u00e9s de paiement, en fonction de la situation. Dans ces cas, un int\u00e9r\u00eat de retard de 5% est appliqu\u00e9 en cas de retard de paiement.<\/p>\n<p>L&rsquo;obligation de paiement du client est consid\u00e9r\u00e9e comme remplie \u00e0 la r\u00e9ception par m4s du prix d&rsquo;achat, qui est \u00e0 la libre disposition de m4s.<\/p>\n<p>&nbsp;<\/p>\n<h2>6. revente de produits TOSKANI et TOSKANIMED<\/h2>\n<p>WLa revente de produits TOSKANI et TOSKANIMED n&rsquo;est autoris\u00e9e que pour les produits HomeCare d\u00e9finis. Vous trouverez le prix de vente indicatif correspondant sur notre liste de prix ou sur <a href=\"http:\/\/www.med4skin.ch\/fr\/\">www.med4skin.ch<\/a> La revente de tous les autres produits tels que cocktails, peelings, appareils, etc. destin\u00e9s aux traitements est interdite.<\/p>\n<p>&nbsp;<\/p>\n<h2>7. utilisation des produits TOSKANI et TOSKANI-MED pour les traitements<\/h2>\n<p>Aucune substance active d&rsquo;un autre fabricant ne doit \u00eatre utilis\u00e9e lors de l&rsquo;application selon les protocoles TOSKANI et TOSKANIMED, afin d&rsquo;exclure toute r\u00e9action cutan\u00e9e non pr\u00e9vue. Dans tous les cas, toutes les directives des autorit\u00e9s f\u00e9d\u00e9rales et cantonales doivent \u00eatre respect\u00e9es lors de l&rsquo;utilisation des produits.<\/p>\n<p>&nbsp;<\/p>\n<h2>8. exportation<\/h2>\n<p>Les produits sont destin\u00e9s \u00e0 \u00eatre utilis\u00e9s exclusivement en Suisse ou au Liechtenstein.<\/p>\n<p>&nbsp;<\/p>\n<h2>9. r\u00e9serve de propri\u00e9t\u00e9<\/h2>\n<p>Les marchandises livr\u00e9es restent la propri\u00e9t\u00e9 de m4s jusqu&rsquo;au paiement int\u00e9gral du prix d&rsquo;achat. Dans de tels cas, les marchandises ne peuvent pas \u00eatre d\u00e9plac\u00e9es vers d&rsquo;autres sites sans l&rsquo;accord \u00e9crit de m4s jusqu&rsquo;\u00e0 ce que le paiement soit enti\u00e8rement effectu\u00e9.<\/p>\n<p>Afin de prot\u00e9ger la propri\u00e9t\u00e9 de m4s, le client est tenu de coop\u00e9rer aux mesures n\u00e9cessaires \u00e0 cet effet.<\/p>\n<p>&nbsp;<\/p>\n<h2>10. r\u00e9ception, contr\u00f4le et r\u00e9clamation<\/h2>\n<p>Chaque livraison est contr\u00f4l\u00e9e par m4s avant l&rsquo;exp\u00e9dition. Sauf accord contraire, la livraison s&rsquo;effectue aux frais et aux risques du client.<\/p>\n<p>Le client est tenu de v\u00e9rifier que les marchandises ne pr\u00e9sentent pas de d\u00e9fauts visibles d\u00e8s leur r\u00e9ception et de signaler imm\u00e9diatement par \u00e9crit les \u00e9ventuels d\u00e9fauts \u00e0 m4s. Les r\u00e9clamations ainsi que les plaintes concernant la qualit\u00e9 de la marchandise ne sont valables que si elles nous sont communiqu\u00e9es par \u00e9crit dans les 7 jours suivant la r\u00e9ception de la marchandise. S&rsquo;il omet de le faire, la livraison est consid\u00e9r\u00e9e comme accept\u00e9e et approuv\u00e9e.<\/p>\n<p>Une \u00e9ventuelle r\u00e9paration des d\u00e9fauts est effectu\u00e9e dans un d\u00e9lai raisonnable, la d\u00e9cision de remplacer ou de r\u00e9parer les marchandises incombe \u00e0 m4s. Le droit de r\u00e9siliation du contrat de la part du client est exclu.<\/p>\n<p>Si des dommages de transport sont visibles, l&rsquo;envoi doit \u00eatre accept\u00e9 sous r\u00e9serve et imm\u00e9diatement signal\u00e9 au transporteur concern\u00e9.<\/p>\n<p>&nbsp;<\/p>\n<h2>11. transfert des avantages et des risques<\/h2>\n<p>Au moment o\u00f9 les marchandises quittent l&rsquo;entrep\u00f4t de m4s pour \u00eatre livr\u00e9es au client, les profits et les risques sont transf\u00e9r\u00e9s au client. Ceci s&rsquo;applique \u00e9galement si, par exemple, l&rsquo;installation chez le client a lieu ult\u00e9rieurement, c&rsquo;est-\u00e0-dire apr\u00e8s la livraison par m4s.<\/p>\n<p>&nbsp;<\/p>\n<h2>12. installation<\/h2>\n<p>Si un appareil doit \u00eatre install\u00e9 par m4s, cela doit faire l&rsquo;objet d&rsquo;un accord s\u00e9par\u00e9. Les travaux pr\u00e9paratoires n\u00e9cessaires du client pour l&rsquo;installation y sont consign\u00e9s.<\/p>\n<p>Sauf accord contraire, les frais d&rsquo;installation sont \u00e0 la charge du client.<\/p>\n<p>&nbsp;<\/p>\n<h2>13. garantie \/ garantie<\/h2>\n<p>La garantie sur les appareils est de 12 mois. Les r\u00e9clamations concernant des mat\u00e9riaux dont la mauvaise qualit\u00e9 ou la conception est av\u00e9r\u00e9e seront r\u00e9par\u00e9es ou remplac\u00e9es par m4s dans les meilleurs d\u00e9lais. La garantie prend effet au moment du transfert des profits et des risques au client.<\/p>\n<p>La garantie comprend la r\u00e9paration ou le remplacement des pi\u00e8ces faisant l&rsquo;objet de la r\u00e9clamation, mais pas les co\u00fbts et frais du personnel de service, qui seront factur\u00e9s. Les pi\u00e8ces remplac\u00e9es deviennent la propri\u00e9t\u00e9 de m4s. Les marchandises faisant l&rsquo;objet d&rsquo;une r\u00e9clamation ne peuvent \u00eatre renvoy\u00e9es qu&rsquo;avec notre accord. Les retours de marchandises sans motif justifi\u00e9 conform\u00e9ment \u00e0 la loi ou \u00e0 nos conditions g\u00e9n\u00e9rales de vente ne sont pas accept\u00e9s. Les frais de retour sont \u00e0 la charge du client.<\/p>\n<p>m4s n&rsquo;est pas responsable des dommages r\u00e9sultant d&rsquo;une utilisation ou d&rsquo;une manipulation non conforme, d&rsquo;un entretien insuffisant ou inappropri\u00e9, de l&rsquo;usure normale. De m\u00eame, m4s d\u00e9cline toute garantie ou responsabilit\u00e9 si le client effectue lui-m\u00eame des r\u00e9parations qui n&rsquo;ont pas \u00e9t\u00e9 approuv\u00e9es par m4s ou utilise des pi\u00e8ces de rechange qui ne proviennent pas de m4s.<\/p>\n<p>Tous les consommables ainsi que les piles, les fusibles, les lampes ou les batteries ne sont pas couverts par la garantie.<\/p>\n<p>La garantie est suspendue tant que le client est en retard de paiement.<\/p>\n<p>&nbsp;<\/p>\n<h2>14. responsabilit\u00e9<\/h2>\n<p>m4s est responsable de la livraison des marchandises dans le cadre de la garantie. La responsabilit\u00e9 en mati\u00e8re de dommages et int\u00e9r\u00eats pour des dommages directs ou indirects r\u00e9sultant de l&rsquo;inex\u00e9cution d&rsquo;obligations contractuelles est express\u00e9ment exclue. Concr\u00e8tement, m4s n&rsquo;est pas responsable des pertes de b\u00e9n\u00e9fices, des pertes de production, des pertes de commandes ou des r\u00e9clamations de tiers. Il en va de m\u00eame si la d\u00e9faillance d&rsquo;un \u00e9quipement de m4s devait entra\u00eener un arr\u00eat de fonctionnement.<\/p>\n<p>Toute responsabilit\u00e9 est \u00e9galement d\u00e9clin\u00e9e s&rsquo;il est prouv\u00e9 que les prix de la boutique en ligne ont \u00e9t\u00e9 modifi\u00e9s de mani\u00e8re criminelle et que les clients ach\u00e8tent \u00e0 un prix beaucoup plus bas que celui indiqu\u00e9 dans la liste de prix officielle de m4s. Dans de tels cas, m4s peut r\u00e9silier le contrat de vente.<\/p>\n<p>L&rsquo;utilisation des produits cosm\u00e9tiques pour les traitements cosm\u00e9tiques m\u00e9dicaux doit toujours se faire selon un protocole d\u00e9fini et par un personnel sp\u00e9cialis\u00e9 et autoris\u00e9. m4s d\u00e9cline toute responsabilit\u00e9 en cas d&rsquo;utilisation inappropri\u00e9e des produits ou en cas d&rsquo;utilisation des produits par un personnel non autoris\u00e9.<\/p>\n<p>En cas de fourniture de services, m4s n&rsquo;est responsable qu&rsquo;en cas de faute intentionnelle ou de n\u00e9gligence grave. Toutefois, m\u00eame dans de tels cas, m4s ne sera en aucun cas responsable des pertes de b\u00e9n\u00e9fices, des pertes de production, des pertes de commandes ou des r\u00e9clamations de tiers.<\/p>\n<h2>15. juridiction<\/h2>\n<p>Les dispositions du droit suisse s&rsquo;appliquent. Le lieu d&rsquo;ex\u00e9cution et le for exclusif pour le client et m4s est la commune de Feusisberg, canton de Schwyz.<\/p>\n<p>&nbsp;<\/p>\n<p>&nbsp;<\/p>\n<p>&nbsp;<\/p>\n<p>Schindellegi, le 1er janvier 2026<\/p>\n<p>&nbsp;<\/p>\n<p>[\/et_pb_text][\/et_pb_column][\/et_pb_row][\/et_pb_section]<\/p>\n","protected":false},"excerpt":{"rendered":"<p>CGV - Conditions g\u00e9n\u00e9rales de vente1. Champ d&rsquo;application Les pr\u00e9sentes conditions g\u00e9n\u00e9rales de vente r\u00e9gissent les relations entre www.med4skin.ch, repr\u00e9sent\u00e9 par med4skin AG \u00e0 8834 Schindellegi (ci-apr\u00e8s d\u00e9nomm\u00e9 m4s), et ses clients. Les accords \u00e9crits communs dans lesquels certains points ont \u00e9t\u00e9 modifi\u00e9s ou compl\u00e9t\u00e9s et accept\u00e9s par m4s constituent des exceptions. m4s se r\u00e9serve [&hellip;]<\/p>\n","protected":false},"author":1,"featured_media":0,"parent":0,"menu_order":0,"comment_status":"closed","ping_status":"closed","template":"","meta":{"_et_pb_use_builder":"on","_et_pb_old_content":"","_et_gb_content_width":"","footnotes":""},"class_list":["post-2794","page","type-page","status-publish","hentry"],"yoast_head":"<!-- This site is optimized with the Yoast SEO plugin v27.6 - https:\/\/yoast.com\/product\/yoast-seo-wordpress\/ -->\n<title>CONDITIONS G\u00c9N\u00c9RALES DE VENTE | med4skin<\/title>\n<meta name=\"robots\" content=\"index, follow, max-snippet:-1, max-image-preview:large, max-video-preview:-1\" \/>\n<link rel=\"canonical\" href=\"https:\/\/www.med4skin.ch\/fr\/conditions-generales-de-vente\/\" \/>\n<meta property=\"og:locale\" content=\"fr_FR\" \/>\n<meta property=\"og:type\" content=\"article\" \/>\n<meta property=\"og:title\" content=\"CONDITIONS G\u00c9N\u00c9RALES DE VENTE | med4skin\" \/>\n<meta property=\"og:description\" content=\"CGV - Conditions g\u00e9n\u00e9rales de vente1. Champ d&#039;application Les pr\u00e9sentes conditions g\u00e9n\u00e9rales de vente r\u00e9gissent les relations entre www.med4skin.ch, repr\u00e9sent\u00e9 par med4skin AG \u00e0 8834 Schindellegi (ci-apr\u00e8s d\u00e9nomm\u00e9 m4s), et ses clients. Les accords \u00e9crits communs dans lesquels certains points ont \u00e9t\u00e9 modifi\u00e9s ou compl\u00e9t\u00e9s et accept\u00e9s par m4s constituent des exceptions. m4s se r\u00e9serve [&hellip;]\" \/>\n<meta property=\"og:url\" content=\"https:\/\/www.med4skin.ch\/fr\/conditions-generales-de-vente\/\" \/>\n<meta property=\"og:site_name\" content=\"med4skin\" \/>\n<meta property=\"article:modified_time\" content=\"2026-04-14T09:06:08+00:00\" \/>\n<meta name=\"twitter:card\" content=\"summary_large_image\" \/>\n<meta name=\"twitter:label1\" content=\"Dur\u00e9e de lecture estim\u00e9e\" \/>\n\t<meta name=\"twitter:data1\" content=\"9 minutes\" \/>\n<script type=\"application\/ld+json\" class=\"yoast-schema-graph\">{\"@context\":\"https:\\\/\\\/schema.org\",\"@graph\":[{\"@type\":\"WebPage\",\"@id\":\"https:\\\/\\\/www.med4skin.ch\\\/fr\\\/conditions-generales-de-vente\\\/\",\"url\":\"https:\\\/\\\/www.med4skin.ch\\\/fr\\\/conditions-generales-de-vente\\\/\",\"name\":\"CONDITIONS G\u00c9N\u00c9RALES DE VENTE | med4skin\",\"isPartOf\":{\"@id\":\"https:\\\/\\\/www.med4skin.ch\\\/fr\\\/#website\"},\"datePublished\":\"2022-08-11T18:48:24+00:00\",\"dateModified\":\"2026-04-14T09:06:08+00:00\",\"breadcrumb\":{\"@id\":\"https:\\\/\\\/www.med4skin.ch\\\/fr\\\/conditions-generales-de-vente\\\/#breadcrumb\"},\"inLanguage\":\"fr-FR\",\"potentialAction\":[{\"@type\":\"ReadAction\",\"target\":[\"https:\\\/\\\/www.med4skin.ch\\\/fr\\\/conditions-generales-de-vente\\\/\"]}]},{\"@type\":\"BreadcrumbList\",\"@id\":\"https:\\\/\\\/www.med4skin.ch\\\/fr\\\/conditions-generales-de-vente\\\/#breadcrumb\",\"itemListElement\":[{\"@type\":\"ListItem\",\"position\":1,\"name\":\"Startseite\",\"item\":\"https:\\\/\\\/www.med4skin.ch\\\/fr\\\/accueil\\\/\"},{\"@type\":\"ListItem\",\"position\":2,\"name\":\"CONDITIONS G\u00c9N\u00c9RALES DE VENTE\"}]},{\"@type\":\"WebSite\",\"@id\":\"https:\\\/\\\/www.med4skin.ch\\\/fr\\\/#website\",\"url\":\"https:\\\/\\\/www.med4skin.ch\\\/fr\\\/\",\"name\":\"med4skin\",\"description\":\"med4skin - skincare\",\"publisher\":{\"@id\":\"https:\\\/\\\/www.med4skin.ch\\\/fr\\\/#organization\"},\"potentialAction\":[{\"@type\":\"SearchAction\",\"target\":{\"@type\":\"EntryPoint\",\"urlTemplate\":\"https:\\\/\\\/www.med4skin.ch\\\/fr\\\/?s={search_term_string}\"},\"query-input\":{\"@type\":\"PropertyValueSpecification\",\"valueRequired\":true,\"valueName\":\"search_term_string\"}}],\"inLanguage\":\"fr-FR\"},{\"@type\":\"Organization\",\"@id\":\"https:\\\/\\\/www.med4skin.ch\\\/fr\\\/#organization\",\"name\":\"med4skin\",\"url\":\"https:\\\/\\\/www.med4skin.ch\\\/fr\\\/\",\"logo\":{\"@type\":\"ImageObject\",\"inLanguage\":\"fr-FR\",\"@id\":\"https:\\\/\\\/www.med4skin.ch\\\/fr\\\/#\\\/schema\\\/logo\\\/image\\\/\",\"url\":\"https:\\\/\\\/www.med4skin.ch\\\/wp-content\\\/uploads\\\/2022\\\/08\\\/cropped-95017869_padded_logo.png\",\"contentUrl\":\"https:\\\/\\\/www.med4skin.ch\\\/wp-content\\\/uploads\\\/2022\\\/08\\\/cropped-95017869_padded_logo.png\",\"width\":\"512\",\"height\":\"512\",\"caption\":\"med4skin\"},\"image\":{\"@id\":\"https:\\\/\\\/www.med4skin.ch\\\/fr\\\/#\\\/schema\\\/logo\\\/image\\\/\"},\"sameAs\":[\"https:\\\/\\\/www.instagram.com\\\/toskani.switzerland\\\/\",\"https:\\\/\\\/www.instagram.com\\\/med4skin.ch\"]}]}<\/script>\n<!-- \/ Yoast SEO plugin. -->","yoast_head_json":{"title":"CONDITIONS G\u00c9N\u00c9RALES DE VENTE | med4skin","robots":{"index":"index","follow":"follow","max-snippet":"max-snippet:-1","max-image-preview":"max-image-preview:large","max-video-preview":"max-video-preview:-1"},"canonical":"https:\/\/www.med4skin.ch\/fr\/conditions-generales-de-vente\/","og_locale":"fr_FR","og_type":"article","og_title":"CONDITIONS G\u00c9N\u00c9RALES DE VENTE | med4skin","og_description":"CGV - Conditions g\u00e9n\u00e9rales de vente1. Champ d'application Les pr\u00e9sentes conditions g\u00e9n\u00e9rales de vente r\u00e9gissent les relations entre www.med4skin.ch, repr\u00e9sent\u00e9 par med4skin AG \u00e0 8834 Schindellegi (ci-apr\u00e8s d\u00e9nomm\u00e9 m4s), et ses clients. Les accords \u00e9crits communs dans lesquels certains points ont \u00e9t\u00e9 modifi\u00e9s ou compl\u00e9t\u00e9s et accept\u00e9s par m4s constituent des exceptions. m4s se r\u00e9serve [&hellip;]","og_url":"https:\/\/www.med4skin.ch\/fr\/conditions-generales-de-vente\/","og_site_name":"med4skin","article_modified_time":"2026-04-14T09:06:08+00:00","twitter_card":"summary_large_image","twitter_misc":{"Dur\u00e9e de lecture estim\u00e9e":"9 minutes"},"schema":{"@context":"https:\/\/schema.org","@graph":[{"@type":"WebPage","@id":"https:\/\/www.med4skin.ch\/fr\/conditions-generales-de-vente\/","url":"https:\/\/www.med4skin.ch\/fr\/conditions-generales-de-vente\/","name":"CONDITIONS G\u00c9N\u00c9RALES DE VENTE | med4skin","isPartOf":{"@id":"https:\/\/www.med4skin.ch\/fr\/#website"},"datePublished":"2022-08-11T18:48:24+00:00","dateModified":"2026-04-14T09:06:08+00:00","breadcrumb":{"@id":"https:\/\/www.med4skin.ch\/fr\/conditions-generales-de-vente\/#breadcrumb"},"inLanguage":"fr-FR","potentialAction":[{"@type":"ReadAction","target":["https:\/\/www.med4skin.ch\/fr\/conditions-generales-de-vente\/"]}]},{"@type":"BreadcrumbList","@id":"https:\/\/www.med4skin.ch\/fr\/conditions-generales-de-vente\/#breadcrumb","itemListElement":[{"@type":"ListItem","position":1,"name":"Startseite","item":"https:\/\/www.med4skin.ch\/fr\/accueil\/"},{"@type":"ListItem","position":2,"name":"CONDITIONS G\u00c9N\u00c9RALES DE VENTE"}]},{"@type":"WebSite","@id":"https:\/\/www.med4skin.ch\/fr\/#website","url":"https:\/\/www.med4skin.ch\/fr\/","name":"med4skin","description":"med4skin - skincare","publisher":{"@id":"https:\/\/www.med4skin.ch\/fr\/#organization"},"potentialAction":[{"@type":"SearchAction","target":{"@type":"EntryPoint","urlTemplate":"https:\/\/www.med4skin.ch\/fr\/?s={search_term_string}"},"query-input":{"@type":"PropertyValueSpecification","valueRequired":true,"valueName":"search_term_string"}}],"inLanguage":"fr-FR"},{"@type":"Organization","@id":"https:\/\/www.med4skin.ch\/fr\/#organization","name":"med4skin","url":"https:\/\/www.med4skin.ch\/fr\/","logo":{"@type":"ImageObject","inLanguage":"fr-FR","@id":"https:\/\/www.med4skin.ch\/fr\/#\/schema\/logo\/image\/","url":"https:\/\/www.med4skin.ch\/wp-content\/uploads\/2022\/08\/cropped-95017869_padded_logo.png","contentUrl":"https:\/\/www.med4skin.ch\/wp-content\/uploads\/2022\/08\/cropped-95017869_padded_logo.png","width":"512","height":"512","caption":"med4skin"},"image":{"@id":"https:\/\/www.med4skin.ch\/fr\/#\/schema\/logo\/image\/"},"sameAs":["https:\/\/www.instagram.com\/toskani.switzerland\/","https:\/\/www.instagram.com\/med4skin.ch"]}]}},"_links":{"self":[{"href":"https:\/\/www.med4skin.ch\/fr\/wp-json\/wp\/v2\/pages\/2794","targetHints":{"allow":["GET"]}}],"collection":[{"href":"https:\/\/www.med4skin.ch\/fr\/wp-json\/wp\/v2\/pages"}],"about":[{"href":"https:\/\/www.med4skin.ch\/fr\/wp-json\/wp\/v2\/types\/page"}],"author":[{"embeddable":true,"href":"https:\/\/www.med4skin.ch\/fr\/wp-json\/wp\/v2\/users\/1"}],"replies":[{"embeddable":true,"href":"https:\/\/www.med4skin.ch\/fr\/wp-json\/wp\/v2\/comments?post=2794"}],"version-history":[{"count":5,"href":"https:\/\/www.med4skin.ch\/fr\/wp-json\/wp\/v2\/pages\/2794\/revisions"}],"predecessor-version":[{"id":7727,"href":"https:\/\/www.med4skin.ch\/fr\/wp-json\/wp\/v2\/pages\/2794\/revisions\/7727"}],"wp:attachment":[{"href":"https:\/\/www.med4skin.ch\/fr\/wp-json\/wp\/v2\/media?parent=2794"}],"curies":[{"name":"wp","href":"https:\/\/api.w.org\/{rel}","templated":true}]}}