{"id":2796,"date":"2022-08-14T09:32:05","date_gmt":"2022-08-14T09:32:05","guid":{"rendered":"https:\/\/www.med4skin.ch\/loi-sur-les-batteries\/"},"modified":"2023-01-02T16:56:40","modified_gmt":"2023-01-02T16:56:40","slug":"loi-sur-les-batteries","status":"publish","type":"page","link":"https:\/\/www.med4skin.ch\/fr\/loi-sur-les-batteries\/","title":{"rendered":"Loi sur les batteries"},"content":{"rendered":"<p>[et_pb_section fb_built=\u00a0\u00bb1&Prime; admin_label=\u00a0\u00bbFeatures Section\u00a0\u00bb _builder_version=\u00a0\u00bb4.16&Prime; custom_padding=\u00a0\u00bb110px||110px|\u00a0\u00bb global_colors_info=\u00a0\u00bb{}\u00a0\u00bb theme_builder_area=\u00a0\u00bbpost_content\u00a0\u00bb][et_pb_row _builder_version=\u00a0\u00bb4.16&Prime; custom_padding=\u00a0\u00bb20px|||\u00a0\u00bb locked=\u00a0\u00bboff\u00a0\u00bb global_colors_info=\u00a0\u00bb{}\u00a0\u00bb theme_builder_area=\u00a0\u00bbpost_content\u00a0\u00bb][et_pb_column type=\u00a0\u00bb4_4&Prime; _builder_version=\u00a0\u00bb4.16&Prime; custom_padding=\u00a0\u00bb|||\u00a0\u00bb global_colors_info=\u00a0\u00bb{}\u00a0\u00bb custom_padding__hover=\u00a0\u00bb|||\u00a0\u00bb theme_builder_area=\u00a0\u00bbpost_content\u00a0\u00bb][et_pb_text admin_label=\u00a0\u00bbFeatures Section Title\u00a0\u00bb _builder_version=\u00a0\u00bb4.18.0&Prime; text_font=\u00a0\u00bb||||||||\u00a0\u00bb header_font=\u00a0\u00bbRoboto|700||on|||||\u00a0\u00bb header_text_align=\u00a0\u00bbcenter\u00a0\u00bb header_font_size=\u00a0\u00bb52px\u00a0\u00bb header_letter_spacing=\u00a0\u00bb4px\u00a0\u00bb header_line_height=\u00a0\u00bb1.2em\u00a0\u00bb header_2_font=\u00a0\u00bb||||||||\u00a0\u00bb module_alignment=\u00a0\u00bbcenter\u00a0\u00bb custom_margin=\u00a0\u00bb|||\u00a0\u00bb custom_padding=\u00a0\u00bb|||\u00a0\u00bb animation_style=\u00a0\u00bbfade\u00a0\u00bb hover_enabled=\u00a0\u00bb0&Prime; header_font_size_tablet=\u00a0\u00bb40px\u00a0\u00bb header_font_size_phone=\u00a0\u00bb\u00a0\u00bb header_font_size_last_edited=\u00a0\u00bbon|tablet\u00a0\u00bb locked=\u00a0\u00bboff\u00a0\u00bb global_colors_info=\u00a0\u00bb{}\u00a0\u00bb theme_builder_area=\u00a0\u00bbpost_content\u00a0\u00bb sticky_enabled=\u00a0\u00bb0&Prime;]<\/p>\n<h1>Loi sur les batteries<\/h1>\n<p>[\/et_pb_text][et_pb_divider color=\u00a0\u00bb#ffb500&Prime; divider_weight=\u00a0\u00bb2px\u00a0\u00bb disabled_on=\u00a0\u00bboff|off|off\u00a0\u00bb _builder_version=\u00a0\u00bb4.16&Prime; max_width=\u00a0\u00bb100px\u00a0\u00bb module_alignment=\u00a0\u00bbcenter\u00a0\u00bb animation_style=\u00a0\u00bbfade\u00a0\u00bb locked=\u00a0\u00bboff\u00a0\u00bb global_colors_info=\u00a0\u00bb{}\u00a0\u00bb theme_builder_area=\u00a0\u00bbpost_content\u00a0\u00bb][\/et_pb_divider][\/et_pb_column][\/et_pb_row][et_pb_row _builder_version=\u00a0\u00bb4.16&Prime; _module_preset=\u00a0\u00bbdefault\u00a0\u00bb global_colors_info=\u00a0\u00bb{}\u00a0\u00bb theme_builder_area=\u00a0\u00bbpost_content\u00a0\u00bb][et_pb_column type=\u00a0\u00bb4_4&Prime; _builder_version=\u00a0\u00bb4.16&Prime; _module_preset=\u00a0\u00bbdefault\u00a0\u00bb global_colors_info=\u00a0\u00bb{}\u00a0\u00bb theme_builder_area=\u00a0\u00bbpost_content\u00a0\u00bb][et_pb_text _builder_version=\u00a0\u00bb4.18.0&Prime; _module_preset=\u00a0\u00bbdefault\u00a0\u00bb hover_enabled=\u00a0\u00bb0&Prime; global_colors_info=\u00a0\u00bb{}\u00a0\u00bb theme_builder_area=\u00a0\u00bbpost_content\u00a0\u00bb sticky_enabled=\u00a0\u00bb0&Prime;]<\/p>\n<h2>Notre obligation d&rsquo;information selon la loi sur les piles<\/h2>\n<p>Comme nous vendons des appareils contenant des piles et des accumulateurs, nous sommes tenus, en vertu de la loi sur les piles (Lpb) en Suisse, d&rsquo;attirer votre attention sur les points suivants :<\/p>\n<p>Les piles et les accumulateurs ne doivent pas \u00eatre jet\u00e9s avec les ordures m\u00e9nag\u00e8res. Vous \u00eates l\u00e9galement tenu de retourner les piles et les accumulateurs usag\u00e9s.<\/p>\n<p>Les piles usag\u00e9es peuvent contenir des substances nocives qui peuvent nuire \u00e0 l&rsquo;environnement ou \u00e0 votre sant\u00e9 si elles ne sont pas stock\u00e9es ou \u00e9limin\u00e9es correctement. Mais les piles contiennent aussi des mati\u00e8res premi\u00e8res importantes comme le fer, le zinc, le mangan\u00e8se ou le nickel et sont recycl\u00e9es.<\/p>\n<p>Apr\u00e8s utilisation, vous pouvez soit nous renvoyer les piles, soit les rapporter gratuitement \u00e0 proximit\u00e9 imm\u00e9diate (par ex. dans le commerce ou dans les centres de collecte communaux). La remise \u00e0 notre soci\u00e9t\u00e9 est limit\u00e9e aux quantit\u00e9s habituelles pour un consommateur final ainsi qu&rsquo;aux piles usag\u00e9es que nous avons ou avons eu dans notre assortiment en tant que piles neuves.<\/p>\n<p>Les piles contenant des substances nocives sont marqu\u00e9es d&rsquo;un symbole compos\u00e9 d&rsquo;une poubelle barr\u00e9e et du symbole chimique (Cd, Hg ou Pb) du m\u00e9tal lourd qui d\u00e9termine leur classification comme contenant des substances nocives :<\/p>\n<p><img decoding=\"async\" src=\"https:\/\/www.medadent.ch\/images\/image\/Schadstoffhaltige_Batterien.jpg\" alt=\"\"><\/p>\n<ol>\n<li>\u00ab\u00a0Cd\u00a0\u00bb signifie cadmium.<\/li>\n<li>\u00ab\u00a0Hg\u00a0\u00bb signifie mercure.<\/li>\n<li>\u00ab\u00a0Pb\u00a0\u00bb signifie plomb.<\/li>\n<\/ol>\n<p>&nbsp;<\/p>\n<p>[\/et_pb_text][\/et_pb_column][\/et_pb_row][\/et_pb_section]<\/p>\n","protected":false},"excerpt":{"rendered":"<p>Loi sur les batteriesNotre obligation d&rsquo;information selon la loi sur les piles Comme nous vendons des appareils contenant des piles et des accumulateurs, nous sommes tenus, en vertu de la loi sur les piles (Lpb) en Suisse, d&rsquo;attirer votre attention sur les points suivants : Les piles et les accumulateurs ne doivent pas \u00eatre jet\u00e9s [&hellip;]<\/p>\n","protected":false},"author":1,"featured_media":0,"parent":0,"menu_order":0,"comment_status":"closed","ping_status":"closed","template":"","meta":{"_et_pb_use_builder":"on","_et_pb_old_content":"","_et_gb_content_width":"","footnotes":""},"class_list":["post-2796","page","type-page","status-publish","hentry"],"yoast_head":"<!-- This site is optimized with the Yoast SEO plugin v27.5 - https:\/\/yoast.com\/product\/yoast-seo-wordpress\/ -->\n<title>Loi sur les batteries | med4skin<\/title>\n<meta name=\"robots\" content=\"index, follow, max-snippet:-1, max-image-preview:large, max-video-preview:-1\" \/>\n<link rel=\"canonical\" href=\"https:\/\/www.med4skin.ch\/fr\/loi-sur-les-batteries\/\" \/>\n<meta property=\"og:locale\" content=\"fr_FR\" \/>\n<meta property=\"og:type\" content=\"article\" \/>\n<meta property=\"og:title\" content=\"Loi sur les batteries | med4skin\" \/>\n<meta property=\"og:description\" content=\"Loi sur les batteriesNotre obligation d&#039;information selon la loi sur les piles Comme nous vendons des appareils contenant des piles et des accumulateurs, nous sommes tenus, en vertu de la loi sur les piles (Lpb) en Suisse, d&#039;attirer votre attention sur les points suivants : Les piles et les accumulateurs ne doivent pas \u00eatre jet\u00e9s [&hellip;]\" \/>\n<meta property=\"og:url\" content=\"https:\/\/www.med4skin.ch\/fr\/loi-sur-les-batteries\/\" \/>\n<meta property=\"og:site_name\" content=\"med4skin\" \/>\n<meta property=\"article:modified_time\" content=\"2023-01-02T16:56:40+00:00\" \/>\n<meta property=\"og:image\" content=\"https:\/\/www.medadent.ch\/images\/image\/Schadstoffhaltige_Batterien.jpg\" \/>\n<meta name=\"twitter:card\" content=\"summary_large_image\" \/>\n<meta name=\"twitter:label1\" content=\"Dur\u00e9e de lecture estim\u00e9e\" \/>\n\t<meta name=\"twitter:data1\" content=\"2 minutes\" \/>\n<script type=\"application\/ld+json\" class=\"yoast-schema-graph\">{\"@context\":\"https:\\\/\\\/schema.org\",\"@graph\":[{\"@type\":\"WebPage\",\"@id\":\"https:\\\/\\\/www.med4skin.ch\\\/fr\\\/loi-sur-les-batteries\\\/\",\"url\":\"https:\\\/\\\/www.med4skin.ch\\\/fr\\\/loi-sur-les-batteries\\\/\",\"name\":\"Loi sur les batteries | med4skin\",\"isPartOf\":{\"@id\":\"https:\\\/\\\/www.med4skin.ch\\\/fr\\\/#website\"},\"primaryImageOfPage\":{\"@id\":\"https:\\\/\\\/www.med4skin.ch\\\/fr\\\/loi-sur-les-batteries\\\/#primaryimage\"},\"image\":{\"@id\":\"https:\\\/\\\/www.med4skin.ch\\\/fr\\\/loi-sur-les-batteries\\\/#primaryimage\"},\"thumbnailUrl\":\"https:\\\/\\\/www.medadent.ch\\\/images\\\/image\\\/Schadstoffhaltige_Batterien.jpg\",\"datePublished\":\"2022-08-14T09:32:05+00:00\",\"dateModified\":\"2023-01-02T16:56:40+00:00\",\"breadcrumb\":{\"@id\":\"https:\\\/\\\/www.med4skin.ch\\\/fr\\\/loi-sur-les-batteries\\\/#breadcrumb\"},\"inLanguage\":\"fr-FR\",\"potentialAction\":[{\"@type\":\"ReadAction\",\"target\":[\"https:\\\/\\\/www.med4skin.ch\\\/fr\\\/loi-sur-les-batteries\\\/\"]}]},{\"@type\":\"ImageObject\",\"inLanguage\":\"fr-FR\",\"@id\":\"https:\\\/\\\/www.med4skin.ch\\\/fr\\\/loi-sur-les-batteries\\\/#primaryimage\",\"url\":\"https:\\\/\\\/www.medadent.ch\\\/images\\\/image\\\/Schadstoffhaltige_Batterien.jpg\",\"contentUrl\":\"https:\\\/\\\/www.medadent.ch\\\/images\\\/image\\\/Schadstoffhaltige_Batterien.jpg\"},{\"@type\":\"BreadcrumbList\",\"@id\":\"https:\\\/\\\/www.med4skin.ch\\\/fr\\\/loi-sur-les-batteries\\\/#breadcrumb\",\"itemListElement\":[{\"@type\":\"ListItem\",\"position\":1,\"name\":\"Startseite\",\"item\":\"https:\\\/\\\/www.med4skin.ch\\\/fr\\\/\"},{\"@type\":\"ListItem\",\"position\":2,\"name\":\"Loi sur les batteries\"}]},{\"@type\":\"WebSite\",\"@id\":\"https:\\\/\\\/www.med4skin.ch\\\/fr\\\/#website\",\"url\":\"https:\\\/\\\/www.med4skin.ch\\\/fr\\\/\",\"name\":\"med4skin\",\"description\":\"med4skin - skincare\",\"publisher\":{\"@id\":\"https:\\\/\\\/www.med4skin.ch\\\/fr\\\/#organization\"},\"potentialAction\":[{\"@type\":\"SearchAction\",\"target\":{\"@type\":\"EntryPoint\",\"urlTemplate\":\"https:\\\/\\\/www.med4skin.ch\\\/fr\\\/?s={search_term_string}\"},\"query-input\":{\"@type\":\"PropertyValueSpecification\",\"valueRequired\":true,\"valueName\":\"search_term_string\"}}],\"inLanguage\":\"fr-FR\"},{\"@type\":\"Organization\",\"@id\":\"https:\\\/\\\/www.med4skin.ch\\\/fr\\\/#organization\",\"name\":\"med4skin\",\"url\":\"https:\\\/\\\/www.med4skin.ch\\\/fr\\\/\",\"logo\":{\"@type\":\"ImageObject\",\"inLanguage\":\"fr-FR\",\"@id\":\"https:\\\/\\\/www.med4skin.ch\\\/fr\\\/#\\\/schema\\\/logo\\\/image\\\/\",\"url\":\"https:\\\/\\\/www.med4skin.ch\\\/wp-content\\\/uploads\\\/2022\\\/08\\\/cropped-95017869_padded_logo.png\",\"contentUrl\":\"https:\\\/\\\/www.med4skin.ch\\\/wp-content\\\/uploads\\\/2022\\\/08\\\/cropped-95017869_padded_logo.png\",\"width\":\"512\",\"height\":\"512\",\"caption\":\"med4skin\"},\"image\":{\"@id\":\"https:\\\/\\\/www.med4skin.ch\\\/fr\\\/#\\\/schema\\\/logo\\\/image\\\/\"},\"sameAs\":[\"https:\\\/\\\/www.instagram.com\\\/toskani.switzerland\\\/\",\"https:\\\/\\\/www.instagram.com\\\/med4skin.ch\"]}]}<\/script>\n<!-- \/ Yoast SEO plugin. -->","yoast_head_json":{"title":"Loi sur les batteries | med4skin","robots":{"index":"index","follow":"follow","max-snippet":"max-snippet:-1","max-image-preview":"max-image-preview:large","max-video-preview":"max-video-preview:-1"},"canonical":"https:\/\/www.med4skin.ch\/fr\/loi-sur-les-batteries\/","og_locale":"fr_FR","og_type":"article","og_title":"Loi sur les batteries | med4skin","og_description":"Loi sur les batteriesNotre obligation d'information selon la loi sur les piles Comme nous vendons des appareils contenant des piles et des accumulateurs, nous sommes tenus, en vertu de la loi sur les piles (Lpb) en Suisse, d'attirer votre attention sur les points suivants : Les piles et les accumulateurs ne doivent pas \u00eatre jet\u00e9s [&hellip;]","og_url":"https:\/\/www.med4skin.ch\/fr\/loi-sur-les-batteries\/","og_site_name":"med4skin","article_modified_time":"2023-01-02T16:56:40+00:00","og_image":[{"url":"https:\/\/www.medadent.ch\/images\/image\/Schadstoffhaltige_Batterien.jpg","type":"","width":"","height":""}],"twitter_card":"summary_large_image","twitter_misc":{"Dur\u00e9e de lecture estim\u00e9e":"2 minutes"},"schema":{"@context":"https:\/\/schema.org","@graph":[{"@type":"WebPage","@id":"https:\/\/www.med4skin.ch\/fr\/loi-sur-les-batteries\/","url":"https:\/\/www.med4skin.ch\/fr\/loi-sur-les-batteries\/","name":"Loi sur les batteries | med4skin","isPartOf":{"@id":"https:\/\/www.med4skin.ch\/fr\/#website"},"primaryImageOfPage":{"@id":"https:\/\/www.med4skin.ch\/fr\/loi-sur-les-batteries\/#primaryimage"},"image":{"@id":"https:\/\/www.med4skin.ch\/fr\/loi-sur-les-batteries\/#primaryimage"},"thumbnailUrl":"https:\/\/www.medadent.ch\/images\/image\/Schadstoffhaltige_Batterien.jpg","datePublished":"2022-08-14T09:32:05+00:00","dateModified":"2023-01-02T16:56:40+00:00","breadcrumb":{"@id":"https:\/\/www.med4skin.ch\/fr\/loi-sur-les-batteries\/#breadcrumb"},"inLanguage":"fr-FR","potentialAction":[{"@type":"ReadAction","target":["https:\/\/www.med4skin.ch\/fr\/loi-sur-les-batteries\/"]}]},{"@type":"ImageObject","inLanguage":"fr-FR","@id":"https:\/\/www.med4skin.ch\/fr\/loi-sur-les-batteries\/#primaryimage","url":"https:\/\/www.medadent.ch\/images\/image\/Schadstoffhaltige_Batterien.jpg","contentUrl":"https:\/\/www.medadent.ch\/images\/image\/Schadstoffhaltige_Batterien.jpg"},{"@type":"BreadcrumbList","@id":"https:\/\/www.med4skin.ch\/fr\/loi-sur-les-batteries\/#breadcrumb","itemListElement":[{"@type":"ListItem","position":1,"name":"Startseite","item":"https:\/\/www.med4skin.ch\/fr\/"},{"@type":"ListItem","position":2,"name":"Loi sur les batteries"}]},{"@type":"WebSite","@id":"https:\/\/www.med4skin.ch\/fr\/#website","url":"https:\/\/www.med4skin.ch\/fr\/","name":"med4skin","description":"med4skin - skincare","publisher":{"@id":"https:\/\/www.med4skin.ch\/fr\/#organization"},"potentialAction":[{"@type":"SearchAction","target":{"@type":"EntryPoint","urlTemplate":"https:\/\/www.med4skin.ch\/fr\/?s={search_term_string}"},"query-input":{"@type":"PropertyValueSpecification","valueRequired":true,"valueName":"search_term_string"}}],"inLanguage":"fr-FR"},{"@type":"Organization","@id":"https:\/\/www.med4skin.ch\/fr\/#organization","name":"med4skin","url":"https:\/\/www.med4skin.ch\/fr\/","logo":{"@type":"ImageObject","inLanguage":"fr-FR","@id":"https:\/\/www.med4skin.ch\/fr\/#\/schema\/logo\/image\/","url":"https:\/\/www.med4skin.ch\/wp-content\/uploads\/2022\/08\/cropped-95017869_padded_logo.png","contentUrl":"https:\/\/www.med4skin.ch\/wp-content\/uploads\/2022\/08\/cropped-95017869_padded_logo.png","width":"512","height":"512","caption":"med4skin"},"image":{"@id":"https:\/\/www.med4skin.ch\/fr\/#\/schema\/logo\/image\/"},"sameAs":["https:\/\/www.instagram.com\/toskani.switzerland\/","https:\/\/www.instagram.com\/med4skin.ch"]}]}},"_links":{"self":[{"href":"https:\/\/www.med4skin.ch\/fr\/wp-json\/wp\/v2\/pages\/2796","targetHints":{"allow":["GET"]}}],"collection":[{"href":"https:\/\/www.med4skin.ch\/fr\/wp-json\/wp\/v2\/pages"}],"about":[{"href":"https:\/\/www.med4skin.ch\/fr\/wp-json\/wp\/v2\/types\/page"}],"author":[{"embeddable":true,"href":"https:\/\/www.med4skin.ch\/fr\/wp-json\/wp\/v2\/users\/1"}],"replies":[{"embeddable":true,"href":"https:\/\/www.med4skin.ch\/fr\/wp-json\/wp\/v2\/comments?post=2796"}],"version-history":[{"count":0,"href":"https:\/\/www.med4skin.ch\/fr\/wp-json\/wp\/v2\/pages\/2796\/revisions"}],"wp:attachment":[{"href":"https:\/\/www.med4skin.ch\/fr\/wp-json\/wp\/v2\/media?parent=2796"}],"curies":[{"name":"wp","href":"https:\/\/api.w.org\/{rel}","templated":true}]}}