{"id":2816,"date":"2022-12-26T14:28:52","date_gmt":"2022-12-26T13:28:52","guid":{"rendered":"https:\/\/www.med4skin.ch\/formations\/"},"modified":"2024-05-05T14:54:47","modified_gmt":"2024-05-05T12:54:47","slug":"formations","status":"publish","type":"page","link":"https:\/\/www.med4skin.ch\/fr\/formations\/","title":{"rendered":"Formations"},"content":{"rendered":"<p>[et_pb_section fb_built=\u00a0\u00bb1&Prime; _builder_version=\u00a0\u00bb4.18.0&Prime; _module_preset=\u00a0\u00bbdefault\u00a0\u00bb background_color=\u00a0\u00bb#f6f6f6&Prime; locked=\u00a0\u00bboff\u00a0\u00bb global_colors_info=\u00a0\u00bb{}\u00a0\u00bb][et_pb_row column_structure=\u00a0\u00bb1_2,1_2&Prime; _builder_version=\u00a0\u00bb4.19.4&Prime; _module_preset=\u00a0\u00bbdefault\u00a0\u00bb global_colors_info=\u00a0\u00bb{}\u00a0\u00bb][et_pb_column type=\u00a0\u00bb1_2&Prime; _builder_version=\u00a0\u00bb4.18.0&Prime; _module_preset=\u00a0\u00bbdefault\u00a0\u00bb global_colors_info=\u00a0\u00bb{}\u00a0\u00bb][et_pb_text _builder_version=\u00a0\u00bb4.19.4&Prime; _module_preset=\u00a0\u00bbdefault\u00a0\u00bb header_font=\u00a0\u00bb|700|||||||\u00a0\u00bb header_font_size=\u00a0\u00bb40px\u00a0\u00bb global_colors_info=\u00a0\u00bb{}\u00a0\u00bb]<\/p>\n<h1>Formations et ateliers pour les clients professionnels<\/h1>\n<p>[\/et_pb_text][et_pb_text _builder_version=\u00a0\u00bb4.19.4&Prime; _module_preset=\u00a0\u00bbdefault\u00a0\u00bb global_colors_info=\u00a0\u00bb{}\u00a0\u00bb]<span style=\"font-size: 14px;\">En tant qu&rsquo;institut de beaut\u00e9, m\u00e9decin, clinique, h\u00f4pital ou prestataire de services similaires, tu souhaites travailler avec nos produits TOSKANI et proposer \u00e0 tes clients des traitements exclusifs ?<\/span><\/p>\n<div id=\"comp-iz8aq7sg2\" class=\"BaOVQ8 tz5f0K\" data-scope=\"\" data-repeater-items-indexes=\"\" data-testid=\"richTextElement\">\n<p class=\"font_7\">\nNotre formation initiale et continue te forme exclusivement pour pouvoir travailler avec les principes actifs de TOSKANI.<\/p>\n<p class=\"font_7\">\n<\/div>\n<div id=\"comp-klb1xwi5\" class=\"BaOVQ8 tz5f0K\" data-scope=\"\" data-repeater-items-indexes=\"\" data-testid=\"richTextElement\">\n<h4 class=\"font_4\"><strong>Qu&rsquo;est-ce qui t&rsquo;attend lors de ces formations ?<\/strong><\/h4>\n<\/div>\n<div id=\"comp-klb1yw1g\" class=\"BaOVQ8 tz5f0K\" data-scope=\"\" data-repeater-items-indexes=\"\" data-testid=\"richTextElement\">\n<p class=\"font_7\">Nous travaillons avec toi, toujours en \u00e9troite collaboration avec les laboratoires de TOSKANI, sur les m\u00e9thodes de traitement les plus r\u00e9centes. Tu apprendras ainsi beaucoup de choses sur les diff\u00e9rentes substances actives, sur la mani\u00e8re de les m\u00e9langer et sur les r\u00e9sultats qu&rsquo;elles permettent d&rsquo;obtenir. Nous travaillons \u00e9galement, lorsque cela est n\u00e9cessaire, avec des appareils TOSKANI.<\/p>\n<p class=\"font_7\">Actuellement, tu t&rsquo;inscris via <a href=\"mailto:contact@med4skin\">contact@med4skin<\/a>. A l&rsquo;avenir, nous publierons les formations en ligne avec la description correspondante.<\/p>\n<\/div>\n<p>[\/et_pb_text][\/et_pb_column][et_pb_column type=\u00a0\u00bb1_2&Prime; _builder_version=\u00a0\u00bb4.18.0&Prime; _module_preset=\u00a0\u00bbdefault\u00a0\u00bb global_colors_info=\u00a0\u00bb{}\u00a0\u00bb][et_pb_image src=\u00a0\u00bbhttps:\/\/www.med4skin.ch\/wp-content\/uploads\/2022\/12\/TOSKANI-Treatment-Picture-klein.png\u00a0\u00bb title_text=\u00a0\u00bbTOSKANI Treatment Picture petit mod\u00e8le\u00a0\u00bb force_fullwidth=\u00a0\u00bbon\u00a0\u00bb _builder_version=\u00a0\u00bb4.19.4&Prime; _module_preset=\u00a0\u00bbdefault\u00a0\u00bb global_colors_info=\u00a0\u00bb{}\u00a0\u00bb][\/et_pb_image][\/et_pb_column][\/et_pb_row][et_pb_row _builder_version=\u00a0\u00bb4.19.4&Prime; _module_preset=\u00a0\u00bbdefault\u00a0\u00bb global_colors_info=\u00a0\u00bb{}\u00a0\u00bb][et_pb_column type=\u00a0\u00bb4_4&Prime; _builder_version=\u00a0\u00bb4.18.0&Prime; _module_preset=\u00a0\u00bbdefault\u00a0\u00bb global_colors_info=\u00a0\u00bb{}\u00a0\u00bb][et_pb_text _builder_version=\u00a0\u00bb4.19.4&Prime; _module_preset=\u00a0\u00bbdefault\u00a0\u00bb background_color=\u00a0\u00bb#D6D6D6&Prime; text_orientation=\u00a0\u00bbcenter\u00a0\u00bb custom_padding=\u00a0\u00bb1%|10%|1%|10%|true|true\u00a0\u00bb global_colors_info=\u00a0\u00bb{}\u00a0\u00bb]<\/p>\n<div id=\"comp-kvrts9tr2\" class=\"_1Q9if _3bcaz\" data-scope=\"\" data-repeater-items-indexes=\"\" data-testid=\"richTextElement\">\n<div id=\"comp-kvrts9tg2\" class=\"_1Q9if _3bcaz\" data-scope=\"\" data-repeater-items-indexes=\"\" data-testid=\"richTextElement\">\n<h2 class=\"font_2\">VID\u00c9OS DE FORMATION<\/h2>\n<\/div>\n<div id=\"comp-kvrts9ti\" class=\"_2UdPt\" data-scope=\"\" data-repeater-items-indexes=\"\"><\/div>\n<div id=\"comp-kvrts9tj2\" class=\"_1Q9if _3bcaz\" data-scope=\"\" data-repeater-items-indexes=\"\" data-testid=\"richTextElement\">\n<p class=\"font_8\">Voici un aper\u00e7u des vid\u00e9os TOSKANI qui sont con\u00e7ues comme des remises \u00e0 niveau - elles ne remplacent \u00e9videmment pas les formations et les ateliers.<\/p>\n<\/div>\n<\/div>\n<p>[\/et_pb_text][\/et_pb_column][\/et_pb_row][et_pb_row _builder_version=\u00a0\u00bb4.19.4&Prime; _module_preset=\u00a0\u00bbdefault\u00a0\u00bb background_color=\u00a0\u00bb#FFFFFF\u00a0\u00bb width=\u00a0\u00bbauto\u00a0\u00bb custom_padding=\u00a0\u00bb25px|25px|25px|0px|true|false\u00a0\u00bb border_radii=\u00a0\u00bbon|5px|5px|5px|5px\u00a0\u00bb box_shadow_style=\u00a0\u00bbpreset1&Prime; global_colors_info=\u00a0\u00bb{}\u00a0\u00bb][et_pb_column type=\u00a0\u00bb4_4&Prime; _builder_version=\u00a0\u00bb4.18.0&Prime; _module_preset=\u00a0\u00bbdefault\u00a0\u00bb global_colors_info=\u00a0\u00bb{}\u00a0\u00bb][et_pb_text _builder_version=\u00a0\u00bb4.19.4&Prime; _module_preset=\u00a0\u00bbdefault\u00a0\u00bb text_font=\u00a0\u00bb|700|||||||\u00a0\u00bb text_text_color=\u00a0\u00bb#FFFFFF\u00a0\u00bb header_2_font=\u00a0\u00bb|700|||||||\u00a0\u00bb header_2_text_color=\u00a0\u00bb#FFFFFF\u00a0\u00bb background_color=\u00a0\u00bb#D6D6D6&Prime; use_background_color_gradient=\u00a0\u00bbon\u00a0\u00bb background_color_gradient_stops=\u00a0\u00bb#aadb24 0%|#80a33f 100%\u00a0\u00bb text_orientation=\u00a0\u00bbcenter\u00a0\u00bb custom_padding=\u00a0\u00bb1%|10%|1%|10%|true|true\u00a0\u00bb global_colors_info=\u00a0\u00bb{}\u00a0\u00bb]<\/p>\n<div id=\"comp-kvrts9tr2\" class=\"_1Q9if _3bcaz\" data-scope=\"\" data-repeater-items-indexes=\"\" data-testid=\"richTextElement\">\n<div id=\"comp-kvrts9tg2\" class=\"_1Q9if _3bcaz\" data-scope=\"\" data-repeater-items-indexes=\"\" data-testid=\"richTextElement\">\n<h2 class=\"font_2\">COCKTAIL DE M\u00c9SOTH\u00c9RAPIE TOSKANI<\/h2>\n<\/div>\n<div id=\"comp-kvrts9ti\" class=\"_2UdPt\" data-scope=\"\" data-repeater-items-indexes=\"\"><\/div>\n<div id=\"comp-kvrts9tj2\" class=\"_1Q9if _3bcaz\" data-scope=\"\" data-repeater-items-indexes=\"\" data-testid=\"richTextElement\">\n<p class=\"font_8\">\n<\/div>\n<\/div>\n<p>[\/et_pb_text][et_pb_video src=\u00a0\u00bbhttps:\/\/www.youtube.com\/watch?v=mn1hQkaFG4E\u00a0\u00bb _builder_version=\u00a0\u00bb4.22.2&Prime; _module_preset=\u00a0\u00bbdefault\u00a0\u00bb global_colors_info=\u00a0\u00bb{}\u00a0\u00bb][\/et_pb_video][et_pb_text _builder_version=\u00a0\u00bb4.19.4&Prime; _module_preset=\u00a0\u00bbdefault\u00a0\u00bb text_font=\u00a0\u00bb|700|||||||\u00a0\u00bb text_text_color=\u00a0\u00bb#FFFFFF\u00a0\u00bb header_2_font=\u00a0\u00bb|700|||||||\u00a0\u00bb header_2_text_color=\u00a0\u00bb#FFFFFF\u00a0\u00bb background_color=\u00a0\u00bb#D6D6D6&Prime; use_background_color_gradient=\u00a0\u00bbon\u00a0\u00bb background_color_gradient_stops=\u00a0\u00bb#aadb24 0%|#80a33f 100%\u00a0\u00bb text_orientation=\u00a0\u00bbcenter\u00a0\u00bb custom_padding=\u00a0\u00bb1%|10%|1%|10%|true|true\u00a0\u00bb global_colors_info=\u00a0\u00bb{}\u00a0\u00bb]<\/p>\n<div id=\"comp-kvrts9tr2\" class=\"_1Q9if _3bcaz\" data-scope=\"\" data-repeater-items-indexes=\"\" data-testid=\"richTextElement\">\n<div id=\"comp-kvrts9tg2\" class=\"_1Q9if _3bcaz\" data-scope=\"\" data-repeater-items-indexes=\"\" data-testid=\"richTextElement\">\n<h2 class=\"font_2\">TOSKANI CHEMICAL PEELING<\/h2>\n<\/div>\n<div id=\"comp-kvrts9ti\" class=\"_2UdPt\" data-scope=\"\" data-repeater-items-indexes=\"\"><\/div>\n<div id=\"comp-kvrts9tj2\" class=\"_1Q9if _3bcaz\" data-scope=\"\" data-repeater-items-indexes=\"\" data-testid=\"richTextElement\">\n<p class=\"font_8\">\n<\/div>\n<\/div>\n<p>[\/et_pb_text][et_pb_video src=\u00a0\u00bbhttps:\/\/www.youtube.com\/watch?v=GrU0rtCmoX0&Prime; _builder_version=\u00a0\u00bb4.22.2&Prime; _module_preset=\u00a0\u00bbdefault\u00a0\u00bb global_colors_info=\u00a0\u00bb{}\u00a0\u00bb][\/et_pb_video][et_pb_text _builder_version=\u00a0\u00bb4.19.4&Prime; _module_preset=\u00a0\u00bbdefault\u00a0\u00bb text_font=\u00a0\u00bb|700|||||||\u00a0\u00bb text_text_color=\u00a0\u00bb#FFFFFF\u00a0\u00bb header_2_font=\u00a0\u00bb|700|||||||\u00a0\u00bb header_2_text_color=\u00a0\u00bb#FFFFFF\u00a0\u00bb background_color=\u00a0\u00bb#D6D6D6&Prime; use_background_color_gradient=\u00a0\u00bbon\u00a0\u00bb background_color_gradient_stops=\u00a0\u00bb#aadb24 0%|#80a33f 100%\u00a0\u00bb text_orientation=\u00a0\u00bbcenter\u00a0\u00bb custom_padding=\u00a0\u00bb1%|10%|1%|10%|true|true\u00a0\u00bb global_colors_info=\u00a0\u00bb{}\u00a0\u00bb]<\/p>\n<div id=\"comp-kvrts9tr2\" class=\"_1Q9if _3bcaz\" data-scope=\"\" data-repeater-items-indexes=\"\" data-testid=\"richTextElement\">\n<div id=\"comp-kvrts9tg2\" class=\"_1Q9if _3bcaz\" data-scope=\"\" data-repeater-items-indexes=\"\" data-testid=\"richTextElement\">\n<h2 class=\"font_2\">SPOT OUT - TRAITEMENT DU M\u00c9LASMA<\/h2>\n<\/div>\n<div id=\"comp-kvrts9ti\" class=\"_2UdPt\" data-scope=\"\" data-repeater-items-indexes=\"\"><\/div>\n<div id=\"comp-kvrts9tj2\" class=\"_1Q9if _3bcaz\" data-scope=\"\" data-repeater-items-indexes=\"\" data-testid=\"richTextElement\">\n<p class=\"font_8\">\n<\/div>\n<\/div>\n<p>[\/et_pb_text][et_pb_video src=\u00a0\u00bbhttps:\/\/www.youtube.com\/watch?v=tYVnygrrghU\u00a0\u00bb _builder_version=\u00a0\u00bb4.22.2&Prime; _module_preset=\u00a0\u00bbdefault\u00a0\u00bb global_colors_info=\u00a0\u00bb{}\u00a0\u00bb][\/et_pb_video][et_pb_text _builder_version=\u00a0\u00bb4.19.4&Prime; _module_preset=\u00a0\u00bbdefault\u00a0\u00bb text_font=\u00a0\u00bb|700|||||||\u00a0\u00bb text_text_color=\u00a0\u00bb#FFFFFF\u00a0\u00bb header_2_font=\u00a0\u00bb|700|||||||\u00a0\u00bb header_2_text_color=\u00a0\u00bb#FFFFFF\u00a0\u00bb background_color=\u00a0\u00bb#D6D6D6&Prime; use_background_color_gradient=\u00a0\u00bbon\u00a0\u00bb background_color_gradient_stops=\u00a0\u00bb#aadb24 0%|#80a33f 100%\u00a0\u00bb text_orientation=\u00a0\u00bbcenter\u00a0\u00bb custom_padding=\u00a0\u00bb1%|10%|1%|10%|true|true\u00a0\u00bb hover_enabled=\u00a0\u00bb0&Prime; global_colors_info=\u00a0\u00bb{}\u00a0\u00bb sticky_enabled=\u00a0\u00bb0&Prime;]<\/p>\n<div id=\"comp-kvrts9tr2\" class=\"_1Q9if _3bcaz\" data-scope=\"\" data-repeater-items-indexes=\"\" data-testid=\"richTextElement\">\n<div id=\"comp-kvrts9tg2\" class=\"_1Q9if _3bcaz\" data-scope=\"\" data-repeater-items-indexes=\"\" data-testid=\"richTextElement\">\n<h2 class=\"font_2\">TOSKANI M\u00c9SOTH\u00c9RAPIE CHUTE DE CHEVEUX POUR ELLE ET LUI<\/h2>\n<\/div>\n<div id=\"comp-kvrts9ti\" class=\"_2UdPt\" data-scope=\"\" data-repeater-items-indexes=\"\"><\/div>\n<div id=\"comp-kvrts9tj2\" class=\"_1Q9if _3bcaz\" data-scope=\"\" data-repeater-items-indexes=\"\" data-testid=\"richTextElement\">\n<p class=\"font_8\">\n<\/div>\n<\/div>\n<p>[\/et_pb_text][et_pb_video src=\u00a0\u00bbhttps:\/\/www.youtube.com\/watch?v=LSNAODUTp0o\u00a0\u00bb _builder_version=\u00a0\u00bb4.22.2&Prime; _module_preset=\u00a0\u00bbdefault\u00a0\u00bb hover_enabled=\u00a0\u00bb0&Prime; global_colors_info=\u00a0\u00bb{}\u00a0\u00bb sticky_enabled=\u00a0\u00bb0&Prime;][\/et_pb_video][et_pb_text _builder_version=\u00a0\u00bb4.19.4&Prime; _module_preset=\u00a0\u00bbdefault\u00a0\u00bb text_font=\u00a0\u00bb|700|||||||\u00a0\u00bb text_text_color=\u00a0\u00bb#FFFFFF\u00a0\u00bb header_2_font=\u00a0\u00bb|700|||||||\u00a0\u00bb header_2_text_color=\u00a0\u00bb#FFFFFF\u00a0\u00bb background_color=\u00a0\u00bb#D6D6D6&Prime; use_background_color_gradient=\u00a0\u00bbon\u00a0\u00bb background_color_gradient_stops=\u00a0\u00bb#aadb24 0%|#80a33f 100%\u00a0\u00bb text_orientation=\u00a0\u00bbcenter\u00a0\u00bb custom_padding=\u00a0\u00bb1%|10%|1%|10%|true|true\u00a0\u00bb global_colors_info=\u00a0\u00bb{}\u00a0\u00bb]<\/p>\n<div id=\"comp-kvrts9tr2\" class=\"_1Q9if _3bcaz\" data-scope=\"\" data-repeater-items-indexes=\"\" data-testid=\"richTextElement\">\n<div id=\"comp-kvrts9tg2\" class=\"_1Q9if _3bcaz\" data-scope=\"\" data-repeater-items-indexes=\"\" data-testid=\"richTextElement\">\n<h2 class=\"font_2\">TOSKANI M\u00c9SOTH\u00c9RAPIE ANTI-CELLULITE<\/h2>\n<\/div>\n<div id=\"comp-kvrts9ti\" class=\"_2UdPt\" data-scope=\"\" data-repeater-items-indexes=\"\"><\/div>\n<div id=\"comp-kvrts9tj2\" class=\"_1Q9if _3bcaz\" data-scope=\"\" data-repeater-items-indexes=\"\" data-testid=\"richTextElement\">\n<p class=\"font_8\">\n<\/div>\n<\/div>\n<p>[\/et_pb_text][et_pb_video src=\u00a0\u00bbhttps:\/\/www.youtube.com\/watch?v=qwnPPBj5cKk\u00a0\u00bb _builder_version=\u00a0\u00bb4.22.2&Prime; _module_preset=\u00a0\u00bbdefault\u00a0\u00bb global_colors_info=\u00a0\u00bb{}\u00a0\u00bb][\/et_pb_video][et_pb_text _builder_version=\u00a0\u00bb4.19.4&Prime; _module_preset=\u00a0\u00bbdefault\u00a0\u00bb text_font=\u00a0\u00bb|700|||||||\u00a0\u00bb text_text_color=\u00a0\u00bb#FFFFFF\u00a0\u00bb header_2_font=\u00a0\u00bb|700|||||||\u00a0\u00bb header_2_text_color=\u00a0\u00bb#FFFFFF\u00a0\u00bb background_color=\u00a0\u00bb#D6D6D6&Prime; use_background_color_gradient=\u00a0\u00bbon\u00a0\u00bb background_color_gradient_stops=\u00a0\u00bb#aadb24 0%|#80a33f 100%\u00a0\u00bb text_orientation=\u00a0\u00bbcenter\u00a0\u00bb custom_padding=\u00a0\u00bb1%|10%|1%|10%|true|true\u00a0\u00bb global_colors_info=\u00a0\u00bb{}\u00a0\u00bb]<\/p>\n<div id=\"comp-kvrts9tr2\" class=\"_1Q9if _3bcaz\" data-scope=\"\" data-repeater-items-indexes=\"\" data-testid=\"richTextElement\">\n<div id=\"comp-kvrts9tg2\" class=\"_1Q9if _3bcaz\" data-scope=\"\" data-repeater-items-indexes=\"\" data-testid=\"richTextElement\">\n<h2 class=\"font_2\">TOSKANI MESOJECT-GUN - M\u00c9SOTH\u00c9RAPIE SANS AIGUILLES<\/h2>\n<\/div>\n<div id=\"comp-kvrts9ti\" class=\"_2UdPt\" data-scope=\"\" data-repeater-items-indexes=\"\"><\/div>\n<div id=\"comp-kvrts9tj2\" class=\"_1Q9if _3bcaz\" data-scope=\"\" data-repeater-items-indexes=\"\" data-testid=\"richTextElement\">\n<p class=\"font_8\">\n<\/div>\n<\/div>\n<p>[\/et_pb_text][et_pb_video src=\u00a0\u00bbhttps:\/\/www.youtube.com\/watch?v=E_mctS7zmv8&Prime; _builder_version=\u00a0\u00bb4.22.2&Prime; _module_preset=\u00a0\u00bbdefault\u00a0\u00bb global_colors_info=\u00a0\u00bb{}\u00a0\u00bb][\/et_pb_video][\/et_pb_column][\/et_pb_row][\/et_pb_section]<\/p>\n","protected":false},"excerpt":{"rendered":"<p>Formations et ateliers pour les clients professionnels En tant qu&rsquo;institut de beaut\u00e9, m\u00e9decin, clinique, h\u00f4pital ou prestataire de services similaires, tu souhaites travailler avec nos produits TOSKANI et proposer \u00e0 tes clients des traitements exclusifs ? Notre formation initiale et continue te forme exclusivement pour pouvoir travailler avec les principes actifs de TOSKANI. Qu&rsquo;est-ce qui [&hellip;]<\/p>\n","protected":false},"author":1,"featured_media":0,"parent":0,"menu_order":0,"comment_status":"closed","ping_status":"closed","template":"","meta":{"_et_pb_use_builder":"on","_et_pb_old_content":"","_et_gb_content_width":"","footnotes":""},"class_list":["post-2816","page","type-page","status-publish","hentry"],"yoast_head":"<!-- This site is optimized with the Yoast SEO plugin v27.4 - https:\/\/yoast.com\/product\/yoast-seo-wordpress\/ -->\n<title>Formations | med4skin<\/title>\n<meta name=\"robots\" content=\"index, follow, max-snippet:-1, max-image-preview:large, max-video-preview:-1\" \/>\n<link rel=\"canonical\" href=\"https:\/\/www.med4skin.ch\/fr\/formations\/\" \/>\n<meta property=\"og:locale\" content=\"fr_FR\" \/>\n<meta property=\"og:type\" content=\"article\" \/>\n<meta property=\"og:title\" content=\"Formations | med4skin\" \/>\n<meta property=\"og:description\" content=\"Formations et ateliers pour les clients professionnels En tant qu&#039;institut de beaut\u00e9, m\u00e9decin, clinique, h\u00f4pital ou prestataire de services similaires, tu souhaites travailler avec nos produits TOSKANI et proposer \u00e0 tes clients des traitements exclusifs ? Notre formation initiale et continue te forme exclusivement pour pouvoir travailler avec les principes actifs de TOSKANI. Qu&#039;est-ce qui [&hellip;]\" \/>\n<meta property=\"og:url\" content=\"https:\/\/www.med4skin.ch\/fr\/formations\/\" \/>\n<meta property=\"og:site_name\" content=\"med4skin\" \/>\n<meta property=\"article:modified_time\" content=\"2024-05-05T12:54:47+00:00\" \/>\n<meta name=\"twitter:card\" content=\"summary_large_image\" \/>\n<meta name=\"twitter:label1\" content=\"Dur\u00e9e de lecture estim\u00e9e\" \/>\n\t<meta name=\"twitter:data1\" content=\"3 minutes\" \/>\n<script type=\"application\/ld+json\" class=\"yoast-schema-graph\">{\"@context\":\"https:\\\/\\\/schema.org\",\"@graph\":[{\"@type\":\"WebPage\",\"@id\":\"https:\\\/\\\/www.med4skin.ch\\\/fr\\\/formations\\\/\",\"url\":\"https:\\\/\\\/www.med4skin.ch\\\/fr\\\/formations\\\/\",\"name\":\"Formations | med4skin\",\"isPartOf\":{\"@id\":\"https:\\\/\\\/www.med4skin.ch\\\/fr\\\/#website\"},\"datePublished\":\"2022-12-26T13:28:52+00:00\",\"dateModified\":\"2024-05-05T12:54:47+00:00\",\"breadcrumb\":{\"@id\":\"https:\\\/\\\/www.med4skin.ch\\\/fr\\\/formations\\\/#breadcrumb\"},\"inLanguage\":\"fr-FR\",\"potentialAction\":[{\"@type\":\"ReadAction\",\"target\":[\"https:\\\/\\\/www.med4skin.ch\\\/fr\\\/formations\\\/\"]}]},{\"@type\":\"BreadcrumbList\",\"@id\":\"https:\\\/\\\/www.med4skin.ch\\\/fr\\\/formations\\\/#breadcrumb\",\"itemListElement\":[{\"@type\":\"ListItem\",\"position\":1,\"name\":\"Startseite\",\"item\":\"https:\\\/\\\/www.med4skin.ch\\\/fr\\\/\"},{\"@type\":\"ListItem\",\"position\":2,\"name\":\"Formations\"}]},{\"@type\":\"WebSite\",\"@id\":\"https:\\\/\\\/www.med4skin.ch\\\/fr\\\/#website\",\"url\":\"https:\\\/\\\/www.med4skin.ch\\\/fr\\\/\",\"name\":\"med4skin\",\"description\":\"med4skin - skincare\",\"publisher\":{\"@id\":\"https:\\\/\\\/www.med4skin.ch\\\/fr\\\/#organization\"},\"potentialAction\":[{\"@type\":\"SearchAction\",\"target\":{\"@type\":\"EntryPoint\",\"urlTemplate\":\"https:\\\/\\\/www.med4skin.ch\\\/fr\\\/?s={search_term_string}\"},\"query-input\":{\"@type\":\"PropertyValueSpecification\",\"valueRequired\":true,\"valueName\":\"search_term_string\"}}],\"inLanguage\":\"fr-FR\"},{\"@type\":\"Organization\",\"@id\":\"https:\\\/\\\/www.med4skin.ch\\\/fr\\\/#organization\",\"name\":\"med4skin\",\"url\":\"https:\\\/\\\/www.med4skin.ch\\\/fr\\\/\",\"logo\":{\"@type\":\"ImageObject\",\"inLanguage\":\"fr-FR\",\"@id\":\"https:\\\/\\\/www.med4skin.ch\\\/fr\\\/#\\\/schema\\\/logo\\\/image\\\/\",\"url\":\"https:\\\/\\\/www.med4skin.ch\\\/wp-content\\\/uploads\\\/2022\\\/08\\\/cropped-95017869_padded_logo.png\",\"contentUrl\":\"https:\\\/\\\/www.med4skin.ch\\\/wp-content\\\/uploads\\\/2022\\\/08\\\/cropped-95017869_padded_logo.png\",\"width\":\"512\",\"height\":\"512\",\"caption\":\"med4skin\"},\"image\":{\"@id\":\"https:\\\/\\\/www.med4skin.ch\\\/fr\\\/#\\\/schema\\\/logo\\\/image\\\/\"},\"sameAs\":[\"https:\\\/\\\/www.instagram.com\\\/toskani.switzerland\\\/\",\"https:\\\/\\\/www.instagram.com\\\/med4skin.ch\"]}]}<\/script>\n<!-- \/ Yoast SEO plugin. -->","yoast_head_json":{"title":"Formations | med4skin","robots":{"index":"index","follow":"follow","max-snippet":"max-snippet:-1","max-image-preview":"max-image-preview:large","max-video-preview":"max-video-preview:-1"},"canonical":"https:\/\/www.med4skin.ch\/fr\/formations\/","og_locale":"fr_FR","og_type":"article","og_title":"Formations | med4skin","og_description":"Formations et ateliers pour les clients professionnels En tant qu'institut de beaut\u00e9, m\u00e9decin, clinique, h\u00f4pital ou prestataire de services similaires, tu souhaites travailler avec nos produits TOSKANI et proposer \u00e0 tes clients des traitements exclusifs ? Notre formation initiale et continue te forme exclusivement pour pouvoir travailler avec les principes actifs de TOSKANI. Qu'est-ce qui [&hellip;]","og_url":"https:\/\/www.med4skin.ch\/fr\/formations\/","og_site_name":"med4skin","article_modified_time":"2024-05-05T12:54:47+00:00","twitter_card":"summary_large_image","twitter_misc":{"Dur\u00e9e de lecture estim\u00e9e":"3 minutes"},"schema":{"@context":"https:\/\/schema.org","@graph":[{"@type":"WebPage","@id":"https:\/\/www.med4skin.ch\/fr\/formations\/","url":"https:\/\/www.med4skin.ch\/fr\/formations\/","name":"Formations | med4skin","isPartOf":{"@id":"https:\/\/www.med4skin.ch\/fr\/#website"},"datePublished":"2022-12-26T13:28:52+00:00","dateModified":"2024-05-05T12:54:47+00:00","breadcrumb":{"@id":"https:\/\/www.med4skin.ch\/fr\/formations\/#breadcrumb"},"inLanguage":"fr-FR","potentialAction":[{"@type":"ReadAction","target":["https:\/\/www.med4skin.ch\/fr\/formations\/"]}]},{"@type":"BreadcrumbList","@id":"https:\/\/www.med4skin.ch\/fr\/formations\/#breadcrumb","itemListElement":[{"@type":"ListItem","position":1,"name":"Startseite","item":"https:\/\/www.med4skin.ch\/fr\/"},{"@type":"ListItem","position":2,"name":"Formations"}]},{"@type":"WebSite","@id":"https:\/\/www.med4skin.ch\/fr\/#website","url":"https:\/\/www.med4skin.ch\/fr\/","name":"med4skin","description":"med4skin - skincare","publisher":{"@id":"https:\/\/www.med4skin.ch\/fr\/#organization"},"potentialAction":[{"@type":"SearchAction","target":{"@type":"EntryPoint","urlTemplate":"https:\/\/www.med4skin.ch\/fr\/?s={search_term_string}"},"query-input":{"@type":"PropertyValueSpecification","valueRequired":true,"valueName":"search_term_string"}}],"inLanguage":"fr-FR"},{"@type":"Organization","@id":"https:\/\/www.med4skin.ch\/fr\/#organization","name":"med4skin","url":"https:\/\/www.med4skin.ch\/fr\/","logo":{"@type":"ImageObject","inLanguage":"fr-FR","@id":"https:\/\/www.med4skin.ch\/fr\/#\/schema\/logo\/image\/","url":"https:\/\/www.med4skin.ch\/wp-content\/uploads\/2022\/08\/cropped-95017869_padded_logo.png","contentUrl":"https:\/\/www.med4skin.ch\/wp-content\/uploads\/2022\/08\/cropped-95017869_padded_logo.png","width":"512","height":"512","caption":"med4skin"},"image":{"@id":"https:\/\/www.med4skin.ch\/fr\/#\/schema\/logo\/image\/"},"sameAs":["https:\/\/www.instagram.com\/toskani.switzerland\/","https:\/\/www.instagram.com\/med4skin.ch"]}]}},"_links":{"self":[{"href":"https:\/\/www.med4skin.ch\/fr\/wp-json\/wp\/v2\/pages\/2816","targetHints":{"allow":["GET"]}}],"collection":[{"href":"https:\/\/www.med4skin.ch\/fr\/wp-json\/wp\/v2\/pages"}],"about":[{"href":"https:\/\/www.med4skin.ch\/fr\/wp-json\/wp\/v2\/types\/page"}],"author":[{"embeddable":true,"href":"https:\/\/www.med4skin.ch\/fr\/wp-json\/wp\/v2\/users\/1"}],"replies":[{"embeddable":true,"href":"https:\/\/www.med4skin.ch\/fr\/wp-json\/wp\/v2\/comments?post=2816"}],"version-history":[{"count":0,"href":"https:\/\/www.med4skin.ch\/fr\/wp-json\/wp\/v2\/pages\/2816\/revisions"}],"wp:attachment":[{"href":"https:\/\/www.med4skin.ch\/fr\/wp-json\/wp\/v2\/media?parent=2816"}],"curies":[{"name":"wp","href":"https:\/\/api.w.org\/{rel}","templated":true}]}}