{"id":6424,"date":"2025-03-23T16:22:30","date_gmt":"2025-03-23T15:22:30","guid":{"rendered":"https:\/\/www.med4skin.ch\/boutique-des-produits-swiss-medspa\/"},"modified":"2025-04-09T12:23:10","modified_gmt":"2025-04-09T10:23:10","slug":"boutique-des-produits-swiss-medspa","status":"publish","type":"page","link":"https:\/\/www.med4skin.ch\/fr\/boutique-des-produits-swiss-medspa\/","title":{"rendered":"Boutique des produits Swiss medSpa"},"content":{"rendered":"<p>[et_pb_section fb_built=\u00a0\u00bb1&Prime; _builder_version=\u00a0\u00bb4.18.0&Prime; _module_preset=\u00a0\u00bbdefault\u00a0\u00bb background_color=\u00a0\u00bb#f6f6f6&Prime; locked=\u00a0\u00bboff\u00a0\u00bb global_colors_info=\u00a0\u00bb{}\u00a0\u00bb][et_pb_row column_structure=\u00a0\u00bb1_2,1_2&Prime; _builder_version=\u00a0\u00bb4.19.4&Prime; _module_preset=\u00a0\u00bbdefault\u00a0\u00bb global_colors_info=\u00a0\u00bb{}\u00a0\u00bb][et_pb_column type=\u00a0\u00bb1_2&Prime; _builder_version=\u00a0\u00bb4.18.0&Prime; _module_preset=\u00a0\u00bbdefault\u00a0\u00bb global_colors_info=\u00a0\u00bb{}\u00a0\u00bb][et_pb_text _builder_version=\u00a0\u00bb4.27.0&Prime; _module_preset=\u00a0\u00bbdefault\u00a0\u00bb header_font=\u00a0\u00bb|700|||||||\u00a0\u00bb header_font_size=\u00a0\u00bb40px\u00a0\u00bb global_colors_info=\u00a0\u00bb{}\u00a0\u00bb]<\/p>\n<h1>Boutique swiss medSpa<\/h1>\n<p>En 2025, med4skin a rachet\u00e9 les licences et les produits de swiss medSpa GmbH et les a int\u00e9gr\u00e9s dans le portefeuille de med4skin en raison du d\u00e9part \u00e0 la retraite de la fondatrice de swiss medSpa GmbH, Mme Kathrin Salvisberg. Ces produits pour le corps compl\u00e8tent de mani\u00e8re optimale le portefeuille de produits de TOSKANI, qui comprend notamment la m\u00e9soth\u00e9rapie non seulement pour le visage et la perte de cheveux, mais aussi pour le corps.<\/p>\n<p>Les produits swiss medSpa Body sont d\u00e9velopp\u00e9s et fabriqu\u00e9s en Suisse. Ils sont r\u00e9guli\u00e8rement soumis aux derni\u00e8res exigences de la science et \u00e0 des tests sur leurs combinaisons de principes actifs. Un \u00ab\u00a0MUST HAVE\u00a0\u00bb absolu pour tous les professionnels du corps et presque tous les clients.<\/p>\n<p>Les produits contiennent des principes actifs sp\u00e9cifiques, adapt\u00e9s au cycle de la femme et issus de sources \u00e9cologiques durables. Mais il va de soi que les produits peuvent \u00e9galement \u00eatre utilis\u00e9s par les hommes.<\/p>\n<p>&nbsp;<\/p>\n<p>Tous les prix s&rsquo;entendent y compris TVA<br \/>Exception : clients professionnels enregistr\u00e9s et confirm\u00e9s - dans ce cas, le prix est hors taxe. TVA.<\/p>\n<p>[\/et_pb_text][\/et_pb_column][et_pb_column type=\u00a0\u00bb1_2&Prime; _builder_version=\u00a0\u00bb4.18.0&Prime; _module_preset=\u00a0\u00bbdefault\u00a0\u00bb global_colors_info=\u00a0\u00bb{}\u00a0\u00bb][et_pb_image src=\u00a0\u00bbhttps:\/\/www.med4skin.ch\/wp-content\/uploads\/2025\/03\/Swiss-medSpa_Kreuz-gross-Vollfarbe.jpg\u00a0\u00bb alt=\u00a0\u00bbNouveau TOSKANI Pro Age\u00a0\u00bb title_text=\u00a0\u00bbSwiss medSpa_Croix grande couleur\u00a0\u00bb url=\u00a0\u00bbhttps:\/\/www.med4skin.ch\/fr\/produkt\/after-cream\/\u00a0\u00bb _builder_version=\u00a0\u00bb4.27.4&Prime; _module_preset=\u00a0\u00bbdefault\u00a0\u00bb width=\u00a0\u00bb74%\u00a0\u00bb global_colors_info=\u00a0\u00bb{}\u00a0\u00bb][\/et_pb_image][et_pb_image src=\u00a0\u00bbhttps:\/\/www.med4skin.ch\/wp-content\/uploads\/2025\/03\/Body-medSpa-alle.jpg\u00a0\u00bb alt=\u00a0\u00bbNouveau TOSKANI Pro Age\u00a0\u00bb title_text=\u00a0\u00bbBody medSpa tous\u00a0\u00bb url=\u00a0\u00bbhttps:\/\/www.med4skin.ch\/fr\/produkt\/after-cream\/\u00a0\u00bb _builder_version=\u00a0\u00bb4.27.4&Prime; _module_preset=\u00a0\u00bbdefault\u00a0\u00bb width=\u00a0\u00bb74%\u00a0\u00bb global_colors_info=\u00a0\u00bb{}\u00a0\u00bb][\/et_pb_image][\/et_pb_column][\/et_pb_row][\/et_pb_section][et_pb_section fb_built=\u00a0\u00bb1&Prime; _builder_version=\u00a0\u00bb4.18.0&Prime; _module_preset=\u00a0\u00bbdefault\u00a0\u00bb background_color=\u00a0\u00bb#f6f6f6&Prime; locked=\u00a0\u00bboff\u00a0\u00bb global_colors_info=\u00a0\u00bb{}\u00a0\u00bb][et_pb_row _builder_version=\u00a0\u00bb4.18.0&Prime; _module_preset=\u00a0\u00bbdefault\u00a0\u00bb custom_margin=\u00a0\u00bb-56px|auto||auto||\u00a0\u00bb global_colors_info=\u00a0\u00bb{}\u00a0\u00bb][et_pb_column type=\u00a0\u00bb4_4&Prime; _builder_version=\u00a0\u00bb4.18.0&Prime; _module_preset=\u00a0\u00bbdefault\u00a0\u00bb global_colors_info=\u00a0\u00bb{}\u00a0\u00bb][et_pb_text _builder_version=\u00a0\u00bb4.27.0&Prime; _module_preset=\u00a0\u00bbdefault\u00a0\u00bb background_color=\u00a0\u00bb#D6D6D6&Prime; text_orientation=\u00a0\u00bbcenter\u00a0\u00bb custom_padding=\u00a0\u00bb1%|10%|1%|10%|true|true\u00a0\u00bb global_colors_info=\u00a0\u00bb{}\u00a0\u00bb]<\/p>\n<div id=\"comp-kvrts9tr2\" class=\"_1Q9if _3bcaz\" data-scope=\"\" data-repeater-items-indexes=\"\" data-testid=\"richTextElement\">\n<div id=\"comp-kvrts9tg2\" class=\"_1Q9if _3bcaz\" data-scope=\"\" data-repeater-items-indexes=\"\" data-testid=\"richTextElement\">\n<div id=\"comp-kvrts9t72\" class=\"_1Q9if _3bcaz\" data-scope=\"\" data-repeater-items-indexes=\"\" data-testid=\"richTextElement\">\n<h2 class=\"font_2\">swiss medSpa BODY HomeCare<\/h2>\n<\/div>\n<div id=\"comp-kvrts9t83\" class=\"_2UdPt\" data-scope=\"\" data-repeater-items-indexes=\"\">Cellulite, jambes lourdes et fatigu\u00e9es, vergetures, rel\u00e2chement cutan\u00e9. Alors, go\u00fbtez absolument. Mais mieux encore, demandez conseil \u00e0 l&rsquo;un de nos instituts partenaires Swiss medSpa. Par exemple, avec la m\u00e9thode combin\u00e9e de l&rsquo;enveloppement, ou tout simplement avec un drainage lymphatique professionnel. Vous pouvez demander une liste de ces instituts ici : <a href=\"mailto:contact@med4skin.ch\">contact@med4skin.ch<\/a> <\/div>\n<\/div>\n<\/div>\n<p>[\/et_pb_text][\/et_pb_column][\/et_pb_row][et_pb_row _builder_version=\u00a0\u00bb4.19.2&Prime; _module_preset=\u00a0\u00bbdefault\u00a0\u00bb background_color=\u00a0\u00bb#FFFFFF\u00a0\u00bb width=\u00a0\u00bbauto\u00a0\u00bb custom_padding=\u00a0\u00bb25px|25px|25px|0px|true|false\u00a0\u00bb border_radii=\u00a0\u00bbon|5px|5px|5px|5px\u00a0\u00bb box_shadow_style=\u00a0\u00bbpreset1&Prime; global_colors_info=\u00a0\u00bb{}\u00a0\u00bb][et_pb_column type=\u00a0\u00bb4_4&Prime; _builder_version=\u00a0\u00bb4.18.0&Prime; _module_preset=\u00a0\u00bbdefault\u00a0\u00bb global_colors_info=\u00a0\u00bb{}\u00a0\u00bb][et_pb_shop type=\u00a0\u00bbproduct_category\u00a0\u00bb posts_number=\u00a0\u00bb24&Prime; include_categories=\u00a0\u00bb292&Prime; orderby=\u00a0\u00bbmenu_order\u00a0\u00bb icon_hover_color=\u00a0\u00bbRGBA(255,255,255,0)\u00a0\u00bb hover_overlay_color=\u00a0\u00bbRGBA(255,255,255,0)\u00a0\u00bb _builder_version=\u00a0\u00bb4.27.4&Prime; _module_preset=\u00a0\u00bbdefault\u00a0\u00bb border_width_all_image=\u00a0\u00bb0px\u00a0\u00bb border_color_all_image=\u00a0\u00bb#000000&Prime; border_width_bottom_image=\u00a0\u00bb1px\u00a0\u00bb box_shadow_style_image=\u00a0\u00bbpreset1&Prime; box_shadow_blur_image=\u00a0\u00bb18px\u00a0\u00bb box_shadow_spread_image=\u00a0\u00bb0px\u00a0\u00bb global_colors_info=\u00a0\u00bb{}\u00a0\u00bb][\/et_pb_shop][\/et_pb_column][\/et_pb_row][\/et_pb_section][et_pb_section fb_built=\u00a0\u00bb1&Prime; _builder_version=\u00a0\u00bb4.27.0&Prime; _module_preset=\u00a0\u00bbdefault\u00a0\u00bb global_colors_info=\u00a0\u00bb{}\u00a0\u00bb][et_pb_row _builder_version=\u00a0\u00bb4.18.0&Prime; _module_preset=\u00a0\u00bbdefault\u00a0\u00bb custom_margin=\u00a0\u00bb-56px|auto||auto||\u00a0\u00bb global_colors_info=\u00a0\u00bb{}\u00a0\u00bb][et_pb_column type=\u00a0\u00bb4_4&Prime; _builder_version=\u00a0\u00bb4.18.0&Prime; _module_preset=\u00a0\u00bbdefault\u00a0\u00bb global_colors_info=\u00a0\u00bb{}\u00a0\u00bb][et_pb_text _builder_version=\u00a0\u00bb4.27.0&Prime; _module_preset=\u00a0\u00bbdefault\u00a0\u00bb background_color=\u00a0\u00bb#D6D6D6&Prime; text_orientation=\u00a0\u00bbcenter\u00a0\u00bb custom_padding=\u00a0\u00bb1%|10%|1%|10%|true|true\u00a0\u00bb global_colors_info=\u00a0\u00bb{}\u00a0\u00bb]<\/p>\n<div id=\"comp-kvrts9tr2\" class=\"_1Q9if _3bcaz\" data-scope=\"\" data-repeater-items-indexes=\"\" data-testid=\"richTextElement\">\n<div id=\"comp-kvrts9tg2\" class=\"_1Q9if _3bcaz\" data-scope=\"\" data-repeater-items-indexes=\"\" data-testid=\"richTextElement\">\n<div id=\"comp-kvrts9t72\" class=\"_1Q9if _3bcaz\" data-scope=\"\" data-repeater-items-indexes=\"\" data-testid=\"richTextElement\">\n<div id=\"comp-kvrts9tg2\" class=\"_1Q9if _3bcaz\" data-scope=\"\" data-repeater-items-indexes=\"\" data-testid=\"richTextElement\">\n<div id=\"comp-kvrts9t72\" class=\"_1Q9if _3bcaz\" data-scope=\"\" data-repeater-items-indexes=\"\" data-testid=\"richTextElement\">\n<h2 class=\"font_2\">swiss medSpa BODY pour Institut Professionnel<\/h2>\n<\/div>\n<div id=\"comp-kvrts9t83\" class=\"_2UdPt\" data-scope=\"\" data-repeater-items-indexes=\"\">Cellulite, jambes lourdes et fatigu\u00e9es, vergetures, rel\u00e2chement cutan\u00e9.<\/div>\n<div class=\"_2UdPt\" data-scope=\"\" data-repeater-items-indexes=\"\">Vous trouverez ici les deux produits de cabine de Swiss medSpa. Si vous souhaitez travailler dans votre institut avec ces produits d&rsquo;avenir, qui sont adapt\u00e9s de mani\u00e8re optimale aux cycles de la femme, contactez-nous. Nous avons beaucoup d&rsquo;autres informations int\u00e9ressantes \u00e0 ce sujet. Vous pouvez nous contacter via notre page de contact, <a href=\"mailto:contact@med4skin.ch\">contact@med4skin.ch<\/a> ou au +41 44 888 92 14.<\/div>\n<\/div>\n<\/div>\n<\/div>\n<\/div>\n<p>[\/et_pb_text][\/et_pb_column][\/et_pb_row][et_pb_row _builder_version=\u00a0\u00bb4.19.2&Prime; _module_preset=\u00a0\u00bbdefault\u00a0\u00bb background_color=\u00a0\u00bb#FFFFFF\u00a0\u00bb width=\u00a0\u00bbauto\u00a0\u00bb custom_padding=\u00a0\u00bb25px|25px|25px|0px|true|false\u00a0\u00bb border_radii=\u00a0\u00bbon|5px|5px|5px|5px\u00a0\u00bb box_shadow_style=\u00a0\u00bbpreset1&Prime; global_colors_info=\u00a0\u00bb{}\u00a0\u00bb][et_pb_column type=\u00a0\u00bb4_4&Prime; _builder_version=\u00a0\u00bb4.18.0&Prime; _module_preset=\u00a0\u00bbdefault\u00a0\u00bb global_colors_info=\u00a0\u00bb{}\u00a0\u00bb][et_pb_shop type=\u00a0\u00bbproduct_category\u00a0\u00bb posts_number=\u00a0\u00bb24&Prime; include_categories=\u00a0\u00bb295&Prime; orderby=\u00a0\u00bbmenu_order\u00a0\u00bb icon_hover_color=\u00a0\u00bbRGBA(255,255,255,0)\u00a0\u00bb hover_overlay_color=\u00a0\u00bbRGBA(255,255,255,0)\u00a0\u00bb _builder_version=\u00a0\u00bb4.27.4&Prime; _module_preset=\u00a0\u00bbdefault\u00a0\u00bb border_width_all_image=\u00a0\u00bb0px\u00a0\u00bb border_color_all_image=\u00a0\u00bb#000000&Prime; border_width_bottom_image=\u00a0\u00bb1px\u00a0\u00bb box_shadow_style_image=\u00a0\u00bbpreset1&Prime; box_shadow_blur_image=\u00a0\u00bb18px\u00a0\u00bb box_shadow_spread_image=\u00a0\u00bb0px\u00a0\u00bb global_colors_info=\u00a0\u00bb{}\u00a0\u00bb][\/et_pb_shop][\/et_pb_column][\/et_pb_row][\/et_pb_section]<\/p>\n","protected":false},"excerpt":{"rendered":"<p>Boutique swiss medSpa En 2025, med4skin a rachet\u00e9 les licences et les produits de swiss medSpa GmbH et les a int\u00e9gr\u00e9s dans le portefeuille de med4skin en raison du d\u00e9part \u00e0 la retraite de la fondatrice de swiss medSpa GmbH, Mme Kathrin Salvisberg. Ces produits pour le corps compl\u00e8tent de mani\u00e8re optimale le portefeuille de [&hellip;]<\/p>\n","protected":false},"author":1,"featured_media":0,"parent":0,"menu_order":0,"comment_status":"closed","ping_status":"closed","template":"","meta":{"_et_pb_use_builder":"on","_et_pb_old_content":"","_et_gb_content_width":"","footnotes":""},"class_list":["post-6424","page","type-page","status-publish","hentry"],"yoast_head":"<!-- This site is optimized with the Yoast SEO plugin v27.3 - https:\/\/yoast.com\/product\/yoast-seo-wordpress\/ -->\n<title>Boutique des produits Swiss medSpa | med4skin<\/title>\n<meta name=\"robots\" content=\"index, follow, max-snippet:-1, max-image-preview:large, max-video-preview:-1\" \/>\n<link rel=\"canonical\" href=\"https:\/\/www.med4skin.ch\/fr\/boutique-des-produits-swiss-medspa\/\" \/>\n<meta property=\"og:locale\" content=\"fr_FR\" \/>\n<meta property=\"og:type\" content=\"article\" \/>\n<meta property=\"og:title\" content=\"Boutique des produits Swiss medSpa | med4skin\" \/>\n<meta property=\"og:description\" content=\"Boutique swiss medSpa En 2025, med4skin a rachet\u00e9 les licences et les produits de swiss medSpa GmbH et les a int\u00e9gr\u00e9s dans le portefeuille de med4skin en raison du d\u00e9part \u00e0 la retraite de la fondatrice de swiss medSpa GmbH, Mme Kathrin Salvisberg. Ces produits pour le corps compl\u00e8tent de mani\u00e8re optimale le portefeuille de [&hellip;]\" \/>\n<meta property=\"og:url\" content=\"https:\/\/www.med4skin.ch\/fr\/boutique-des-produits-swiss-medspa\/\" \/>\n<meta property=\"og:site_name\" content=\"med4skin\" \/>\n<meta property=\"article:modified_time\" content=\"2025-04-09T10:23:10+00:00\" \/>\n<meta name=\"twitter:card\" content=\"summary_large_image\" \/>\n<meta name=\"twitter:label1\" content=\"Dur\u00e9e de lecture estim\u00e9e\" \/>\n\t<meta name=\"twitter:data1\" content=\"5 minutes\" \/>\n<script type=\"application\/ld+json\" class=\"yoast-schema-graph\">{\"@context\":\"https:\\\/\\\/schema.org\",\"@graph\":[{\"@type\":\"WebPage\",\"@id\":\"https:\\\/\\\/www.med4skin.ch\\\/fr\\\/boutique-des-produits-swiss-medspa\\\/\",\"url\":\"https:\\\/\\\/www.med4skin.ch\\\/fr\\\/boutique-des-produits-swiss-medspa\\\/\",\"name\":\"Boutique des produits Swiss medSpa | med4skin\",\"isPartOf\":{\"@id\":\"https:\\\/\\\/www.med4skin.ch\\\/fr\\\/#website\"},\"datePublished\":\"2025-03-23T15:22:30+00:00\",\"dateModified\":\"2025-04-09T10:23:10+00:00\",\"breadcrumb\":{\"@id\":\"https:\\\/\\\/www.med4skin.ch\\\/fr\\\/boutique-des-produits-swiss-medspa\\\/#breadcrumb\"},\"inLanguage\":\"fr-FR\",\"potentialAction\":[{\"@type\":\"ReadAction\",\"target\":[\"https:\\\/\\\/www.med4skin.ch\\\/fr\\\/boutique-des-produits-swiss-medspa\\\/\"]}]},{\"@type\":\"BreadcrumbList\",\"@id\":\"https:\\\/\\\/www.med4skin.ch\\\/fr\\\/boutique-des-produits-swiss-medspa\\\/#breadcrumb\",\"itemListElement\":[{\"@type\":\"ListItem\",\"position\":1,\"name\":\"Startseite\",\"item\":\"https:\\\/\\\/www.med4skin.ch\\\/fr\\\/\"},{\"@type\":\"ListItem\",\"position\":2,\"name\":\"Boutique des produits Swiss medSpa\"}]},{\"@type\":\"WebSite\",\"@id\":\"https:\\\/\\\/www.med4skin.ch\\\/fr\\\/#website\",\"url\":\"https:\\\/\\\/www.med4skin.ch\\\/fr\\\/\",\"name\":\"med4skin\",\"description\":\"med4skin - skincare\",\"publisher\":{\"@id\":\"https:\\\/\\\/www.med4skin.ch\\\/fr\\\/#organization\"},\"potentialAction\":[{\"@type\":\"SearchAction\",\"target\":{\"@type\":\"EntryPoint\",\"urlTemplate\":\"https:\\\/\\\/www.med4skin.ch\\\/fr\\\/?s={search_term_string}\"},\"query-input\":{\"@type\":\"PropertyValueSpecification\",\"valueRequired\":true,\"valueName\":\"search_term_string\"}}],\"inLanguage\":\"fr-FR\"},{\"@type\":\"Organization\",\"@id\":\"https:\\\/\\\/www.med4skin.ch\\\/fr\\\/#organization\",\"name\":\"med4skin\",\"url\":\"https:\\\/\\\/www.med4skin.ch\\\/fr\\\/\",\"logo\":{\"@type\":\"ImageObject\",\"inLanguage\":\"fr-FR\",\"@id\":\"https:\\\/\\\/www.med4skin.ch\\\/fr\\\/#\\\/schema\\\/logo\\\/image\\\/\",\"url\":\"https:\\\/\\\/www.med4skin.ch\\\/wp-content\\\/uploads\\\/2022\\\/08\\\/cropped-95017869_padded_logo.png\",\"contentUrl\":\"https:\\\/\\\/www.med4skin.ch\\\/wp-content\\\/uploads\\\/2022\\\/08\\\/cropped-95017869_padded_logo.png\",\"width\":\"512\",\"height\":\"512\",\"caption\":\"med4skin\"},\"image\":{\"@id\":\"https:\\\/\\\/www.med4skin.ch\\\/fr\\\/#\\\/schema\\\/logo\\\/image\\\/\"},\"sameAs\":[\"https:\\\/\\\/www.instagram.com\\\/toskani.switzerland\\\/\",\"https:\\\/\\\/www.instagram.com\\\/med4skin.ch\"]}]}<\/script>\n<!-- \/ Yoast SEO plugin. -->","yoast_head_json":{"title":"Boutique des produits Swiss medSpa | med4skin","robots":{"index":"index","follow":"follow","max-snippet":"max-snippet:-1","max-image-preview":"max-image-preview:large","max-video-preview":"max-video-preview:-1"},"canonical":"https:\/\/www.med4skin.ch\/fr\/boutique-des-produits-swiss-medspa\/","og_locale":"fr_FR","og_type":"article","og_title":"Boutique des produits Swiss medSpa | med4skin","og_description":"Boutique swiss medSpa En 2025, med4skin a rachet\u00e9 les licences et les produits de swiss medSpa GmbH et les a int\u00e9gr\u00e9s dans le portefeuille de med4skin en raison du d\u00e9part \u00e0 la retraite de la fondatrice de swiss medSpa GmbH, Mme Kathrin Salvisberg. Ces produits pour le corps compl\u00e8tent de mani\u00e8re optimale le portefeuille de [&hellip;]","og_url":"https:\/\/www.med4skin.ch\/fr\/boutique-des-produits-swiss-medspa\/","og_site_name":"med4skin","article_modified_time":"2025-04-09T10:23:10+00:00","twitter_card":"summary_large_image","twitter_misc":{"Dur\u00e9e de lecture estim\u00e9e":"5 minutes"},"schema":{"@context":"https:\/\/schema.org","@graph":[{"@type":"WebPage","@id":"https:\/\/www.med4skin.ch\/fr\/boutique-des-produits-swiss-medspa\/","url":"https:\/\/www.med4skin.ch\/fr\/boutique-des-produits-swiss-medspa\/","name":"Boutique des produits Swiss medSpa | med4skin","isPartOf":{"@id":"https:\/\/www.med4skin.ch\/fr\/#website"},"datePublished":"2025-03-23T15:22:30+00:00","dateModified":"2025-04-09T10:23:10+00:00","breadcrumb":{"@id":"https:\/\/www.med4skin.ch\/fr\/boutique-des-produits-swiss-medspa\/#breadcrumb"},"inLanguage":"fr-FR","potentialAction":[{"@type":"ReadAction","target":["https:\/\/www.med4skin.ch\/fr\/boutique-des-produits-swiss-medspa\/"]}]},{"@type":"BreadcrumbList","@id":"https:\/\/www.med4skin.ch\/fr\/boutique-des-produits-swiss-medspa\/#breadcrumb","itemListElement":[{"@type":"ListItem","position":1,"name":"Startseite","item":"https:\/\/www.med4skin.ch\/fr\/"},{"@type":"ListItem","position":2,"name":"Boutique des produits Swiss medSpa"}]},{"@type":"WebSite","@id":"https:\/\/www.med4skin.ch\/fr\/#website","url":"https:\/\/www.med4skin.ch\/fr\/","name":"med4skin","description":"med4skin - skincare","publisher":{"@id":"https:\/\/www.med4skin.ch\/fr\/#organization"},"potentialAction":[{"@type":"SearchAction","target":{"@type":"EntryPoint","urlTemplate":"https:\/\/www.med4skin.ch\/fr\/?s={search_term_string}"},"query-input":{"@type":"PropertyValueSpecification","valueRequired":true,"valueName":"search_term_string"}}],"inLanguage":"fr-FR"},{"@type":"Organization","@id":"https:\/\/www.med4skin.ch\/fr\/#organization","name":"med4skin","url":"https:\/\/www.med4skin.ch\/fr\/","logo":{"@type":"ImageObject","inLanguage":"fr-FR","@id":"https:\/\/www.med4skin.ch\/fr\/#\/schema\/logo\/image\/","url":"https:\/\/www.med4skin.ch\/wp-content\/uploads\/2022\/08\/cropped-95017869_padded_logo.png","contentUrl":"https:\/\/www.med4skin.ch\/wp-content\/uploads\/2022\/08\/cropped-95017869_padded_logo.png","width":"512","height":"512","caption":"med4skin"},"image":{"@id":"https:\/\/www.med4skin.ch\/fr\/#\/schema\/logo\/image\/"},"sameAs":["https:\/\/www.instagram.com\/toskani.switzerland\/","https:\/\/www.instagram.com\/med4skin.ch"]}]}},"_links":{"self":[{"href":"https:\/\/www.med4skin.ch\/fr\/wp-json\/wp\/v2\/pages\/6424","targetHints":{"allow":["GET"]}}],"collection":[{"href":"https:\/\/www.med4skin.ch\/fr\/wp-json\/wp\/v2\/pages"}],"about":[{"href":"https:\/\/www.med4skin.ch\/fr\/wp-json\/wp\/v2\/types\/page"}],"author":[{"embeddable":true,"href":"https:\/\/www.med4skin.ch\/fr\/wp-json\/wp\/v2\/users\/1"}],"replies":[{"embeddable":true,"href":"https:\/\/www.med4skin.ch\/fr\/wp-json\/wp\/v2\/comments?post=6424"}],"version-history":[{"count":0,"href":"https:\/\/www.med4skin.ch\/fr\/wp-json\/wp\/v2\/pages\/6424\/revisions"}],"wp:attachment":[{"href":"https:\/\/www.med4skin.ch\/fr\/wp-json\/wp\/v2\/media?parent=6424"}],"curies":[{"name":"wp","href":"https:\/\/api.w.org\/{rel}","templated":true}]}}