{"id":2855,"date":"2022-11-20T19:17:59","date_gmt":"2022-11-20T18:17:59","guid":{"rendered":"https:\/\/www.med4skin.ch\/produkt\/creme-quotidienne-eclat\/"},"modified":"2026-04-09T18:40:39","modified_gmt":"2026-04-09T16:40:39","slug":"radiance-daily-cream","status":"publish","type":"product","link":"https:\/\/www.med4skin.ch\/fr\/produkt\/radiance-daily-cream\/","title":{"rendered":"Radiance Daily Cream SPF30"},"content":{"rendered":"<p>TOSKANI Radiance Daily Cream est une cr\u00e8me \u00e0 usage quotidien destin\u00e9e \u00e0 corriger les signes de vieillissement cutan\u00e9 dus \u00e0 la lumi\u00e8re. Pr\u00e9vient le dess\u00e8chement, la perte de luminosit\u00e9, le rel\u00e2chement et l&rsquo;apparition de rides et de taches sombres. Radiance Daily Cream favorise la r\u00e9g\u00e9n\u00e9ration de la couche corn\u00e9e, pr\u00e9vient l&rsquo;apparition de nouveaux boutons et \u00e9claircit le teint. De plus, Radiance Daily Cream poss\u00e8de un indice de protection solaire \u00e9lev\u00e9 pour prot\u00e9ger la peau des dommages caus\u00e9s par les rayons du soleil. Contient des agents liposomaux pour favoriser l&rsquo;efficacit\u00e9 du produit tout en \u00e9vitant les irritations dues aux acides et aux agents \u00e9claircissants.<\/p>\n<p><strong>Indications :<\/strong><br \/>\nPeau terne<br \/>\nHyperpigmentation<br \/>\nMelasma et chloasma Taches de m\u00e9lanine<\/p>\n<p><strong>Principes actifs :<br \/>\n<\/strong> Ferment d&rsquo;Aspergillus, acide kojique, arbutine, extrait de racine de Glycyrrhiza Glabra<\/p>\n","protected":false},"excerpt":{"rendered":"<p>Tube de 50 ml Airless<\/p>\n","protected":false},"featured_media":2458,"template":"","meta":{"_et_pb_use_builder":"off","_et_pb_old_content":"TOSKANI Radiance Daily Cream est une cr\u00e8me \u00e0 usage quotidien destin\u00e9e \u00e0 corriger les signes de vieillissement cutan\u00e9 dus \u00e0 la lumi\u00e8re. Pr\u00e9vient le dess\u00e8chement, la perte de luminosit\u00e9, le rel\u00e2chement et l'apparition de rides et de taches sombres. Radiance Daily Cream favorise la r\u00e9g\u00e9n\u00e9ration de la couche corn\u00e9e, pr\u00e9vient l'apparition de nouveaux boutons et \u00e9claircit le teint. De plus, Radiance Daily Cream poss\u00e8de un indice de protection solaire \u00e9lev\u00e9 pour prot\u00e9ger la peau des dommages caus\u00e9s par les rayons du soleil. Contient des agents liposomaux pour favoriser l'efficacit\u00e9 du produit tout en \u00e9vitant les irritations dues aux acides et aux agents \u00e9claircissants.\r\n\r\n<strong>Indications :<\/strong>\r\nPeau terne\r\nHyperpigmentation\r\nM\u00e9lasma et chloasma\r\nTaches de m\u00e9lanine\r\n\r\n<strong>Substances actives :<\/strong>\r\nFerment d'Aspergillus, acide kojique, arbutine, extrait de racine de Glycyrrhiza Glabra","_et_gb_content_width":""},"product_brand":[],"product_cat":[149,150,153,156],"product_tag":[],"class_list":{"0":"post-2855","1":"product","2":"type-product","3":"status-publish","4":"has-post-thumbnail","6":"product_cat-produits-homecare","7":"product_cat-toskani","8":"product_cat-toskani-home-cosmetics-fr-2","9":"product_cat-toskani-home-radiance-spotout-fr","11":"first","12":"instock","13":"taxable","14":"shipping-taxable","15":"purchasable","16":"product-type-simple"},"yoast_head":"<!-- This site is optimized with the Yoast SEO plugin v27.4 - https:\/\/yoast.com\/product\/yoast-seo-wordpress\/ -->\n<title>TOSKANI Radiance Daily Cream SPF30 | med4skin<\/title>\n<meta name=\"description\" content=\"TOSKANI Radiance Daily Cream est une cr\u00e8me \u00e0 usage quotidien destin\u00e9e \u00e0 corriger les signes de vieillissement cutan\u00e9 dus \u00e0 la lumi\u00e8re, avec un indice de protection solaire 30.\" \/>\n<meta name=\"robots\" content=\"index, follow, max-snippet:-1, max-image-preview:large, max-video-preview:-1\" \/>\n<link rel=\"canonical\" href=\"https:\/\/www.med4skin.ch\/fr\/produkt\/radiance-daily-cream\/\" \/>\n<meta property=\"og:locale\" content=\"fr_FR\" \/>\n<meta property=\"og:type\" content=\"article\" \/>\n<meta property=\"og:title\" content=\"TOSKANI Radiance Daily Cream SPF30 | med4skin\" \/>\n<meta property=\"og:description\" content=\"TOSKANI Radiance Daily Cream est une cr\u00e8me \u00e0 usage quotidien destin\u00e9e \u00e0 corriger les signes de vieillissement cutan\u00e9 dus \u00e0 la lumi\u00e8re, avec un indice de protection solaire 30.\" \/>\n<meta property=\"og:url\" content=\"https:\/\/www.med4skin.ch\/fr\/produkt\/radiance-daily-cream\/\" \/>\n<meta property=\"og:site_name\" content=\"med4skin\" \/>\n<meta property=\"article:modified_time\" content=\"2026-04-09T16:40:39+00:00\" \/>\n<meta property=\"og:image\" content=\"https:\/\/www.med4skin.ch\/wp-content\/uploads\/2022\/11\/radiancedailycream_shop.png\" \/>\n\t<meta property=\"og:image:width\" content=\"540\" \/>\n\t<meta property=\"og:image:height\" content=\"584\" \/>\n\t<meta property=\"og:image:type\" content=\"image\/png\" \/>\n<meta name=\"twitter:card\" content=\"summary_large_image\" \/>\n<meta name=\"twitter:label1\" content=\"Dur\u00e9e de lecture estim\u00e9e\" \/>\n\t<meta name=\"twitter:data1\" content=\"1 minute\" \/>\n<script type=\"application\/ld+json\" class=\"yoast-schema-graph\">{\"@context\":\"https:\\\/\\\/schema.org\",\"@graph\":[{\"@type\":\"WebPage\",\"@id\":\"https:\\\/\\\/www.med4skin.ch\\\/fr\\\/produkt\\\/radiance-daily-cream\\\/\",\"url\":\"https:\\\/\\\/www.med4skin.ch\\\/fr\\\/produkt\\\/radiance-daily-cream\\\/\",\"name\":\"TOSKANI Radiance Daily Cream SPF30 | med4skin\",\"isPartOf\":{\"@id\":\"https:\\\/\\\/www.med4skin.ch\\\/fr\\\/#website\"},\"primaryImageOfPage\":{\"@id\":\"https:\\\/\\\/www.med4skin.ch\\\/fr\\\/produkt\\\/radiance-daily-cream\\\/#primaryimage\"},\"image\":{\"@id\":\"https:\\\/\\\/www.med4skin.ch\\\/fr\\\/produkt\\\/radiance-daily-cream\\\/#primaryimage\"},\"thumbnailUrl\":\"https:\\\/\\\/www.med4skin.ch\\\/wp-content\\\/uploads\\\/2022\\\/11\\\/radiancedailycream_shop.png\",\"datePublished\":\"2022-11-20T18:17:59+00:00\",\"dateModified\":\"2026-04-09T16:40:39+00:00\",\"description\":\"TOSKANI Radiance Daily Cream est une cr\u00e8me \u00e0 usage quotidien destin\u00e9e \u00e0 corriger les signes de vieillissement cutan\u00e9 dus \u00e0 la lumi\u00e8re, avec un indice de protection solaire 30.\",\"breadcrumb\":{\"@id\":\"https:\\\/\\\/www.med4skin.ch\\\/fr\\\/produkt\\\/radiance-daily-cream\\\/#breadcrumb\"},\"inLanguage\":\"fr-FR\",\"potentialAction\":[{\"@type\":\"ReadAction\",\"target\":[\"https:\\\/\\\/www.med4skin.ch\\\/fr\\\/produkt\\\/radiance-daily-cream\\\/\"]}]},{\"@type\":\"ImageObject\",\"inLanguage\":\"fr-FR\",\"@id\":\"https:\\\/\\\/www.med4skin.ch\\\/fr\\\/produkt\\\/radiance-daily-cream\\\/#primaryimage\",\"url\":\"https:\\\/\\\/www.med4skin.ch\\\/wp-content\\\/uploads\\\/2022\\\/11\\\/radiancedailycream_shop.png\",\"contentUrl\":\"https:\\\/\\\/www.med4skin.ch\\\/wp-content\\\/uploads\\\/2022\\\/11\\\/radiancedailycream_shop.png\",\"width\":540,\"height\":584},{\"@type\":\"BreadcrumbList\",\"@id\":\"https:\\\/\\\/www.med4skin.ch\\\/fr\\\/produkt\\\/radiance-daily-cream\\\/#breadcrumb\",\"itemListElement\":[{\"@type\":\"ListItem\",\"position\":1,\"name\":\"Startseite\",\"item\":\"https:\\\/\\\/www.med4skin.ch\\\/fr\\\/\"},{\"@type\":\"ListItem\",\"position\":2,\"name\":\"Boutique des produits HomeCare\",\"item\":\"https:\\\/\\\/www.med4skin.ch\\\/fr\\\/boutique-des-produits-homecare\\\/\"},{\"@type\":\"ListItem\",\"position\":3,\"name\":\"Radiance Daily Cream SPF30\"}]},{\"@type\":\"WebSite\",\"@id\":\"https:\\\/\\\/www.med4skin.ch\\\/fr\\\/#website\",\"url\":\"https:\\\/\\\/www.med4skin.ch\\\/fr\\\/\",\"name\":\"med4skin\",\"description\":\"med4skin - skincare\",\"publisher\":{\"@id\":\"https:\\\/\\\/www.med4skin.ch\\\/fr\\\/#organization\"},\"potentialAction\":[{\"@type\":\"SearchAction\",\"target\":{\"@type\":\"EntryPoint\",\"urlTemplate\":\"https:\\\/\\\/www.med4skin.ch\\\/fr\\\/?s={search_term_string}\"},\"query-input\":{\"@type\":\"PropertyValueSpecification\",\"valueRequired\":true,\"valueName\":\"search_term_string\"}}],\"inLanguage\":\"fr-FR\"},{\"@type\":\"Organization\",\"@id\":\"https:\\\/\\\/www.med4skin.ch\\\/fr\\\/#organization\",\"name\":\"med4skin\",\"url\":\"https:\\\/\\\/www.med4skin.ch\\\/fr\\\/\",\"logo\":{\"@type\":\"ImageObject\",\"inLanguage\":\"fr-FR\",\"@id\":\"https:\\\/\\\/www.med4skin.ch\\\/fr\\\/#\\\/schema\\\/logo\\\/image\\\/\",\"url\":\"https:\\\/\\\/www.med4skin.ch\\\/wp-content\\\/uploads\\\/2022\\\/08\\\/cropped-95017869_padded_logo.png\",\"contentUrl\":\"https:\\\/\\\/www.med4skin.ch\\\/wp-content\\\/uploads\\\/2022\\\/08\\\/cropped-95017869_padded_logo.png\",\"width\":\"512\",\"height\":\"512\",\"caption\":\"med4skin\"},\"image\":{\"@id\":\"https:\\\/\\\/www.med4skin.ch\\\/fr\\\/#\\\/schema\\\/logo\\\/image\\\/\"},\"sameAs\":[\"https:\\\/\\\/www.instagram.com\\\/toskani.switzerland\\\/\",\"https:\\\/\\\/www.instagram.com\\\/med4skin.ch\"]}]}<\/script>\n<!-- \/ Yoast SEO plugin. -->","yoast_head_json":{"title":"TOSKANI Radiance Daily Cream SPF30 | med4skin","description":"TOSKANI Radiance Daily Cream est une cr\u00e8me \u00e0 usage quotidien destin\u00e9e \u00e0 corriger les signes de vieillissement cutan\u00e9 dus \u00e0 la lumi\u00e8re, avec un indice de protection solaire 30.","robots":{"index":"index","follow":"follow","max-snippet":"max-snippet:-1","max-image-preview":"max-image-preview:large","max-video-preview":"max-video-preview:-1"},"canonical":"https:\/\/www.med4skin.ch\/fr\/produkt\/radiance-daily-cream\/","og_locale":"fr_FR","og_type":"article","og_title":"TOSKANI Radiance Daily Cream SPF30 | med4skin","og_description":"TOSKANI Radiance Daily Cream est une cr\u00e8me \u00e0 usage quotidien destin\u00e9e \u00e0 corriger les signes de vieillissement cutan\u00e9 dus \u00e0 la lumi\u00e8re, avec un indice de protection solaire 30.","og_url":"https:\/\/www.med4skin.ch\/fr\/produkt\/radiance-daily-cream\/","og_site_name":"med4skin","article_modified_time":"2026-04-09T16:40:39+00:00","og_image":[{"width":540,"height":584,"url":"https:\/\/www.med4skin.ch\/wp-content\/uploads\/2022\/11\/radiancedailycream_shop.png","type":"image\/png"}],"twitter_card":"summary_large_image","twitter_misc":{"Dur\u00e9e de lecture estim\u00e9e":"1 minute"},"schema":{"@context":"https:\/\/schema.org","@graph":[{"@type":"WebPage","@id":"https:\/\/www.med4skin.ch\/fr\/produkt\/radiance-daily-cream\/","url":"https:\/\/www.med4skin.ch\/fr\/produkt\/radiance-daily-cream\/","name":"TOSKANI Radiance Daily Cream SPF30 | med4skin","isPartOf":{"@id":"https:\/\/www.med4skin.ch\/fr\/#website"},"primaryImageOfPage":{"@id":"https:\/\/www.med4skin.ch\/fr\/produkt\/radiance-daily-cream\/#primaryimage"},"image":{"@id":"https:\/\/www.med4skin.ch\/fr\/produkt\/radiance-daily-cream\/#primaryimage"},"thumbnailUrl":"https:\/\/www.med4skin.ch\/wp-content\/uploads\/2022\/11\/radiancedailycream_shop.png","datePublished":"2022-11-20T18:17:59+00:00","dateModified":"2026-04-09T16:40:39+00:00","description":"TOSKANI Radiance Daily Cream est une cr\u00e8me \u00e0 usage quotidien destin\u00e9e \u00e0 corriger les signes de vieillissement cutan\u00e9 dus \u00e0 la lumi\u00e8re, avec un indice de protection solaire 30.","breadcrumb":{"@id":"https:\/\/www.med4skin.ch\/fr\/produkt\/radiance-daily-cream\/#breadcrumb"},"inLanguage":"fr-FR","potentialAction":[{"@type":"ReadAction","target":["https:\/\/www.med4skin.ch\/fr\/produkt\/radiance-daily-cream\/"]}]},{"@type":"ImageObject","inLanguage":"fr-FR","@id":"https:\/\/www.med4skin.ch\/fr\/produkt\/radiance-daily-cream\/#primaryimage","url":"https:\/\/www.med4skin.ch\/wp-content\/uploads\/2022\/11\/radiancedailycream_shop.png","contentUrl":"https:\/\/www.med4skin.ch\/wp-content\/uploads\/2022\/11\/radiancedailycream_shop.png","width":540,"height":584},{"@type":"BreadcrumbList","@id":"https:\/\/www.med4skin.ch\/fr\/produkt\/radiance-daily-cream\/#breadcrumb","itemListElement":[{"@type":"ListItem","position":1,"name":"Startseite","item":"https:\/\/www.med4skin.ch\/fr\/"},{"@type":"ListItem","position":2,"name":"Boutique des produits HomeCare","item":"https:\/\/www.med4skin.ch\/fr\/boutique-des-produits-homecare\/"},{"@type":"ListItem","position":3,"name":"Radiance Daily Cream SPF30"}]},{"@type":"WebSite","@id":"https:\/\/www.med4skin.ch\/fr\/#website","url":"https:\/\/www.med4skin.ch\/fr\/","name":"med4skin","description":"med4skin - skincare","publisher":{"@id":"https:\/\/www.med4skin.ch\/fr\/#organization"},"potentialAction":[{"@type":"SearchAction","target":{"@type":"EntryPoint","urlTemplate":"https:\/\/www.med4skin.ch\/fr\/?s={search_term_string}"},"query-input":{"@type":"PropertyValueSpecification","valueRequired":true,"valueName":"search_term_string"}}],"inLanguage":"fr-FR"},{"@type":"Organization","@id":"https:\/\/www.med4skin.ch\/fr\/#organization","name":"med4skin","url":"https:\/\/www.med4skin.ch\/fr\/","logo":{"@type":"ImageObject","inLanguage":"fr-FR","@id":"https:\/\/www.med4skin.ch\/fr\/#\/schema\/logo\/image\/","url":"https:\/\/www.med4skin.ch\/wp-content\/uploads\/2022\/08\/cropped-95017869_padded_logo.png","contentUrl":"https:\/\/www.med4skin.ch\/wp-content\/uploads\/2022\/08\/cropped-95017869_padded_logo.png","width":"512","height":"512","caption":"med4skin"},"image":{"@id":"https:\/\/www.med4skin.ch\/fr\/#\/schema\/logo\/image\/"},"sameAs":["https:\/\/www.instagram.com\/toskani.switzerland\/","https:\/\/www.instagram.com\/med4skin.ch"]}]}},"_links":{"self":[{"href":"https:\/\/www.med4skin.ch\/fr\/wp-json\/wp\/v2\/product\/2855","targetHints":{"allow":["GET"]}}],"collection":[{"href":"https:\/\/www.med4skin.ch\/fr\/wp-json\/wp\/v2\/product"}],"about":[{"href":"https:\/\/www.med4skin.ch\/fr\/wp-json\/wp\/v2\/types\/product"}],"wp:featuredmedia":[{"embeddable":true,"href":"https:\/\/www.med4skin.ch\/fr\/wp-json\/wp\/v2\/media\/2458"}],"wp:attachment":[{"href":"https:\/\/www.med4skin.ch\/fr\/wp-json\/wp\/v2\/media?parent=2855"}],"wp:term":[{"taxonomy":"product_brand","embeddable":true,"href":"https:\/\/www.med4skin.ch\/fr\/wp-json\/wp\/v2\/product_brand?post=2855"},{"taxonomy":"product_cat","embeddable":true,"href":"https:\/\/www.med4skin.ch\/fr\/wp-json\/wp\/v2\/product_cat?post=2855"},{"taxonomy":"product_tag","embeddable":true,"href":"https:\/\/www.med4skin.ch\/fr\/wp-json\/wp\/v2\/product_tag?post=2855"}],"curies":[{"name":"wp","href":"https:\/\/api.w.org\/{rel}","templated":true}]}}