{"id":2860,"date":"2022-11-20T19:17:59","date_gmt":"2022-11-20T18:17:59","guid":{"rendered":"https:\/\/www.med4skin.ch\/produkt\/densihair-boost-capsules\/"},"modified":"2024-10-29T23:30:26","modified_gmt":"2024-10-29T22:30:26","slug":"densihair-boost-capsules","status":"publish","type":"product","link":"https:\/\/www.med4skin.ch\/fr\/produkt\/densihair-boost-capsules\/","title":{"rendered":"Densihair Boost Capsules"},"content":{"rendered":"<p>Compl\u00e9ment alimentaire compos\u00e9 de s\u00e9rum de sabal, de vitamines et d&rsquo;acides amin\u00e9s, pour renforcer les cheveux et stopper leur chute. La cure est id\u00e9alement compl\u00e9t\u00e9e par la lotion TOSKANI Hairloss. Vous obtiendrez un effet maximal en effectuant \u00e9galement un traitement de m\u00e9soth\u00e9rapie dans un institut de beaut\u00e9 proposant des traitements contre la chute des cheveux TOSKANI. Nous vous aidons \u00e0 trouver l&rsquo;institut le plus proche de chez vous. \u00c9crivez-nous \u00e0 ce sujet sur <a href=\"mailto:contact@med4skin.ch\">contact@med4skin.ch.<\/a> <strong>Indications :<\/strong> Renforce les cheveux Arr\u00eate la chute des cheveux Con\u00e7u comme un compl\u00e9ment aux traitements m\u00e9dicaux contre la chute des cheveux<\/p>\n","protected":false},"excerpt":{"rendered":"<p>30 g\u00e9lules<\/p>\n","protected":false},"featured_media":2456,"template":"","meta":{"_et_pb_use_builder":"off","_et_pb_old_content":"Compl\u00e9ment alimentaire compos\u00e9 de s\u00e9rum de sabal, de vitamines et d'acides amin\u00e9s pour renforcer les cheveux et stopper leur chute. <strong>Indications :<\/strong> Renforce les cheveux Arr\u00eate la chute des cheveux Con\u00e7u comme un compl\u00e9ment aux traitements m\u00e9dicaux contre la chute des cheveux","_et_gb_content_width":""},"product_brand":[],"product_cat":[149,150,165],"product_tag":[],"class_list":{"0":"post-2860","1":"product","2":"type-product","3":"status-publish","4":"has-post-thumbnail","6":"product_cat-produits-homecare","7":"product_cat-toskani","8":"product_cat-toskani-home-hair-cosmetics-fr","10":"first","11":"instock","12":"taxable","13":"shipping-taxable","14":"purchasable","15":"product-type-simple"},"yoast_head":"<!-- This site is optimized with the Yoast SEO plugin v27.4 - https:\/\/yoast.com\/product\/yoast-seo-wordpress\/ -->\n<title>TOSKANI Densihair Boost Capsules | med4skin<\/title>\n<meta name=\"description\" content=\"TOSKANI Densihair Boost Compl\u00e9ment alimentaire compos\u00e9 de s\u00e9rum de sabal, de vitamines et d&#039;acides amin\u00e9s, pour renforcer les cheveux et stopper leur chute.\" \/>\n<meta name=\"robots\" content=\"index, follow, max-snippet:-1, max-image-preview:large, max-video-preview:-1\" \/>\n<link rel=\"canonical\" href=\"https:\/\/www.med4skin.ch\/fr\/produkt\/densihair-boost-capsules\/\" \/>\n<meta property=\"og:locale\" content=\"fr_FR\" \/>\n<meta property=\"og:type\" content=\"article\" \/>\n<meta property=\"og:title\" content=\"TOSKANI Densihair Boost Capsules | med4skin\" \/>\n<meta property=\"og:description\" content=\"TOSKANI Densihair Boost Compl\u00e9ment alimentaire compos\u00e9 de s\u00e9rum de sabal, de vitamines et d&#039;acides amin\u00e9s, pour renforcer les cheveux et stopper leur chute.\" \/>\n<meta property=\"og:url\" content=\"https:\/\/www.med4skin.ch\/fr\/produkt\/densihair-boost-capsules\/\" \/>\n<meta property=\"og:site_name\" content=\"med4skin\" \/>\n<meta property=\"article:modified_time\" content=\"2024-10-29T22:30:26+00:00\" \/>\n<meta property=\"og:image\" content=\"https:\/\/www.med4skin.ch\/wp-content\/uploads\/2022\/11\/densihair_boost_capsules_web.png\" \/>\n\t<meta property=\"og:image:width\" content=\"370\" \/>\n\t<meta property=\"og:image:height\" content=\"370\" \/>\n\t<meta property=\"og:image:type\" content=\"image\/png\" \/>\n<meta name=\"twitter:card\" content=\"summary_large_image\" \/>\n<meta name=\"twitter:label1\" content=\"Dur\u00e9e de lecture estim\u00e9e\" \/>\n\t<meta name=\"twitter:data1\" content=\"1 minute\" \/>\n<script type=\"application\/ld+json\" class=\"yoast-schema-graph\">{\"@context\":\"https:\\\/\\\/schema.org\",\"@graph\":[{\"@type\":\"WebPage\",\"@id\":\"https:\\\/\\\/www.med4skin.ch\\\/fr\\\/produkt\\\/densihair-boost-capsules\\\/\",\"url\":\"https:\\\/\\\/www.med4skin.ch\\\/fr\\\/produkt\\\/densihair-boost-capsules\\\/\",\"name\":\"TOSKANI Densihair Boost Capsules | med4skin\",\"isPartOf\":{\"@id\":\"https:\\\/\\\/www.med4skin.ch\\\/fr\\\/#website\"},\"primaryImageOfPage\":{\"@id\":\"https:\\\/\\\/www.med4skin.ch\\\/fr\\\/produkt\\\/densihair-boost-capsules\\\/#primaryimage\"},\"image\":{\"@id\":\"https:\\\/\\\/www.med4skin.ch\\\/fr\\\/produkt\\\/densihair-boost-capsules\\\/#primaryimage\"},\"thumbnailUrl\":\"https:\\\/\\\/www.med4skin.ch\\\/wp-content\\\/uploads\\\/2022\\\/11\\\/densihair_boost_capsules_web.png\",\"datePublished\":\"2022-11-20T18:17:59+00:00\",\"dateModified\":\"2024-10-29T22:30:26+00:00\",\"description\":\"TOSKANI Densihair Boost Compl\u00e9ment alimentaire compos\u00e9 de s\u00e9rum de sabal, de vitamines et d'acides amin\u00e9s, pour renforcer les cheveux et stopper leur chute.\",\"breadcrumb\":{\"@id\":\"https:\\\/\\\/www.med4skin.ch\\\/fr\\\/produkt\\\/densihair-boost-capsules\\\/#breadcrumb\"},\"inLanguage\":\"fr-FR\",\"potentialAction\":[{\"@type\":\"ReadAction\",\"target\":[\"https:\\\/\\\/www.med4skin.ch\\\/fr\\\/produkt\\\/densihair-boost-capsules\\\/\"]}]},{\"@type\":\"ImageObject\",\"inLanguage\":\"fr-FR\",\"@id\":\"https:\\\/\\\/www.med4skin.ch\\\/fr\\\/produkt\\\/densihair-boost-capsules\\\/#primaryimage\",\"url\":\"https:\\\/\\\/www.med4skin.ch\\\/wp-content\\\/uploads\\\/2022\\\/11\\\/densihair_boost_capsules_web.png\",\"contentUrl\":\"https:\\\/\\\/www.med4skin.ch\\\/wp-content\\\/uploads\\\/2022\\\/11\\\/densihair_boost_capsules_web.png\",\"width\":370,\"height\":370},{\"@type\":\"BreadcrumbList\",\"@id\":\"https:\\\/\\\/www.med4skin.ch\\\/fr\\\/produkt\\\/densihair-boost-capsules\\\/#breadcrumb\",\"itemListElement\":[{\"@type\":\"ListItem\",\"position\":1,\"name\":\"Startseite\",\"item\":\"https:\\\/\\\/www.med4skin.ch\\\/fr\\\/\"},{\"@type\":\"ListItem\",\"position\":2,\"name\":\"Boutique des produits HomeCare\",\"item\":\"https:\\\/\\\/www.med4skin.ch\\\/fr\\\/boutique-des-produits-homecare\\\/\"},{\"@type\":\"ListItem\",\"position\":3,\"name\":\"Densihair Boost Capsules\"}]},{\"@type\":\"WebSite\",\"@id\":\"https:\\\/\\\/www.med4skin.ch\\\/fr\\\/#website\",\"url\":\"https:\\\/\\\/www.med4skin.ch\\\/fr\\\/\",\"name\":\"med4skin\",\"description\":\"med4skin - skincare\",\"publisher\":{\"@id\":\"https:\\\/\\\/www.med4skin.ch\\\/fr\\\/#organization\"},\"potentialAction\":[{\"@type\":\"SearchAction\",\"target\":{\"@type\":\"EntryPoint\",\"urlTemplate\":\"https:\\\/\\\/www.med4skin.ch\\\/fr\\\/?s={search_term_string}\"},\"query-input\":{\"@type\":\"PropertyValueSpecification\",\"valueRequired\":true,\"valueName\":\"search_term_string\"}}],\"inLanguage\":\"fr-FR\"},{\"@type\":\"Organization\",\"@id\":\"https:\\\/\\\/www.med4skin.ch\\\/fr\\\/#organization\",\"name\":\"med4skin\",\"url\":\"https:\\\/\\\/www.med4skin.ch\\\/fr\\\/\",\"logo\":{\"@type\":\"ImageObject\",\"inLanguage\":\"fr-FR\",\"@id\":\"https:\\\/\\\/www.med4skin.ch\\\/fr\\\/#\\\/schema\\\/logo\\\/image\\\/\",\"url\":\"https:\\\/\\\/www.med4skin.ch\\\/wp-content\\\/uploads\\\/2022\\\/08\\\/cropped-95017869_padded_logo.png\",\"contentUrl\":\"https:\\\/\\\/www.med4skin.ch\\\/wp-content\\\/uploads\\\/2022\\\/08\\\/cropped-95017869_padded_logo.png\",\"width\":\"512\",\"height\":\"512\",\"caption\":\"med4skin\"},\"image\":{\"@id\":\"https:\\\/\\\/www.med4skin.ch\\\/fr\\\/#\\\/schema\\\/logo\\\/image\\\/\"},\"sameAs\":[\"https:\\\/\\\/www.instagram.com\\\/toskani.switzerland\\\/\",\"https:\\\/\\\/www.instagram.com\\\/med4skin.ch\"]}]}<\/script>\n<!-- \/ Yoast SEO plugin. -->","yoast_head_json":{"title":"TOSKANI Densihair Boost Capsules | med4skin","description":"TOSKANI Densihair Boost Compl\u00e9ment alimentaire compos\u00e9 de s\u00e9rum de sabal, de vitamines et d'acides amin\u00e9s, pour renforcer les cheveux et stopper leur chute.","robots":{"index":"index","follow":"follow","max-snippet":"max-snippet:-1","max-image-preview":"max-image-preview:large","max-video-preview":"max-video-preview:-1"},"canonical":"https:\/\/www.med4skin.ch\/fr\/produkt\/densihair-boost-capsules\/","og_locale":"fr_FR","og_type":"article","og_title":"TOSKANI Densihair Boost Capsules | med4skin","og_description":"TOSKANI Densihair Boost Compl\u00e9ment alimentaire compos\u00e9 de s\u00e9rum de sabal, de vitamines et d'acides amin\u00e9s, pour renforcer les cheveux et stopper leur chute.","og_url":"https:\/\/www.med4skin.ch\/fr\/produkt\/densihair-boost-capsules\/","og_site_name":"med4skin","article_modified_time":"2024-10-29T22:30:26+00:00","og_image":[{"width":370,"height":370,"url":"https:\/\/www.med4skin.ch\/wp-content\/uploads\/2022\/11\/densihair_boost_capsules_web.png","type":"image\/png"}],"twitter_card":"summary_large_image","twitter_misc":{"Dur\u00e9e de lecture estim\u00e9e":"1 minute"},"schema":{"@context":"https:\/\/schema.org","@graph":[{"@type":"WebPage","@id":"https:\/\/www.med4skin.ch\/fr\/produkt\/densihair-boost-capsules\/","url":"https:\/\/www.med4skin.ch\/fr\/produkt\/densihair-boost-capsules\/","name":"TOSKANI Densihair Boost Capsules | med4skin","isPartOf":{"@id":"https:\/\/www.med4skin.ch\/fr\/#website"},"primaryImageOfPage":{"@id":"https:\/\/www.med4skin.ch\/fr\/produkt\/densihair-boost-capsules\/#primaryimage"},"image":{"@id":"https:\/\/www.med4skin.ch\/fr\/produkt\/densihair-boost-capsules\/#primaryimage"},"thumbnailUrl":"https:\/\/www.med4skin.ch\/wp-content\/uploads\/2022\/11\/densihair_boost_capsules_web.png","datePublished":"2022-11-20T18:17:59+00:00","dateModified":"2024-10-29T22:30:26+00:00","description":"TOSKANI Densihair Boost Compl\u00e9ment alimentaire compos\u00e9 de s\u00e9rum de sabal, de vitamines et d'acides amin\u00e9s, pour renforcer les cheveux et stopper leur chute.","breadcrumb":{"@id":"https:\/\/www.med4skin.ch\/fr\/produkt\/densihair-boost-capsules\/#breadcrumb"},"inLanguage":"fr-FR","potentialAction":[{"@type":"ReadAction","target":["https:\/\/www.med4skin.ch\/fr\/produkt\/densihair-boost-capsules\/"]}]},{"@type":"ImageObject","inLanguage":"fr-FR","@id":"https:\/\/www.med4skin.ch\/fr\/produkt\/densihair-boost-capsules\/#primaryimage","url":"https:\/\/www.med4skin.ch\/wp-content\/uploads\/2022\/11\/densihair_boost_capsules_web.png","contentUrl":"https:\/\/www.med4skin.ch\/wp-content\/uploads\/2022\/11\/densihair_boost_capsules_web.png","width":370,"height":370},{"@type":"BreadcrumbList","@id":"https:\/\/www.med4skin.ch\/fr\/produkt\/densihair-boost-capsules\/#breadcrumb","itemListElement":[{"@type":"ListItem","position":1,"name":"Startseite","item":"https:\/\/www.med4skin.ch\/fr\/"},{"@type":"ListItem","position":2,"name":"Boutique des produits HomeCare","item":"https:\/\/www.med4skin.ch\/fr\/boutique-des-produits-homecare\/"},{"@type":"ListItem","position":3,"name":"Densihair Boost Capsules"}]},{"@type":"WebSite","@id":"https:\/\/www.med4skin.ch\/fr\/#website","url":"https:\/\/www.med4skin.ch\/fr\/","name":"med4skin","description":"med4skin - skincare","publisher":{"@id":"https:\/\/www.med4skin.ch\/fr\/#organization"},"potentialAction":[{"@type":"SearchAction","target":{"@type":"EntryPoint","urlTemplate":"https:\/\/www.med4skin.ch\/fr\/?s={search_term_string}"},"query-input":{"@type":"PropertyValueSpecification","valueRequired":true,"valueName":"search_term_string"}}],"inLanguage":"fr-FR"},{"@type":"Organization","@id":"https:\/\/www.med4skin.ch\/fr\/#organization","name":"med4skin","url":"https:\/\/www.med4skin.ch\/fr\/","logo":{"@type":"ImageObject","inLanguage":"fr-FR","@id":"https:\/\/www.med4skin.ch\/fr\/#\/schema\/logo\/image\/","url":"https:\/\/www.med4skin.ch\/wp-content\/uploads\/2022\/08\/cropped-95017869_padded_logo.png","contentUrl":"https:\/\/www.med4skin.ch\/wp-content\/uploads\/2022\/08\/cropped-95017869_padded_logo.png","width":"512","height":"512","caption":"med4skin"},"image":{"@id":"https:\/\/www.med4skin.ch\/fr\/#\/schema\/logo\/image\/"},"sameAs":["https:\/\/www.instagram.com\/toskani.switzerland\/","https:\/\/www.instagram.com\/med4skin.ch"]}]}},"_links":{"self":[{"href":"https:\/\/www.med4skin.ch\/fr\/wp-json\/wp\/v2\/product\/2860","targetHints":{"allow":["GET"]}}],"collection":[{"href":"https:\/\/www.med4skin.ch\/fr\/wp-json\/wp\/v2\/product"}],"about":[{"href":"https:\/\/www.med4skin.ch\/fr\/wp-json\/wp\/v2\/types\/product"}],"wp:featuredmedia":[{"embeddable":true,"href":"https:\/\/www.med4skin.ch\/fr\/wp-json\/wp\/v2\/media\/2456"}],"wp:attachment":[{"href":"https:\/\/www.med4skin.ch\/fr\/wp-json\/wp\/v2\/media?parent=2860"}],"wp:term":[{"taxonomy":"product_brand","embeddable":true,"href":"https:\/\/www.med4skin.ch\/fr\/wp-json\/wp\/v2\/product_brand?post=2860"},{"taxonomy":"product_cat","embeddable":true,"href":"https:\/\/www.med4skin.ch\/fr\/wp-json\/wp\/v2\/product_cat?post=2860"},{"taxonomy":"product_tag","embeddable":true,"href":"https:\/\/www.med4skin.ch\/fr\/wp-json\/wp\/v2\/product_tag?post=2860"}],"curies":[{"name":"wp","href":"https:\/\/api.w.org\/{rel}","templated":true}]}}