{"id":2891,"date":"2022-12-23T23:39:38","date_gmt":"2022-12-23T23:39:38","guid":{"rendered":"https:\/\/www.med4skin.ch\/produkt\/tkn-ha-glowcomplex\/"},"modified":"2025-07-24T15:43:45","modified_gmt":"2025-07-24T13:43:45","slug":"tkn-ha-glowcomplex","status":"publish","type":"product","link":"https:\/\/www.med4skin.ch\/fr\/produkt\/tkn-ha-glowcomplex\/","title":{"rendered":"TKN HA glowcomplex"},"content":{"rendered":"<p>TOSKANI TKN HA Glowcomplex est un cocktail de m\u00e9soth\u00e9rapie pour les peaux vieillies ou d\u00e9vitalis\u00e9es, ab\u00eem\u00e9es par le stress, les toxines et le processus de vieillissement. Le TKN HA Glowcomplex traite le teint terne et irr\u00e9gulier, le rel\u00e2chement cutan\u00e9, les rides fines et mod\u00e9r\u00e9es, les dommages caus\u00e9s par le stress oxydatif et les signes de vieillissement. Gr\u00e2ce \u00e0 sa formulation, ce complexe reconstituant a un puissant effet \u00e9claircissant et raffermissant et am\u00e9liore le teint avec un effet glow durable. Les vitamines, les min\u00e9raux et les acides amin\u00e9s qui composent ce cocktail favorisent la microcirculation capillaire et fournissent les micronutriments n\u00e9cessaires \u00e0 la formation du collag\u00e8ne. Le TKN HA Glowcomplex contient \u00e9galement de l&rsquo;acide hyaluronique, qui contribue \u00e0 donner \u00e0 la peau rel\u00e2ch\u00e9e un aspect lisse et ferme, tout en am\u00e9liorant son hydratation et en renfor\u00e7ant sa couche protectrice.<\/p>\n<p><strong>Indications<\/strong><br \/>\nPeau terne et teint irr\u00e9gulier, rides fines et mod\u00e9r\u00e9es, stress oxydatif, peau ab\u00eem\u00e9e, signes du vieillissement cutan\u00e9<\/p>\n<p><strong>Principes actifs<\/strong><br \/>\nAcide hyaluronique, acides amin\u00e9s, vitamine H (biotine), silicium organique, ADN sodique, DMAE, vitamine C, vitamine E, vitamine A, vitamine du groupe B<\/p>\n","protected":false},"excerpt":{"rendered":"<p>5 flacons de 5 ml<\/p>\n","protected":false},"featured_media":2747,"template":"","meta":{"_et_pb_use_builder":"","_et_pb_old_content":"","_et_gb_content_width":""},"product_brand":[],"product_cat":[161,172,168],"product_tag":[],"class_list":{"0":"post-2891","1":"product","2":"type-product","3":"status-publish","4":"has-post-thumbnail","6":"product_cat-professionnel","7":"product_cat-toskani-meso-advanced","8":"product_cat-toskanimed","10":"first","11":"instock","12":"taxable","13":"shipping-taxable","14":"purchasable","15":"product-type-simple"},"yoast_head":"<!-- This site is optimized with the Yoast SEO plugin v27.4 - https:\/\/yoast.com\/product\/yoast-seo-wordpress\/ -->\n<title>TOSKANI TKN HA glowcomplex | med4skin<\/title>\n<meta name=\"description\" content=\"TOSKANI TKN HA Glowcomplex est un cocktail de m\u00e9soth\u00e9rapie pour les peaux vieillies ou d\u00e9vitalis\u00e9es, ab\u00eem\u00e9es par le stress, les toxines et le processus de vieillissement.\" \/>\n<meta name=\"robots\" content=\"index, follow, max-snippet:-1, max-image-preview:large, max-video-preview:-1\" \/>\n<link rel=\"canonical\" href=\"https:\/\/www.med4skin.ch\/fr\/produkt\/tkn-ha-glowcomplex\/\" \/>\n<meta property=\"og:locale\" content=\"fr_FR\" \/>\n<meta property=\"og:type\" content=\"article\" \/>\n<meta property=\"og:title\" content=\"TOSKANI TKN HA glowcomplex | med4skin\" \/>\n<meta property=\"og:description\" content=\"TOSKANI TKN HA Glowcomplex est un cocktail de m\u00e9soth\u00e9rapie pour les peaux vieillies ou d\u00e9vitalis\u00e9es, ab\u00eem\u00e9es par le stress, les toxines et le processus de vieillissement.\" \/>\n<meta property=\"og:url\" content=\"https:\/\/www.med4skin.ch\/fr\/produkt\/tkn-ha-glowcomplex\/\" \/>\n<meta property=\"og:site_name\" content=\"med4skin\" \/>\n<meta property=\"article:modified_time\" content=\"2025-07-24T13:43:45+00:00\" \/>\n<meta property=\"og:image\" content=\"https:\/\/www.med4skin.ch\/wp-content\/uploads\/2022\/12\/TKN-HA-Glowcomplex-22.png\" \/>\n\t<meta property=\"og:image:width\" content=\"1200\" \/>\n\t<meta property=\"og:image:height\" content=\"1077\" \/>\n\t<meta property=\"og:image:type\" content=\"image\/png\" \/>\n<meta name=\"twitter:card\" content=\"summary_large_image\" \/>\n<meta name=\"twitter:label1\" content=\"Dur\u00e9e de lecture estim\u00e9e\" \/>\n\t<meta name=\"twitter:data1\" content=\"2 minutes\" \/>\n<script type=\"application\/ld+json\" class=\"yoast-schema-graph\">{\"@context\":\"https:\\\/\\\/schema.org\",\"@graph\":[{\"@type\":\"WebPage\",\"@id\":\"https:\\\/\\\/www.med4skin.ch\\\/fr\\\/produkt\\\/tkn-ha-glowcomplex\\\/\",\"url\":\"https:\\\/\\\/www.med4skin.ch\\\/fr\\\/produkt\\\/tkn-ha-glowcomplex\\\/\",\"name\":\"TOSKANI TKN HA glowcomplex | med4skin\",\"isPartOf\":{\"@id\":\"https:\\\/\\\/www.med4skin.ch\\\/fr\\\/#website\"},\"primaryImageOfPage\":{\"@id\":\"https:\\\/\\\/www.med4skin.ch\\\/fr\\\/produkt\\\/tkn-ha-glowcomplex\\\/#primaryimage\"},\"image\":{\"@id\":\"https:\\\/\\\/www.med4skin.ch\\\/fr\\\/produkt\\\/tkn-ha-glowcomplex\\\/#primaryimage\"},\"thumbnailUrl\":\"https:\\\/\\\/www.med4skin.ch\\\/wp-content\\\/uploads\\\/2022\\\/12\\\/TKN-HA-Glowcomplex-22.png\",\"datePublished\":\"2022-12-23T23:39:38+00:00\",\"dateModified\":\"2025-07-24T13:43:45+00:00\",\"description\":\"TOSKANI TKN HA Glowcomplex est un cocktail de m\u00e9soth\u00e9rapie pour les peaux vieillies ou d\u00e9vitalis\u00e9es, ab\u00eem\u00e9es par le stress, les toxines et le processus de vieillissement.\",\"breadcrumb\":{\"@id\":\"https:\\\/\\\/www.med4skin.ch\\\/fr\\\/produkt\\\/tkn-ha-glowcomplex\\\/#breadcrumb\"},\"inLanguage\":\"fr-FR\",\"potentialAction\":[{\"@type\":\"ReadAction\",\"target\":[\"https:\\\/\\\/www.med4skin.ch\\\/fr\\\/produkt\\\/tkn-ha-glowcomplex\\\/\"]}]},{\"@type\":\"ImageObject\",\"inLanguage\":\"fr-FR\",\"@id\":\"https:\\\/\\\/www.med4skin.ch\\\/fr\\\/produkt\\\/tkn-ha-glowcomplex\\\/#primaryimage\",\"url\":\"https:\\\/\\\/www.med4skin.ch\\\/wp-content\\\/uploads\\\/2022\\\/12\\\/TKN-HA-Glowcomplex-22.png\",\"contentUrl\":\"https:\\\/\\\/www.med4skin.ch\\\/wp-content\\\/uploads\\\/2022\\\/12\\\/TKN-HA-Glowcomplex-22.png\",\"width\":\"1200\",\"height\":\"1077\"},{\"@type\":\"BreadcrumbList\",\"@id\":\"https:\\\/\\\/www.med4skin.ch\\\/fr\\\/produkt\\\/tkn-ha-glowcomplex\\\/#breadcrumb\",\"itemListElement\":[{\"@type\":\"ListItem\",\"position\":1,\"name\":\"Startseite\",\"item\":\"https:\\\/\\\/www.med4skin.ch\\\/fr\\\/\"},{\"@type\":\"ListItem\",\"position\":2,\"name\":\"Boutique des produits HomeCare\",\"item\":\"https:\\\/\\\/www.med4skin.ch\\\/fr\\\/boutique-des-produits-homecare\\\/\"},{\"@type\":\"ListItem\",\"position\":3,\"name\":\"TKN HA glowcomplex\"}]},{\"@type\":\"WebSite\",\"@id\":\"https:\\\/\\\/www.med4skin.ch\\\/fr\\\/#website\",\"url\":\"https:\\\/\\\/www.med4skin.ch\\\/fr\\\/\",\"name\":\"med4skin\",\"description\":\"med4skin - skincare\",\"publisher\":{\"@id\":\"https:\\\/\\\/www.med4skin.ch\\\/fr\\\/#organization\"},\"potentialAction\":[{\"@type\":\"SearchAction\",\"target\":{\"@type\":\"EntryPoint\",\"urlTemplate\":\"https:\\\/\\\/www.med4skin.ch\\\/fr\\\/?s={search_term_string}\"},\"query-input\":{\"@type\":\"PropertyValueSpecification\",\"valueRequired\":true,\"valueName\":\"search_term_string\"}}],\"inLanguage\":\"fr-FR\"},{\"@type\":\"Organization\",\"@id\":\"https:\\\/\\\/www.med4skin.ch\\\/fr\\\/#organization\",\"name\":\"med4skin\",\"url\":\"https:\\\/\\\/www.med4skin.ch\\\/fr\\\/\",\"logo\":{\"@type\":\"ImageObject\",\"inLanguage\":\"fr-FR\",\"@id\":\"https:\\\/\\\/www.med4skin.ch\\\/fr\\\/#\\\/schema\\\/logo\\\/image\\\/\",\"url\":\"https:\\\/\\\/www.med4skin.ch\\\/wp-content\\\/uploads\\\/2022\\\/08\\\/cropped-95017869_padded_logo.png\",\"contentUrl\":\"https:\\\/\\\/www.med4skin.ch\\\/wp-content\\\/uploads\\\/2022\\\/08\\\/cropped-95017869_padded_logo.png\",\"width\":\"512\",\"height\":\"512\",\"caption\":\"med4skin\"},\"image\":{\"@id\":\"https:\\\/\\\/www.med4skin.ch\\\/fr\\\/#\\\/schema\\\/logo\\\/image\\\/\"},\"sameAs\":[\"https:\\\/\\\/www.instagram.com\\\/toskani.switzerland\\\/\",\"https:\\\/\\\/www.instagram.com\\\/med4skin.ch\"]}]}<\/script>\n<!-- \/ Yoast SEO plugin. -->","yoast_head_json":{"title":"TOSKANI TKN HA glowcomplex | med4skin","description":"TOSKANI TKN HA Glowcomplex est un cocktail de m\u00e9soth\u00e9rapie pour les peaux vieillies ou d\u00e9vitalis\u00e9es, ab\u00eem\u00e9es par le stress, les toxines et le processus de vieillissement.","robots":{"index":"index","follow":"follow","max-snippet":"max-snippet:-1","max-image-preview":"max-image-preview:large","max-video-preview":"max-video-preview:-1"},"canonical":"https:\/\/www.med4skin.ch\/fr\/produkt\/tkn-ha-glowcomplex\/","og_locale":"fr_FR","og_type":"article","og_title":"TOSKANI TKN HA glowcomplex | med4skin","og_description":"TOSKANI TKN HA Glowcomplex est un cocktail de m\u00e9soth\u00e9rapie pour les peaux vieillies ou d\u00e9vitalis\u00e9es, ab\u00eem\u00e9es par le stress, les toxines et le processus de vieillissement.","og_url":"https:\/\/www.med4skin.ch\/fr\/produkt\/tkn-ha-glowcomplex\/","og_site_name":"med4skin","article_modified_time":"2025-07-24T13:43:45+00:00","og_image":[{"width":1200,"height":1077,"url":"https:\/\/www.med4skin.ch\/wp-content\/uploads\/2022\/12\/TKN-HA-Glowcomplex-22.png","type":"image\/png"}],"twitter_card":"summary_large_image","twitter_misc":{"Dur\u00e9e de lecture estim\u00e9e":"2 minutes"},"schema":{"@context":"https:\/\/schema.org","@graph":[{"@type":"WebPage","@id":"https:\/\/www.med4skin.ch\/fr\/produkt\/tkn-ha-glowcomplex\/","url":"https:\/\/www.med4skin.ch\/fr\/produkt\/tkn-ha-glowcomplex\/","name":"TOSKANI TKN HA glowcomplex | med4skin","isPartOf":{"@id":"https:\/\/www.med4skin.ch\/fr\/#website"},"primaryImageOfPage":{"@id":"https:\/\/www.med4skin.ch\/fr\/produkt\/tkn-ha-glowcomplex\/#primaryimage"},"image":{"@id":"https:\/\/www.med4skin.ch\/fr\/produkt\/tkn-ha-glowcomplex\/#primaryimage"},"thumbnailUrl":"https:\/\/www.med4skin.ch\/wp-content\/uploads\/2022\/12\/TKN-HA-Glowcomplex-22.png","datePublished":"2022-12-23T23:39:38+00:00","dateModified":"2025-07-24T13:43:45+00:00","description":"TOSKANI TKN HA Glowcomplex est un cocktail de m\u00e9soth\u00e9rapie pour les peaux vieillies ou d\u00e9vitalis\u00e9es, ab\u00eem\u00e9es par le stress, les toxines et le processus de vieillissement.","breadcrumb":{"@id":"https:\/\/www.med4skin.ch\/fr\/produkt\/tkn-ha-glowcomplex\/#breadcrumb"},"inLanguage":"fr-FR","potentialAction":[{"@type":"ReadAction","target":["https:\/\/www.med4skin.ch\/fr\/produkt\/tkn-ha-glowcomplex\/"]}]},{"@type":"ImageObject","inLanguage":"fr-FR","@id":"https:\/\/www.med4skin.ch\/fr\/produkt\/tkn-ha-glowcomplex\/#primaryimage","url":"https:\/\/www.med4skin.ch\/wp-content\/uploads\/2022\/12\/TKN-HA-Glowcomplex-22.png","contentUrl":"https:\/\/www.med4skin.ch\/wp-content\/uploads\/2022\/12\/TKN-HA-Glowcomplex-22.png","width":"1200","height":"1077"},{"@type":"BreadcrumbList","@id":"https:\/\/www.med4skin.ch\/fr\/produkt\/tkn-ha-glowcomplex\/#breadcrumb","itemListElement":[{"@type":"ListItem","position":1,"name":"Startseite","item":"https:\/\/www.med4skin.ch\/fr\/"},{"@type":"ListItem","position":2,"name":"Boutique des produits HomeCare","item":"https:\/\/www.med4skin.ch\/fr\/boutique-des-produits-homecare\/"},{"@type":"ListItem","position":3,"name":"TKN HA glowcomplex"}]},{"@type":"WebSite","@id":"https:\/\/www.med4skin.ch\/fr\/#website","url":"https:\/\/www.med4skin.ch\/fr\/","name":"med4skin","description":"med4skin - skincare","publisher":{"@id":"https:\/\/www.med4skin.ch\/fr\/#organization"},"potentialAction":[{"@type":"SearchAction","target":{"@type":"EntryPoint","urlTemplate":"https:\/\/www.med4skin.ch\/fr\/?s={search_term_string}"},"query-input":{"@type":"PropertyValueSpecification","valueRequired":true,"valueName":"search_term_string"}}],"inLanguage":"fr-FR"},{"@type":"Organization","@id":"https:\/\/www.med4skin.ch\/fr\/#organization","name":"med4skin","url":"https:\/\/www.med4skin.ch\/fr\/","logo":{"@type":"ImageObject","inLanguage":"fr-FR","@id":"https:\/\/www.med4skin.ch\/fr\/#\/schema\/logo\/image\/","url":"https:\/\/www.med4skin.ch\/wp-content\/uploads\/2022\/08\/cropped-95017869_padded_logo.png","contentUrl":"https:\/\/www.med4skin.ch\/wp-content\/uploads\/2022\/08\/cropped-95017869_padded_logo.png","width":"512","height":"512","caption":"med4skin"},"image":{"@id":"https:\/\/www.med4skin.ch\/fr\/#\/schema\/logo\/image\/"},"sameAs":["https:\/\/www.instagram.com\/toskani.switzerland\/","https:\/\/www.instagram.com\/med4skin.ch"]}]}},"_links":{"self":[{"href":"https:\/\/www.med4skin.ch\/fr\/wp-json\/wp\/v2\/product\/2891","targetHints":{"allow":["GET"]}}],"collection":[{"href":"https:\/\/www.med4skin.ch\/fr\/wp-json\/wp\/v2\/product"}],"about":[{"href":"https:\/\/www.med4skin.ch\/fr\/wp-json\/wp\/v2\/types\/product"}],"wp:featuredmedia":[{"embeddable":true,"href":"https:\/\/www.med4skin.ch\/fr\/wp-json\/wp\/v2\/media\/2747"}],"wp:attachment":[{"href":"https:\/\/www.med4skin.ch\/fr\/wp-json\/wp\/v2\/media?parent=2891"}],"wp:term":[{"taxonomy":"product_brand","embeddable":true,"href":"https:\/\/www.med4skin.ch\/fr\/wp-json\/wp\/v2\/product_brand?post=2891"},{"taxonomy":"product_cat","embeddable":true,"href":"https:\/\/www.med4skin.ch\/fr\/wp-json\/wp\/v2\/product_cat?post=2891"},{"taxonomy":"product_tag","embeddable":true,"href":"https:\/\/www.med4skin.ch\/fr\/wp-json\/wp\/v2\/product_tag?post=2891"}],"curies":[{"name":"wp","href":"https:\/\/api.w.org\/{rel}","templated":true}]}}