{"id":2904,"date":"2022-12-23T23:39:38","date_gmt":"2022-12-23T23:39:38","guid":{"rendered":"https:\/\/www.med4skin.ch\/produkt\/hcpr\/"},"modified":"2025-11-16T19:05:34","modified_gmt":"2025-11-16T18:05:34","slug":"hcpr","status":"publish","type":"product","link":"https:\/\/www.med4skin.ch\/fr\/produkt\/hcpr\/","title":{"rendered":"HCPR"},"content":{"rendered":"<p>Le TOSKANI HCPR a \u00e9t\u00e9 remplac\u00e9 par le <a href=\"https:\/\/www.med4skin.ch\/fr\/produkt\/densihair-boost-complex\/\">Densihair Boost Complex<\/a>. Encore plus puissant pour le m\u00eame prix qu&rsquo;auparavant.<\/p>\n<p>TOSKANI HCPR est un cocktail de m\u00e9soth\u00e9rapie \u00e0 base de peptides pour la pr\u00e9vention de la chute des cheveux et de l&rsquo;alop\u00e9cie chez les femmes et les hommes. Ce traitement stimule la croissance des cheveux en revitalisant les follicules pileux et en stimulant la microcirculation sanguine. Le HCPR am\u00e9liore les probl\u00e8mes du cuir chevelu en l&rsquo;hydratant et en le nourrissant. Ce cocktail TOSKANI renforce \u00e9galement la racine des cheveux et augmente l&rsquo;\u00e9paisseur et la densit\u00e9 des cheveux.<\/p>\n<p>Indications<br \/>\nCalvitie chez l&rsquo;homme, calvitie chez la femme, alop\u00e9cie areata, alop\u00e9cie cicatricielle<\/p>\n<p>Substances actives<br \/>\nVitamine C, vitamine E, vitamine H, groupe de vitamines B, vitamine A, acides amin\u00e9s, acides nucl\u00e9iques, tripeptide-1 de cuivre, polypeptide-9 de SH, oligopeptide-2 de SH, polypeptide de SH<\/p>\n","protected":false},"excerpt":{"rendered":"<p>5 flacons de 5 ml<\/p>\n<p><span style=\"color: #003366;\"><span style=\"color: #ff6600;\"><span style=\"color: #ff0000;\">Plus disponible<\/span><br \/>\n<span style=\"color: #ff0000;\"><strong>Remplac\u00e9 par <a href=\"https:\/\/www.med4skin.ch\/fr\/produkt\/densihair-boost-complex\/\"><span style=\"color: #3366ff;\">Complexe Densihair Boost<\/span><\/a> (m\u00eames actifs mais plus concentr\u00e9 que le HCPR<\/strong><\/span><\/span><span style=\"color: #ff0000;\"><strong>)<\/strong><\/span><\/span><\/p>\n","protected":false},"featured_media":2738,"template":"","meta":{"_et_pb_use_builder":"","_et_pb_old_content":"","_et_gb_content_width":""},"product_brand":[],"product_cat":[161,196,172,168],"product_tag":[],"class_list":{"0":"post-2904","1":"product","2":"type-product","3":"status-publish","4":"has-post-thumbnail","6":"product_cat-professionnel","7":"product_cat-toskani-hair-fr","8":"product_cat-toskani-meso-advanced","9":"product_cat-toskanimed","11":"first","12":"outofstock","13":"taxable","14":"shipping-taxable","15":"purchasable","16":"product-type-simple"},"yoast_head":"<!-- This site is optimized with the Yoast SEO plugin v27.4 - https:\/\/yoast.com\/product\/yoast-seo-wordpress\/ -->\n<title>TOSKANI HCPR | med4skin<\/title>\n<meta name=\"description\" content=\"TOSKANI HCPR est un cocktail de m\u00e9soth\u00e9rapie \u00e0 base de peptides pour la pr\u00e9vention de la chute des cheveux et de l&#039;alop\u00e9cie chez les femmes et les hommes.\" \/>\n<meta name=\"robots\" content=\"index, follow, max-snippet:-1, max-image-preview:large, max-video-preview:-1\" \/>\n<link rel=\"canonical\" href=\"https:\/\/www.med4skin.ch\/fr\/produkt\/hcpr\/\" \/>\n<meta property=\"og:locale\" content=\"fr_FR\" \/>\n<meta property=\"og:type\" content=\"article\" \/>\n<meta property=\"og:title\" content=\"TOSKANI HCPR | med4skin\" \/>\n<meta property=\"og:description\" content=\"TOSKANI HCPR est un cocktail de m\u00e9soth\u00e9rapie \u00e0 base de peptides pour la pr\u00e9vention de la chute des cheveux et de l&#039;alop\u00e9cie chez les femmes et les hommes.\" \/>\n<meta property=\"og:url\" content=\"https:\/\/www.med4skin.ch\/fr\/produkt\/hcpr\/\" \/>\n<meta property=\"og:site_name\" content=\"med4skin\" \/>\n<meta property=\"article:modified_time\" content=\"2025-11-16T18:05:34+00:00\" \/>\n<meta property=\"og:image\" content=\"https:\/\/www.med4skin.ch\/wp-content\/uploads\/2022\/12\/HCPR-22.png\" \/>\n\t<meta property=\"og:image:width\" content=\"1200\" \/>\n\t<meta property=\"og:image:height\" content=\"1077\" \/>\n\t<meta property=\"og:image:type\" content=\"image\/png\" \/>\n<meta name=\"twitter:card\" content=\"summary_large_image\" \/>\n<meta name=\"twitter:label1\" content=\"Dur\u00e9e de lecture estim\u00e9e\" \/>\n\t<meta name=\"twitter:data1\" content=\"1 minute\" \/>\n<script type=\"application\/ld+json\" class=\"yoast-schema-graph\">{\"@context\":\"https:\\\/\\\/schema.org\",\"@graph\":[{\"@type\":\"WebPage\",\"@id\":\"https:\\\/\\\/www.med4skin.ch\\\/fr\\\/produkt\\\/hcpr\\\/\",\"url\":\"https:\\\/\\\/www.med4skin.ch\\\/fr\\\/produkt\\\/hcpr\\\/\",\"name\":\"TOSKANI HCPR | med4skin\",\"isPartOf\":{\"@id\":\"https:\\\/\\\/www.med4skin.ch\\\/fr\\\/#website\"},\"primaryImageOfPage\":{\"@id\":\"https:\\\/\\\/www.med4skin.ch\\\/fr\\\/produkt\\\/hcpr\\\/#primaryimage\"},\"image\":{\"@id\":\"https:\\\/\\\/www.med4skin.ch\\\/fr\\\/produkt\\\/hcpr\\\/#primaryimage\"},\"thumbnailUrl\":\"https:\\\/\\\/www.med4skin.ch\\\/wp-content\\\/uploads\\\/2022\\\/12\\\/HCPR-22.png\",\"datePublished\":\"2022-12-23T23:39:38+00:00\",\"dateModified\":\"2025-11-16T18:05:34+00:00\",\"description\":\"TOSKANI HCPR est un cocktail de m\u00e9soth\u00e9rapie \u00e0 base de peptides pour la pr\u00e9vention de la chute des cheveux et de l'alop\u00e9cie chez les femmes et les hommes.\",\"breadcrumb\":{\"@id\":\"https:\\\/\\\/www.med4skin.ch\\\/fr\\\/produkt\\\/hcpr\\\/#breadcrumb\"},\"inLanguage\":\"fr-FR\",\"potentialAction\":[{\"@type\":\"ReadAction\",\"target\":[\"https:\\\/\\\/www.med4skin.ch\\\/fr\\\/produkt\\\/hcpr\\\/\"]}]},{\"@type\":\"ImageObject\",\"inLanguage\":\"fr-FR\",\"@id\":\"https:\\\/\\\/www.med4skin.ch\\\/fr\\\/produkt\\\/hcpr\\\/#primaryimage\",\"url\":\"https:\\\/\\\/www.med4skin.ch\\\/wp-content\\\/uploads\\\/2022\\\/12\\\/HCPR-22.png\",\"contentUrl\":\"https:\\\/\\\/www.med4skin.ch\\\/wp-content\\\/uploads\\\/2022\\\/12\\\/HCPR-22.png\",\"width\":\"1200\",\"height\":\"1077\",\"caption\":\"HCPR cheveux\"},{\"@type\":\"BreadcrumbList\",\"@id\":\"https:\\\/\\\/www.med4skin.ch\\\/fr\\\/produkt\\\/hcpr\\\/#breadcrumb\",\"itemListElement\":[{\"@type\":\"ListItem\",\"position\":1,\"name\":\"Startseite\",\"item\":\"https:\\\/\\\/www.med4skin.ch\\\/fr\\\/\"},{\"@type\":\"ListItem\",\"position\":2,\"name\":\"Boutique des produits HomeCare\",\"item\":\"https:\\\/\\\/www.med4skin.ch\\\/fr\\\/boutique-des-produits-homecare\\\/\"},{\"@type\":\"ListItem\",\"position\":3,\"name\":\"HCPR\"}]},{\"@type\":\"WebSite\",\"@id\":\"https:\\\/\\\/www.med4skin.ch\\\/fr\\\/#website\",\"url\":\"https:\\\/\\\/www.med4skin.ch\\\/fr\\\/\",\"name\":\"med4skin\",\"description\":\"med4skin - skincare\",\"publisher\":{\"@id\":\"https:\\\/\\\/www.med4skin.ch\\\/fr\\\/#organization\"},\"potentialAction\":[{\"@type\":\"SearchAction\",\"target\":{\"@type\":\"EntryPoint\",\"urlTemplate\":\"https:\\\/\\\/www.med4skin.ch\\\/fr\\\/?s={search_term_string}\"},\"query-input\":{\"@type\":\"PropertyValueSpecification\",\"valueRequired\":true,\"valueName\":\"search_term_string\"}}],\"inLanguage\":\"fr-FR\"},{\"@type\":\"Organization\",\"@id\":\"https:\\\/\\\/www.med4skin.ch\\\/fr\\\/#organization\",\"name\":\"med4skin\",\"url\":\"https:\\\/\\\/www.med4skin.ch\\\/fr\\\/\",\"logo\":{\"@type\":\"ImageObject\",\"inLanguage\":\"fr-FR\",\"@id\":\"https:\\\/\\\/www.med4skin.ch\\\/fr\\\/#\\\/schema\\\/logo\\\/image\\\/\",\"url\":\"https:\\\/\\\/www.med4skin.ch\\\/wp-content\\\/uploads\\\/2022\\\/08\\\/cropped-95017869_padded_logo.png\",\"contentUrl\":\"https:\\\/\\\/www.med4skin.ch\\\/wp-content\\\/uploads\\\/2022\\\/08\\\/cropped-95017869_padded_logo.png\",\"width\":\"512\",\"height\":\"512\",\"caption\":\"med4skin\"},\"image\":{\"@id\":\"https:\\\/\\\/www.med4skin.ch\\\/fr\\\/#\\\/schema\\\/logo\\\/image\\\/\"},\"sameAs\":[\"https:\\\/\\\/www.instagram.com\\\/toskani.switzerland\\\/\",\"https:\\\/\\\/www.instagram.com\\\/med4skin.ch\"]}]}<\/script>\n<!-- \/ Yoast SEO plugin. -->","yoast_head_json":{"title":"TOSKANI HCPR | med4skin","description":"TOSKANI HCPR est un cocktail de m\u00e9soth\u00e9rapie \u00e0 base de peptides pour la pr\u00e9vention de la chute des cheveux et de l'alop\u00e9cie chez les femmes et les hommes.","robots":{"index":"index","follow":"follow","max-snippet":"max-snippet:-1","max-image-preview":"max-image-preview:large","max-video-preview":"max-video-preview:-1"},"canonical":"https:\/\/www.med4skin.ch\/fr\/produkt\/hcpr\/","og_locale":"fr_FR","og_type":"article","og_title":"TOSKANI HCPR | med4skin","og_description":"TOSKANI HCPR est un cocktail de m\u00e9soth\u00e9rapie \u00e0 base de peptides pour la pr\u00e9vention de la chute des cheveux et de l'alop\u00e9cie chez les femmes et les hommes.","og_url":"https:\/\/www.med4skin.ch\/fr\/produkt\/hcpr\/","og_site_name":"med4skin","article_modified_time":"2025-11-16T18:05:34+00:00","og_image":[{"width":1200,"height":1077,"url":"https:\/\/www.med4skin.ch\/wp-content\/uploads\/2022\/12\/HCPR-22.png","type":"image\/png"}],"twitter_card":"summary_large_image","twitter_misc":{"Dur\u00e9e de lecture estim\u00e9e":"1 minute"},"schema":{"@context":"https:\/\/schema.org","@graph":[{"@type":"WebPage","@id":"https:\/\/www.med4skin.ch\/fr\/produkt\/hcpr\/","url":"https:\/\/www.med4skin.ch\/fr\/produkt\/hcpr\/","name":"TOSKANI HCPR | med4skin","isPartOf":{"@id":"https:\/\/www.med4skin.ch\/fr\/#website"},"primaryImageOfPage":{"@id":"https:\/\/www.med4skin.ch\/fr\/produkt\/hcpr\/#primaryimage"},"image":{"@id":"https:\/\/www.med4skin.ch\/fr\/produkt\/hcpr\/#primaryimage"},"thumbnailUrl":"https:\/\/www.med4skin.ch\/wp-content\/uploads\/2022\/12\/HCPR-22.png","datePublished":"2022-12-23T23:39:38+00:00","dateModified":"2025-11-16T18:05:34+00:00","description":"TOSKANI HCPR est un cocktail de m\u00e9soth\u00e9rapie \u00e0 base de peptides pour la pr\u00e9vention de la chute des cheveux et de l'alop\u00e9cie chez les femmes et les hommes.","breadcrumb":{"@id":"https:\/\/www.med4skin.ch\/fr\/produkt\/hcpr\/#breadcrumb"},"inLanguage":"fr-FR","potentialAction":[{"@type":"ReadAction","target":["https:\/\/www.med4skin.ch\/fr\/produkt\/hcpr\/"]}]},{"@type":"ImageObject","inLanguage":"fr-FR","@id":"https:\/\/www.med4skin.ch\/fr\/produkt\/hcpr\/#primaryimage","url":"https:\/\/www.med4skin.ch\/wp-content\/uploads\/2022\/12\/HCPR-22.png","contentUrl":"https:\/\/www.med4skin.ch\/wp-content\/uploads\/2022\/12\/HCPR-22.png","width":"1200","height":"1077","caption":"HCPR cheveux"},{"@type":"BreadcrumbList","@id":"https:\/\/www.med4skin.ch\/fr\/produkt\/hcpr\/#breadcrumb","itemListElement":[{"@type":"ListItem","position":1,"name":"Startseite","item":"https:\/\/www.med4skin.ch\/fr\/"},{"@type":"ListItem","position":2,"name":"Boutique des produits HomeCare","item":"https:\/\/www.med4skin.ch\/fr\/boutique-des-produits-homecare\/"},{"@type":"ListItem","position":3,"name":"HCPR"}]},{"@type":"WebSite","@id":"https:\/\/www.med4skin.ch\/fr\/#website","url":"https:\/\/www.med4skin.ch\/fr\/","name":"med4skin","description":"med4skin - skincare","publisher":{"@id":"https:\/\/www.med4skin.ch\/fr\/#organization"},"potentialAction":[{"@type":"SearchAction","target":{"@type":"EntryPoint","urlTemplate":"https:\/\/www.med4skin.ch\/fr\/?s={search_term_string}"},"query-input":{"@type":"PropertyValueSpecification","valueRequired":true,"valueName":"search_term_string"}}],"inLanguage":"fr-FR"},{"@type":"Organization","@id":"https:\/\/www.med4skin.ch\/fr\/#organization","name":"med4skin","url":"https:\/\/www.med4skin.ch\/fr\/","logo":{"@type":"ImageObject","inLanguage":"fr-FR","@id":"https:\/\/www.med4skin.ch\/fr\/#\/schema\/logo\/image\/","url":"https:\/\/www.med4skin.ch\/wp-content\/uploads\/2022\/08\/cropped-95017869_padded_logo.png","contentUrl":"https:\/\/www.med4skin.ch\/wp-content\/uploads\/2022\/08\/cropped-95017869_padded_logo.png","width":"512","height":"512","caption":"med4skin"},"image":{"@id":"https:\/\/www.med4skin.ch\/fr\/#\/schema\/logo\/image\/"},"sameAs":["https:\/\/www.instagram.com\/toskani.switzerland\/","https:\/\/www.instagram.com\/med4skin.ch"]}]}},"_links":{"self":[{"href":"https:\/\/www.med4skin.ch\/fr\/wp-json\/wp\/v2\/product\/2904","targetHints":{"allow":["GET"]}}],"collection":[{"href":"https:\/\/www.med4skin.ch\/fr\/wp-json\/wp\/v2\/product"}],"about":[{"href":"https:\/\/www.med4skin.ch\/fr\/wp-json\/wp\/v2\/types\/product"}],"wp:featuredmedia":[{"embeddable":true,"href":"https:\/\/www.med4skin.ch\/fr\/wp-json\/wp\/v2\/media\/2738"}],"wp:attachment":[{"href":"https:\/\/www.med4skin.ch\/fr\/wp-json\/wp\/v2\/media?parent=2904"}],"wp:term":[{"taxonomy":"product_brand","embeddable":true,"href":"https:\/\/www.med4skin.ch\/fr\/wp-json\/wp\/v2\/product_brand?post=2904"},{"taxonomy":"product_cat","embeddable":true,"href":"https:\/\/www.med4skin.ch\/fr\/wp-json\/wp\/v2\/product_cat?post=2904"},{"taxonomy":"product_tag","embeddable":true,"href":"https:\/\/www.med4skin.ch\/fr\/wp-json\/wp\/v2\/product_tag?post=2904"}],"curies":[{"name":"wp","href":"https:\/\/api.w.org\/{rel}","templated":true}]}}