{"id":2909,"date":"2022-12-23T23:38:11","date_gmt":"2022-12-23T22:38:11","guid":{"rendered":"https:\/\/www.med4skin.ch\/produkt\/dimenyl\/"},"modified":"2024-09-02T12:17:24","modified_gmt":"2024-09-02T10:17:24","slug":"dimenyl","status":"publish","type":"product","link":"https:\/\/www.med4skin.ch\/fr\/produkt\/dimenyl\/","title":{"rendered":"Dimenyl"},"content":{"rendered":"<p>TOSKANI Dimenyl est une solution de DMAE qui aide \u00e0 raffermir la peau et \u00e0 r\u00e9duire le rel\u00e2chement cutan\u00e9, \u00e0 lisser les rides et ridules et \u00e0 \u00e9claircir la peau. Le DMAE est connu pour raffermir imm\u00e9diatement la peau et pour p\u00e9n\u00e9trer facilement dans la peau et les cheveux. Plus l&rsquo;application topique est fr\u00e9quente, plus cet effet tenseur s&rsquo;accentue. La peau devient donc plus douce et plus \u00e9lastique en cas d&rsquo;utilisation r\u00e9p\u00e9t\u00e9e. Lorsqu&rsquo;il est appliqu\u00e9 sur la peau, le DMAE stimule la lib\u00e9ration d&rsquo;ac\u00e9tylcholine, ce qui d\u00e9clenche une r\u00e9action dans les muscles du visage, produisant ainsi un ton plus ferme et moins de rel\u00e2chement du visage. L&rsquo;un des principaux avantages du DMAE pour la peau est la protection antioxydante contre les radicaux libres, \u00e9tant donn\u00e9 que les radicaux libres endommagent la peau et contribuent aux signes de vieillissement pr\u00e9matur\u00e9. Le DMAE renforce les cellules de la peau et leurs membranes, prot\u00e9geant ainsi la structure cellulaire contre les radicaux libres nocifs. Le DMAE r\u00e9duit \u00e9galement la quantit\u00e9 de stress qu&rsquo;une cellule doit supporter en la prot\u00e9geant et en emp\u00eachant la production d&rsquo;acide arachidonique, qui provoque des inflammations et des douleurs. Le soutien antioxydant et structurel de la cellule contribue \u00e0 une peau plus ferme et plus \u00e9clatante, avec moins d&rsquo;apparition de vaisseaux sanguins bris\u00e9s, de d\u00e9coloration de la peau et de rides.<\/p>\n<p><strong>Indications<\/strong><br \/>\nRel\u00e2chement, manque d&rsquo;\u00e9lasticit\u00e9 et de flexibilit\u00e9 des tissus, adjuvant dans la th\u00e9rapie anti-\u00e2ge<\/p>\n<p><strong>Principes actifs<\/strong><br \/>\nDMAE<\/p>\n","protected":false},"excerpt":{"rendered":"<p>20 ampoules x 5 ml<\/p>\n","protected":false},"featured_media":2589,"template":"","meta":{"_et_pb_use_builder":"","_et_pb_old_content":"","_et_gb_content_width":""},"product_brand":[],"product_cat":[161,163,173],"product_tag":[],"class_list":{"0":"post-2909","1":"product","2":"type-product","3":"status-publish","4":"has-post-thumbnail","6":"product_cat-professionnel","7":"product_cat-toskani-fr","8":"product_cat-toskani-meso-anti-aging","10":"first","11":"instock","12":"taxable","13":"shipping-taxable","14":"purchasable","15":"product-type-simple"},"yoast_head":"<!-- This site is optimized with the Yoast SEO plugin v27.5 - https:\/\/yoast.com\/product\/yoast-seo-wordpress\/ -->\n<title>TOSKANI Dimenyl | med4skin<\/title>\n<meta name=\"description\" content=\"TOSKANI Dimenyl est une solution de DMAE qui aide \u00e0 raffermir la peau et \u00e0 r\u00e9duire le rel\u00e2chement cutan\u00e9, \u00e0 lisser les rides et ridules et \u00e0 \u00e9claircir la peau.\" \/>\n<meta name=\"robots\" content=\"index, follow, max-snippet:-1, max-image-preview:large, max-video-preview:-1\" \/>\n<link rel=\"canonical\" href=\"https:\/\/www.med4skin.ch\/fr\/produkt\/dimenyl\/\" \/>\n<meta property=\"og:locale\" content=\"fr_FR\" \/>\n<meta property=\"og:type\" content=\"article\" \/>\n<meta property=\"og:title\" content=\"TOSKANI Dimenyl | med4skin\" \/>\n<meta property=\"og:description\" content=\"TOSKANI Dimenyl est une solution de DMAE qui aide \u00e0 raffermir la peau et \u00e0 r\u00e9duire le rel\u00e2chement cutan\u00e9, \u00e0 lisser les rides et ridules et \u00e0 \u00e9claircir la peau.\" \/>\n<meta property=\"og:url\" content=\"https:\/\/www.med4skin.ch\/fr\/produkt\/dimenyl\/\" \/>\n<meta property=\"og:site_name\" content=\"med4skin\" \/>\n<meta property=\"article:modified_time\" content=\"2024-09-02T10:17:24+00:00\" \/>\n<meta property=\"og:image\" content=\"https:\/\/www.med4skin.ch\/wp-content\/uploads\/2022\/12\/dimenyl-1.png\" \/>\n\t<meta property=\"og:image:width\" content=\"540\" \/>\n\t<meta property=\"og:image:height\" content=\"584\" \/>\n\t<meta property=\"og:image:type\" content=\"image\/png\" \/>\n<meta name=\"twitter:card\" content=\"summary_large_image\" \/>\n<meta name=\"twitter:label1\" content=\"Dur\u00e9e de lecture estim\u00e9e\" \/>\n\t<meta name=\"twitter:data1\" content=\"2 minutes\" \/>\n<script type=\"application\/ld+json\" class=\"yoast-schema-graph\">{\"@context\":\"https:\\\/\\\/schema.org\",\"@graph\":[{\"@type\":\"WebPage\",\"@id\":\"https:\\\/\\\/www.med4skin.ch\\\/fr\\\/produkt\\\/dimenyl\\\/\",\"url\":\"https:\\\/\\\/www.med4skin.ch\\\/fr\\\/produkt\\\/dimenyl\\\/\",\"name\":\"TOSKANI Dimenyl | med4skin\",\"isPartOf\":{\"@id\":\"https:\\\/\\\/www.med4skin.ch\\\/fr\\\/#website\"},\"primaryImageOfPage\":{\"@id\":\"https:\\\/\\\/www.med4skin.ch\\\/fr\\\/produkt\\\/dimenyl\\\/#primaryimage\"},\"image\":{\"@id\":\"https:\\\/\\\/www.med4skin.ch\\\/fr\\\/produkt\\\/dimenyl\\\/#primaryimage\"},\"thumbnailUrl\":\"https:\\\/\\\/www.med4skin.ch\\\/wp-content\\\/uploads\\\/2022\\\/12\\\/dimenyl-1.png\",\"datePublished\":\"2022-12-23T22:38:11+00:00\",\"dateModified\":\"2024-09-02T10:17:24+00:00\",\"description\":\"TOSKANI Dimenyl est une solution de DMAE qui aide \u00e0 raffermir la peau et \u00e0 r\u00e9duire le rel\u00e2chement cutan\u00e9, \u00e0 lisser les rides et ridules et \u00e0 \u00e9claircir la peau.\",\"breadcrumb\":{\"@id\":\"https:\\\/\\\/www.med4skin.ch\\\/fr\\\/produkt\\\/dimenyl\\\/#breadcrumb\"},\"inLanguage\":\"fr-FR\",\"potentialAction\":[{\"@type\":\"ReadAction\",\"target\":[\"https:\\\/\\\/www.med4skin.ch\\\/fr\\\/produkt\\\/dimenyl\\\/\"]}]},{\"@type\":\"ImageObject\",\"inLanguage\":\"fr-FR\",\"@id\":\"https:\\\/\\\/www.med4skin.ch\\\/fr\\\/produkt\\\/dimenyl\\\/#primaryimage\",\"url\":\"https:\\\/\\\/www.med4skin.ch\\\/wp-content\\\/uploads\\\/2022\\\/12\\\/dimenyl-1.png\",\"contentUrl\":\"https:\\\/\\\/www.med4skin.ch\\\/wp-content\\\/uploads\\\/2022\\\/12\\\/dimenyl-1.png\",\"width\":\"540\",\"height\":\"584\"},{\"@type\":\"BreadcrumbList\",\"@id\":\"https:\\\/\\\/www.med4skin.ch\\\/fr\\\/produkt\\\/dimenyl\\\/#breadcrumb\",\"itemListElement\":[{\"@type\":\"ListItem\",\"position\":1,\"name\":\"Startseite\",\"item\":\"https:\\\/\\\/www.med4skin.ch\\\/fr\\\/\"},{\"@type\":\"ListItem\",\"position\":2,\"name\":\"Boutique des produits HomeCare\",\"item\":\"https:\\\/\\\/www.med4skin.ch\\\/fr\\\/boutique-des-produits-homecare\\\/\"},{\"@type\":\"ListItem\",\"position\":3,\"name\":\"Dimenyl\"}]},{\"@type\":\"WebSite\",\"@id\":\"https:\\\/\\\/www.med4skin.ch\\\/fr\\\/#website\",\"url\":\"https:\\\/\\\/www.med4skin.ch\\\/fr\\\/\",\"name\":\"med4skin\",\"description\":\"med4skin - skincare\",\"publisher\":{\"@id\":\"https:\\\/\\\/www.med4skin.ch\\\/fr\\\/#organization\"},\"potentialAction\":[{\"@type\":\"SearchAction\",\"target\":{\"@type\":\"EntryPoint\",\"urlTemplate\":\"https:\\\/\\\/www.med4skin.ch\\\/fr\\\/?s={search_term_string}\"},\"query-input\":{\"@type\":\"PropertyValueSpecification\",\"valueRequired\":true,\"valueName\":\"search_term_string\"}}],\"inLanguage\":\"fr-FR\"},{\"@type\":\"Organization\",\"@id\":\"https:\\\/\\\/www.med4skin.ch\\\/fr\\\/#organization\",\"name\":\"med4skin\",\"url\":\"https:\\\/\\\/www.med4skin.ch\\\/fr\\\/\",\"logo\":{\"@type\":\"ImageObject\",\"inLanguage\":\"fr-FR\",\"@id\":\"https:\\\/\\\/www.med4skin.ch\\\/fr\\\/#\\\/schema\\\/logo\\\/image\\\/\",\"url\":\"https:\\\/\\\/www.med4skin.ch\\\/wp-content\\\/uploads\\\/2022\\\/08\\\/cropped-95017869_padded_logo.png\",\"contentUrl\":\"https:\\\/\\\/www.med4skin.ch\\\/wp-content\\\/uploads\\\/2022\\\/08\\\/cropped-95017869_padded_logo.png\",\"width\":\"512\",\"height\":\"512\",\"caption\":\"med4skin\"},\"image\":{\"@id\":\"https:\\\/\\\/www.med4skin.ch\\\/fr\\\/#\\\/schema\\\/logo\\\/image\\\/\"},\"sameAs\":[\"https:\\\/\\\/www.instagram.com\\\/toskani.switzerland\\\/\",\"https:\\\/\\\/www.instagram.com\\\/med4skin.ch\"]}]}<\/script>\n<!-- \/ Yoast SEO plugin. -->","yoast_head_json":{"title":"TOSKANI Dimenyl | med4skin","description":"TOSKANI Dimenyl est une solution de DMAE qui aide \u00e0 raffermir la peau et \u00e0 r\u00e9duire le rel\u00e2chement cutan\u00e9, \u00e0 lisser les rides et ridules et \u00e0 \u00e9claircir la peau.","robots":{"index":"index","follow":"follow","max-snippet":"max-snippet:-1","max-image-preview":"max-image-preview:large","max-video-preview":"max-video-preview:-1"},"canonical":"https:\/\/www.med4skin.ch\/fr\/produkt\/dimenyl\/","og_locale":"fr_FR","og_type":"article","og_title":"TOSKANI Dimenyl | med4skin","og_description":"TOSKANI Dimenyl est une solution de DMAE qui aide \u00e0 raffermir la peau et \u00e0 r\u00e9duire le rel\u00e2chement cutan\u00e9, \u00e0 lisser les rides et ridules et \u00e0 \u00e9claircir la peau.","og_url":"https:\/\/www.med4skin.ch\/fr\/produkt\/dimenyl\/","og_site_name":"med4skin","article_modified_time":"2024-09-02T10:17:24+00:00","og_image":[{"width":540,"height":584,"url":"https:\/\/www.med4skin.ch\/wp-content\/uploads\/2022\/12\/dimenyl-1.png","type":"image\/png"}],"twitter_card":"summary_large_image","twitter_misc":{"Dur\u00e9e de lecture estim\u00e9e":"2 minutes"},"schema":{"@context":"https:\/\/schema.org","@graph":[{"@type":"WebPage","@id":"https:\/\/www.med4skin.ch\/fr\/produkt\/dimenyl\/","url":"https:\/\/www.med4skin.ch\/fr\/produkt\/dimenyl\/","name":"TOSKANI Dimenyl | med4skin","isPartOf":{"@id":"https:\/\/www.med4skin.ch\/fr\/#website"},"primaryImageOfPage":{"@id":"https:\/\/www.med4skin.ch\/fr\/produkt\/dimenyl\/#primaryimage"},"image":{"@id":"https:\/\/www.med4skin.ch\/fr\/produkt\/dimenyl\/#primaryimage"},"thumbnailUrl":"https:\/\/www.med4skin.ch\/wp-content\/uploads\/2022\/12\/dimenyl-1.png","datePublished":"2022-12-23T22:38:11+00:00","dateModified":"2024-09-02T10:17:24+00:00","description":"TOSKANI Dimenyl est une solution de DMAE qui aide \u00e0 raffermir la peau et \u00e0 r\u00e9duire le rel\u00e2chement cutan\u00e9, \u00e0 lisser les rides et ridules et \u00e0 \u00e9claircir la peau.","breadcrumb":{"@id":"https:\/\/www.med4skin.ch\/fr\/produkt\/dimenyl\/#breadcrumb"},"inLanguage":"fr-FR","potentialAction":[{"@type":"ReadAction","target":["https:\/\/www.med4skin.ch\/fr\/produkt\/dimenyl\/"]}]},{"@type":"ImageObject","inLanguage":"fr-FR","@id":"https:\/\/www.med4skin.ch\/fr\/produkt\/dimenyl\/#primaryimage","url":"https:\/\/www.med4skin.ch\/wp-content\/uploads\/2022\/12\/dimenyl-1.png","contentUrl":"https:\/\/www.med4skin.ch\/wp-content\/uploads\/2022\/12\/dimenyl-1.png","width":"540","height":"584"},{"@type":"BreadcrumbList","@id":"https:\/\/www.med4skin.ch\/fr\/produkt\/dimenyl\/#breadcrumb","itemListElement":[{"@type":"ListItem","position":1,"name":"Startseite","item":"https:\/\/www.med4skin.ch\/fr\/"},{"@type":"ListItem","position":2,"name":"Boutique des produits HomeCare","item":"https:\/\/www.med4skin.ch\/fr\/boutique-des-produits-homecare\/"},{"@type":"ListItem","position":3,"name":"Dimenyl"}]},{"@type":"WebSite","@id":"https:\/\/www.med4skin.ch\/fr\/#website","url":"https:\/\/www.med4skin.ch\/fr\/","name":"med4skin","description":"med4skin - skincare","publisher":{"@id":"https:\/\/www.med4skin.ch\/fr\/#organization"},"potentialAction":[{"@type":"SearchAction","target":{"@type":"EntryPoint","urlTemplate":"https:\/\/www.med4skin.ch\/fr\/?s={search_term_string}"},"query-input":{"@type":"PropertyValueSpecification","valueRequired":true,"valueName":"search_term_string"}}],"inLanguage":"fr-FR"},{"@type":"Organization","@id":"https:\/\/www.med4skin.ch\/fr\/#organization","name":"med4skin","url":"https:\/\/www.med4skin.ch\/fr\/","logo":{"@type":"ImageObject","inLanguage":"fr-FR","@id":"https:\/\/www.med4skin.ch\/fr\/#\/schema\/logo\/image\/","url":"https:\/\/www.med4skin.ch\/wp-content\/uploads\/2022\/08\/cropped-95017869_padded_logo.png","contentUrl":"https:\/\/www.med4skin.ch\/wp-content\/uploads\/2022\/08\/cropped-95017869_padded_logo.png","width":"512","height":"512","caption":"med4skin"},"image":{"@id":"https:\/\/www.med4skin.ch\/fr\/#\/schema\/logo\/image\/"},"sameAs":["https:\/\/www.instagram.com\/toskani.switzerland\/","https:\/\/www.instagram.com\/med4skin.ch"]}]}},"_links":{"self":[{"href":"https:\/\/www.med4skin.ch\/fr\/wp-json\/wp\/v2\/product\/2909","targetHints":{"allow":["GET"]}}],"collection":[{"href":"https:\/\/www.med4skin.ch\/fr\/wp-json\/wp\/v2\/product"}],"about":[{"href":"https:\/\/www.med4skin.ch\/fr\/wp-json\/wp\/v2\/types\/product"}],"wp:featuredmedia":[{"embeddable":true,"href":"https:\/\/www.med4skin.ch\/fr\/wp-json\/wp\/v2\/media\/2589"}],"wp:attachment":[{"href":"https:\/\/www.med4skin.ch\/fr\/wp-json\/wp\/v2\/media?parent=2909"}],"wp:term":[{"taxonomy":"product_brand","embeddable":true,"href":"https:\/\/www.med4skin.ch\/fr\/wp-json\/wp\/v2\/product_brand?post=2909"},{"taxonomy":"product_cat","embeddable":true,"href":"https:\/\/www.med4skin.ch\/fr\/wp-json\/wp\/v2\/product_cat?post=2909"},{"taxonomy":"product_tag","embeddable":true,"href":"https:\/\/www.med4skin.ch\/fr\/wp-json\/wp\/v2\/product_tag?post=2909"}],"curies":[{"name":"wp","href":"https:\/\/api.w.org\/{rel}","templated":true}]}}