{"id":2916,"date":"2022-12-23T23:38:11","date_gmt":"2022-12-23T22:38:11","guid":{"rendered":"https:\/\/www.med4skin.ch\/produkt\/collant-idebenyl\/"},"modified":"2024-09-02T12:20:35","modified_gmt":"2024-09-02T10:20:35","slug":"idebenyl-tight","status":"publish","type":"product","link":"https:\/\/www.med4skin.ch\/fr\/produkt\/idebenyl-tight\/","title":{"rendered":"Idebenyl Tight"},"content":{"rendered":"<p>TOSKANI Idebenyl Tight est un produit de m\u00e9soth\u00e9rapie aux propri\u00e9t\u00e9s raffermissantes et anti-\u00e2ge qui revitalise la peau s\u00e8che et am\u00e9liore imm\u00e9diatement l&rsquo;apparence de la peau affaiss\u00e9e et rel\u00e2ch\u00e9e. Il s&rsquo;agit d&rsquo;une solution anti-\u00e2ge \u00e0 base d&rsquo;id\u00e9b\u00e9none (Q10) et de dim\u00e9thylamino\u00e9thanol (DMAE). L&rsquo;id\u00e9b\u00e9none (Q10) pr\u00e9sente plusieurs avantages : Il pr\u00e9vient les dommages caus\u00e9s par les radicaux libres, am\u00e9liore l&rsquo;apparence des ridules et des rides, r\u00e9duit la s\u00e9cheresse et adoucit la texture de la peau. Le DMAE a de nombreux effets positifs comme le traitement de la perte de fermet\u00e9 et est un puissant antioxydant et un agent anti-inflammatoire. Les \u00e9tudes montrent une r\u00e9duction de 29% des rides et ridules, une r\u00e9duction de 26% de la rugosit\u00e9 et de la s\u00e9cheresse de la peau, une augmentation de 37% de l&rsquo;hydratation de la peau et une am\u00e9lioration de 33% de l&rsquo;aspect g\u00e9n\u00e9ral du visage.<\/p>\n<p><strong>Indications<\/strong><br \/>\nChrono-vieillissement, rel\u00e2chement, peau d\u00e9shydrat\u00e9e<\/p>\n<p><strong>Principes actifs<\/strong><br \/>\nIdebenone (Q10), Dimetilaminoetanol (DMAE)<\/p>\n","protected":false},"excerpt":{"rendered":"<p>20 ampoules x 2 ml<\/p>\n","protected":false},"featured_media":2594,"template":"","meta":{"_et_pb_use_builder":"","_et_pb_old_content":"","_et_gb_content_width":""},"product_brand":[],"product_cat":[161,163,173],"product_tag":[],"class_list":{"0":"post-2916","1":"product","2":"type-product","3":"status-publish","4":"has-post-thumbnail","6":"product_cat-professionnel","7":"product_cat-toskani-fr","8":"product_cat-toskani-meso-anti-aging","10":"first","11":"instock","12":"taxable","13":"shipping-taxable","14":"purchasable","15":"product-type-simple"},"yoast_head":"<!-- This site is optimized with the Yoast SEO plugin v27.4 - https:\/\/yoast.com\/product\/yoast-seo-wordpress\/ -->\n<title>TOSKANI Idebenyl Tight | med4skin<\/title>\n<meta name=\"description\" content=\"TOSKANI Idebenyl Tight est un produit de m\u00e9soth\u00e9rapie aux propri\u00e9t\u00e9s raffermissantes et anti-\u00e2ge qui revitalise les peaux s\u00e8ches et agit imm\u00e9diatement.\" \/>\n<meta name=\"robots\" content=\"index, follow, max-snippet:-1, max-image-preview:large, max-video-preview:-1\" \/>\n<link rel=\"canonical\" href=\"https:\/\/www.med4skin.ch\/fr\/produkt\/idebenyl-tight\/\" \/>\n<meta property=\"og:locale\" content=\"fr_FR\" \/>\n<meta property=\"og:type\" content=\"article\" \/>\n<meta property=\"og:title\" content=\"TOSKANI Idebenyl Tight | med4skin\" \/>\n<meta property=\"og:description\" content=\"TOSKANI Idebenyl Tight est un produit de m\u00e9soth\u00e9rapie aux propri\u00e9t\u00e9s raffermissantes et anti-\u00e2ge qui revitalise les peaux s\u00e8ches et agit imm\u00e9diatement.\" \/>\n<meta property=\"og:url\" content=\"https:\/\/www.med4skin.ch\/fr\/produkt\/idebenyl-tight\/\" \/>\n<meta property=\"og:site_name\" content=\"med4skin\" \/>\n<meta property=\"article:modified_time\" content=\"2024-09-02T10:20:35+00:00\" \/>\n<meta property=\"og:image\" content=\"https:\/\/www.med4skin.ch\/wp-content\/uploads\/2022\/12\/idebenyltight-1.png\" \/>\n\t<meta property=\"og:image:width\" content=\"540\" \/>\n\t<meta property=\"og:image:height\" content=\"584\" \/>\n\t<meta property=\"og:image:type\" content=\"image\/png\" \/>\n<meta name=\"twitter:card\" content=\"summary_large_image\" \/>\n<meta name=\"twitter:label1\" content=\"Dur\u00e9e de lecture estim\u00e9e\" \/>\n\t<meta name=\"twitter:data1\" content=\"2 minutes\" \/>\n<script type=\"application\/ld+json\" class=\"yoast-schema-graph\">{\"@context\":\"https:\\\/\\\/schema.org\",\"@graph\":[{\"@type\":\"WebPage\",\"@id\":\"https:\\\/\\\/www.med4skin.ch\\\/fr\\\/produkt\\\/idebenyl-tight\\\/\",\"url\":\"https:\\\/\\\/www.med4skin.ch\\\/fr\\\/produkt\\\/idebenyl-tight\\\/\",\"name\":\"TOSKANI Idebenyl Tight | med4skin\",\"isPartOf\":{\"@id\":\"https:\\\/\\\/www.med4skin.ch\\\/fr\\\/#website\"},\"primaryImageOfPage\":{\"@id\":\"https:\\\/\\\/www.med4skin.ch\\\/fr\\\/produkt\\\/idebenyl-tight\\\/#primaryimage\"},\"image\":{\"@id\":\"https:\\\/\\\/www.med4skin.ch\\\/fr\\\/produkt\\\/idebenyl-tight\\\/#primaryimage\"},\"thumbnailUrl\":\"https:\\\/\\\/www.med4skin.ch\\\/wp-content\\\/uploads\\\/2022\\\/12\\\/idebenyltight-1.png\",\"datePublished\":\"2022-12-23T22:38:11+00:00\",\"dateModified\":\"2024-09-02T10:20:35+00:00\",\"description\":\"TOSKANI Idebenyl Tight est un produit de m\u00e9soth\u00e9rapie aux propri\u00e9t\u00e9s raffermissantes et anti-\u00e2ge qui revitalise les peaux s\u00e8ches et agit imm\u00e9diatement.\",\"breadcrumb\":{\"@id\":\"https:\\\/\\\/www.med4skin.ch\\\/fr\\\/produkt\\\/idebenyl-tight\\\/#breadcrumb\"},\"inLanguage\":\"fr-FR\",\"potentialAction\":[{\"@type\":\"ReadAction\",\"target\":[\"https:\\\/\\\/www.med4skin.ch\\\/fr\\\/produkt\\\/idebenyl-tight\\\/\"]}]},{\"@type\":\"ImageObject\",\"inLanguage\":\"fr-FR\",\"@id\":\"https:\\\/\\\/www.med4skin.ch\\\/fr\\\/produkt\\\/idebenyl-tight\\\/#primaryimage\",\"url\":\"https:\\\/\\\/www.med4skin.ch\\\/wp-content\\\/uploads\\\/2022\\\/12\\\/idebenyltight-1.png\",\"contentUrl\":\"https:\\\/\\\/www.med4skin.ch\\\/wp-content\\\/uploads\\\/2022\\\/12\\\/idebenyltight-1.png\",\"width\":\"540\",\"height\":\"584\"},{\"@type\":\"BreadcrumbList\",\"@id\":\"https:\\\/\\\/www.med4skin.ch\\\/fr\\\/produkt\\\/idebenyl-tight\\\/#breadcrumb\",\"itemListElement\":[{\"@type\":\"ListItem\",\"position\":1,\"name\":\"Startseite\",\"item\":\"https:\\\/\\\/www.med4skin.ch\\\/fr\\\/\"},{\"@type\":\"ListItem\",\"position\":2,\"name\":\"Boutique des produits HomeCare\",\"item\":\"https:\\\/\\\/www.med4skin.ch\\\/fr\\\/boutique-des-produits-homecare\\\/\"},{\"@type\":\"ListItem\",\"position\":3,\"name\":\"Idebenyl Tight\"}]},{\"@type\":\"WebSite\",\"@id\":\"https:\\\/\\\/www.med4skin.ch\\\/fr\\\/#website\",\"url\":\"https:\\\/\\\/www.med4skin.ch\\\/fr\\\/\",\"name\":\"med4skin\",\"description\":\"med4skin - skincare\",\"publisher\":{\"@id\":\"https:\\\/\\\/www.med4skin.ch\\\/fr\\\/#organization\"},\"potentialAction\":[{\"@type\":\"SearchAction\",\"target\":{\"@type\":\"EntryPoint\",\"urlTemplate\":\"https:\\\/\\\/www.med4skin.ch\\\/fr\\\/?s={search_term_string}\"},\"query-input\":{\"@type\":\"PropertyValueSpecification\",\"valueRequired\":true,\"valueName\":\"search_term_string\"}}],\"inLanguage\":\"fr-FR\"},{\"@type\":\"Organization\",\"@id\":\"https:\\\/\\\/www.med4skin.ch\\\/fr\\\/#organization\",\"name\":\"med4skin\",\"url\":\"https:\\\/\\\/www.med4skin.ch\\\/fr\\\/\",\"logo\":{\"@type\":\"ImageObject\",\"inLanguage\":\"fr-FR\",\"@id\":\"https:\\\/\\\/www.med4skin.ch\\\/fr\\\/#\\\/schema\\\/logo\\\/image\\\/\",\"url\":\"https:\\\/\\\/www.med4skin.ch\\\/wp-content\\\/uploads\\\/2022\\\/08\\\/cropped-95017869_padded_logo.png\",\"contentUrl\":\"https:\\\/\\\/www.med4skin.ch\\\/wp-content\\\/uploads\\\/2022\\\/08\\\/cropped-95017869_padded_logo.png\",\"width\":\"512\",\"height\":\"512\",\"caption\":\"med4skin\"},\"image\":{\"@id\":\"https:\\\/\\\/www.med4skin.ch\\\/fr\\\/#\\\/schema\\\/logo\\\/image\\\/\"},\"sameAs\":[\"https:\\\/\\\/www.instagram.com\\\/toskani.switzerland\\\/\",\"https:\\\/\\\/www.instagram.com\\\/med4skin.ch\"]}]}<\/script>\n<!-- \/ Yoast SEO plugin. -->","yoast_head_json":{"title":"TOSKANI Idebenyl Tight | med4skin","description":"TOSKANI Idebenyl Tight est un produit de m\u00e9soth\u00e9rapie aux propri\u00e9t\u00e9s raffermissantes et anti-\u00e2ge qui revitalise les peaux s\u00e8ches et agit imm\u00e9diatement.","robots":{"index":"index","follow":"follow","max-snippet":"max-snippet:-1","max-image-preview":"max-image-preview:large","max-video-preview":"max-video-preview:-1"},"canonical":"https:\/\/www.med4skin.ch\/fr\/produkt\/idebenyl-tight\/","og_locale":"fr_FR","og_type":"article","og_title":"TOSKANI Idebenyl Tight | med4skin","og_description":"TOSKANI Idebenyl Tight est un produit de m\u00e9soth\u00e9rapie aux propri\u00e9t\u00e9s raffermissantes et anti-\u00e2ge qui revitalise les peaux s\u00e8ches et agit imm\u00e9diatement.","og_url":"https:\/\/www.med4skin.ch\/fr\/produkt\/idebenyl-tight\/","og_site_name":"med4skin","article_modified_time":"2024-09-02T10:20:35+00:00","og_image":[{"width":540,"height":584,"url":"https:\/\/www.med4skin.ch\/wp-content\/uploads\/2022\/12\/idebenyltight-1.png","type":"image\/png"}],"twitter_card":"summary_large_image","twitter_misc":{"Dur\u00e9e de lecture estim\u00e9e":"2 minutes"},"schema":{"@context":"https:\/\/schema.org","@graph":[{"@type":"WebPage","@id":"https:\/\/www.med4skin.ch\/fr\/produkt\/idebenyl-tight\/","url":"https:\/\/www.med4skin.ch\/fr\/produkt\/idebenyl-tight\/","name":"TOSKANI Idebenyl Tight | med4skin","isPartOf":{"@id":"https:\/\/www.med4skin.ch\/fr\/#website"},"primaryImageOfPage":{"@id":"https:\/\/www.med4skin.ch\/fr\/produkt\/idebenyl-tight\/#primaryimage"},"image":{"@id":"https:\/\/www.med4skin.ch\/fr\/produkt\/idebenyl-tight\/#primaryimage"},"thumbnailUrl":"https:\/\/www.med4skin.ch\/wp-content\/uploads\/2022\/12\/idebenyltight-1.png","datePublished":"2022-12-23T22:38:11+00:00","dateModified":"2024-09-02T10:20:35+00:00","description":"TOSKANI Idebenyl Tight est un produit de m\u00e9soth\u00e9rapie aux propri\u00e9t\u00e9s raffermissantes et anti-\u00e2ge qui revitalise les peaux s\u00e8ches et agit imm\u00e9diatement.","breadcrumb":{"@id":"https:\/\/www.med4skin.ch\/fr\/produkt\/idebenyl-tight\/#breadcrumb"},"inLanguage":"fr-FR","potentialAction":[{"@type":"ReadAction","target":["https:\/\/www.med4skin.ch\/fr\/produkt\/idebenyl-tight\/"]}]},{"@type":"ImageObject","inLanguage":"fr-FR","@id":"https:\/\/www.med4skin.ch\/fr\/produkt\/idebenyl-tight\/#primaryimage","url":"https:\/\/www.med4skin.ch\/wp-content\/uploads\/2022\/12\/idebenyltight-1.png","contentUrl":"https:\/\/www.med4skin.ch\/wp-content\/uploads\/2022\/12\/idebenyltight-1.png","width":"540","height":"584"},{"@type":"BreadcrumbList","@id":"https:\/\/www.med4skin.ch\/fr\/produkt\/idebenyl-tight\/#breadcrumb","itemListElement":[{"@type":"ListItem","position":1,"name":"Startseite","item":"https:\/\/www.med4skin.ch\/fr\/"},{"@type":"ListItem","position":2,"name":"Boutique des produits HomeCare","item":"https:\/\/www.med4skin.ch\/fr\/boutique-des-produits-homecare\/"},{"@type":"ListItem","position":3,"name":"Idebenyl Tight"}]},{"@type":"WebSite","@id":"https:\/\/www.med4skin.ch\/fr\/#website","url":"https:\/\/www.med4skin.ch\/fr\/","name":"med4skin","description":"med4skin - skincare","publisher":{"@id":"https:\/\/www.med4skin.ch\/fr\/#organization"},"potentialAction":[{"@type":"SearchAction","target":{"@type":"EntryPoint","urlTemplate":"https:\/\/www.med4skin.ch\/fr\/?s={search_term_string}"},"query-input":{"@type":"PropertyValueSpecification","valueRequired":true,"valueName":"search_term_string"}}],"inLanguage":"fr-FR"},{"@type":"Organization","@id":"https:\/\/www.med4skin.ch\/fr\/#organization","name":"med4skin","url":"https:\/\/www.med4skin.ch\/fr\/","logo":{"@type":"ImageObject","inLanguage":"fr-FR","@id":"https:\/\/www.med4skin.ch\/fr\/#\/schema\/logo\/image\/","url":"https:\/\/www.med4skin.ch\/wp-content\/uploads\/2022\/08\/cropped-95017869_padded_logo.png","contentUrl":"https:\/\/www.med4skin.ch\/wp-content\/uploads\/2022\/08\/cropped-95017869_padded_logo.png","width":"512","height":"512","caption":"med4skin"},"image":{"@id":"https:\/\/www.med4skin.ch\/fr\/#\/schema\/logo\/image\/"},"sameAs":["https:\/\/www.instagram.com\/toskani.switzerland\/","https:\/\/www.instagram.com\/med4skin.ch"]}]}},"_links":{"self":[{"href":"https:\/\/www.med4skin.ch\/fr\/wp-json\/wp\/v2\/product\/2916","targetHints":{"allow":["GET"]}}],"collection":[{"href":"https:\/\/www.med4skin.ch\/fr\/wp-json\/wp\/v2\/product"}],"about":[{"href":"https:\/\/www.med4skin.ch\/fr\/wp-json\/wp\/v2\/types\/product"}],"wp:featuredmedia":[{"embeddable":true,"href":"https:\/\/www.med4skin.ch\/fr\/wp-json\/wp\/v2\/media\/2594"}],"wp:attachment":[{"href":"https:\/\/www.med4skin.ch\/fr\/wp-json\/wp\/v2\/media?parent=2916"}],"wp:term":[{"taxonomy":"product_brand","embeddable":true,"href":"https:\/\/www.med4skin.ch\/fr\/wp-json\/wp\/v2\/product_brand?post=2916"},{"taxonomy":"product_cat","embeddable":true,"href":"https:\/\/www.med4skin.ch\/fr\/wp-json\/wp\/v2\/product_cat?post=2916"},{"taxonomy":"product_tag","embeddable":true,"href":"https:\/\/www.med4skin.ch\/fr\/wp-json\/wp\/v2\/product_tag?post=2916"}],"curies":[{"name":"wp","href":"https:\/\/api.w.org\/{rel}","templated":true}]}}