{"id":2929,"date":"2022-12-23T23:38:11","date_gmt":"2022-12-23T22:38:11","guid":{"rendered":"https:\/\/www.med4skin.ch\/produkt\/glutamax-c\/"},"modified":"2024-03-28T16:39:44","modified_gmt":"2024-03-28T15:39:44","slug":"glutamax-c","status":"publish","type":"product","link":"https:\/\/www.med4skin.ch\/fr\/produkt\/glutamax-c\/","title":{"rendered":"Glutamax C"},"content":{"rendered":"<p>TOSKANI Glutamax C est un m\u00e9lange r\u00e9volutionnaire d&rsquo;ingr\u00e9dients antioxydants tels que le glutathion et la vitamine C, qui conf\u00e8rent \u00e0 la peau des effets anti-\u00e2ge et \u00e9claircissants. Son principal composant, le gluthathion, est un antioxydant tr\u00e8s puissant qui aide la peau \u00e0 pr\u00e9venir le vieillissement pr\u00e9matur\u00e9 en prot\u00e9geant les cellules des radicaux libres et en pr\u00e9servant les antioxydants exog\u00e8nes tels que la vitamine C sous leur forme r\u00e9duite. Ce cocktail d\u00e9velopp\u00e9 par TOSKANI Cosmetics r\u00e9duit \u00e9galement l&rsquo;apparence des zones \u00e0 pigmentation fonc\u00e9e, laissant un teint plus \u00e9clatant et un teint plus uniforme.<\/p>\n<p>Indications<br \/>\nPeau ab\u00eem\u00e9e et asphyxi\u00e9e (tabagisme, pollution, etc.), photovieillissement<\/p>\n<p>Substances actives<br \/>\nglutathion, vitamine C<\/p>\n","protected":false},"excerpt":{"rendered":"<p>5 flacons de 5 ml<\/p>\n","protected":false},"featured_media":2591,"template":"","meta":{"_et_pb_use_builder":"","_et_pb_old_content":"","_et_gb_content_width":""},"product_brand":[],"product_cat":[161,163,166],"product_tag":[],"class_list":{"0":"post-2929","1":"product","2":"type-product","3":"status-publish","4":"has-post-thumbnail","6":"product_cat-professionnel","7":"product_cat-toskani-fr","8":"product_cat-toskani-meso-vitamines","10":"first","11":"instock","12":"taxable","13":"shipping-taxable","14":"purchasable","15":"product-type-simple"},"yoast_head":"<!-- This site is optimized with the Yoast SEO plugin v27.4 - https:\/\/yoast.com\/product\/yoast-seo-wordpress\/ -->\n<title>TOSKANI Glutamax C | med4skin<\/title>\n<meta name=\"description\" content=\"TOSKANI Glutamax C est un m\u00e9lange r\u00e9volutionnaire d&#039;ingr\u00e9dients antioxydants tels que le glutathion et la vitamine C, qui conf\u00e8rent \u00e0 la peau des effets anti-\u00e2ge et \u00e9claircissants.\" \/>\n<meta name=\"robots\" content=\"index, follow, max-snippet:-1, max-image-preview:large, max-video-preview:-1\" \/>\n<link rel=\"canonical\" href=\"https:\/\/www.med4skin.ch\/fr\/produkt\/glutamax-c\/\" \/>\n<meta property=\"og:locale\" content=\"fr_FR\" \/>\n<meta property=\"og:type\" content=\"article\" \/>\n<meta property=\"og:title\" content=\"TOSKANI Glutamax C | med4skin\" \/>\n<meta property=\"og:description\" content=\"TOSKANI Glutamax C est un m\u00e9lange r\u00e9volutionnaire d&#039;ingr\u00e9dients antioxydants tels que le glutathion et la vitamine C, qui conf\u00e8rent \u00e0 la peau des effets anti-\u00e2ge et \u00e9claircissants.\" \/>\n<meta property=\"og:url\" content=\"https:\/\/www.med4skin.ch\/fr\/produkt\/glutamax-c\/\" \/>\n<meta property=\"og:site_name\" content=\"med4skin\" \/>\n<meta property=\"article:modified_time\" content=\"2024-03-28T15:39:44+00:00\" \/>\n<meta property=\"og:image\" content=\"https:\/\/www.med4skin.ch\/wp-content\/uploads\/2022\/12\/glutamaxc-1.png\" \/>\n\t<meta property=\"og:image:width\" content=\"540\" \/>\n\t<meta property=\"og:image:height\" content=\"584\" \/>\n\t<meta property=\"og:image:type\" content=\"image\/png\" \/>\n<meta name=\"twitter:card\" content=\"summary_large_image\" \/>\n<meta name=\"twitter:label1\" content=\"Dur\u00e9e de lecture estim\u00e9e\" \/>\n\t<meta name=\"twitter:data1\" content=\"1 minute\" \/>\n<script type=\"application\/ld+json\" class=\"yoast-schema-graph\">{\"@context\":\"https:\\\/\\\/schema.org\",\"@graph\":[{\"@type\":\"WebPage\",\"@id\":\"https:\\\/\\\/www.med4skin.ch\\\/fr\\\/produkt\\\/glutamax-c\\\/\",\"url\":\"https:\\\/\\\/www.med4skin.ch\\\/fr\\\/produkt\\\/glutamax-c\\\/\",\"name\":\"TOSKANI Glutamax C | med4skin\",\"isPartOf\":{\"@id\":\"https:\\\/\\\/www.med4skin.ch\\\/fr\\\/#website\"},\"primaryImageOfPage\":{\"@id\":\"https:\\\/\\\/www.med4skin.ch\\\/fr\\\/produkt\\\/glutamax-c\\\/#primaryimage\"},\"image\":{\"@id\":\"https:\\\/\\\/www.med4skin.ch\\\/fr\\\/produkt\\\/glutamax-c\\\/#primaryimage\"},\"thumbnailUrl\":\"https:\\\/\\\/www.med4skin.ch\\\/wp-content\\\/uploads\\\/2022\\\/12\\\/glutamaxc-1.png\",\"datePublished\":\"2022-12-23T22:38:11+00:00\",\"dateModified\":\"2024-03-28T15:39:44+00:00\",\"description\":\"TOSKANI Glutamax C est un m\u00e9lange r\u00e9volutionnaire d'ingr\u00e9dients antioxydants tels que le glutathion et la vitamine C, qui conf\u00e8rent \u00e0 la peau des effets anti-\u00e2ge et \u00e9claircissants.\",\"breadcrumb\":{\"@id\":\"https:\\\/\\\/www.med4skin.ch\\\/fr\\\/produkt\\\/glutamax-c\\\/#breadcrumb\"},\"inLanguage\":\"fr-FR\",\"potentialAction\":[{\"@type\":\"ReadAction\",\"target\":[\"https:\\\/\\\/www.med4skin.ch\\\/fr\\\/produkt\\\/glutamax-c\\\/\"]}]},{\"@type\":\"ImageObject\",\"inLanguage\":\"fr-FR\",\"@id\":\"https:\\\/\\\/www.med4skin.ch\\\/fr\\\/produkt\\\/glutamax-c\\\/#primaryimage\",\"url\":\"https:\\\/\\\/www.med4skin.ch\\\/wp-content\\\/uploads\\\/2022\\\/12\\\/glutamaxc-1.png\",\"contentUrl\":\"https:\\\/\\\/www.med4skin.ch\\\/wp-content\\\/uploads\\\/2022\\\/12\\\/glutamaxc-1.png\",\"width\":\"540\",\"height\":\"584\"},{\"@type\":\"BreadcrumbList\",\"@id\":\"https:\\\/\\\/www.med4skin.ch\\\/fr\\\/produkt\\\/glutamax-c\\\/#breadcrumb\",\"itemListElement\":[{\"@type\":\"ListItem\",\"position\":1,\"name\":\"Startseite\",\"item\":\"https:\\\/\\\/www.med4skin.ch\\\/fr\\\/\"},{\"@type\":\"ListItem\",\"position\":2,\"name\":\"Boutique des produits HomeCare\",\"item\":\"https:\\\/\\\/www.med4skin.ch\\\/fr\\\/boutique-des-produits-homecare\\\/\"},{\"@type\":\"ListItem\",\"position\":3,\"name\":\"Glutamax C\"}]},{\"@type\":\"WebSite\",\"@id\":\"https:\\\/\\\/www.med4skin.ch\\\/fr\\\/#website\",\"url\":\"https:\\\/\\\/www.med4skin.ch\\\/fr\\\/\",\"name\":\"med4skin\",\"description\":\"med4skin - skincare\",\"publisher\":{\"@id\":\"https:\\\/\\\/www.med4skin.ch\\\/fr\\\/#organization\"},\"potentialAction\":[{\"@type\":\"SearchAction\",\"target\":{\"@type\":\"EntryPoint\",\"urlTemplate\":\"https:\\\/\\\/www.med4skin.ch\\\/fr\\\/?s={search_term_string}\"},\"query-input\":{\"@type\":\"PropertyValueSpecification\",\"valueRequired\":true,\"valueName\":\"search_term_string\"}}],\"inLanguage\":\"fr-FR\"},{\"@type\":\"Organization\",\"@id\":\"https:\\\/\\\/www.med4skin.ch\\\/fr\\\/#organization\",\"name\":\"med4skin\",\"url\":\"https:\\\/\\\/www.med4skin.ch\\\/fr\\\/\",\"logo\":{\"@type\":\"ImageObject\",\"inLanguage\":\"fr-FR\",\"@id\":\"https:\\\/\\\/www.med4skin.ch\\\/fr\\\/#\\\/schema\\\/logo\\\/image\\\/\",\"url\":\"https:\\\/\\\/www.med4skin.ch\\\/wp-content\\\/uploads\\\/2022\\\/08\\\/cropped-95017869_padded_logo.png\",\"contentUrl\":\"https:\\\/\\\/www.med4skin.ch\\\/wp-content\\\/uploads\\\/2022\\\/08\\\/cropped-95017869_padded_logo.png\",\"width\":\"512\",\"height\":\"512\",\"caption\":\"med4skin\"},\"image\":{\"@id\":\"https:\\\/\\\/www.med4skin.ch\\\/fr\\\/#\\\/schema\\\/logo\\\/image\\\/\"},\"sameAs\":[\"https:\\\/\\\/www.instagram.com\\\/toskani.switzerland\\\/\",\"https:\\\/\\\/www.instagram.com\\\/med4skin.ch\"]}]}<\/script>\n<!-- \/ Yoast SEO plugin. -->","yoast_head_json":{"title":"TOSKANI Glutamax C | med4skin","description":"TOSKANI Glutamax C est un m\u00e9lange r\u00e9volutionnaire d'ingr\u00e9dients antioxydants tels que le glutathion et la vitamine C, qui conf\u00e8rent \u00e0 la peau des effets anti-\u00e2ge et \u00e9claircissants.","robots":{"index":"index","follow":"follow","max-snippet":"max-snippet:-1","max-image-preview":"max-image-preview:large","max-video-preview":"max-video-preview:-1"},"canonical":"https:\/\/www.med4skin.ch\/fr\/produkt\/glutamax-c\/","og_locale":"fr_FR","og_type":"article","og_title":"TOSKANI Glutamax C | med4skin","og_description":"TOSKANI Glutamax C est un m\u00e9lange r\u00e9volutionnaire d'ingr\u00e9dients antioxydants tels que le glutathion et la vitamine C, qui conf\u00e8rent \u00e0 la peau des effets anti-\u00e2ge et \u00e9claircissants.","og_url":"https:\/\/www.med4skin.ch\/fr\/produkt\/glutamax-c\/","og_site_name":"med4skin","article_modified_time":"2024-03-28T15:39:44+00:00","og_image":[{"width":540,"height":584,"url":"https:\/\/www.med4skin.ch\/wp-content\/uploads\/2022\/12\/glutamaxc-1.png","type":"image\/png"}],"twitter_card":"summary_large_image","twitter_misc":{"Dur\u00e9e de lecture estim\u00e9e":"1 minute"},"schema":{"@context":"https:\/\/schema.org","@graph":[{"@type":"WebPage","@id":"https:\/\/www.med4skin.ch\/fr\/produkt\/glutamax-c\/","url":"https:\/\/www.med4skin.ch\/fr\/produkt\/glutamax-c\/","name":"TOSKANI Glutamax C | med4skin","isPartOf":{"@id":"https:\/\/www.med4skin.ch\/fr\/#website"},"primaryImageOfPage":{"@id":"https:\/\/www.med4skin.ch\/fr\/produkt\/glutamax-c\/#primaryimage"},"image":{"@id":"https:\/\/www.med4skin.ch\/fr\/produkt\/glutamax-c\/#primaryimage"},"thumbnailUrl":"https:\/\/www.med4skin.ch\/wp-content\/uploads\/2022\/12\/glutamaxc-1.png","datePublished":"2022-12-23T22:38:11+00:00","dateModified":"2024-03-28T15:39:44+00:00","description":"TOSKANI Glutamax C est un m\u00e9lange r\u00e9volutionnaire d'ingr\u00e9dients antioxydants tels que le glutathion et la vitamine C, qui conf\u00e8rent \u00e0 la peau des effets anti-\u00e2ge et \u00e9claircissants.","breadcrumb":{"@id":"https:\/\/www.med4skin.ch\/fr\/produkt\/glutamax-c\/#breadcrumb"},"inLanguage":"fr-FR","potentialAction":[{"@type":"ReadAction","target":["https:\/\/www.med4skin.ch\/fr\/produkt\/glutamax-c\/"]}]},{"@type":"ImageObject","inLanguage":"fr-FR","@id":"https:\/\/www.med4skin.ch\/fr\/produkt\/glutamax-c\/#primaryimage","url":"https:\/\/www.med4skin.ch\/wp-content\/uploads\/2022\/12\/glutamaxc-1.png","contentUrl":"https:\/\/www.med4skin.ch\/wp-content\/uploads\/2022\/12\/glutamaxc-1.png","width":"540","height":"584"},{"@type":"BreadcrumbList","@id":"https:\/\/www.med4skin.ch\/fr\/produkt\/glutamax-c\/#breadcrumb","itemListElement":[{"@type":"ListItem","position":1,"name":"Startseite","item":"https:\/\/www.med4skin.ch\/fr\/"},{"@type":"ListItem","position":2,"name":"Boutique des produits HomeCare","item":"https:\/\/www.med4skin.ch\/fr\/boutique-des-produits-homecare\/"},{"@type":"ListItem","position":3,"name":"Glutamax C"}]},{"@type":"WebSite","@id":"https:\/\/www.med4skin.ch\/fr\/#website","url":"https:\/\/www.med4skin.ch\/fr\/","name":"med4skin","description":"med4skin - skincare","publisher":{"@id":"https:\/\/www.med4skin.ch\/fr\/#organization"},"potentialAction":[{"@type":"SearchAction","target":{"@type":"EntryPoint","urlTemplate":"https:\/\/www.med4skin.ch\/fr\/?s={search_term_string}"},"query-input":{"@type":"PropertyValueSpecification","valueRequired":true,"valueName":"search_term_string"}}],"inLanguage":"fr-FR"},{"@type":"Organization","@id":"https:\/\/www.med4skin.ch\/fr\/#organization","name":"med4skin","url":"https:\/\/www.med4skin.ch\/fr\/","logo":{"@type":"ImageObject","inLanguage":"fr-FR","@id":"https:\/\/www.med4skin.ch\/fr\/#\/schema\/logo\/image\/","url":"https:\/\/www.med4skin.ch\/wp-content\/uploads\/2022\/08\/cropped-95017869_padded_logo.png","contentUrl":"https:\/\/www.med4skin.ch\/wp-content\/uploads\/2022\/08\/cropped-95017869_padded_logo.png","width":"512","height":"512","caption":"med4skin"},"image":{"@id":"https:\/\/www.med4skin.ch\/fr\/#\/schema\/logo\/image\/"},"sameAs":["https:\/\/www.instagram.com\/toskani.switzerland\/","https:\/\/www.instagram.com\/med4skin.ch"]}]}},"_links":{"self":[{"href":"https:\/\/www.med4skin.ch\/fr\/wp-json\/wp\/v2\/product\/2929","targetHints":{"allow":["GET"]}}],"collection":[{"href":"https:\/\/www.med4skin.ch\/fr\/wp-json\/wp\/v2\/product"}],"about":[{"href":"https:\/\/www.med4skin.ch\/fr\/wp-json\/wp\/v2\/types\/product"}],"wp:featuredmedia":[{"embeddable":true,"href":"https:\/\/www.med4skin.ch\/fr\/wp-json\/wp\/v2\/media\/2591"}],"wp:attachment":[{"href":"https:\/\/www.med4skin.ch\/fr\/wp-json\/wp\/v2\/media?parent=2929"}],"wp:term":[{"taxonomy":"product_brand","embeddable":true,"href":"https:\/\/www.med4skin.ch\/fr\/wp-json\/wp\/v2\/product_brand?post=2929"},{"taxonomy":"product_cat","embeddable":true,"href":"https:\/\/www.med4skin.ch\/fr\/wp-json\/wp\/v2\/product_cat?post=2929"},{"taxonomy":"product_tag","embeddable":true,"href":"https:\/\/www.med4skin.ch\/fr\/wp-json\/wp\/v2\/product_tag?post=2929"}],"curies":[{"name":"wp","href":"https:\/\/api.w.org\/{rel}","templated":true}]}}