{"id":2931,"date":"2022-12-23T23:41:05","date_gmt":"2022-12-23T23:41:05","guid":{"rendered":"https:\/\/www.med4skin.ch\/produkt\/cocktail-radiance\/"},"modified":"2025-07-24T15:43:44","modified_gmt":"2025-07-24T13:43:44","slug":"radiance-cocktail","status":"publish","type":"product","link":"https:\/\/www.med4skin.ch\/fr\/produkt\/radiance-cocktail\/","title":{"rendered":"Radiance Cocktail"},"content":{"rendered":"<p>TOSKANI Radiance Cocktail est une solution \u00e9claircissante pour le visage avec une forte action antioxydante et antim\u00e9lanog\u00e8ne. Cette formule contient des extraits antioxydants et rajeunissants pour unifier et \u00e9quilibrer le teint de la peau. Il agit avant, pendant et apr\u00e8s la m\u00e9lanog\u00e9n\u00e8se, car il inhibe la synth\u00e8se de la m\u00e9lanine et augmente sa d\u00e9gradation. Il inhibe la synth\u00e8se de la m\u00e9lanine en interrompant la capacit\u00e9 de la L-dopa \u00e0 rejoindre la tyrosinase. Le Cocktail Radiance ralentit \u00e9galement le processus d&rsquo;oxydation lors de sa transformation en eum\u00e9lanine et neutralise les radicaux libres. Comme effet compl\u00e9mentaire, le Cocktail Radiance prot\u00e8ge la peau contre les rayons UV. Il a \u00e9galement un effet anti-\u00e2ge, car il prot\u00e8ge le collag\u00e8ne et l&rsquo;\u00e9lastine de leur d\u00e9gradation.<\/p>\n<p>Indications<br \/>\nm\u00e9lasmes, peau terne et flasque, hyperpigmentation<\/p>\n<p>Substances actives<br \/>\nglutathion, acide folique, superoxyde dismutase, extrait d&rsquo;Halidrys Siliquosa, extrait de symbiosome de Pueraria Lobata<\/p>\n","protected":false},"excerpt":{"rendered":"<p>5 flacons de 10 ml<\/p>\n","protected":false},"featured_media":2634,"template":"","meta":{"_et_pb_use_builder":"","_et_pb_old_content":"","_et_gb_content_width":""},"product_brand":[],"product_cat":[161,163,176],"product_tag":[],"class_list":{"0":"post-2931","1":"product","2":"type-product","3":"status-publish","4":"has-post-thumbnail","6":"product_cat-professionnel","7":"product_cat-toskani-fr","8":"product_cat-toskani-cocktails-fr","10":"first","11":"instock","12":"taxable","13":"shipping-taxable","14":"purchasable","15":"product-type-simple"},"yoast_head":"<!-- This site is optimized with the Yoast SEO plugin v27.5 - https:\/\/yoast.com\/product\/yoast-seo-wordpress\/ -->\n<title>TOSKANI Radiance Cocktail | med4skin<\/title>\n<meta name=\"description\" content=\"TOSKANI Radiance Cocktail est une solution \u00e9claircissante pour le visage avec une forte action antioxydante et antim\u00e9lanog\u00e8ne.\" \/>\n<meta name=\"robots\" content=\"index, follow, max-snippet:-1, max-image-preview:large, max-video-preview:-1\" \/>\n<link rel=\"canonical\" href=\"https:\/\/www.med4skin.ch\/fr\/produkt\/radiance-cocktail\/\" \/>\n<meta property=\"og:locale\" content=\"fr_FR\" \/>\n<meta property=\"og:type\" content=\"article\" \/>\n<meta property=\"og:title\" content=\"TOSKANI Radiance Cocktail | med4skin\" \/>\n<meta property=\"og:description\" content=\"TOSKANI Radiance Cocktail est une solution \u00e9claircissante pour le visage avec une forte action antioxydante et antim\u00e9lanog\u00e8ne.\" \/>\n<meta property=\"og:url\" content=\"https:\/\/www.med4skin.ch\/fr\/produkt\/radiance-cocktail\/\" \/>\n<meta property=\"og:site_name\" content=\"med4skin\" \/>\n<meta property=\"article:modified_time\" content=\"2025-07-24T13:43:44+00:00\" \/>\n<meta property=\"og:image\" content=\"https:\/\/www.med4skin.ch\/wp-content\/uploads\/2022\/12\/radiance_Cocktail-1.png\" \/>\n\t<meta property=\"og:image:width\" content=\"540\" \/>\n\t<meta property=\"og:image:height\" content=\"584\" \/>\n\t<meta property=\"og:image:type\" content=\"image\/png\" \/>\n<meta name=\"twitter:card\" content=\"summary_large_image\" \/>\n<meta name=\"twitter:label1\" content=\"Dur\u00e9e de lecture estim\u00e9e\" \/>\n\t<meta name=\"twitter:data1\" content=\"1 minute\" \/>\n<script type=\"application\/ld+json\" class=\"yoast-schema-graph\">{\"@context\":\"https:\\\/\\\/schema.org\",\"@graph\":[{\"@type\":\"WebPage\",\"@id\":\"https:\\\/\\\/www.med4skin.ch\\\/fr\\\/produkt\\\/radiance-cocktail\\\/\",\"url\":\"https:\\\/\\\/www.med4skin.ch\\\/fr\\\/produkt\\\/radiance-cocktail\\\/\",\"name\":\"TOSKANI Radiance Cocktail | med4skin\",\"isPartOf\":{\"@id\":\"https:\\\/\\\/www.med4skin.ch\\\/fr\\\/#website\"},\"primaryImageOfPage\":{\"@id\":\"https:\\\/\\\/www.med4skin.ch\\\/fr\\\/produkt\\\/radiance-cocktail\\\/#primaryimage\"},\"image\":{\"@id\":\"https:\\\/\\\/www.med4skin.ch\\\/fr\\\/produkt\\\/radiance-cocktail\\\/#primaryimage\"},\"thumbnailUrl\":\"https:\\\/\\\/www.med4skin.ch\\\/wp-content\\\/uploads\\\/2022\\\/12\\\/radiance_Cocktail-1.png\",\"datePublished\":\"2022-12-23T23:41:05+00:00\",\"dateModified\":\"2025-07-24T13:43:44+00:00\",\"description\":\"TOSKANI Radiance Cocktail est une solution \u00e9claircissante pour le visage avec une forte action antioxydante et antim\u00e9lanog\u00e8ne.\",\"breadcrumb\":{\"@id\":\"https:\\\/\\\/www.med4skin.ch\\\/fr\\\/produkt\\\/radiance-cocktail\\\/#breadcrumb\"},\"inLanguage\":\"fr-FR\",\"potentialAction\":[{\"@type\":\"ReadAction\",\"target\":[\"https:\\\/\\\/www.med4skin.ch\\\/fr\\\/produkt\\\/radiance-cocktail\\\/\"]}]},{\"@type\":\"ImageObject\",\"inLanguage\":\"fr-FR\",\"@id\":\"https:\\\/\\\/www.med4skin.ch\\\/fr\\\/produkt\\\/radiance-cocktail\\\/#primaryimage\",\"url\":\"https:\\\/\\\/www.med4skin.ch\\\/wp-content\\\/uploads\\\/2022\\\/12\\\/radiance_Cocktail-1.png\",\"contentUrl\":\"https:\\\/\\\/www.med4skin.ch\\\/wp-content\\\/uploads\\\/2022\\\/12\\\/radiance_Cocktail-1.png\",\"width\":\"540\",\"height\":\"584\"},{\"@type\":\"BreadcrumbList\",\"@id\":\"https:\\\/\\\/www.med4skin.ch\\\/fr\\\/produkt\\\/radiance-cocktail\\\/#breadcrumb\",\"itemListElement\":[{\"@type\":\"ListItem\",\"position\":1,\"name\":\"Startseite\",\"item\":\"https:\\\/\\\/www.med4skin.ch\\\/fr\\\/\"},{\"@type\":\"ListItem\",\"position\":2,\"name\":\"Boutique des produits HomeCare\",\"item\":\"https:\\\/\\\/www.med4skin.ch\\\/fr\\\/boutique-des-produits-homecare\\\/\"},{\"@type\":\"ListItem\",\"position\":3,\"name\":\"Radiance Cocktail\"}]},{\"@type\":\"WebSite\",\"@id\":\"https:\\\/\\\/www.med4skin.ch\\\/fr\\\/#website\",\"url\":\"https:\\\/\\\/www.med4skin.ch\\\/fr\\\/\",\"name\":\"med4skin\",\"description\":\"med4skin - skincare\",\"publisher\":{\"@id\":\"https:\\\/\\\/www.med4skin.ch\\\/fr\\\/#organization\"},\"potentialAction\":[{\"@type\":\"SearchAction\",\"target\":{\"@type\":\"EntryPoint\",\"urlTemplate\":\"https:\\\/\\\/www.med4skin.ch\\\/fr\\\/?s={search_term_string}\"},\"query-input\":{\"@type\":\"PropertyValueSpecification\",\"valueRequired\":true,\"valueName\":\"search_term_string\"}}],\"inLanguage\":\"fr-FR\"},{\"@type\":\"Organization\",\"@id\":\"https:\\\/\\\/www.med4skin.ch\\\/fr\\\/#organization\",\"name\":\"med4skin\",\"url\":\"https:\\\/\\\/www.med4skin.ch\\\/fr\\\/\",\"logo\":{\"@type\":\"ImageObject\",\"inLanguage\":\"fr-FR\",\"@id\":\"https:\\\/\\\/www.med4skin.ch\\\/fr\\\/#\\\/schema\\\/logo\\\/image\\\/\",\"url\":\"https:\\\/\\\/www.med4skin.ch\\\/wp-content\\\/uploads\\\/2022\\\/08\\\/cropped-95017869_padded_logo.png\",\"contentUrl\":\"https:\\\/\\\/www.med4skin.ch\\\/wp-content\\\/uploads\\\/2022\\\/08\\\/cropped-95017869_padded_logo.png\",\"width\":\"512\",\"height\":\"512\",\"caption\":\"med4skin\"},\"image\":{\"@id\":\"https:\\\/\\\/www.med4skin.ch\\\/fr\\\/#\\\/schema\\\/logo\\\/image\\\/\"},\"sameAs\":[\"https:\\\/\\\/www.instagram.com\\\/toskani.switzerland\\\/\",\"https:\\\/\\\/www.instagram.com\\\/med4skin.ch\"]}]}<\/script>\n<!-- \/ Yoast SEO plugin. -->","yoast_head_json":{"title":"TOSKANI Radiance Cocktail | med4skin","description":"TOSKANI Radiance Cocktail est une solution \u00e9claircissante pour le visage avec une forte action antioxydante et antim\u00e9lanog\u00e8ne.","robots":{"index":"index","follow":"follow","max-snippet":"max-snippet:-1","max-image-preview":"max-image-preview:large","max-video-preview":"max-video-preview:-1"},"canonical":"https:\/\/www.med4skin.ch\/fr\/produkt\/radiance-cocktail\/","og_locale":"fr_FR","og_type":"article","og_title":"TOSKANI Radiance Cocktail | med4skin","og_description":"TOSKANI Radiance Cocktail est une solution \u00e9claircissante pour le visage avec une forte action antioxydante et antim\u00e9lanog\u00e8ne.","og_url":"https:\/\/www.med4skin.ch\/fr\/produkt\/radiance-cocktail\/","og_site_name":"med4skin","article_modified_time":"2025-07-24T13:43:44+00:00","og_image":[{"width":540,"height":584,"url":"https:\/\/www.med4skin.ch\/wp-content\/uploads\/2022\/12\/radiance_Cocktail-1.png","type":"image\/png"}],"twitter_card":"summary_large_image","twitter_misc":{"Dur\u00e9e de lecture estim\u00e9e":"1 minute"},"schema":{"@context":"https:\/\/schema.org","@graph":[{"@type":"WebPage","@id":"https:\/\/www.med4skin.ch\/fr\/produkt\/radiance-cocktail\/","url":"https:\/\/www.med4skin.ch\/fr\/produkt\/radiance-cocktail\/","name":"TOSKANI Radiance Cocktail | med4skin","isPartOf":{"@id":"https:\/\/www.med4skin.ch\/fr\/#website"},"primaryImageOfPage":{"@id":"https:\/\/www.med4skin.ch\/fr\/produkt\/radiance-cocktail\/#primaryimage"},"image":{"@id":"https:\/\/www.med4skin.ch\/fr\/produkt\/radiance-cocktail\/#primaryimage"},"thumbnailUrl":"https:\/\/www.med4skin.ch\/wp-content\/uploads\/2022\/12\/radiance_Cocktail-1.png","datePublished":"2022-12-23T23:41:05+00:00","dateModified":"2025-07-24T13:43:44+00:00","description":"TOSKANI Radiance Cocktail est une solution \u00e9claircissante pour le visage avec une forte action antioxydante et antim\u00e9lanog\u00e8ne.","breadcrumb":{"@id":"https:\/\/www.med4skin.ch\/fr\/produkt\/radiance-cocktail\/#breadcrumb"},"inLanguage":"fr-FR","potentialAction":[{"@type":"ReadAction","target":["https:\/\/www.med4skin.ch\/fr\/produkt\/radiance-cocktail\/"]}]},{"@type":"ImageObject","inLanguage":"fr-FR","@id":"https:\/\/www.med4skin.ch\/fr\/produkt\/radiance-cocktail\/#primaryimage","url":"https:\/\/www.med4skin.ch\/wp-content\/uploads\/2022\/12\/radiance_Cocktail-1.png","contentUrl":"https:\/\/www.med4skin.ch\/wp-content\/uploads\/2022\/12\/radiance_Cocktail-1.png","width":"540","height":"584"},{"@type":"BreadcrumbList","@id":"https:\/\/www.med4skin.ch\/fr\/produkt\/radiance-cocktail\/#breadcrumb","itemListElement":[{"@type":"ListItem","position":1,"name":"Startseite","item":"https:\/\/www.med4skin.ch\/fr\/"},{"@type":"ListItem","position":2,"name":"Boutique des produits HomeCare","item":"https:\/\/www.med4skin.ch\/fr\/boutique-des-produits-homecare\/"},{"@type":"ListItem","position":3,"name":"Radiance Cocktail"}]},{"@type":"WebSite","@id":"https:\/\/www.med4skin.ch\/fr\/#website","url":"https:\/\/www.med4skin.ch\/fr\/","name":"med4skin","description":"med4skin - skincare","publisher":{"@id":"https:\/\/www.med4skin.ch\/fr\/#organization"},"potentialAction":[{"@type":"SearchAction","target":{"@type":"EntryPoint","urlTemplate":"https:\/\/www.med4skin.ch\/fr\/?s={search_term_string}"},"query-input":{"@type":"PropertyValueSpecification","valueRequired":true,"valueName":"search_term_string"}}],"inLanguage":"fr-FR"},{"@type":"Organization","@id":"https:\/\/www.med4skin.ch\/fr\/#organization","name":"med4skin","url":"https:\/\/www.med4skin.ch\/fr\/","logo":{"@type":"ImageObject","inLanguage":"fr-FR","@id":"https:\/\/www.med4skin.ch\/fr\/#\/schema\/logo\/image\/","url":"https:\/\/www.med4skin.ch\/wp-content\/uploads\/2022\/08\/cropped-95017869_padded_logo.png","contentUrl":"https:\/\/www.med4skin.ch\/wp-content\/uploads\/2022\/08\/cropped-95017869_padded_logo.png","width":"512","height":"512","caption":"med4skin"},"image":{"@id":"https:\/\/www.med4skin.ch\/fr\/#\/schema\/logo\/image\/"},"sameAs":["https:\/\/www.instagram.com\/toskani.switzerland\/","https:\/\/www.instagram.com\/med4skin.ch"]}]}},"_links":{"self":[{"href":"https:\/\/www.med4skin.ch\/fr\/wp-json\/wp\/v2\/product\/2931","targetHints":{"allow":["GET"]}}],"collection":[{"href":"https:\/\/www.med4skin.ch\/fr\/wp-json\/wp\/v2\/product"}],"about":[{"href":"https:\/\/www.med4skin.ch\/fr\/wp-json\/wp\/v2\/types\/product"}],"wp:featuredmedia":[{"embeddable":true,"href":"https:\/\/www.med4skin.ch\/fr\/wp-json\/wp\/v2\/media\/2634"}],"wp:attachment":[{"href":"https:\/\/www.med4skin.ch\/fr\/wp-json\/wp\/v2\/media?parent=2931"}],"wp:term":[{"taxonomy":"product_brand","embeddable":true,"href":"https:\/\/www.med4skin.ch\/fr\/wp-json\/wp\/v2\/product_brand?post=2931"},{"taxonomy":"product_cat","embeddable":true,"href":"https:\/\/www.med4skin.ch\/fr\/wp-json\/wp\/v2\/product_cat?post=2931"},{"taxonomy":"product_tag","embeddable":true,"href":"https:\/\/www.med4skin.ch\/fr\/wp-json\/wp\/v2\/product_tag?post=2931"}],"curies":[{"name":"wp","href":"https:\/\/api.w.org\/{rel}","templated":true}]}}