{"id":2942,"date":"2022-12-23T23:42:51","date_gmt":"2022-12-23T23:42:51","guid":{"rendered":"https:\/\/www.med4skin.ch\/produkt\/masque-exfoliant-eclat\/"},"modified":"2026-04-09T18:40:40","modified_gmt":"2026-04-09T16:40:40","slug":"radiance-peel-off-mask","status":"publish","type":"product","link":"https:\/\/www.med4skin.ch\/fr\/produkt\/radiance-peel-off-mask\/","title":{"rendered":"Radiance Peel Off Mask"},"content":{"rendered":"<p>TOSKANI Radiance Peel Off Mask est un masque qui compl\u00e8te les programmes de beaut\u00e9 professionnels pour les peaux ternes. Son activit\u00e9 antioxydante aide \u00e0 neutraliser les radicaux libres et \u00e0 ralentir le processus de vieillissement. Le Radiance Peel Off Mask inhibe la formation de m\u00e9lanine et pr\u00e9vient l&rsquo;apparition de changements hyperpigmentaires sur les peaux expos\u00e9es aux rayons UVA et UVB. Ce masque a \u00e9galement des propri\u00e9t\u00e9s hydratantes et raffermissantes et laisse une sensation velout\u00e9e sur la peau. Des tests d&rsquo;efficacit\u00e9 in vitro ont montr\u00e9 une r\u00e9duction de la m\u00e9lanine de 28 %. Nous recommandons l&rsquo;utilisation de ce masque apr\u00e8s chaque traitement \u00e9claircissant et\/ou antioxydant en institut de beaut\u00e9. Pour une utilisation \u00e0 domicile, nous recommandons de l&rsquo;utiliser une fois par semaine.<\/p>\n<p>Indications<br \/>\nPeau terne<\/p>\n<p>Substances actives<br \/>\nascorbate de sodium, extrait de Saxifraga Sarmentosa, Vitis Vinifera, extrait de racine de Morus Bombycis.<\/p>\n","protected":false},"excerpt":{"rendered":"<p>30 gr. Sachet<\/p>\n","protected":false},"featured_media":6843,"template":"","meta":{"_et_pb_use_builder":"","_et_pb_old_content":"","_et_gb_content_width":""},"product_brand":[],"product_cat":[161,163,180],"product_tag":[],"class_list":{"0":"post-2942","1":"product","2":"type-product","3":"status-publish","4":"has-post-thumbnail","6":"product_cat-professionnel","7":"product_cat-toskani-fr","8":"product_cat-toskani-masques","10":"first","11":"instock","12":"taxable","13":"shipping-taxable","14":"purchasable","15":"product-type-simple"},"yoast_head":"<!-- This site is optimized with the Yoast SEO plugin v27.4 - https:\/\/yoast.com\/product\/yoast-seo-wordpress\/ -->\n<title>TOSKANI Radiance Peel Off Mask | med4skin<\/title>\n<meta name=\"description\" content=\"TOSKANI Radiance Peel Off Mask est un masque qui compl\u00e8te les programmes de beaut\u00e9 professionnels pour les peaux ternes. Son activit\u00e9 antioxydante aide \u00e0 neutraliser les radicaux libres et \u00e0 ralentir le processus de vieillissement.\" \/>\n<meta name=\"robots\" content=\"index, follow, max-snippet:-1, max-image-preview:large, max-video-preview:-1\" \/>\n<link rel=\"canonical\" href=\"https:\/\/www.med4skin.ch\/fr\/produkt\/radiance-peel-off-mask\/\" \/>\n<meta property=\"og:locale\" content=\"fr_FR\" \/>\n<meta property=\"og:type\" content=\"article\" \/>\n<meta property=\"og:title\" content=\"TOSKANI Radiance Peel Off Mask | med4skin\" \/>\n<meta property=\"og:description\" content=\"TOSKANI Radiance Peel Off Mask est un masque qui compl\u00e8te les programmes de beaut\u00e9 professionnels pour les peaux ternes. Son activit\u00e9 antioxydante aide \u00e0 neutraliser les radicaux libres et \u00e0 ralentir le processus de vieillissement.\" \/>\n<meta property=\"og:url\" content=\"https:\/\/www.med4skin.ch\/fr\/produkt\/radiance-peel-off-mask\/\" \/>\n<meta property=\"og:site_name\" content=\"med4skin\" \/>\n<meta property=\"article:modified_time\" content=\"2026-04-09T16:40:40+00:00\" \/>\n<meta property=\"og:image\" content=\"https:\/\/www.med4skin.ch\/wp-content\/uploads\/2022\/12\/Peel-off_Front_Radiance.1-1.png\" \/>\n\t<meta property=\"og:image:width\" content=\"1\" \/>\n\t<meta property=\"og:image:height\" content=\"1\" \/>\n\t<meta property=\"og:image:type\" content=\"image\/png\" \/>\n<meta name=\"twitter:card\" content=\"summary_large_image\" \/>\n<meta name=\"twitter:label1\" content=\"Dur\u00e9e de lecture estim\u00e9e\" \/>\n\t<meta name=\"twitter:data1\" content=\"1 minute\" \/>\n<script type=\"application\/ld+json\" class=\"yoast-schema-graph\">{\"@context\":\"https:\\\/\\\/schema.org\",\"@graph\":[{\"@type\":\"WebPage\",\"@id\":\"https:\\\/\\\/www.med4skin.ch\\\/fr\\\/produkt\\\/radiance-peel-off-mask\\\/\",\"url\":\"https:\\\/\\\/www.med4skin.ch\\\/fr\\\/produkt\\\/radiance-peel-off-mask\\\/\",\"name\":\"TOSKANI Radiance Peel Off Mask | med4skin\",\"isPartOf\":{\"@id\":\"https:\\\/\\\/www.med4skin.ch\\\/fr\\\/#website\"},\"primaryImageOfPage\":{\"@id\":\"https:\\\/\\\/www.med4skin.ch\\\/fr\\\/produkt\\\/radiance-peel-off-mask\\\/#primaryimage\"},\"image\":{\"@id\":\"https:\\\/\\\/www.med4skin.ch\\\/fr\\\/produkt\\\/radiance-peel-off-mask\\\/#primaryimage\"},\"thumbnailUrl\":\"https:\\\/\\\/www.med4skin.ch\\\/wp-content\\\/uploads\\\/2022\\\/12\\\/Peel-off_Front_Radiance.1-1.png\",\"datePublished\":\"2022-12-23T23:42:51+00:00\",\"dateModified\":\"2026-04-09T16:40:40+00:00\",\"description\":\"TOSKANI Radiance Peel Off Mask est un masque qui compl\u00e8te les programmes de beaut\u00e9 professionnels pour les peaux ternes. Son activit\u00e9 antioxydante aide \u00e0 neutraliser les radicaux libres et \u00e0 ralentir le processus de vieillissement.\",\"breadcrumb\":{\"@id\":\"https:\\\/\\\/www.med4skin.ch\\\/fr\\\/produkt\\\/radiance-peel-off-mask\\\/#breadcrumb\"},\"inLanguage\":\"fr-FR\",\"potentialAction\":[{\"@type\":\"ReadAction\",\"target\":[\"https:\\\/\\\/www.med4skin.ch\\\/fr\\\/produkt\\\/radiance-peel-off-mask\\\/\"]}]},{\"@type\":\"ImageObject\",\"inLanguage\":\"fr-FR\",\"@id\":\"https:\\\/\\\/www.med4skin.ch\\\/fr\\\/produkt\\\/radiance-peel-off-mask\\\/#primaryimage\",\"url\":\"https:\\\/\\\/www.med4skin.ch\\\/wp-content\\\/uploads\\\/2022\\\/12\\\/Peel-off_Front_Radiance.1-1.png\",\"contentUrl\":\"https:\\\/\\\/www.med4skin.ch\\\/wp-content\\\/uploads\\\/2022\\\/12\\\/Peel-off_Front_Radiance.1-1.png\"},{\"@type\":\"BreadcrumbList\",\"@id\":\"https:\\\/\\\/www.med4skin.ch\\\/fr\\\/produkt\\\/radiance-peel-off-mask\\\/#breadcrumb\",\"itemListElement\":[{\"@type\":\"ListItem\",\"position\":1,\"name\":\"Startseite\",\"item\":\"https:\\\/\\\/www.med4skin.ch\\\/fr\\\/\"},{\"@type\":\"ListItem\",\"position\":2,\"name\":\"Boutique des produits HomeCare\",\"item\":\"https:\\\/\\\/www.med4skin.ch\\\/fr\\\/boutique-des-produits-homecare\\\/\"},{\"@type\":\"ListItem\",\"position\":3,\"name\":\"Radiance Peel Off Mask\"}]},{\"@type\":\"WebSite\",\"@id\":\"https:\\\/\\\/www.med4skin.ch\\\/fr\\\/#website\",\"url\":\"https:\\\/\\\/www.med4skin.ch\\\/fr\\\/\",\"name\":\"med4skin\",\"description\":\"med4skin - skincare\",\"publisher\":{\"@id\":\"https:\\\/\\\/www.med4skin.ch\\\/fr\\\/#organization\"},\"potentialAction\":[{\"@type\":\"SearchAction\",\"target\":{\"@type\":\"EntryPoint\",\"urlTemplate\":\"https:\\\/\\\/www.med4skin.ch\\\/fr\\\/?s={search_term_string}\"},\"query-input\":{\"@type\":\"PropertyValueSpecification\",\"valueRequired\":true,\"valueName\":\"search_term_string\"}}],\"inLanguage\":\"fr-FR\"},{\"@type\":\"Organization\",\"@id\":\"https:\\\/\\\/www.med4skin.ch\\\/fr\\\/#organization\",\"name\":\"med4skin\",\"url\":\"https:\\\/\\\/www.med4skin.ch\\\/fr\\\/\",\"logo\":{\"@type\":\"ImageObject\",\"inLanguage\":\"fr-FR\",\"@id\":\"https:\\\/\\\/www.med4skin.ch\\\/fr\\\/#\\\/schema\\\/logo\\\/image\\\/\",\"url\":\"https:\\\/\\\/www.med4skin.ch\\\/wp-content\\\/uploads\\\/2022\\\/08\\\/cropped-95017869_padded_logo.png\",\"contentUrl\":\"https:\\\/\\\/www.med4skin.ch\\\/wp-content\\\/uploads\\\/2022\\\/08\\\/cropped-95017869_padded_logo.png\",\"width\":\"512\",\"height\":\"512\",\"caption\":\"med4skin\"},\"image\":{\"@id\":\"https:\\\/\\\/www.med4skin.ch\\\/fr\\\/#\\\/schema\\\/logo\\\/image\\\/\"},\"sameAs\":[\"https:\\\/\\\/www.instagram.com\\\/toskani.switzerland\\\/\",\"https:\\\/\\\/www.instagram.com\\\/med4skin.ch\"]}]}<\/script>\n<!-- \/ Yoast SEO plugin. -->","yoast_head_json":{"title":"TOSKANI Radiance Peel Off Mask | med4skin","description":"TOSKANI Radiance Peel Off Mask est un masque qui compl\u00e8te les programmes de beaut\u00e9 professionnels pour les peaux ternes. Son activit\u00e9 antioxydante aide \u00e0 neutraliser les radicaux libres et \u00e0 ralentir le processus de vieillissement.","robots":{"index":"index","follow":"follow","max-snippet":"max-snippet:-1","max-image-preview":"max-image-preview:large","max-video-preview":"max-video-preview:-1"},"canonical":"https:\/\/www.med4skin.ch\/fr\/produkt\/radiance-peel-off-mask\/","og_locale":"fr_FR","og_type":"article","og_title":"TOSKANI Radiance Peel Off Mask | med4skin","og_description":"TOSKANI Radiance Peel Off Mask est un masque qui compl\u00e8te les programmes de beaut\u00e9 professionnels pour les peaux ternes. Son activit\u00e9 antioxydante aide \u00e0 neutraliser les radicaux libres et \u00e0 ralentir le processus de vieillissement.","og_url":"https:\/\/www.med4skin.ch\/fr\/produkt\/radiance-peel-off-mask\/","og_site_name":"med4skin","article_modified_time":"2026-04-09T16:40:40+00:00","og_image":[{"url":"https:\/\/www.med4skin.ch\/wp-content\/uploads\/2022\/12\/Peel-off_Front_Radiance.1-1.png","width":1,"height":1,"type":"image\/png"}],"twitter_card":"summary_large_image","twitter_misc":{"Dur\u00e9e de lecture estim\u00e9e":"1 minute"},"schema":{"@context":"https:\/\/schema.org","@graph":[{"@type":"WebPage","@id":"https:\/\/www.med4skin.ch\/fr\/produkt\/radiance-peel-off-mask\/","url":"https:\/\/www.med4skin.ch\/fr\/produkt\/radiance-peel-off-mask\/","name":"TOSKANI Radiance Peel Off Mask | med4skin","isPartOf":{"@id":"https:\/\/www.med4skin.ch\/fr\/#website"},"primaryImageOfPage":{"@id":"https:\/\/www.med4skin.ch\/fr\/produkt\/radiance-peel-off-mask\/#primaryimage"},"image":{"@id":"https:\/\/www.med4skin.ch\/fr\/produkt\/radiance-peel-off-mask\/#primaryimage"},"thumbnailUrl":"https:\/\/www.med4skin.ch\/wp-content\/uploads\/2022\/12\/Peel-off_Front_Radiance.1-1.png","datePublished":"2022-12-23T23:42:51+00:00","dateModified":"2026-04-09T16:40:40+00:00","description":"TOSKANI Radiance Peel Off Mask est un masque qui compl\u00e8te les programmes de beaut\u00e9 professionnels pour les peaux ternes. Son activit\u00e9 antioxydante aide \u00e0 neutraliser les radicaux libres et \u00e0 ralentir le processus de vieillissement.","breadcrumb":{"@id":"https:\/\/www.med4skin.ch\/fr\/produkt\/radiance-peel-off-mask\/#breadcrumb"},"inLanguage":"fr-FR","potentialAction":[{"@type":"ReadAction","target":["https:\/\/www.med4skin.ch\/fr\/produkt\/radiance-peel-off-mask\/"]}]},{"@type":"ImageObject","inLanguage":"fr-FR","@id":"https:\/\/www.med4skin.ch\/fr\/produkt\/radiance-peel-off-mask\/#primaryimage","url":"https:\/\/www.med4skin.ch\/wp-content\/uploads\/2022\/12\/Peel-off_Front_Radiance.1-1.png","contentUrl":"https:\/\/www.med4skin.ch\/wp-content\/uploads\/2022\/12\/Peel-off_Front_Radiance.1-1.png"},{"@type":"BreadcrumbList","@id":"https:\/\/www.med4skin.ch\/fr\/produkt\/radiance-peel-off-mask\/#breadcrumb","itemListElement":[{"@type":"ListItem","position":1,"name":"Startseite","item":"https:\/\/www.med4skin.ch\/fr\/"},{"@type":"ListItem","position":2,"name":"Boutique des produits HomeCare","item":"https:\/\/www.med4skin.ch\/fr\/boutique-des-produits-homecare\/"},{"@type":"ListItem","position":3,"name":"Radiance Peel Off Mask"}]},{"@type":"WebSite","@id":"https:\/\/www.med4skin.ch\/fr\/#website","url":"https:\/\/www.med4skin.ch\/fr\/","name":"med4skin","description":"med4skin - skincare","publisher":{"@id":"https:\/\/www.med4skin.ch\/fr\/#organization"},"potentialAction":[{"@type":"SearchAction","target":{"@type":"EntryPoint","urlTemplate":"https:\/\/www.med4skin.ch\/fr\/?s={search_term_string}"},"query-input":{"@type":"PropertyValueSpecification","valueRequired":true,"valueName":"search_term_string"}}],"inLanguage":"fr-FR"},{"@type":"Organization","@id":"https:\/\/www.med4skin.ch\/fr\/#organization","name":"med4skin","url":"https:\/\/www.med4skin.ch\/fr\/","logo":{"@type":"ImageObject","inLanguage":"fr-FR","@id":"https:\/\/www.med4skin.ch\/fr\/#\/schema\/logo\/image\/","url":"https:\/\/www.med4skin.ch\/wp-content\/uploads\/2022\/08\/cropped-95017869_padded_logo.png","contentUrl":"https:\/\/www.med4skin.ch\/wp-content\/uploads\/2022\/08\/cropped-95017869_padded_logo.png","width":"512","height":"512","caption":"med4skin"},"image":{"@id":"https:\/\/www.med4skin.ch\/fr\/#\/schema\/logo\/image\/"},"sameAs":["https:\/\/www.instagram.com\/toskani.switzerland\/","https:\/\/www.instagram.com\/med4skin.ch"]}]}},"_links":{"self":[{"href":"https:\/\/www.med4skin.ch\/fr\/wp-json\/wp\/v2\/product\/2942","targetHints":{"allow":["GET"]}}],"collection":[{"href":"https:\/\/www.med4skin.ch\/fr\/wp-json\/wp\/v2\/product"}],"about":[{"href":"https:\/\/www.med4skin.ch\/fr\/wp-json\/wp\/v2\/types\/product"}],"wp:featuredmedia":[{"embeddable":true,"href":"https:\/\/www.med4skin.ch\/fr\/wp-json\/wp\/v2\/media\/6843"}],"wp:attachment":[{"href":"https:\/\/www.med4skin.ch\/fr\/wp-json\/wp\/v2\/media?parent=2942"}],"wp:term":[{"taxonomy":"product_brand","embeddable":true,"href":"https:\/\/www.med4skin.ch\/fr\/wp-json\/wp\/v2\/product_brand?post=2942"},{"taxonomy":"product_cat","embeddable":true,"href":"https:\/\/www.med4skin.ch\/fr\/wp-json\/wp\/v2\/product_cat?post=2942"},{"taxonomy":"product_tag","embeddable":true,"href":"https:\/\/www.med4skin.ch\/fr\/wp-json\/wp\/v2\/product_tag?post=2942"}],"curies":[{"name":"wp","href":"https:\/\/api.w.org\/{rel}","templated":true}]}}