{"id":2943,"date":"2022-12-23T23:42:51","date_gmt":"2022-12-23T23:42:51","guid":{"rendered":"https:\/\/www.med4skin.ch\/produkt\/microchip-meso-hair\/"},"modified":"2025-04-22T13:04:46","modified_gmt":"2025-04-22T11:04:46","slug":"microchip-meso-hair","status":"publish","type":"product","link":"https:\/\/www.med4skin.ch\/fr\/produkt\/microchip-meso-hair\/","title":{"rendered":"Microchip meso HAIR Mesoject Gun"},"content":{"rendered":"<p>Micropuce pour l&rsquo;utilisation de substances actives de m\u00e9soth\u00e9rapie TOSKANI pour la zone capillaire en cas de chute de cheveux. Pour appareil Mesoject Gun - 1 pi\u00e8ce<\/p>\n<p>La m\u00e9soth\u00e9rapie avec Mesoject Gun parvient \u00e0 faire p\u00e9n\u00e9trer les principes actifs sous la barri\u00e8re cutan\u00e9e sans aiguilles et sans douleur. Des \u00e9tudes montrent la grande efficacit\u00e9 obtenue par rapport aux injections classiques ou au microneedling.<\/p>\n","protected":false},"excerpt":{"rendered":"<p>1 MicroChip HAIR<br \/>\nElectroporation et microdermabrasion pour les cheveux - adapt\u00e9 au Mesoject Gun<\/p>\n","protected":false},"featured_media":2771,"template":"","meta":{"_et_pb_use_builder":"","_et_pb_old_content":"","_et_gb_content_width":""},"product_brand":[],"product_cat":[161,163,182],"product_tag":[],"class_list":{"0":"post-2943","1":"product","2":"type-product","3":"status-publish","4":"has-post-thumbnail","6":"product_cat-professionnel","7":"product_cat-toskani-fr","8":"product_cat-toskani-devices-fr","10":"first","11":"instock","12":"taxable","13":"shipping-taxable","14":"purchasable","15":"product-type-simple"},"yoast_head":"<!-- This site is optimized with the Yoast SEO plugin v27.4 - https:\/\/yoast.com\/product\/yoast-seo-wordpress\/ -->\n<title>TOSKANI Microchip meso HAIR Mesoject Gun | med4skin<\/title>\n<meta name=\"description\" content=\"Micropuce pour l&#039;utilisation de substances actives de m\u00e9soth\u00e9rapie TOSKANI pour la zone capillaire en cas de chute de cheveux. Pour TKN Mesoject Gun \/ MesoSkin.\" \/>\n<meta name=\"robots\" content=\"index, follow, max-snippet:-1, max-image-preview:large, max-video-preview:-1\" \/>\n<link rel=\"canonical\" href=\"https:\/\/www.med4skin.ch\/fr\/produkt\/microchip-meso-hair\/\" \/>\n<meta property=\"og:locale\" content=\"fr_FR\" \/>\n<meta property=\"og:type\" content=\"article\" \/>\n<meta property=\"og:title\" content=\"TOSKANI Microchip meso HAIR Mesoject Gun | med4skin\" \/>\n<meta property=\"og:description\" content=\"Micropuce pour l&#039;utilisation de substances actives de m\u00e9soth\u00e9rapie TOSKANI pour la zone capillaire en cas de chute de cheveux. Pour TKN Mesoject Gun \/ MesoSkin.\" \/>\n<meta property=\"og:url\" content=\"https:\/\/www.med4skin.ch\/fr\/produkt\/microchip-meso-hair\/\" \/>\n<meta property=\"og:site_name\" content=\"med4skin\" \/>\n<meta property=\"article:modified_time\" content=\"2025-04-22T11:04:46+00:00\" \/>\n<meta property=\"og:image\" content=\"https:\/\/www.med4skin.ch\/wp-content\/uploads\/2022\/12\/Toskani-Chip-Hair.webp\" \/>\n\t<meta property=\"og:image:width\" content=\"768\" \/>\n\t<meta property=\"og:image:height\" content=\"768\" \/>\n\t<meta property=\"og:image:type\" content=\"image\/webp\" \/>\n<meta name=\"twitter:card\" content=\"summary_large_image\" \/>\n<meta name=\"twitter:label1\" content=\"Dur\u00e9e de lecture estim\u00e9e\" \/>\n\t<meta name=\"twitter:data1\" content=\"1 minute\" \/>\n<script type=\"application\/ld+json\" class=\"yoast-schema-graph\">{\"@context\":\"https:\\\/\\\/schema.org\",\"@graph\":[{\"@type\":\"WebPage\",\"@id\":\"https:\\\/\\\/www.med4skin.ch\\\/fr\\\/produkt\\\/microchip-meso-hair\\\/\",\"url\":\"https:\\\/\\\/www.med4skin.ch\\\/fr\\\/produkt\\\/microchip-meso-hair\\\/\",\"name\":\"TOSKANI Microchip meso HAIR Mesoject Gun | med4skin\",\"isPartOf\":{\"@id\":\"https:\\\/\\\/www.med4skin.ch\\\/fr\\\/#website\"},\"primaryImageOfPage\":{\"@id\":\"https:\\\/\\\/www.med4skin.ch\\\/fr\\\/produkt\\\/microchip-meso-hair\\\/#primaryimage\"},\"image\":{\"@id\":\"https:\\\/\\\/www.med4skin.ch\\\/fr\\\/produkt\\\/microchip-meso-hair\\\/#primaryimage\"},\"thumbnailUrl\":\"https:\\\/\\\/www.med4skin.ch\\\/wp-content\\\/uploads\\\/2022\\\/12\\\/Toskani-Chip-Hair.webp\",\"datePublished\":\"2022-12-23T23:42:51+00:00\",\"dateModified\":\"2025-04-22T11:04:46+00:00\",\"description\":\"Micropuce pour l'utilisation de substances actives de m\u00e9soth\u00e9rapie TOSKANI pour la zone capillaire en cas de chute de cheveux. Pour TKN Mesoject Gun \\\/ MesoSkin.\",\"breadcrumb\":{\"@id\":\"https:\\\/\\\/www.med4skin.ch\\\/fr\\\/produkt\\\/microchip-meso-hair\\\/#breadcrumb\"},\"inLanguage\":\"fr-FR\",\"potentialAction\":[{\"@type\":\"ReadAction\",\"target\":[\"https:\\\/\\\/www.med4skin.ch\\\/fr\\\/produkt\\\/microchip-meso-hair\\\/\"]}]},{\"@type\":\"ImageObject\",\"inLanguage\":\"fr-FR\",\"@id\":\"https:\\\/\\\/www.med4skin.ch\\\/fr\\\/produkt\\\/microchip-meso-hair\\\/#primaryimage\",\"url\":\"https:\\\/\\\/www.med4skin.ch\\\/wp-content\\\/uploads\\\/2022\\\/12\\\/Toskani-Chip-Hair.webp\",\"contentUrl\":\"https:\\\/\\\/www.med4skin.ch\\\/wp-content\\\/uploads\\\/2022\\\/12\\\/Toskani-Chip-Hair.webp\",\"width\":\"768\",\"height\":\"768\"},{\"@type\":\"BreadcrumbList\",\"@id\":\"https:\\\/\\\/www.med4skin.ch\\\/fr\\\/produkt\\\/microchip-meso-hair\\\/#breadcrumb\",\"itemListElement\":[{\"@type\":\"ListItem\",\"position\":1,\"name\":\"Startseite\",\"item\":\"https:\\\/\\\/www.med4skin.ch\\\/fr\\\/\"},{\"@type\":\"ListItem\",\"position\":2,\"name\":\"Boutique des produits HomeCare\",\"item\":\"https:\\\/\\\/www.med4skin.ch\\\/fr\\\/boutique-des-produits-homecare\\\/\"},{\"@type\":\"ListItem\",\"position\":3,\"name\":\"Microchip meso HAIR Mesoject Gun\"}]},{\"@type\":\"WebSite\",\"@id\":\"https:\\\/\\\/www.med4skin.ch\\\/fr\\\/#website\",\"url\":\"https:\\\/\\\/www.med4skin.ch\\\/fr\\\/\",\"name\":\"med4skin\",\"description\":\"med4skin - skincare\",\"publisher\":{\"@id\":\"https:\\\/\\\/www.med4skin.ch\\\/fr\\\/#organization\"},\"potentialAction\":[{\"@type\":\"SearchAction\",\"target\":{\"@type\":\"EntryPoint\",\"urlTemplate\":\"https:\\\/\\\/www.med4skin.ch\\\/fr\\\/?s={search_term_string}\"},\"query-input\":{\"@type\":\"PropertyValueSpecification\",\"valueRequired\":true,\"valueName\":\"search_term_string\"}}],\"inLanguage\":\"fr-FR\"},{\"@type\":\"Organization\",\"@id\":\"https:\\\/\\\/www.med4skin.ch\\\/fr\\\/#organization\",\"name\":\"med4skin\",\"url\":\"https:\\\/\\\/www.med4skin.ch\\\/fr\\\/\",\"logo\":{\"@type\":\"ImageObject\",\"inLanguage\":\"fr-FR\",\"@id\":\"https:\\\/\\\/www.med4skin.ch\\\/fr\\\/#\\\/schema\\\/logo\\\/image\\\/\",\"url\":\"https:\\\/\\\/www.med4skin.ch\\\/wp-content\\\/uploads\\\/2022\\\/08\\\/cropped-95017869_padded_logo.png\",\"contentUrl\":\"https:\\\/\\\/www.med4skin.ch\\\/wp-content\\\/uploads\\\/2022\\\/08\\\/cropped-95017869_padded_logo.png\",\"width\":\"512\",\"height\":\"512\",\"caption\":\"med4skin\"},\"image\":{\"@id\":\"https:\\\/\\\/www.med4skin.ch\\\/fr\\\/#\\\/schema\\\/logo\\\/image\\\/\"},\"sameAs\":[\"https:\\\/\\\/www.instagram.com\\\/toskani.switzerland\\\/\",\"https:\\\/\\\/www.instagram.com\\\/med4skin.ch\"]}]}<\/script>\n<!-- \/ Yoast SEO plugin. -->","yoast_head_json":{"title":"TOSKANI Microchip meso HAIR Mesoject Gun | med4skin","description":"Micropuce pour l'utilisation de substances actives de m\u00e9soth\u00e9rapie TOSKANI pour la zone capillaire en cas de chute de cheveux. Pour TKN Mesoject Gun \/ MesoSkin.","robots":{"index":"index","follow":"follow","max-snippet":"max-snippet:-1","max-image-preview":"max-image-preview:large","max-video-preview":"max-video-preview:-1"},"canonical":"https:\/\/www.med4skin.ch\/fr\/produkt\/microchip-meso-hair\/","og_locale":"fr_FR","og_type":"article","og_title":"TOSKANI Microchip meso HAIR Mesoject Gun | med4skin","og_description":"Micropuce pour l'utilisation de substances actives de m\u00e9soth\u00e9rapie TOSKANI pour la zone capillaire en cas de chute de cheveux. Pour TKN Mesoject Gun \/ MesoSkin.","og_url":"https:\/\/www.med4skin.ch\/fr\/produkt\/microchip-meso-hair\/","og_site_name":"med4skin","article_modified_time":"2025-04-22T11:04:46+00:00","og_image":[{"width":768,"height":768,"url":"https:\/\/www.med4skin.ch\/wp-content\/uploads\/2022\/12\/Toskani-Chip-Hair.webp","type":"image\/webp"}],"twitter_card":"summary_large_image","twitter_misc":{"Dur\u00e9e de lecture estim\u00e9e":"1 minute"},"schema":{"@context":"https:\/\/schema.org","@graph":[{"@type":"WebPage","@id":"https:\/\/www.med4skin.ch\/fr\/produkt\/microchip-meso-hair\/","url":"https:\/\/www.med4skin.ch\/fr\/produkt\/microchip-meso-hair\/","name":"TOSKANI Microchip meso HAIR Mesoject Gun | med4skin","isPartOf":{"@id":"https:\/\/www.med4skin.ch\/fr\/#website"},"primaryImageOfPage":{"@id":"https:\/\/www.med4skin.ch\/fr\/produkt\/microchip-meso-hair\/#primaryimage"},"image":{"@id":"https:\/\/www.med4skin.ch\/fr\/produkt\/microchip-meso-hair\/#primaryimage"},"thumbnailUrl":"https:\/\/www.med4skin.ch\/wp-content\/uploads\/2022\/12\/Toskani-Chip-Hair.webp","datePublished":"2022-12-23T23:42:51+00:00","dateModified":"2025-04-22T11:04:46+00:00","description":"Micropuce pour l'utilisation de substances actives de m\u00e9soth\u00e9rapie TOSKANI pour la zone capillaire en cas de chute de cheveux. Pour TKN Mesoject Gun \/ MesoSkin.","breadcrumb":{"@id":"https:\/\/www.med4skin.ch\/fr\/produkt\/microchip-meso-hair\/#breadcrumb"},"inLanguage":"fr-FR","potentialAction":[{"@type":"ReadAction","target":["https:\/\/www.med4skin.ch\/fr\/produkt\/microchip-meso-hair\/"]}]},{"@type":"ImageObject","inLanguage":"fr-FR","@id":"https:\/\/www.med4skin.ch\/fr\/produkt\/microchip-meso-hair\/#primaryimage","url":"https:\/\/www.med4skin.ch\/wp-content\/uploads\/2022\/12\/Toskani-Chip-Hair.webp","contentUrl":"https:\/\/www.med4skin.ch\/wp-content\/uploads\/2022\/12\/Toskani-Chip-Hair.webp","width":"768","height":"768"},{"@type":"BreadcrumbList","@id":"https:\/\/www.med4skin.ch\/fr\/produkt\/microchip-meso-hair\/#breadcrumb","itemListElement":[{"@type":"ListItem","position":1,"name":"Startseite","item":"https:\/\/www.med4skin.ch\/fr\/"},{"@type":"ListItem","position":2,"name":"Boutique des produits HomeCare","item":"https:\/\/www.med4skin.ch\/fr\/boutique-des-produits-homecare\/"},{"@type":"ListItem","position":3,"name":"Microchip meso HAIR Mesoject Gun"}]},{"@type":"WebSite","@id":"https:\/\/www.med4skin.ch\/fr\/#website","url":"https:\/\/www.med4skin.ch\/fr\/","name":"med4skin","description":"med4skin - skincare","publisher":{"@id":"https:\/\/www.med4skin.ch\/fr\/#organization"},"potentialAction":[{"@type":"SearchAction","target":{"@type":"EntryPoint","urlTemplate":"https:\/\/www.med4skin.ch\/fr\/?s={search_term_string}"},"query-input":{"@type":"PropertyValueSpecification","valueRequired":true,"valueName":"search_term_string"}}],"inLanguage":"fr-FR"},{"@type":"Organization","@id":"https:\/\/www.med4skin.ch\/fr\/#organization","name":"med4skin","url":"https:\/\/www.med4skin.ch\/fr\/","logo":{"@type":"ImageObject","inLanguage":"fr-FR","@id":"https:\/\/www.med4skin.ch\/fr\/#\/schema\/logo\/image\/","url":"https:\/\/www.med4skin.ch\/wp-content\/uploads\/2022\/08\/cropped-95017869_padded_logo.png","contentUrl":"https:\/\/www.med4skin.ch\/wp-content\/uploads\/2022\/08\/cropped-95017869_padded_logo.png","width":"512","height":"512","caption":"med4skin"},"image":{"@id":"https:\/\/www.med4skin.ch\/fr\/#\/schema\/logo\/image\/"},"sameAs":["https:\/\/www.instagram.com\/toskani.switzerland\/","https:\/\/www.instagram.com\/med4skin.ch"]}]}},"_links":{"self":[{"href":"https:\/\/www.med4skin.ch\/fr\/wp-json\/wp\/v2\/product\/2943","targetHints":{"allow":["GET"]}}],"collection":[{"href":"https:\/\/www.med4skin.ch\/fr\/wp-json\/wp\/v2\/product"}],"about":[{"href":"https:\/\/www.med4skin.ch\/fr\/wp-json\/wp\/v2\/types\/product"}],"wp:featuredmedia":[{"embeddable":true,"href":"https:\/\/www.med4skin.ch\/fr\/wp-json\/wp\/v2\/media\/2771"}],"wp:attachment":[{"href":"https:\/\/www.med4skin.ch\/fr\/wp-json\/wp\/v2\/media?parent=2943"}],"wp:term":[{"taxonomy":"product_brand","embeddable":true,"href":"https:\/\/www.med4skin.ch\/fr\/wp-json\/wp\/v2\/product_brand?post=2943"},{"taxonomy":"product_cat","embeddable":true,"href":"https:\/\/www.med4skin.ch\/fr\/wp-json\/wp\/v2\/product_cat?post=2943"},{"taxonomy":"product_tag","embeddable":true,"href":"https:\/\/www.med4skin.ch\/fr\/wp-json\/wp\/v2\/product_tag?post=2943"}],"curies":[{"name":"wp","href":"https:\/\/api.w.org\/{rel}","templated":true}]}}