{"id":2957,"date":"2022-12-23T23:45:28","date_gmt":"2022-12-23T23:45:28","guid":{"rendered":"https:\/\/www.med4skin.ch\/produkt\/peau-glycolique-20-pe\/"},"modified":"2025-11-21T14:37:05","modified_gmt":"2025-11-21T13:37:05","slug":"glycolic-peel-20-pe","status":"publish","type":"product","link":"https:\/\/www.med4skin.ch\/fr\/produkt\/glycolic-peel-20-pe\/","title":{"rendered":"Glycolic Peel 20% PE"},"content":{"rendered":"<p>TOSKANI Glycolic Peel 20% PE est un peeling chimique \u00e0 base d&rsquo;acide glycolique. Cet ingr\u00e9dient est volontiers utilis\u00e9 pour traiter les rides et l&rsquo;acn\u00e9. L&rsquo;acide glycolique est un acide alpha-hydroxy naturel. Lorsqu&rsquo;elle est appliqu\u00e9e sur la peau, elle aide \u00e0 \u00e9liminer la \u00ab\u00a0colle\u00a0\u00bb qui maintient la peau la plus ancienne, la plus rugueuse et la plus s\u00e8che \u00e0 la surface. Une fois cette couche sup\u00e9rieure de peau enlev\u00e9e, une nouvelle couche fra\u00eeche appara\u00eet. Le peeling au glycol stimule la production de nouveau collag\u00e8ne et d&rsquo;\u00e9lastine, ce qui permet de faire dispara\u00eetre les rides et ridules, d&rsquo;uniformiser le teint et d&rsquo;am\u00e9liorer la texture de la peau.<\/p>\n<p><strong>Indications<\/strong><br \/>\nCicatrices, chrono-vieillissement, rel\u00e2chement<\/p>\n<p><strong>Substances actives<\/strong><br \/>\nAcide glycolique 20<\/p>\n","protected":false},"excerpt":{"rendered":"<p>Flacon de 50 ml<\/p>\n","protected":false},"featured_media":2703,"template":"","meta":{"_et_pb_use_builder":"","_et_pb_old_content":"","_et_gb_content_width":""},"product_brand":[],"product_cat":[161,178,168],"product_tag":[],"class_list":{"0":"post-2957","1":"product","2":"type-product","3":"status-publish","4":"has-post-thumbnail","6":"product_cat-professionnel","7":"product_cat-toskani-monoacid-peelings","8":"product_cat-toskanimed","10":"first","11":"instock","12":"taxable","13":"shipping-taxable","14":"purchasable","15":"product-type-simple"},"yoast_head":"<!-- This site is optimized with the Yoast SEO plugin v27.4 - https:\/\/yoast.com\/product\/yoast-seo-wordpress\/ -->\n<title>TOSKANI Glycolic Peel 20% PE | med4skin<\/title>\n<meta name=\"description\" content=\"TOSKANI Glycolic Peel est un peeling chimique \u00e0 base d&#039;acide glycolique. Cet ingr\u00e9dient est populaire dans les traitements contre les rides et l&#039;acn\u00e9.\" \/>\n<meta name=\"robots\" content=\"index, follow, max-snippet:-1, max-image-preview:large, max-video-preview:-1\" \/>\n<link rel=\"canonical\" href=\"https:\/\/www.med4skin.ch\/fr\/produkt\/glycolic-peel-20-pe\/\" \/>\n<meta property=\"og:locale\" content=\"fr_FR\" \/>\n<meta property=\"og:type\" content=\"article\" \/>\n<meta property=\"og:title\" content=\"TOSKANI Glycolic Peel 20% PE | med4skin\" \/>\n<meta property=\"og:description\" content=\"TOSKANI Glycolic Peel est un peeling chimique \u00e0 base d&#039;acide glycolique. Cet ingr\u00e9dient est populaire dans les traitements contre les rides et l&#039;acn\u00e9.\" \/>\n<meta property=\"og:url\" content=\"https:\/\/www.med4skin.ch\/fr\/produkt\/glycolic-peel-20-pe\/\" \/>\n<meta property=\"og:site_name\" content=\"med4skin\" \/>\n<meta property=\"article:modified_time\" content=\"2025-11-21T13:37:05+00:00\" \/>\n<meta property=\"og:image\" content=\"https:\/\/www.med4skin.ch\/wp-content\/uploads\/2022\/12\/Peeling_Glycolic20.png\" \/>\n\t<meta property=\"og:image:width\" content=\"1200\" \/>\n\t<meta property=\"og:image:height\" content=\"1200\" \/>\n\t<meta property=\"og:image:type\" content=\"image\/png\" \/>\n<meta name=\"twitter:card\" content=\"summary_large_image\" \/>\n<meta name=\"twitter:label1\" content=\"Dur\u00e9e de lecture estim\u00e9e\" \/>\n\t<meta name=\"twitter:data1\" content=\"1 minute\" \/>\n<script type=\"application\/ld+json\" class=\"yoast-schema-graph\">{\"@context\":\"https:\\\/\\\/schema.org\",\"@graph\":[{\"@type\":\"WebPage\",\"@id\":\"https:\\\/\\\/www.med4skin.ch\\\/fr\\\/produkt\\\/glycolic-peel-20-pe\\\/\",\"url\":\"https:\\\/\\\/www.med4skin.ch\\\/fr\\\/produkt\\\/glycolic-peel-20-pe\\\/\",\"name\":\"TOSKANI Glycolic Peel 20% PE | med4skin\",\"isPartOf\":{\"@id\":\"https:\\\/\\\/www.med4skin.ch\\\/fr\\\/#website\"},\"primaryImageOfPage\":{\"@id\":\"https:\\\/\\\/www.med4skin.ch\\\/fr\\\/produkt\\\/glycolic-peel-20-pe\\\/#primaryimage\"},\"image\":{\"@id\":\"https:\\\/\\\/www.med4skin.ch\\\/fr\\\/produkt\\\/glycolic-peel-20-pe\\\/#primaryimage\"},\"thumbnailUrl\":\"https:\\\/\\\/www.med4skin.ch\\\/wp-content\\\/uploads\\\/2022\\\/12\\\/Peeling_Glycolic20.png\",\"datePublished\":\"2022-12-23T23:45:28+00:00\",\"dateModified\":\"2025-11-21T13:37:05+00:00\",\"description\":\"TOSKANI Glycolic Peel est un peeling chimique \u00e0 base d'acide glycolique. Cet ingr\u00e9dient est populaire dans les traitements contre les rides et l'acn\u00e9.\",\"breadcrumb\":{\"@id\":\"https:\\\/\\\/www.med4skin.ch\\\/fr\\\/produkt\\\/glycolic-peel-20-pe\\\/#breadcrumb\"},\"inLanguage\":\"fr-FR\",\"potentialAction\":[{\"@type\":\"ReadAction\",\"target\":[\"https:\\\/\\\/www.med4skin.ch\\\/fr\\\/produkt\\\/glycolic-peel-20-pe\\\/\"]}]},{\"@type\":\"ImageObject\",\"inLanguage\":\"fr-FR\",\"@id\":\"https:\\\/\\\/www.med4skin.ch\\\/fr\\\/produkt\\\/glycolic-peel-20-pe\\\/#primaryimage\",\"url\":\"https:\\\/\\\/www.med4skin.ch\\\/wp-content\\\/uploads\\\/2022\\\/12\\\/Peeling_Glycolic20.png\",\"contentUrl\":\"https:\\\/\\\/www.med4skin.ch\\\/wp-content\\\/uploads\\\/2022\\\/12\\\/Peeling_Glycolic20.png\",\"width\":\"1200\",\"height\":\"1200\"},{\"@type\":\"BreadcrumbList\",\"@id\":\"https:\\\/\\\/www.med4skin.ch\\\/fr\\\/produkt\\\/glycolic-peel-20-pe\\\/#breadcrumb\",\"itemListElement\":[{\"@type\":\"ListItem\",\"position\":1,\"name\":\"Startseite\",\"item\":\"https:\\\/\\\/www.med4skin.ch\\\/fr\\\/\"},{\"@type\":\"ListItem\",\"position\":2,\"name\":\"Boutique des produits HomeCare\",\"item\":\"https:\\\/\\\/www.med4skin.ch\\\/fr\\\/boutique-des-produits-homecare\\\/\"},{\"@type\":\"ListItem\",\"position\":3,\"name\":\"Glycolic Peel 20% PE\"}]},{\"@type\":\"WebSite\",\"@id\":\"https:\\\/\\\/www.med4skin.ch\\\/fr\\\/#website\",\"url\":\"https:\\\/\\\/www.med4skin.ch\\\/fr\\\/\",\"name\":\"med4skin\",\"description\":\"med4skin - skincare\",\"publisher\":{\"@id\":\"https:\\\/\\\/www.med4skin.ch\\\/fr\\\/#organization\"},\"potentialAction\":[{\"@type\":\"SearchAction\",\"target\":{\"@type\":\"EntryPoint\",\"urlTemplate\":\"https:\\\/\\\/www.med4skin.ch\\\/fr\\\/?s={search_term_string}\"},\"query-input\":{\"@type\":\"PropertyValueSpecification\",\"valueRequired\":true,\"valueName\":\"search_term_string\"}}],\"inLanguage\":\"fr-FR\"},{\"@type\":\"Organization\",\"@id\":\"https:\\\/\\\/www.med4skin.ch\\\/fr\\\/#organization\",\"name\":\"med4skin\",\"url\":\"https:\\\/\\\/www.med4skin.ch\\\/fr\\\/\",\"logo\":{\"@type\":\"ImageObject\",\"inLanguage\":\"fr-FR\",\"@id\":\"https:\\\/\\\/www.med4skin.ch\\\/fr\\\/#\\\/schema\\\/logo\\\/image\\\/\",\"url\":\"https:\\\/\\\/www.med4skin.ch\\\/wp-content\\\/uploads\\\/2022\\\/08\\\/cropped-95017869_padded_logo.png\",\"contentUrl\":\"https:\\\/\\\/www.med4skin.ch\\\/wp-content\\\/uploads\\\/2022\\\/08\\\/cropped-95017869_padded_logo.png\",\"width\":\"512\",\"height\":\"512\",\"caption\":\"med4skin\"},\"image\":{\"@id\":\"https:\\\/\\\/www.med4skin.ch\\\/fr\\\/#\\\/schema\\\/logo\\\/image\\\/\"},\"sameAs\":[\"https:\\\/\\\/www.instagram.com\\\/toskani.switzerland\\\/\",\"https:\\\/\\\/www.instagram.com\\\/med4skin.ch\"]}]}<\/script>\n<!-- \/ Yoast SEO plugin. -->","yoast_head_json":{"title":"TOSKANI Glycolic Peel 20% PE | med4skin","description":"TOSKANI Glycolic Peel est un peeling chimique \u00e0 base d'acide glycolique. Cet ingr\u00e9dient est populaire dans les traitements contre les rides et l'acn\u00e9.","robots":{"index":"index","follow":"follow","max-snippet":"max-snippet:-1","max-image-preview":"max-image-preview:large","max-video-preview":"max-video-preview:-1"},"canonical":"https:\/\/www.med4skin.ch\/fr\/produkt\/glycolic-peel-20-pe\/","og_locale":"fr_FR","og_type":"article","og_title":"TOSKANI Glycolic Peel 20% PE | med4skin","og_description":"TOSKANI Glycolic Peel est un peeling chimique \u00e0 base d'acide glycolique. Cet ingr\u00e9dient est populaire dans les traitements contre les rides et l'acn\u00e9.","og_url":"https:\/\/www.med4skin.ch\/fr\/produkt\/glycolic-peel-20-pe\/","og_site_name":"med4skin","article_modified_time":"2025-11-21T13:37:05+00:00","og_image":[{"width":1200,"height":1200,"url":"https:\/\/www.med4skin.ch\/wp-content\/uploads\/2022\/12\/Peeling_Glycolic20.png","type":"image\/png"}],"twitter_card":"summary_large_image","twitter_misc":{"Dur\u00e9e de lecture estim\u00e9e":"1 minute"},"schema":{"@context":"https:\/\/schema.org","@graph":[{"@type":"WebPage","@id":"https:\/\/www.med4skin.ch\/fr\/produkt\/glycolic-peel-20-pe\/","url":"https:\/\/www.med4skin.ch\/fr\/produkt\/glycolic-peel-20-pe\/","name":"TOSKANI Glycolic Peel 20% PE | med4skin","isPartOf":{"@id":"https:\/\/www.med4skin.ch\/fr\/#website"},"primaryImageOfPage":{"@id":"https:\/\/www.med4skin.ch\/fr\/produkt\/glycolic-peel-20-pe\/#primaryimage"},"image":{"@id":"https:\/\/www.med4skin.ch\/fr\/produkt\/glycolic-peel-20-pe\/#primaryimage"},"thumbnailUrl":"https:\/\/www.med4skin.ch\/wp-content\/uploads\/2022\/12\/Peeling_Glycolic20.png","datePublished":"2022-12-23T23:45:28+00:00","dateModified":"2025-11-21T13:37:05+00:00","description":"TOSKANI Glycolic Peel est un peeling chimique \u00e0 base d'acide glycolique. Cet ingr\u00e9dient est populaire dans les traitements contre les rides et l'acn\u00e9.","breadcrumb":{"@id":"https:\/\/www.med4skin.ch\/fr\/produkt\/glycolic-peel-20-pe\/#breadcrumb"},"inLanguage":"fr-FR","potentialAction":[{"@type":"ReadAction","target":["https:\/\/www.med4skin.ch\/fr\/produkt\/glycolic-peel-20-pe\/"]}]},{"@type":"ImageObject","inLanguage":"fr-FR","@id":"https:\/\/www.med4skin.ch\/fr\/produkt\/glycolic-peel-20-pe\/#primaryimage","url":"https:\/\/www.med4skin.ch\/wp-content\/uploads\/2022\/12\/Peeling_Glycolic20.png","contentUrl":"https:\/\/www.med4skin.ch\/wp-content\/uploads\/2022\/12\/Peeling_Glycolic20.png","width":"1200","height":"1200"},{"@type":"BreadcrumbList","@id":"https:\/\/www.med4skin.ch\/fr\/produkt\/glycolic-peel-20-pe\/#breadcrumb","itemListElement":[{"@type":"ListItem","position":1,"name":"Startseite","item":"https:\/\/www.med4skin.ch\/fr\/"},{"@type":"ListItem","position":2,"name":"Boutique des produits HomeCare","item":"https:\/\/www.med4skin.ch\/fr\/boutique-des-produits-homecare\/"},{"@type":"ListItem","position":3,"name":"Glycolic Peel 20% PE"}]},{"@type":"WebSite","@id":"https:\/\/www.med4skin.ch\/fr\/#website","url":"https:\/\/www.med4skin.ch\/fr\/","name":"med4skin","description":"med4skin - skincare","publisher":{"@id":"https:\/\/www.med4skin.ch\/fr\/#organization"},"potentialAction":[{"@type":"SearchAction","target":{"@type":"EntryPoint","urlTemplate":"https:\/\/www.med4skin.ch\/fr\/?s={search_term_string}"},"query-input":{"@type":"PropertyValueSpecification","valueRequired":true,"valueName":"search_term_string"}}],"inLanguage":"fr-FR"},{"@type":"Organization","@id":"https:\/\/www.med4skin.ch\/fr\/#organization","name":"med4skin","url":"https:\/\/www.med4skin.ch\/fr\/","logo":{"@type":"ImageObject","inLanguage":"fr-FR","@id":"https:\/\/www.med4skin.ch\/fr\/#\/schema\/logo\/image\/","url":"https:\/\/www.med4skin.ch\/wp-content\/uploads\/2022\/08\/cropped-95017869_padded_logo.png","contentUrl":"https:\/\/www.med4skin.ch\/wp-content\/uploads\/2022\/08\/cropped-95017869_padded_logo.png","width":"512","height":"512","caption":"med4skin"},"image":{"@id":"https:\/\/www.med4skin.ch\/fr\/#\/schema\/logo\/image\/"},"sameAs":["https:\/\/www.instagram.com\/toskani.switzerland\/","https:\/\/www.instagram.com\/med4skin.ch"]}]}},"_links":{"self":[{"href":"https:\/\/www.med4skin.ch\/fr\/wp-json\/wp\/v2\/product\/2957","targetHints":{"allow":["GET"]}}],"collection":[{"href":"https:\/\/www.med4skin.ch\/fr\/wp-json\/wp\/v2\/product"}],"about":[{"href":"https:\/\/www.med4skin.ch\/fr\/wp-json\/wp\/v2\/types\/product"}],"wp:featuredmedia":[{"embeddable":true,"href":"https:\/\/www.med4skin.ch\/fr\/wp-json\/wp\/v2\/media\/2703"}],"wp:attachment":[{"href":"https:\/\/www.med4skin.ch\/fr\/wp-json\/wp\/v2\/media?parent=2957"}],"wp:term":[{"taxonomy":"product_brand","embeddable":true,"href":"https:\/\/www.med4skin.ch\/fr\/wp-json\/wp\/v2\/product_brand?post=2957"},{"taxonomy":"product_cat","embeddable":true,"href":"https:\/\/www.med4skin.ch\/fr\/wp-json\/wp\/v2\/product_cat?post=2957"},{"taxonomy":"product_tag","embeddable":true,"href":"https:\/\/www.med4skin.ch\/fr\/wp-json\/wp\/v2\/product_tag?post=2957"}],"curies":[{"name":"wp","href":"https:\/\/api.w.org\/{rel}","templated":true}]}}