{"id":2962,"date":"2022-12-23T23:45:28","date_gmt":"2022-12-23T23:45:28","guid":{"rendered":"https:\/\/www.med4skin.ch\/produkt\/peau-damande-30-pe\/"},"modified":"2026-01-24T08:38:10","modified_gmt":"2026-01-24T07:38:10","slug":"mandelic-peel-30-pe","status":"publish","type":"product","link":"https:\/\/www.med4skin.ch\/fr\/produkt\/mandelic-peel-30-pe\/","title":{"rendered":"Mandelic Peel 30% PE"},"content":{"rendered":"<p>TOSKANI Mandelic Peel 30% PE est un peeling chimique doux \u00e0 base d&rsquo;acide mand\u00e9lique. Comme les mol\u00e9cules de cet acide sont plus grosses que celles des autres alpha-hydroxy-acides utilis\u00e9s dans les peelings chimiques, il est le moins agressif et le mieux tol\u00e9r\u00e9 de tous, car il p\u00e9n\u00e8tre plus lentement et moins profond\u00e9ment dans la peau. Compar\u00e9 aux autres AHA, ce peeling provoque moins d&rsquo;irritations cutan\u00e9es, ce qui est un avantage pour les personnes ayant une peau sensible et sujette aux inflammations. L&rsquo;acide mand\u00e9lique a un effet antibact\u00e9rien sur la peau, c&rsquo;est pourquoi il convient aux personnes ayant une peau \u00e0 tendance acn\u00e9ique qui souhaitent essayer un peeling chimique, mais qui sont pr\u00e9occup\u00e9es par les pores obstru\u00e9s et les irritations. Mandelic Peel convient \u00e9galement aux personnes qui n&rsquo;ont jamais essay\u00e9 de peeling chimique et qui souhaitent obtenir un r\u00e9sultat doux mais efficace sur leur peau.<\/p>\n<p>Indications<br \/>\nRosac\u00e9e, photovieillissement, discromy<\/p>\n<p>Substances actives<br \/>\nAcide mand\u00e9lique 30%<\/p>\n","protected":false},"excerpt":{"rendered":"<p>Flacon de 50 ml<\/p>\n","protected":false},"featured_media":2709,"template":"","meta":{"_et_pb_use_builder":"","_et_pb_old_content":"","_et_gb_content_width":""},"product_brand":[],"product_cat":[161,178,168],"product_tag":[],"class_list":{"0":"post-2962","1":"product","2":"type-product","3":"status-publish","4":"has-post-thumbnail","6":"product_cat-professionnel","7":"product_cat-toskani-monoacid-peelings","8":"product_cat-toskanimed","10":"first","11":"instock","12":"taxable","13":"shipping-taxable","14":"purchasable","15":"product-type-simple"},"yoast_head":"<!-- This site is optimized with the Yoast SEO plugin v27.5 - https:\/\/yoast.com\/product\/yoast-seo-wordpress\/ -->\n<title>TOSKANI Mandelic Peel 30% PE | med4skin<\/title>\n<meta name=\"description\" content=\"TOSKANI Mandelic Peel est un peeling chimique doux \u00e0 base d&#039;acide mand\u00e9lique.\" \/>\n<meta name=\"robots\" content=\"index, follow, max-snippet:-1, max-image-preview:large, max-video-preview:-1\" \/>\n<link rel=\"canonical\" href=\"https:\/\/www.med4skin.ch\/fr\/produkt\/mandelic-peel-30-pe\/\" \/>\n<meta property=\"og:locale\" content=\"fr_FR\" \/>\n<meta property=\"og:type\" content=\"article\" \/>\n<meta property=\"og:title\" content=\"TOSKANI Mandelic Peel 30% PE | med4skin\" \/>\n<meta property=\"og:description\" content=\"TOSKANI Mandelic Peel est un peeling chimique doux \u00e0 base d&#039;acide mand\u00e9lique.\" \/>\n<meta property=\"og:url\" content=\"https:\/\/www.med4skin.ch\/fr\/produkt\/mandelic-peel-30-pe\/\" \/>\n<meta property=\"og:site_name\" content=\"med4skin\" \/>\n<meta property=\"article:modified_time\" content=\"2026-01-24T07:38:10+00:00\" \/>\n<meta property=\"og:image\" content=\"https:\/\/www.med4skin.ch\/wp-content\/uploads\/2022\/12\/Peeling_Mandelic30.png\" \/>\n\t<meta property=\"og:image:width\" content=\"1200\" \/>\n\t<meta property=\"og:image:height\" content=\"1200\" \/>\n\t<meta property=\"og:image:type\" content=\"image\/png\" \/>\n<meta name=\"twitter:card\" content=\"summary_large_image\" \/>\n<meta name=\"twitter:label1\" content=\"Dur\u00e9e de lecture estim\u00e9e\" \/>\n\t<meta name=\"twitter:data1\" content=\"2 minutes\" \/>\n<script type=\"application\/ld+json\" class=\"yoast-schema-graph\">{\"@context\":\"https:\\\/\\\/schema.org\",\"@graph\":[{\"@type\":\"WebPage\",\"@id\":\"https:\\\/\\\/www.med4skin.ch\\\/fr\\\/produkt\\\/mandelic-peel-30-pe\\\/\",\"url\":\"https:\\\/\\\/www.med4skin.ch\\\/fr\\\/produkt\\\/mandelic-peel-30-pe\\\/\",\"name\":\"TOSKANI Mandelic Peel 30% PE | med4skin\",\"isPartOf\":{\"@id\":\"https:\\\/\\\/www.med4skin.ch\\\/fr\\\/#website\"},\"primaryImageOfPage\":{\"@id\":\"https:\\\/\\\/www.med4skin.ch\\\/fr\\\/produkt\\\/mandelic-peel-30-pe\\\/#primaryimage\"},\"image\":{\"@id\":\"https:\\\/\\\/www.med4skin.ch\\\/fr\\\/produkt\\\/mandelic-peel-30-pe\\\/#primaryimage\"},\"thumbnailUrl\":\"https:\\\/\\\/www.med4skin.ch\\\/wp-content\\\/uploads\\\/2022\\\/12\\\/Peeling_Mandelic30.png\",\"datePublished\":\"2022-12-23T23:45:28+00:00\",\"dateModified\":\"2026-01-24T07:38:10+00:00\",\"description\":\"TOSKANI Mandelic Peel est un peeling chimique doux \u00e0 base d'acide mand\u00e9lique.\",\"breadcrumb\":{\"@id\":\"https:\\\/\\\/www.med4skin.ch\\\/fr\\\/produkt\\\/mandelic-peel-30-pe\\\/#breadcrumb\"},\"inLanguage\":\"fr-FR\",\"potentialAction\":[{\"@type\":\"ReadAction\",\"target\":[\"https:\\\/\\\/www.med4skin.ch\\\/fr\\\/produkt\\\/mandelic-peel-30-pe\\\/\"]}]},{\"@type\":\"ImageObject\",\"inLanguage\":\"fr-FR\",\"@id\":\"https:\\\/\\\/www.med4skin.ch\\\/fr\\\/produkt\\\/mandelic-peel-30-pe\\\/#primaryimage\",\"url\":\"https:\\\/\\\/www.med4skin.ch\\\/wp-content\\\/uploads\\\/2022\\\/12\\\/Peeling_Mandelic30.png\",\"contentUrl\":\"https:\\\/\\\/www.med4skin.ch\\\/wp-content\\\/uploads\\\/2022\\\/12\\\/Peeling_Mandelic30.png\",\"width\":\"1200\",\"height\":\"1200\"},{\"@type\":\"BreadcrumbList\",\"@id\":\"https:\\\/\\\/www.med4skin.ch\\\/fr\\\/produkt\\\/mandelic-peel-30-pe\\\/#breadcrumb\",\"itemListElement\":[{\"@type\":\"ListItem\",\"position\":1,\"name\":\"Startseite\",\"item\":\"https:\\\/\\\/www.med4skin.ch\\\/fr\\\/\"},{\"@type\":\"ListItem\",\"position\":2,\"name\":\"Boutique des produits HomeCare\",\"item\":\"https:\\\/\\\/www.med4skin.ch\\\/fr\\\/boutique-des-produits-homecare\\\/\"},{\"@type\":\"ListItem\",\"position\":3,\"name\":\"Mandelic Peel 30% PE\"}]},{\"@type\":\"WebSite\",\"@id\":\"https:\\\/\\\/www.med4skin.ch\\\/fr\\\/#website\",\"url\":\"https:\\\/\\\/www.med4skin.ch\\\/fr\\\/\",\"name\":\"med4skin\",\"description\":\"med4skin - skincare\",\"publisher\":{\"@id\":\"https:\\\/\\\/www.med4skin.ch\\\/fr\\\/#organization\"},\"potentialAction\":[{\"@type\":\"SearchAction\",\"target\":{\"@type\":\"EntryPoint\",\"urlTemplate\":\"https:\\\/\\\/www.med4skin.ch\\\/fr\\\/?s={search_term_string}\"},\"query-input\":{\"@type\":\"PropertyValueSpecification\",\"valueRequired\":true,\"valueName\":\"search_term_string\"}}],\"inLanguage\":\"fr-FR\"},{\"@type\":\"Organization\",\"@id\":\"https:\\\/\\\/www.med4skin.ch\\\/fr\\\/#organization\",\"name\":\"med4skin\",\"url\":\"https:\\\/\\\/www.med4skin.ch\\\/fr\\\/\",\"logo\":{\"@type\":\"ImageObject\",\"inLanguage\":\"fr-FR\",\"@id\":\"https:\\\/\\\/www.med4skin.ch\\\/fr\\\/#\\\/schema\\\/logo\\\/image\\\/\",\"url\":\"https:\\\/\\\/www.med4skin.ch\\\/wp-content\\\/uploads\\\/2022\\\/08\\\/cropped-95017869_padded_logo.png\",\"contentUrl\":\"https:\\\/\\\/www.med4skin.ch\\\/wp-content\\\/uploads\\\/2022\\\/08\\\/cropped-95017869_padded_logo.png\",\"width\":\"512\",\"height\":\"512\",\"caption\":\"med4skin\"},\"image\":{\"@id\":\"https:\\\/\\\/www.med4skin.ch\\\/fr\\\/#\\\/schema\\\/logo\\\/image\\\/\"},\"sameAs\":[\"https:\\\/\\\/www.instagram.com\\\/toskani.switzerland\\\/\",\"https:\\\/\\\/www.instagram.com\\\/med4skin.ch\"]}]}<\/script>\n<!-- \/ Yoast SEO plugin. -->","yoast_head_json":{"title":"TOSKANI Mandelic Peel 30% PE | med4skin","description":"TOSKANI Mandelic Peel est un peeling chimique doux \u00e0 base d'acide mand\u00e9lique.","robots":{"index":"index","follow":"follow","max-snippet":"max-snippet:-1","max-image-preview":"max-image-preview:large","max-video-preview":"max-video-preview:-1"},"canonical":"https:\/\/www.med4skin.ch\/fr\/produkt\/mandelic-peel-30-pe\/","og_locale":"fr_FR","og_type":"article","og_title":"TOSKANI Mandelic Peel 30% PE | med4skin","og_description":"TOSKANI Mandelic Peel est un peeling chimique doux \u00e0 base d'acide mand\u00e9lique.","og_url":"https:\/\/www.med4skin.ch\/fr\/produkt\/mandelic-peel-30-pe\/","og_site_name":"med4skin","article_modified_time":"2026-01-24T07:38:10+00:00","og_image":[{"width":1200,"height":1200,"url":"https:\/\/www.med4skin.ch\/wp-content\/uploads\/2022\/12\/Peeling_Mandelic30.png","type":"image\/png"}],"twitter_card":"summary_large_image","twitter_misc":{"Dur\u00e9e de lecture estim\u00e9e":"2 minutes"},"schema":{"@context":"https:\/\/schema.org","@graph":[{"@type":"WebPage","@id":"https:\/\/www.med4skin.ch\/fr\/produkt\/mandelic-peel-30-pe\/","url":"https:\/\/www.med4skin.ch\/fr\/produkt\/mandelic-peel-30-pe\/","name":"TOSKANI Mandelic Peel 30% PE | med4skin","isPartOf":{"@id":"https:\/\/www.med4skin.ch\/fr\/#website"},"primaryImageOfPage":{"@id":"https:\/\/www.med4skin.ch\/fr\/produkt\/mandelic-peel-30-pe\/#primaryimage"},"image":{"@id":"https:\/\/www.med4skin.ch\/fr\/produkt\/mandelic-peel-30-pe\/#primaryimage"},"thumbnailUrl":"https:\/\/www.med4skin.ch\/wp-content\/uploads\/2022\/12\/Peeling_Mandelic30.png","datePublished":"2022-12-23T23:45:28+00:00","dateModified":"2026-01-24T07:38:10+00:00","description":"TOSKANI Mandelic Peel est un peeling chimique doux \u00e0 base d'acide mand\u00e9lique.","breadcrumb":{"@id":"https:\/\/www.med4skin.ch\/fr\/produkt\/mandelic-peel-30-pe\/#breadcrumb"},"inLanguage":"fr-FR","potentialAction":[{"@type":"ReadAction","target":["https:\/\/www.med4skin.ch\/fr\/produkt\/mandelic-peel-30-pe\/"]}]},{"@type":"ImageObject","inLanguage":"fr-FR","@id":"https:\/\/www.med4skin.ch\/fr\/produkt\/mandelic-peel-30-pe\/#primaryimage","url":"https:\/\/www.med4skin.ch\/wp-content\/uploads\/2022\/12\/Peeling_Mandelic30.png","contentUrl":"https:\/\/www.med4skin.ch\/wp-content\/uploads\/2022\/12\/Peeling_Mandelic30.png","width":"1200","height":"1200"},{"@type":"BreadcrumbList","@id":"https:\/\/www.med4skin.ch\/fr\/produkt\/mandelic-peel-30-pe\/#breadcrumb","itemListElement":[{"@type":"ListItem","position":1,"name":"Startseite","item":"https:\/\/www.med4skin.ch\/fr\/"},{"@type":"ListItem","position":2,"name":"Boutique des produits HomeCare","item":"https:\/\/www.med4skin.ch\/fr\/boutique-des-produits-homecare\/"},{"@type":"ListItem","position":3,"name":"Mandelic Peel 30% PE"}]},{"@type":"WebSite","@id":"https:\/\/www.med4skin.ch\/fr\/#website","url":"https:\/\/www.med4skin.ch\/fr\/","name":"med4skin","description":"med4skin - skincare","publisher":{"@id":"https:\/\/www.med4skin.ch\/fr\/#organization"},"potentialAction":[{"@type":"SearchAction","target":{"@type":"EntryPoint","urlTemplate":"https:\/\/www.med4skin.ch\/fr\/?s={search_term_string}"},"query-input":{"@type":"PropertyValueSpecification","valueRequired":true,"valueName":"search_term_string"}}],"inLanguage":"fr-FR"},{"@type":"Organization","@id":"https:\/\/www.med4skin.ch\/fr\/#organization","name":"med4skin","url":"https:\/\/www.med4skin.ch\/fr\/","logo":{"@type":"ImageObject","inLanguage":"fr-FR","@id":"https:\/\/www.med4skin.ch\/fr\/#\/schema\/logo\/image\/","url":"https:\/\/www.med4skin.ch\/wp-content\/uploads\/2022\/08\/cropped-95017869_padded_logo.png","contentUrl":"https:\/\/www.med4skin.ch\/wp-content\/uploads\/2022\/08\/cropped-95017869_padded_logo.png","width":"512","height":"512","caption":"med4skin"},"image":{"@id":"https:\/\/www.med4skin.ch\/fr\/#\/schema\/logo\/image\/"},"sameAs":["https:\/\/www.instagram.com\/toskani.switzerland\/","https:\/\/www.instagram.com\/med4skin.ch"]}]}},"_links":{"self":[{"href":"https:\/\/www.med4skin.ch\/fr\/wp-json\/wp\/v2\/product\/2962","targetHints":{"allow":["GET"]}}],"collection":[{"href":"https:\/\/www.med4skin.ch\/fr\/wp-json\/wp\/v2\/product"}],"about":[{"href":"https:\/\/www.med4skin.ch\/fr\/wp-json\/wp\/v2\/types\/product"}],"wp:featuredmedia":[{"embeddable":true,"href":"https:\/\/www.med4skin.ch\/fr\/wp-json\/wp\/v2\/media\/2709"}],"wp:attachment":[{"href":"https:\/\/www.med4skin.ch\/fr\/wp-json\/wp\/v2\/media?parent=2962"}],"wp:term":[{"taxonomy":"product_brand","embeddable":true,"href":"https:\/\/www.med4skin.ch\/fr\/wp-json\/wp\/v2\/product_brand?post=2962"},{"taxonomy":"product_cat","embeddable":true,"href":"https:\/\/www.med4skin.ch\/fr\/wp-json\/wp\/v2\/product_cat?post=2962"},{"taxonomy":"product_tag","embeddable":true,"href":"https:\/\/www.med4skin.ch\/fr\/wp-json\/wp\/v2\/product_tag?post=2962"}],"curies":[{"name":"wp","href":"https:\/\/api.w.org\/{rel}","templated":true}]}}