{"id":2972,"date":"2022-12-23T23:45:28","date_gmt":"2022-12-23T22:45:28","guid":{"rendered":"https:\/\/www.med4skin.ch\/produkt\/meso-starter-kit-anti-chute-de-cheveux\/"},"modified":"2026-01-24T08:38:11","modified_gmt":"2026-01-24T07:38:11","slug":"meso-starter-kit-anti-hair-loss","status":"publish","type":"product","link":"https:\/\/www.med4skin.ch\/fr\/produkt\/meso-starter-kit-anti-hair-loss\/","title":{"rendered":"Meso Starter Kit anti-chute de cheveux"},"content":{"rendered":"<p>Le Starter Kit Hair de TOSKANI a \u00e9t\u00e9 con\u00e7u pour offrir aux professionnels de la beaut\u00e9 la meilleure s\u00e9lection des produits les plus efficaces pour r\u00e9aliser des traitements capillaires. Ce kit est indiqu\u00e9 pour stimuler la croissance des cheveux et pour am\u00e9liorer et corriger les diff\u00e9rents types de perte de cheveux. Le kit contient Hair Cocktail Plus (3x10ml) et HCPR (2x5ml).<\/p>\n<p><strong>Indications<\/strong><br \/>\nAlop\u00e9cie androg\u00e9nique, Alop\u00e9cie areato, Effluvium t\u00e9log\u00e8ne, Effluvium post-partum, Tropisme cutan\u00e9 bas<\/p>\n<p>&nbsp;<\/p>\n","protected":false},"excerpt":{"rendered":"<p>3 flacons de 10 ml<br \/>\n2 flacons de 5 ml<\/p>\n","protected":false},"featured_media":3827,"template":"","meta":{"_et_pb_use_builder":"","_et_pb_old_content":"","_et_gb_content_width":""},"product_brand":[],"product_cat":[161,196,186,168],"product_tag":[],"class_list":{"0":"post-2972","1":"product","2":"type-product","3":"status-publish","4":"has-post-thumbnail","6":"product_cat-professionnel","7":"product_cat-toskani-hair-fr","8":"product_cat-toskani-starter-kit","9":"product_cat-toskanimed","11":"first","12":"instock","13":"taxable","14":"shipping-taxable","15":"purchasable","16":"product-type-simple"},"yoast_head":"<!-- This site is optimized with the Yoast SEO plugin v27.3 - https:\/\/yoast.com\/product\/yoast-seo-wordpress\/ -->\n<title>TOSKANI Meso Starter Kit anti-chute de cheveux | med4skin<\/title>\n<meta name=\"description\" content=\"Le Hair Starter Kit de TOSKANI a \u00e9t\u00e9 con\u00e7u pour offrir la meilleure s\u00e9lection des produits les plus efficaces pour la r\u00e9alisation de traitements capillaires.\" \/>\n<meta name=\"robots\" content=\"index, follow, max-snippet:-1, max-image-preview:large, max-video-preview:-1\" \/>\n<link rel=\"canonical\" href=\"https:\/\/www.med4skin.ch\/fr\/produkt\/meso-starter-kit-anti-hair-loss\/\" \/>\n<meta property=\"og:locale\" content=\"fr_FR\" \/>\n<meta property=\"og:type\" content=\"article\" \/>\n<meta property=\"og:title\" content=\"TOSKANI Meso Starter Kit anti-chute de cheveux | med4skin\" \/>\n<meta property=\"og:description\" content=\"Le Hair Starter Kit de TOSKANI a \u00e9t\u00e9 con\u00e7u pour offrir la meilleure s\u00e9lection des produits les plus efficaces pour la r\u00e9alisation de traitements capillaires.\" \/>\n<meta property=\"og:url\" content=\"https:\/\/www.med4skin.ch\/fr\/produkt\/meso-starter-kit-anti-hair-loss\/\" \/>\n<meta property=\"og:site_name\" content=\"med4skin\" \/>\n<meta property=\"article:modified_time\" content=\"2026-01-24T07:38:11+00:00\" \/>\n<meta property=\"og:image\" content=\"https:\/\/www.med4skin.ch\/wp-content\/uploads\/2022\/12\/TKN-Antihairloss-Starter-Kit.jpg\" \/>\n\t<meta property=\"og:image:width\" content=\"800\" \/>\n\t<meta property=\"og:image:height\" content=\"800\" \/>\n\t<meta property=\"og:image:type\" content=\"image\/jpeg\" \/>\n<meta name=\"twitter:card\" content=\"summary_large_image\" \/>\n<meta name=\"twitter:label1\" content=\"Dur\u00e9e de lecture estim\u00e9e\" \/>\n\t<meta name=\"twitter:data1\" content=\"1 minute\" \/>\n<script type=\"application\/ld+json\" class=\"yoast-schema-graph\">{\"@context\":\"https:\\\/\\\/schema.org\",\"@graph\":[{\"@type\":\"WebPage\",\"@id\":\"https:\\\/\\\/www.med4skin.ch\\\/fr\\\/produkt\\\/meso-starter-kit-anti-hair-loss\\\/\",\"url\":\"https:\\\/\\\/www.med4skin.ch\\\/fr\\\/produkt\\\/meso-starter-kit-anti-hair-loss\\\/\",\"name\":\"TOSKANI Meso Starter Kit anti-chute de cheveux | med4skin\",\"isPartOf\":{\"@id\":\"https:\\\/\\\/www.med4skin.ch\\\/fr\\\/#website\"},\"primaryImageOfPage\":{\"@id\":\"https:\\\/\\\/www.med4skin.ch\\\/fr\\\/produkt\\\/meso-starter-kit-anti-hair-loss\\\/#primaryimage\"},\"image\":{\"@id\":\"https:\\\/\\\/www.med4skin.ch\\\/fr\\\/produkt\\\/meso-starter-kit-anti-hair-loss\\\/#primaryimage\"},\"thumbnailUrl\":\"https:\\\/\\\/www.med4skin.ch\\\/wp-content\\\/uploads\\\/2022\\\/12\\\/TKN-Antihairloss-Starter-Kit.jpg\",\"datePublished\":\"2022-12-23T22:45:28+00:00\",\"dateModified\":\"2026-01-24T07:38:11+00:00\",\"description\":\"Le Hair Starter Kit de TOSKANI a \u00e9t\u00e9 con\u00e7u pour offrir la meilleure s\u00e9lection des produits les plus efficaces pour la r\u00e9alisation de traitements capillaires.\",\"breadcrumb\":{\"@id\":\"https:\\\/\\\/www.med4skin.ch\\\/fr\\\/produkt\\\/meso-starter-kit-anti-hair-loss\\\/#breadcrumb\"},\"inLanguage\":\"fr-FR\",\"potentialAction\":[{\"@type\":\"ReadAction\",\"target\":[\"https:\\\/\\\/www.med4skin.ch\\\/fr\\\/produkt\\\/meso-starter-kit-anti-hair-loss\\\/\"]}]},{\"@type\":\"ImageObject\",\"inLanguage\":\"fr-FR\",\"@id\":\"https:\\\/\\\/www.med4skin.ch\\\/fr\\\/produkt\\\/meso-starter-kit-anti-hair-loss\\\/#primaryimage\",\"url\":\"https:\\\/\\\/www.med4skin.ch\\\/wp-content\\\/uploads\\\/2022\\\/12\\\/TKN-Antihairloss-Starter-Kit.jpg\",\"contentUrl\":\"https:\\\/\\\/www.med4skin.ch\\\/wp-content\\\/uploads\\\/2022\\\/12\\\/TKN-Antihairloss-Starter-Kit.jpg\",\"width\":800,\"height\":800},{\"@type\":\"BreadcrumbList\",\"@id\":\"https:\\\/\\\/www.med4skin.ch\\\/fr\\\/produkt\\\/meso-starter-kit-anti-hair-loss\\\/#breadcrumb\",\"itemListElement\":[{\"@type\":\"ListItem\",\"position\":1,\"name\":\"Startseite\",\"item\":\"https:\\\/\\\/www.med4skin.ch\\\/fr\\\/\"},{\"@type\":\"ListItem\",\"position\":2,\"name\":\"Boutique des produits HomeCare\",\"item\":\"https:\\\/\\\/www.med4skin.ch\\\/fr\\\/boutique-des-produits-homecare\\\/\"},{\"@type\":\"ListItem\",\"position\":3,\"name\":\"Meso Starter Kit anti-chute de cheveux\"}]},{\"@type\":\"WebSite\",\"@id\":\"https:\\\/\\\/www.med4skin.ch\\\/fr\\\/#website\",\"url\":\"https:\\\/\\\/www.med4skin.ch\\\/fr\\\/\",\"name\":\"med4skin\",\"description\":\"med4skin - skincare\",\"publisher\":{\"@id\":\"https:\\\/\\\/www.med4skin.ch\\\/fr\\\/#organization\"},\"potentialAction\":[{\"@type\":\"SearchAction\",\"target\":{\"@type\":\"EntryPoint\",\"urlTemplate\":\"https:\\\/\\\/www.med4skin.ch\\\/fr\\\/?s={search_term_string}\"},\"query-input\":{\"@type\":\"PropertyValueSpecification\",\"valueRequired\":true,\"valueName\":\"search_term_string\"}}],\"inLanguage\":\"fr-FR\"},{\"@type\":\"Organization\",\"@id\":\"https:\\\/\\\/www.med4skin.ch\\\/fr\\\/#organization\",\"name\":\"med4skin\",\"url\":\"https:\\\/\\\/www.med4skin.ch\\\/fr\\\/\",\"logo\":{\"@type\":\"ImageObject\",\"inLanguage\":\"fr-FR\",\"@id\":\"https:\\\/\\\/www.med4skin.ch\\\/fr\\\/#\\\/schema\\\/logo\\\/image\\\/\",\"url\":\"https:\\\/\\\/www.med4skin.ch\\\/wp-content\\\/uploads\\\/2022\\\/08\\\/cropped-95017869_padded_logo.png\",\"contentUrl\":\"https:\\\/\\\/www.med4skin.ch\\\/wp-content\\\/uploads\\\/2022\\\/08\\\/cropped-95017869_padded_logo.png\",\"width\":\"512\",\"height\":\"512\",\"caption\":\"med4skin\"},\"image\":{\"@id\":\"https:\\\/\\\/www.med4skin.ch\\\/fr\\\/#\\\/schema\\\/logo\\\/image\\\/\"},\"sameAs\":[\"https:\\\/\\\/www.instagram.com\\\/toskani.switzerland\\\/\",\"https:\\\/\\\/www.instagram.com\\\/med4skin.ch\"]}]}<\/script>\n<!-- \/ Yoast SEO plugin. -->","yoast_head_json":{"title":"TOSKANI Meso Starter Kit anti-chute de cheveux | med4skin","description":"Le Hair Starter Kit de TOSKANI a \u00e9t\u00e9 con\u00e7u pour offrir la meilleure s\u00e9lection des produits les plus efficaces pour la r\u00e9alisation de traitements capillaires.","robots":{"index":"index","follow":"follow","max-snippet":"max-snippet:-1","max-image-preview":"max-image-preview:large","max-video-preview":"max-video-preview:-1"},"canonical":"https:\/\/www.med4skin.ch\/fr\/produkt\/meso-starter-kit-anti-hair-loss\/","og_locale":"fr_FR","og_type":"article","og_title":"TOSKANI Meso Starter Kit anti-chute de cheveux | med4skin","og_description":"Le Hair Starter Kit de TOSKANI a \u00e9t\u00e9 con\u00e7u pour offrir la meilleure s\u00e9lection des produits les plus efficaces pour la r\u00e9alisation de traitements capillaires.","og_url":"https:\/\/www.med4skin.ch\/fr\/produkt\/meso-starter-kit-anti-hair-loss\/","og_site_name":"med4skin","article_modified_time":"2026-01-24T07:38:11+00:00","og_image":[{"width":800,"height":800,"url":"https:\/\/www.med4skin.ch\/wp-content\/uploads\/2022\/12\/TKN-Antihairloss-Starter-Kit.jpg","type":"image\/jpeg"}],"twitter_card":"summary_large_image","twitter_misc":{"Dur\u00e9e de lecture estim\u00e9e":"1 minute"},"schema":{"@context":"https:\/\/schema.org","@graph":[{"@type":"WebPage","@id":"https:\/\/www.med4skin.ch\/fr\/produkt\/meso-starter-kit-anti-hair-loss\/","url":"https:\/\/www.med4skin.ch\/fr\/produkt\/meso-starter-kit-anti-hair-loss\/","name":"TOSKANI Meso Starter Kit anti-chute de cheveux | med4skin","isPartOf":{"@id":"https:\/\/www.med4skin.ch\/fr\/#website"},"primaryImageOfPage":{"@id":"https:\/\/www.med4skin.ch\/fr\/produkt\/meso-starter-kit-anti-hair-loss\/#primaryimage"},"image":{"@id":"https:\/\/www.med4skin.ch\/fr\/produkt\/meso-starter-kit-anti-hair-loss\/#primaryimage"},"thumbnailUrl":"https:\/\/www.med4skin.ch\/wp-content\/uploads\/2022\/12\/TKN-Antihairloss-Starter-Kit.jpg","datePublished":"2022-12-23T22:45:28+00:00","dateModified":"2026-01-24T07:38:11+00:00","description":"Le Hair Starter Kit de TOSKANI a \u00e9t\u00e9 con\u00e7u pour offrir la meilleure s\u00e9lection des produits les plus efficaces pour la r\u00e9alisation de traitements capillaires.","breadcrumb":{"@id":"https:\/\/www.med4skin.ch\/fr\/produkt\/meso-starter-kit-anti-hair-loss\/#breadcrumb"},"inLanguage":"fr-FR","potentialAction":[{"@type":"ReadAction","target":["https:\/\/www.med4skin.ch\/fr\/produkt\/meso-starter-kit-anti-hair-loss\/"]}]},{"@type":"ImageObject","inLanguage":"fr-FR","@id":"https:\/\/www.med4skin.ch\/fr\/produkt\/meso-starter-kit-anti-hair-loss\/#primaryimage","url":"https:\/\/www.med4skin.ch\/wp-content\/uploads\/2022\/12\/TKN-Antihairloss-Starter-Kit.jpg","contentUrl":"https:\/\/www.med4skin.ch\/wp-content\/uploads\/2022\/12\/TKN-Antihairloss-Starter-Kit.jpg","width":800,"height":800},{"@type":"BreadcrumbList","@id":"https:\/\/www.med4skin.ch\/fr\/produkt\/meso-starter-kit-anti-hair-loss\/#breadcrumb","itemListElement":[{"@type":"ListItem","position":1,"name":"Startseite","item":"https:\/\/www.med4skin.ch\/fr\/"},{"@type":"ListItem","position":2,"name":"Boutique des produits HomeCare","item":"https:\/\/www.med4skin.ch\/fr\/boutique-des-produits-homecare\/"},{"@type":"ListItem","position":3,"name":"Meso Starter Kit anti-chute de cheveux"}]},{"@type":"WebSite","@id":"https:\/\/www.med4skin.ch\/fr\/#website","url":"https:\/\/www.med4skin.ch\/fr\/","name":"med4skin","description":"med4skin - skincare","publisher":{"@id":"https:\/\/www.med4skin.ch\/fr\/#organization"},"potentialAction":[{"@type":"SearchAction","target":{"@type":"EntryPoint","urlTemplate":"https:\/\/www.med4skin.ch\/fr\/?s={search_term_string}"},"query-input":{"@type":"PropertyValueSpecification","valueRequired":true,"valueName":"search_term_string"}}],"inLanguage":"fr-FR"},{"@type":"Organization","@id":"https:\/\/www.med4skin.ch\/fr\/#organization","name":"med4skin","url":"https:\/\/www.med4skin.ch\/fr\/","logo":{"@type":"ImageObject","inLanguage":"fr-FR","@id":"https:\/\/www.med4skin.ch\/fr\/#\/schema\/logo\/image\/","url":"https:\/\/www.med4skin.ch\/wp-content\/uploads\/2022\/08\/cropped-95017869_padded_logo.png","contentUrl":"https:\/\/www.med4skin.ch\/wp-content\/uploads\/2022\/08\/cropped-95017869_padded_logo.png","width":"512","height":"512","caption":"med4skin"},"image":{"@id":"https:\/\/www.med4skin.ch\/fr\/#\/schema\/logo\/image\/"},"sameAs":["https:\/\/www.instagram.com\/toskani.switzerland\/","https:\/\/www.instagram.com\/med4skin.ch"]}]}},"_links":{"self":[{"href":"https:\/\/www.med4skin.ch\/fr\/wp-json\/wp\/v2\/product\/2972","targetHints":{"allow":["GET"]}}],"collection":[{"href":"https:\/\/www.med4skin.ch\/fr\/wp-json\/wp\/v2\/product"}],"about":[{"href":"https:\/\/www.med4skin.ch\/fr\/wp-json\/wp\/v2\/types\/product"}],"wp:featuredmedia":[{"embeddable":true,"href":"https:\/\/www.med4skin.ch\/fr\/wp-json\/wp\/v2\/media\/3827"}],"wp:attachment":[{"href":"https:\/\/www.med4skin.ch\/fr\/wp-json\/wp\/v2\/media?parent=2972"}],"wp:term":[{"taxonomy":"product_brand","embeddable":true,"href":"https:\/\/www.med4skin.ch\/fr\/wp-json\/wp\/v2\/product_brand?post=2972"},{"taxonomy":"product_cat","embeddable":true,"href":"https:\/\/www.med4skin.ch\/fr\/wp-json\/wp\/v2\/product_cat?post=2972"},{"taxonomy":"product_tag","embeddable":true,"href":"https:\/\/www.med4skin.ch\/fr\/wp-json\/wp\/v2\/product_tag?post=2972"}],"curies":[{"name":"wp","href":"https:\/\/api.w.org\/{rel}","templated":true}]}}