{"id":2979,"date":"2022-12-23T23:45:28","date_gmt":"2022-12-23T23:45:28","guid":{"rendered":"https:\/\/www.med4skin.ch\/produkt\/photo-aging-peel-ce\/"},"modified":"2024-09-02T12:53:22","modified_gmt":"2024-09-02T10:53:22","slug":"photo-aging-peel-ce","status":"publish","type":"product","link":"https:\/\/www.med4skin.ch\/fr\/produkt\/photo-aging-peel-ce\/","title":{"rendered":"Photo-aging Peel CE"},"content":{"rendered":"<p>TOSKANI Photo-aging Peel agit en \u00e9liminant les cellules des couches sup\u00e9rieures de l&rsquo;\u00e9piderme et aide \u00e0 r\u00e9duire l&rsquo;hyperpigmentation des peaux expos\u00e9es et des peaux photo-vieillissantes. Ce peeling acc\u00e9l\u00e9r\u00e9 augmente le taux de renouvellement des cellules \u00e9pidermiques, ce qui donne une peau plus lisse et plus \u00e9clatante. Photo-Aging Peel est une solution unique, car il r\u00e9duit les signes visibles des dommages caus\u00e9s par le soleil et unifie le teint de la peau. Ce peeling offre \u00e9galement un effet rajeunissant mod\u00e9r\u00e9 et lutte contre les rides l\u00e9g\u00e8res et mod\u00e9r\u00e9es.<\/p>\n<p><strong>Indications<\/strong><br \/>\nPhoto-Aging, rides l\u00e9g\u00e8res et moyennes, peau terne et rel\u00e2ch\u00e9e, dyschromie<\/p>\n<p><strong>Principes actifs<\/strong><br \/>\nAcide lactique 13%, acide citrique 8%, acide salicylique 14%.<\/p>\n","protected":false},"excerpt":{"rendered":"<p>Flacon de 50 ml<\/p>\n","protected":false},"featured_media":2691,"template":"","meta":{"_et_pb_use_builder":"","_et_pb_old_content":"","_et_gb_content_width":""},"product_brand":[],"product_cat":[161,183,168],"product_tag":[],"class_list":{"0":"post-2979","1":"product","2":"type-product","3":"status-publish","4":"has-post-thumbnail","6":"product_cat-professionnel","7":"product_cat-toskani-combined-peelings","8":"product_cat-toskanimed","10":"first","11":"instock","12":"taxable","13":"shipping-taxable","14":"purchasable","15":"product-type-simple"},"yoast_head":"<!-- This site is optimized with the Yoast SEO plugin v27.5 - https:\/\/yoast.com\/product\/yoast-seo-wordpress\/ -->\n<title>TOSKANI Photo-aging Peel CE | med4skin<\/title>\n<meta name=\"description\" content=\"TOSKANI Photo-aging Peel agit en \u00e9liminant les cellules des couches sup\u00e9rieures de l&#039;\u00e9piderme et aide \u00e0 r\u00e9duire l&#039;hyperpigmentation des peaux expos\u00e9es et des peaux photo-vieillissantes.\" \/>\n<meta name=\"robots\" content=\"index, follow, max-snippet:-1, max-image-preview:large, max-video-preview:-1\" \/>\n<link rel=\"canonical\" href=\"https:\/\/www.med4skin.ch\/fr\/produkt\/photo-aging-peel-ce\/\" \/>\n<meta property=\"og:locale\" content=\"fr_FR\" \/>\n<meta property=\"og:type\" content=\"article\" \/>\n<meta property=\"og:title\" content=\"TOSKANI Photo-aging Peel CE | med4skin\" \/>\n<meta property=\"og:description\" content=\"TOSKANI Photo-aging Peel agit en \u00e9liminant les cellules des couches sup\u00e9rieures de l&#039;\u00e9piderme et aide \u00e0 r\u00e9duire l&#039;hyperpigmentation des peaux expos\u00e9es et des peaux photo-vieillissantes.\" \/>\n<meta property=\"og:url\" content=\"https:\/\/www.med4skin.ch\/fr\/produkt\/photo-aging-peel-ce\/\" \/>\n<meta property=\"og:site_name\" content=\"med4skin\" \/>\n<meta property=\"article:modified_time\" content=\"2024-09-02T10:53:22+00:00\" \/>\n<meta property=\"og:image\" content=\"https:\/\/www.med4skin.ch\/wp-content\/uploads\/2022\/12\/Peeling_Photoagingpeel.png\" \/>\n\t<meta property=\"og:image:width\" content=\"1200\" \/>\n\t<meta property=\"og:image:height\" content=\"1200\" \/>\n\t<meta property=\"og:image:type\" content=\"image\/png\" \/>\n<meta name=\"twitter:card\" content=\"summary_large_image\" \/>\n<meta name=\"twitter:label1\" content=\"Dur\u00e9e de lecture estim\u00e9e\" \/>\n\t<meta name=\"twitter:data1\" content=\"1 minute\" \/>\n<script type=\"application\/ld+json\" class=\"yoast-schema-graph\">{\"@context\":\"https:\\\/\\\/schema.org\",\"@graph\":[{\"@type\":\"WebPage\",\"@id\":\"https:\\\/\\\/www.med4skin.ch\\\/fr\\\/produkt\\\/photo-aging-peel-ce\\\/\",\"url\":\"https:\\\/\\\/www.med4skin.ch\\\/fr\\\/produkt\\\/photo-aging-peel-ce\\\/\",\"name\":\"TOSKANI Photo-aging Peel CE | med4skin\",\"isPartOf\":{\"@id\":\"https:\\\/\\\/www.med4skin.ch\\\/fr\\\/#website\"},\"primaryImageOfPage\":{\"@id\":\"https:\\\/\\\/www.med4skin.ch\\\/fr\\\/produkt\\\/photo-aging-peel-ce\\\/#primaryimage\"},\"image\":{\"@id\":\"https:\\\/\\\/www.med4skin.ch\\\/fr\\\/produkt\\\/photo-aging-peel-ce\\\/#primaryimage\"},\"thumbnailUrl\":\"https:\\\/\\\/www.med4skin.ch\\\/wp-content\\\/uploads\\\/2022\\\/12\\\/Peeling_Photoagingpeel.png\",\"datePublished\":\"2022-12-23T23:45:28+00:00\",\"dateModified\":\"2024-09-02T10:53:22+00:00\",\"description\":\"TOSKANI Photo-aging Peel agit en \u00e9liminant les cellules des couches sup\u00e9rieures de l'\u00e9piderme et aide \u00e0 r\u00e9duire l'hyperpigmentation des peaux expos\u00e9es et des peaux photo-vieillissantes.\",\"breadcrumb\":{\"@id\":\"https:\\\/\\\/www.med4skin.ch\\\/fr\\\/produkt\\\/photo-aging-peel-ce\\\/#breadcrumb\"},\"inLanguage\":\"fr-FR\",\"potentialAction\":[{\"@type\":\"ReadAction\",\"target\":[\"https:\\\/\\\/www.med4skin.ch\\\/fr\\\/produkt\\\/photo-aging-peel-ce\\\/\"]}]},{\"@type\":\"ImageObject\",\"inLanguage\":\"fr-FR\",\"@id\":\"https:\\\/\\\/www.med4skin.ch\\\/fr\\\/produkt\\\/photo-aging-peel-ce\\\/#primaryimage\",\"url\":\"https:\\\/\\\/www.med4skin.ch\\\/wp-content\\\/uploads\\\/2022\\\/12\\\/Peeling_Photoagingpeel.png\",\"contentUrl\":\"https:\\\/\\\/www.med4skin.ch\\\/wp-content\\\/uploads\\\/2022\\\/12\\\/Peeling_Photoagingpeel.png\",\"width\":\"1200\",\"height\":\"1200\"},{\"@type\":\"BreadcrumbList\",\"@id\":\"https:\\\/\\\/www.med4skin.ch\\\/fr\\\/produkt\\\/photo-aging-peel-ce\\\/#breadcrumb\",\"itemListElement\":[{\"@type\":\"ListItem\",\"position\":1,\"name\":\"Startseite\",\"item\":\"https:\\\/\\\/www.med4skin.ch\\\/fr\\\/\"},{\"@type\":\"ListItem\",\"position\":2,\"name\":\"Boutique des produits HomeCare\",\"item\":\"https:\\\/\\\/www.med4skin.ch\\\/fr\\\/boutique-des-produits-homecare\\\/\"},{\"@type\":\"ListItem\",\"position\":3,\"name\":\"Photo-aging Peel CE\"}]},{\"@type\":\"WebSite\",\"@id\":\"https:\\\/\\\/www.med4skin.ch\\\/fr\\\/#website\",\"url\":\"https:\\\/\\\/www.med4skin.ch\\\/fr\\\/\",\"name\":\"med4skin\",\"description\":\"med4skin - skincare\",\"publisher\":{\"@id\":\"https:\\\/\\\/www.med4skin.ch\\\/fr\\\/#organization\"},\"potentialAction\":[{\"@type\":\"SearchAction\",\"target\":{\"@type\":\"EntryPoint\",\"urlTemplate\":\"https:\\\/\\\/www.med4skin.ch\\\/fr\\\/?s={search_term_string}\"},\"query-input\":{\"@type\":\"PropertyValueSpecification\",\"valueRequired\":true,\"valueName\":\"search_term_string\"}}],\"inLanguage\":\"fr-FR\"},{\"@type\":\"Organization\",\"@id\":\"https:\\\/\\\/www.med4skin.ch\\\/fr\\\/#organization\",\"name\":\"med4skin\",\"url\":\"https:\\\/\\\/www.med4skin.ch\\\/fr\\\/\",\"logo\":{\"@type\":\"ImageObject\",\"inLanguage\":\"fr-FR\",\"@id\":\"https:\\\/\\\/www.med4skin.ch\\\/fr\\\/#\\\/schema\\\/logo\\\/image\\\/\",\"url\":\"https:\\\/\\\/www.med4skin.ch\\\/wp-content\\\/uploads\\\/2022\\\/08\\\/cropped-95017869_padded_logo.png\",\"contentUrl\":\"https:\\\/\\\/www.med4skin.ch\\\/wp-content\\\/uploads\\\/2022\\\/08\\\/cropped-95017869_padded_logo.png\",\"width\":\"512\",\"height\":\"512\",\"caption\":\"med4skin\"},\"image\":{\"@id\":\"https:\\\/\\\/www.med4skin.ch\\\/fr\\\/#\\\/schema\\\/logo\\\/image\\\/\"},\"sameAs\":[\"https:\\\/\\\/www.instagram.com\\\/toskani.switzerland\\\/\",\"https:\\\/\\\/www.instagram.com\\\/med4skin.ch\"]}]}<\/script>\n<!-- \/ Yoast SEO plugin. -->","yoast_head_json":{"title":"TOSKANI Photo-aging Peel CE | med4skin","description":"TOSKANI Photo-aging Peel agit en \u00e9liminant les cellules des couches sup\u00e9rieures de l'\u00e9piderme et aide \u00e0 r\u00e9duire l'hyperpigmentation des peaux expos\u00e9es et des peaux photo-vieillissantes.","robots":{"index":"index","follow":"follow","max-snippet":"max-snippet:-1","max-image-preview":"max-image-preview:large","max-video-preview":"max-video-preview:-1"},"canonical":"https:\/\/www.med4skin.ch\/fr\/produkt\/photo-aging-peel-ce\/","og_locale":"fr_FR","og_type":"article","og_title":"TOSKANI Photo-aging Peel CE | med4skin","og_description":"TOSKANI Photo-aging Peel agit en \u00e9liminant les cellules des couches sup\u00e9rieures de l'\u00e9piderme et aide \u00e0 r\u00e9duire l'hyperpigmentation des peaux expos\u00e9es et des peaux photo-vieillissantes.","og_url":"https:\/\/www.med4skin.ch\/fr\/produkt\/photo-aging-peel-ce\/","og_site_name":"med4skin","article_modified_time":"2024-09-02T10:53:22+00:00","og_image":[{"width":1200,"height":1200,"url":"https:\/\/www.med4skin.ch\/wp-content\/uploads\/2022\/12\/Peeling_Photoagingpeel.png","type":"image\/png"}],"twitter_card":"summary_large_image","twitter_misc":{"Dur\u00e9e de lecture estim\u00e9e":"1 minute"},"schema":{"@context":"https:\/\/schema.org","@graph":[{"@type":"WebPage","@id":"https:\/\/www.med4skin.ch\/fr\/produkt\/photo-aging-peel-ce\/","url":"https:\/\/www.med4skin.ch\/fr\/produkt\/photo-aging-peel-ce\/","name":"TOSKANI Photo-aging Peel CE | med4skin","isPartOf":{"@id":"https:\/\/www.med4skin.ch\/fr\/#website"},"primaryImageOfPage":{"@id":"https:\/\/www.med4skin.ch\/fr\/produkt\/photo-aging-peel-ce\/#primaryimage"},"image":{"@id":"https:\/\/www.med4skin.ch\/fr\/produkt\/photo-aging-peel-ce\/#primaryimage"},"thumbnailUrl":"https:\/\/www.med4skin.ch\/wp-content\/uploads\/2022\/12\/Peeling_Photoagingpeel.png","datePublished":"2022-12-23T23:45:28+00:00","dateModified":"2024-09-02T10:53:22+00:00","description":"TOSKANI Photo-aging Peel agit en \u00e9liminant les cellules des couches sup\u00e9rieures de l'\u00e9piderme et aide \u00e0 r\u00e9duire l'hyperpigmentation des peaux expos\u00e9es et des peaux photo-vieillissantes.","breadcrumb":{"@id":"https:\/\/www.med4skin.ch\/fr\/produkt\/photo-aging-peel-ce\/#breadcrumb"},"inLanguage":"fr-FR","potentialAction":[{"@type":"ReadAction","target":["https:\/\/www.med4skin.ch\/fr\/produkt\/photo-aging-peel-ce\/"]}]},{"@type":"ImageObject","inLanguage":"fr-FR","@id":"https:\/\/www.med4skin.ch\/fr\/produkt\/photo-aging-peel-ce\/#primaryimage","url":"https:\/\/www.med4skin.ch\/wp-content\/uploads\/2022\/12\/Peeling_Photoagingpeel.png","contentUrl":"https:\/\/www.med4skin.ch\/wp-content\/uploads\/2022\/12\/Peeling_Photoagingpeel.png","width":"1200","height":"1200"},{"@type":"BreadcrumbList","@id":"https:\/\/www.med4skin.ch\/fr\/produkt\/photo-aging-peel-ce\/#breadcrumb","itemListElement":[{"@type":"ListItem","position":1,"name":"Startseite","item":"https:\/\/www.med4skin.ch\/fr\/"},{"@type":"ListItem","position":2,"name":"Boutique des produits HomeCare","item":"https:\/\/www.med4skin.ch\/fr\/boutique-des-produits-homecare\/"},{"@type":"ListItem","position":3,"name":"Photo-aging Peel CE"}]},{"@type":"WebSite","@id":"https:\/\/www.med4skin.ch\/fr\/#website","url":"https:\/\/www.med4skin.ch\/fr\/","name":"med4skin","description":"med4skin - skincare","publisher":{"@id":"https:\/\/www.med4skin.ch\/fr\/#organization"},"potentialAction":[{"@type":"SearchAction","target":{"@type":"EntryPoint","urlTemplate":"https:\/\/www.med4skin.ch\/fr\/?s={search_term_string}"},"query-input":{"@type":"PropertyValueSpecification","valueRequired":true,"valueName":"search_term_string"}}],"inLanguage":"fr-FR"},{"@type":"Organization","@id":"https:\/\/www.med4skin.ch\/fr\/#organization","name":"med4skin","url":"https:\/\/www.med4skin.ch\/fr\/","logo":{"@type":"ImageObject","inLanguage":"fr-FR","@id":"https:\/\/www.med4skin.ch\/fr\/#\/schema\/logo\/image\/","url":"https:\/\/www.med4skin.ch\/wp-content\/uploads\/2022\/08\/cropped-95017869_padded_logo.png","contentUrl":"https:\/\/www.med4skin.ch\/wp-content\/uploads\/2022\/08\/cropped-95017869_padded_logo.png","width":"512","height":"512","caption":"med4skin"},"image":{"@id":"https:\/\/www.med4skin.ch\/fr\/#\/schema\/logo\/image\/"},"sameAs":["https:\/\/www.instagram.com\/toskani.switzerland\/","https:\/\/www.instagram.com\/med4skin.ch"]}]}},"_links":{"self":[{"href":"https:\/\/www.med4skin.ch\/fr\/wp-json\/wp\/v2\/product\/2979","targetHints":{"allow":["GET"]}}],"collection":[{"href":"https:\/\/www.med4skin.ch\/fr\/wp-json\/wp\/v2\/product"}],"about":[{"href":"https:\/\/www.med4skin.ch\/fr\/wp-json\/wp\/v2\/types\/product"}],"wp:featuredmedia":[{"embeddable":true,"href":"https:\/\/www.med4skin.ch\/fr\/wp-json\/wp\/v2\/media\/2691"}],"wp:attachment":[{"href":"https:\/\/www.med4skin.ch\/fr\/wp-json\/wp\/v2\/media?parent=2979"}],"wp:term":[{"taxonomy":"product_brand","embeddable":true,"href":"https:\/\/www.med4skin.ch\/fr\/wp-json\/wp\/v2\/product_brand?post=2979"},{"taxonomy":"product_cat","embeddable":true,"href":"https:\/\/www.med4skin.ch\/fr\/wp-json\/wp\/v2\/product_cat?post=2979"},{"taxonomy":"product_tag","embeddable":true,"href":"https:\/\/www.med4skin.ch\/fr\/wp-json\/wp\/v2\/product_tag?post=2979"}],"curies":[{"name":"wp","href":"https:\/\/api.w.org\/{rel}","templated":true}]}}