{"id":2980,"date":"2022-12-23T23:47:11","date_gmt":"2022-12-23T22:47:11","guid":{"rendered":"https:\/\/www.med4skin.ch\/produkt\/skin-architect-filler-density-23mg-ml\/"},"modified":"2024-09-01T17:33:59","modified_gmt":"2024-09-01T15:33:59","slug":"skin-architect-filler-density-23mg-ml","status":"publish","type":"product","link":"https:\/\/www.med4skin.ch\/fr\/produkt\/skin-architect-filler-density-23mg-ml\/","title":{"rendered":"Skin Architect Filler DENSITY 23mg\/ml"},"content":{"rendered":"<p>Skin Architect Filler DENSITY 23mg\/ml est indiqu\u00e9 pour le traitement des rides, des rides d&rsquo;expression et des ridules autour de la bouche. Il peut \u00eatre utilis\u00e9 aussi bien dans la couche superficielle que dans la couche interm\u00e9diaire du derme. L&rsquo;acide hyaluronique est une mol\u00e9cule naturellement pr\u00e9sente dans la peau. Il est fabriqu\u00e9 \u00e0 partir d&rsquo;acide hyaluronique d&rsquo;un poids mol\u00e9culaire tr\u00e8s \u00e9lev\u00e9 de 3.000 kDa : le plus proche de celui que l&rsquo;on trouve dans le derme. La s\u00e9curit\u00e9 est la premi\u00e8re priorit\u00e9 de Toskani. Les fillers Toskani disposent d&rsquo;un marquage CE et Toskani est \u00e9galement certifi\u00e9 ISO 13458. Ce gel transparent hydrate et raffermit la peau. Il s&rsquo;adapte \u00e0 tous les types de peau, donne imm\u00e9diatement de l&rsquo;\u00e9clat \u00e0 la peau et am\u00e9liore son \u00e9lasticit\u00e9. En raison de la taille de la mol\u00e9cule, le produit de comblement s&rsquo;\u00e9vapore lentement et continuellement et a une dur\u00e9e de vie moyenne de 12 mois.<\/p>\n<p><strong>Indications<\/strong><br \/>\nRides de profondeur moyenne : rides p\u00e9ri-orales,<br \/>\nsillons nasog\u00e9niens,<br \/>\ncommissures des l\u00e8vres et rides de la marionnette,<br \/>\nprofilage des l\u00e8vres,<br \/>\naugmentation mod\u00e9r\u00e9e du volume des l\u00e8vres,<br \/>\nremodelage du rhinome, zone des joues : vall\u00e9e des larmes et pommettes,<br \/>\nrajeunissement du sillon temporal,<br \/>\nrajeunissement des mains<\/p>\n<p><strong>Principes actifs<\/strong><br \/>\nAcide hyaluronique monophasique r\u00e9ticul\u00e9 23 mg\/ml - Poids mol\u00e9culaire \u00e9lev\u00e9 3000 kDa<\/p>\n","protected":false},"excerpt":{"rendered":"<p>1 seringue de 1 ml<\/p>\n","protected":false},"featured_media":6857,"template":"","meta":{"_et_pb_use_builder":"","_et_pb_old_content":"","_et_gb_content_width":""},"product_brand":[],"product_cat":[161,185,168],"product_tag":[],"class_list":{"0":"post-2980","1":"product","2":"type-product","3":"status-publish","4":"has-post-thumbnail","6":"product_cat-professionnel","7":"product_cat-toskani-filler","8":"product_cat-toskanimed","10":"first","11":"instock","12":"taxable","13":"shipping-taxable","14":"purchasable","15":"product-type-simple"},"yoast_head":"<!-- This site is optimized with the Yoast SEO plugin v27.4 - https:\/\/yoast.com\/product\/yoast-seo-wordpress\/ -->\n<title>TOSKANI Skin Architect Filler DENSITY 23mg\/ml | med4skin<\/title>\n<meta name=\"description\" content=\"Convient au traitement des ridules, des rides d&#039;expression et des rides autour de la bouche. Il peut \u00eatre appliqu\u00e9 aussi bien dans la couche superficielle que dans la couche interm\u00e9diaire du derme.\" \/>\n<meta name=\"robots\" content=\"index, follow, max-snippet:-1, max-image-preview:large, max-video-preview:-1\" \/>\n<link rel=\"canonical\" href=\"https:\/\/www.med4skin.ch\/fr\/produkt\/skin-architect-filler-density-23mg-ml\/\" \/>\n<meta property=\"og:locale\" content=\"fr_FR\" \/>\n<meta property=\"og:type\" content=\"article\" \/>\n<meta property=\"og:title\" content=\"TOSKANI Skin Architect Filler DENSITY 23mg\/ml | med4skin\" \/>\n<meta property=\"og:description\" content=\"Convient au traitement des ridules, des rides d&#039;expression et des rides autour de la bouche. Il peut \u00eatre appliqu\u00e9 aussi bien dans la couche superficielle que dans la couche interm\u00e9diaire du derme.\" \/>\n<meta property=\"og:url\" content=\"https:\/\/www.med4skin.ch\/fr\/produkt\/skin-architect-filler-density-23mg-ml\/\" \/>\n<meta property=\"og:site_name\" content=\"med4skin\" \/>\n<meta property=\"article:modified_time\" content=\"2024-09-01T15:33:59+00:00\" \/>\n<meta property=\"og:image\" content=\"https:\/\/www.med4skin.ch\/wp-content\/uploads\/2022\/12\/Skin-Architect-Filler-Density-1.png\" \/>\n\t<meta property=\"og:image:width\" content=\"389\" \/>\n\t<meta property=\"og:image:height\" content=\"800\" \/>\n\t<meta property=\"og:image:type\" content=\"image\/png\" \/>\n<meta name=\"twitter:card\" content=\"summary_large_image\" \/>\n<meta name=\"twitter:label1\" content=\"Dur\u00e9e de lecture estim\u00e9e\" \/>\n\t<meta name=\"twitter:data1\" content=\"2 minutes\" \/>\n<script type=\"application\/ld+json\" class=\"yoast-schema-graph\">{\"@context\":\"https:\\\/\\\/schema.org\",\"@graph\":[{\"@type\":\"WebPage\",\"@id\":\"https:\\\/\\\/www.med4skin.ch\\\/fr\\\/produkt\\\/skin-architect-filler-density-23mg-ml\\\/\",\"url\":\"https:\\\/\\\/www.med4skin.ch\\\/fr\\\/produkt\\\/skin-architect-filler-density-23mg-ml\\\/\",\"name\":\"TOSKANI Skin Architect Filler DENSITY 23mg\\\/ml | med4skin\",\"isPartOf\":{\"@id\":\"https:\\\/\\\/www.med4skin.ch\\\/fr\\\/#website\"},\"primaryImageOfPage\":{\"@id\":\"https:\\\/\\\/www.med4skin.ch\\\/fr\\\/produkt\\\/skin-architect-filler-density-23mg-ml\\\/#primaryimage\"},\"image\":{\"@id\":\"https:\\\/\\\/www.med4skin.ch\\\/fr\\\/produkt\\\/skin-architect-filler-density-23mg-ml\\\/#primaryimage\"},\"thumbnailUrl\":\"https:\\\/\\\/www.med4skin.ch\\\/wp-content\\\/uploads\\\/2022\\\/12\\\/Skin-Filler-Density_2000x2000px-1.png\",\"datePublished\":\"2022-12-23T22:47:11+00:00\",\"dateModified\":\"2024-09-01T15:33:59+00:00\",\"description\":\"Convient au traitement des ridules, des rides d'expression et des rides autour de la bouche. Il peut \u00eatre appliqu\u00e9 aussi bien dans la couche superficielle que dans la couche interm\u00e9diaire du derme.\",\"breadcrumb\":{\"@id\":\"https:\\\/\\\/www.med4skin.ch\\\/fr\\\/produkt\\\/skin-architect-filler-density-23mg-ml\\\/#breadcrumb\"},\"inLanguage\":\"fr-FR\",\"potentialAction\":[{\"@type\":\"ReadAction\",\"target\":[\"https:\\\/\\\/www.med4skin.ch\\\/fr\\\/produkt\\\/skin-architect-filler-density-23mg-ml\\\/\"]}]},{\"@type\":\"ImageObject\",\"inLanguage\":\"fr-FR\",\"@id\":\"https:\\\/\\\/www.med4skin.ch\\\/fr\\\/produkt\\\/skin-architect-filler-density-23mg-ml\\\/#primaryimage\",\"url\":\"https:\\\/\\\/www.med4skin.ch\\\/wp-content\\\/uploads\\\/2022\\\/12\\\/Skin-Filler-Density_2000x2000px-1.png\",\"contentUrl\":\"https:\\\/\\\/www.med4skin.ch\\\/wp-content\\\/uploads\\\/2022\\\/12\\\/Skin-Filler-Density_2000x2000px-1.png\"},{\"@type\":\"BreadcrumbList\",\"@id\":\"https:\\\/\\\/www.med4skin.ch\\\/fr\\\/produkt\\\/skin-architect-filler-density-23mg-ml\\\/#breadcrumb\",\"itemListElement\":[{\"@type\":\"ListItem\",\"position\":1,\"name\":\"Startseite\",\"item\":\"https:\\\/\\\/www.med4skin.ch\\\/fr\\\/\"},{\"@type\":\"ListItem\",\"position\":2,\"name\":\"Boutique des produits HomeCare\",\"item\":\"https:\\\/\\\/www.med4skin.ch\\\/fr\\\/boutique-des-produits-homecare\\\/\"},{\"@type\":\"ListItem\",\"position\":3,\"name\":\"Skin Architect Filler DENSITY 23mg\\\/ml\"}]},{\"@type\":\"WebSite\",\"@id\":\"https:\\\/\\\/www.med4skin.ch\\\/fr\\\/#website\",\"url\":\"https:\\\/\\\/www.med4skin.ch\\\/fr\\\/\",\"name\":\"med4skin\",\"description\":\"med4skin - skincare\",\"publisher\":{\"@id\":\"https:\\\/\\\/www.med4skin.ch\\\/fr\\\/#organization\"},\"potentialAction\":[{\"@type\":\"SearchAction\",\"target\":{\"@type\":\"EntryPoint\",\"urlTemplate\":\"https:\\\/\\\/www.med4skin.ch\\\/fr\\\/?s={search_term_string}\"},\"query-input\":{\"@type\":\"PropertyValueSpecification\",\"valueRequired\":true,\"valueName\":\"search_term_string\"}}],\"inLanguage\":\"fr-FR\"},{\"@type\":\"Organization\",\"@id\":\"https:\\\/\\\/www.med4skin.ch\\\/fr\\\/#organization\",\"name\":\"med4skin\",\"url\":\"https:\\\/\\\/www.med4skin.ch\\\/fr\\\/\",\"logo\":{\"@type\":\"ImageObject\",\"inLanguage\":\"fr-FR\",\"@id\":\"https:\\\/\\\/www.med4skin.ch\\\/fr\\\/#\\\/schema\\\/logo\\\/image\\\/\",\"url\":\"https:\\\/\\\/www.med4skin.ch\\\/wp-content\\\/uploads\\\/2022\\\/08\\\/cropped-95017869_padded_logo.png\",\"contentUrl\":\"https:\\\/\\\/www.med4skin.ch\\\/wp-content\\\/uploads\\\/2022\\\/08\\\/cropped-95017869_padded_logo.png\",\"width\":\"512\",\"height\":\"512\",\"caption\":\"med4skin\"},\"image\":{\"@id\":\"https:\\\/\\\/www.med4skin.ch\\\/fr\\\/#\\\/schema\\\/logo\\\/image\\\/\"},\"sameAs\":[\"https:\\\/\\\/www.instagram.com\\\/toskani.switzerland\\\/\",\"https:\\\/\\\/www.instagram.com\\\/med4skin.ch\"]}]}<\/script>\n<!-- \/ Yoast SEO plugin. -->","yoast_head_json":{"title":"TOSKANI Skin Architect Filler DENSITY 23mg\/ml | med4skin","description":"Convient au traitement des ridules, des rides d'expression et des rides autour de la bouche. Il peut \u00eatre appliqu\u00e9 aussi bien dans la couche superficielle que dans la couche interm\u00e9diaire du derme.","robots":{"index":"index","follow":"follow","max-snippet":"max-snippet:-1","max-image-preview":"max-image-preview:large","max-video-preview":"max-video-preview:-1"},"canonical":"https:\/\/www.med4skin.ch\/fr\/produkt\/skin-architect-filler-density-23mg-ml\/","og_locale":"fr_FR","og_type":"article","og_title":"TOSKANI Skin Architect Filler DENSITY 23mg\/ml | med4skin","og_description":"Convient au traitement des ridules, des rides d'expression et des rides autour de la bouche. Il peut \u00eatre appliqu\u00e9 aussi bien dans la couche superficielle que dans la couche interm\u00e9diaire du derme.","og_url":"https:\/\/www.med4skin.ch\/fr\/produkt\/skin-architect-filler-density-23mg-ml\/","og_site_name":"med4skin","article_modified_time":"2024-09-01T15:33:59+00:00","og_image":[{"width":389,"height":800,"url":"https:\/\/www.med4skin.ch\/wp-content\/uploads\/2022\/12\/Skin-Architect-Filler-Density-1.png","type":"image\/png"}],"twitter_card":"summary_large_image","twitter_misc":{"Dur\u00e9e de lecture estim\u00e9e":"2 minutes"},"schema":{"@context":"https:\/\/schema.org","@graph":[{"@type":"WebPage","@id":"https:\/\/www.med4skin.ch\/fr\/produkt\/skin-architect-filler-density-23mg-ml\/","url":"https:\/\/www.med4skin.ch\/fr\/produkt\/skin-architect-filler-density-23mg-ml\/","name":"TOSKANI Skin Architect Filler DENSITY 23mg\/ml | med4skin","isPartOf":{"@id":"https:\/\/www.med4skin.ch\/fr\/#website"},"primaryImageOfPage":{"@id":"https:\/\/www.med4skin.ch\/fr\/produkt\/skin-architect-filler-density-23mg-ml\/#primaryimage"},"image":{"@id":"https:\/\/www.med4skin.ch\/fr\/produkt\/skin-architect-filler-density-23mg-ml\/#primaryimage"},"thumbnailUrl":"https:\/\/www.med4skin.ch\/wp-content\/uploads\/2022\/12\/Skin-Filler-Density_2000x2000px-1.png","datePublished":"2022-12-23T22:47:11+00:00","dateModified":"2024-09-01T15:33:59+00:00","description":"Convient au traitement des ridules, des rides d'expression et des rides autour de la bouche. Il peut \u00eatre appliqu\u00e9 aussi bien dans la couche superficielle que dans la couche interm\u00e9diaire du derme.","breadcrumb":{"@id":"https:\/\/www.med4skin.ch\/fr\/produkt\/skin-architect-filler-density-23mg-ml\/#breadcrumb"},"inLanguage":"fr-FR","potentialAction":[{"@type":"ReadAction","target":["https:\/\/www.med4skin.ch\/fr\/produkt\/skin-architect-filler-density-23mg-ml\/"]}]},{"@type":"ImageObject","inLanguage":"fr-FR","@id":"https:\/\/www.med4skin.ch\/fr\/produkt\/skin-architect-filler-density-23mg-ml\/#primaryimage","url":"https:\/\/www.med4skin.ch\/wp-content\/uploads\/2022\/12\/Skin-Filler-Density_2000x2000px-1.png","contentUrl":"https:\/\/www.med4skin.ch\/wp-content\/uploads\/2022\/12\/Skin-Filler-Density_2000x2000px-1.png"},{"@type":"BreadcrumbList","@id":"https:\/\/www.med4skin.ch\/fr\/produkt\/skin-architect-filler-density-23mg-ml\/#breadcrumb","itemListElement":[{"@type":"ListItem","position":1,"name":"Startseite","item":"https:\/\/www.med4skin.ch\/fr\/"},{"@type":"ListItem","position":2,"name":"Boutique des produits HomeCare","item":"https:\/\/www.med4skin.ch\/fr\/boutique-des-produits-homecare\/"},{"@type":"ListItem","position":3,"name":"Skin Architect Filler DENSITY 23mg\/ml"}]},{"@type":"WebSite","@id":"https:\/\/www.med4skin.ch\/fr\/#website","url":"https:\/\/www.med4skin.ch\/fr\/","name":"med4skin","description":"med4skin - skincare","publisher":{"@id":"https:\/\/www.med4skin.ch\/fr\/#organization"},"potentialAction":[{"@type":"SearchAction","target":{"@type":"EntryPoint","urlTemplate":"https:\/\/www.med4skin.ch\/fr\/?s={search_term_string}"},"query-input":{"@type":"PropertyValueSpecification","valueRequired":true,"valueName":"search_term_string"}}],"inLanguage":"fr-FR"},{"@type":"Organization","@id":"https:\/\/www.med4skin.ch\/fr\/#organization","name":"med4skin","url":"https:\/\/www.med4skin.ch\/fr\/","logo":{"@type":"ImageObject","inLanguage":"fr-FR","@id":"https:\/\/www.med4skin.ch\/fr\/#\/schema\/logo\/image\/","url":"https:\/\/www.med4skin.ch\/wp-content\/uploads\/2022\/08\/cropped-95017869_padded_logo.png","contentUrl":"https:\/\/www.med4skin.ch\/wp-content\/uploads\/2022\/08\/cropped-95017869_padded_logo.png","width":"512","height":"512","caption":"med4skin"},"image":{"@id":"https:\/\/www.med4skin.ch\/fr\/#\/schema\/logo\/image\/"},"sameAs":["https:\/\/www.instagram.com\/toskani.switzerland\/","https:\/\/www.instagram.com\/med4skin.ch"]}]}},"_links":{"self":[{"href":"https:\/\/www.med4skin.ch\/fr\/wp-json\/wp\/v2\/product\/2980","targetHints":{"allow":["GET"]}}],"collection":[{"href":"https:\/\/www.med4skin.ch\/fr\/wp-json\/wp\/v2\/product"}],"about":[{"href":"https:\/\/www.med4skin.ch\/fr\/wp-json\/wp\/v2\/types\/product"}],"wp:featuredmedia":[{"embeddable":true,"href":"https:\/\/www.med4skin.ch\/fr\/wp-json\/wp\/v2\/media\/6857"}],"wp:attachment":[{"href":"https:\/\/www.med4skin.ch\/fr\/wp-json\/wp\/v2\/media?parent=2980"}],"wp:term":[{"taxonomy":"product_brand","embeddable":true,"href":"https:\/\/www.med4skin.ch\/fr\/wp-json\/wp\/v2\/product_brand?post=2980"},{"taxonomy":"product_cat","embeddable":true,"href":"https:\/\/www.med4skin.ch\/fr\/wp-json\/wp\/v2\/product_cat?post=2980"},{"taxonomy":"product_tag","embeddable":true,"href":"https:\/\/www.med4skin.ch\/fr\/wp-json\/wp\/v2\/product_tag?post=2980"}],"curies":[{"name":"wp","href":"https:\/\/api.w.org\/{rel}","templated":true}]}}