{"id":3363,"date":"2023-02-08T18:30:24","date_gmt":"2023-02-08T18:30:24","guid":{"rendered":"https:\/\/www.med4skin.ch\/?post_type=product&#038;p=3363"},"modified":"2026-03-01T17:48:41","modified_gmt":"2026-03-01T16:48:41","slug":"neopenmed-new","status":"publish","type":"product","link":"https:\/\/www.med4skin.ch\/fr\/produkt\/neopenmed-new\/","title":{"rendered":"Neopenmed (NEW)"},"content":{"rendered":"<p>Produit m\u00e9dical de microneedling de haute pr\u00e9cision de TOSKANI. Neopenmed permet des piq\u00fbres de haute pr\u00e9cision qui maintiennent la peau environnante intacte. La t\u00eate d&rsquo;aiguille mobile, qui s&rsquo;adapte \u00e0 la peau, comporte 6 aiguilles et permet jusqu&rsquo;\u00e0 900 piq\u00fbres par seconde. La profondeur de la piq\u00fbre peut \u00eatre r\u00e9gl\u00e9e de 0,1 mm \u00e0 1,5 mm.<\/p>\n<p>L&rsquo;appareil a \u00e9t\u00e9 con\u00e7u et fabriqu\u00e9 en Allemagne et succ\u00e8de au Neopen de TOSKANI. L&rsquo;appareil est extr\u00eamement silencieux et ne g\u00e9n\u00e8re que peu de vibrations, ce qui r\u00e9duit le stress des clients. De plus, les r\u00e9sultats des tests sont impressionnants (90 jours apr\u00e8s le traitement avec Neopenmed) :<\/p>\n<ul>\n<li>90% des sujets ont confirm\u00e9 avoir constat\u00e9 une am\u00e9lioration des rides du visage<\/li>\n<li>78% des sujets ont confirm\u00e9 avoir constat\u00e9 une am\u00e9lioration des rides p\u00e9riorbitaires (orbites)<\/li>\n<\/ul>\n","protected":false},"excerpt":{"rendered":"<p>1 appareil<br \/>\n12 mois de garantie<\/p>\n","protected":false},"featured_media":3359,"template":"","meta":{"_et_pb_use_builder":"","_et_pb_old_content":"","_et_gb_content_width":""},"product_brand":[],"product_cat":[161,179,168],"product_tag":[],"class_list":{"0":"post-3363","1":"product","2":"type-product","3":"status-publish","4":"has-post-thumbnail","6":"product_cat-professionnel","7":"product_cat-toskani-devices","8":"product_cat-toskanimed","10":"first","11":"instock","12":"taxable","13":"shipping-taxable","14":"purchasable","15":"product-type-simple"},"yoast_head":"<!-- This site is optimized with the Yoast SEO plugin v27.5 - https:\/\/yoast.com\/product\/yoast-seo-wordpress\/ -->\n<title>TOSKANI Neopenmed (NEW) | med4skin<\/title>\n<meta name=\"description\" content=\"Meilleur appareil de microneedling test\u00e9 m\u00e9dicalement sur le march\u00e9. Neopenmed est tr\u00e8s pr\u00e9cis, silencieux et ergonomique et assure des r\u00e9sultats parfaits.\" \/>\n<meta name=\"robots\" content=\"index, follow, max-snippet:-1, max-image-preview:large, max-video-preview:-1\" \/>\n<link rel=\"canonical\" href=\"https:\/\/www.med4skin.ch\/fr\/produkt\/neopenmed-new\/\" \/>\n<meta property=\"og:locale\" content=\"fr_FR\" \/>\n<meta property=\"og:type\" content=\"article\" \/>\n<meta property=\"og:title\" content=\"TOSKANI Neopenmed (NEW) | med4skin\" \/>\n<meta property=\"og:description\" content=\"Meilleur appareil de microneedling test\u00e9 m\u00e9dicalement sur le march\u00e9. Neopenmed est tr\u00e8s pr\u00e9cis, silencieux et ergonomique et assure des r\u00e9sultats parfaits.\" \/>\n<meta property=\"og:url\" content=\"https:\/\/www.med4skin.ch\/fr\/produkt\/neopenmed-new\/\" \/>\n<meta property=\"og:site_name\" content=\"med4skin\" \/>\n<meta property=\"article:modified_time\" content=\"2026-03-01T16:48:41+00:00\" \/>\n<meta property=\"og:image\" content=\"https:\/\/www.med4skin.ch\/wp-content\/uploads\/2023\/02\/NeopenMed-258x300.jpg\" \/>\n<meta name=\"twitter:card\" content=\"summary_large_image\" \/>\n<meta name=\"twitter:label1\" content=\"Dur\u00e9e de lecture estim\u00e9e\" \/>\n\t<meta name=\"twitter:data1\" content=\"1 minute\" \/>\n<script type=\"application\/ld+json\" class=\"yoast-schema-graph\">{\"@context\":\"https:\\\/\\\/schema.org\",\"@graph\":[{\"@type\":\"WebPage\",\"@id\":\"https:\\\/\\\/www.med4skin.ch\\\/fr\\\/produkt\\\/neopenmed-new\\\/\",\"url\":\"https:\\\/\\\/www.med4skin.ch\\\/fr\\\/produkt\\\/neopenmed-new\\\/\",\"name\":\"TOSKANI Neopenmed (NEW) | med4skin\",\"isPartOf\":{\"@id\":\"https:\\\/\\\/www.med4skin.ch\\\/fr\\\/#website\"},\"primaryImageOfPage\":{\"@id\":\"https:\\\/\\\/www.med4skin.ch\\\/fr\\\/produkt\\\/neopenmed-new\\\/#primaryimage\"},\"image\":{\"@id\":\"https:\\\/\\\/www.med4skin.ch\\\/fr\\\/produkt\\\/neopenmed-new\\\/#primaryimage\"},\"thumbnailUrl\":\"https:\\\/\\\/www.med4skin.ch\\\/wp-content\\\/uploads\\\/2023\\\/02\\\/NeopenMed.jpg\",\"datePublished\":\"2023-02-08T18:30:24+00:00\",\"dateModified\":\"2026-03-01T16:48:41+00:00\",\"description\":\"Meilleur appareil de microneedling test\u00e9 m\u00e9dicalement sur le march\u00e9. Neopenmed est tr\u00e8s pr\u00e9cis, silencieux et ergonomique et assure des r\u00e9sultats parfaits.\",\"breadcrumb\":{\"@id\":\"https:\\\/\\\/www.med4skin.ch\\\/fr\\\/produkt\\\/neopenmed-new\\\/#breadcrumb\"},\"inLanguage\":\"fr-FR\",\"potentialAction\":[{\"@type\":\"ReadAction\",\"target\":[\"https:\\\/\\\/www.med4skin.ch\\\/fr\\\/produkt\\\/neopenmed-new\\\/\"]}]},{\"@type\":\"ImageObject\",\"inLanguage\":\"fr-FR\",\"@id\":\"https:\\\/\\\/www.med4skin.ch\\\/fr\\\/produkt\\\/neopenmed-new\\\/#primaryimage\",\"url\":\"https:\\\/\\\/www.med4skin.ch\\\/wp-content\\\/uploads\\\/2023\\\/02\\\/NeopenMed.jpg\",\"contentUrl\":\"https:\\\/\\\/www.med4skin.ch\\\/wp-content\\\/uploads\\\/2023\\\/02\\\/NeopenMed.jpg\",\"width\":1656,\"height\":1928},{\"@type\":\"BreadcrumbList\",\"@id\":\"https:\\\/\\\/www.med4skin.ch\\\/fr\\\/produkt\\\/neopenmed-new\\\/#breadcrumb\",\"itemListElement\":[{\"@type\":\"ListItem\",\"position\":1,\"name\":\"Startseite\",\"item\":\"https:\\\/\\\/www.med4skin.ch\\\/fr\\\/\"},{\"@type\":\"ListItem\",\"position\":2,\"name\":\"Boutique des produits HomeCare\",\"item\":\"https:\\\/\\\/www.med4skin.ch\\\/fr\\\/boutique-des-produits-homecare\\\/\"},{\"@type\":\"ListItem\",\"position\":3,\"name\":\"Neopenmed (NEW)\"}]},{\"@type\":\"WebSite\",\"@id\":\"https:\\\/\\\/www.med4skin.ch\\\/fr\\\/#website\",\"url\":\"https:\\\/\\\/www.med4skin.ch\\\/fr\\\/\",\"name\":\"med4skin\",\"description\":\"med4skin - skincare\",\"publisher\":{\"@id\":\"https:\\\/\\\/www.med4skin.ch\\\/fr\\\/#organization\"},\"potentialAction\":[{\"@type\":\"SearchAction\",\"target\":{\"@type\":\"EntryPoint\",\"urlTemplate\":\"https:\\\/\\\/www.med4skin.ch\\\/fr\\\/?s={search_term_string}\"},\"query-input\":{\"@type\":\"PropertyValueSpecification\",\"valueRequired\":true,\"valueName\":\"search_term_string\"}}],\"inLanguage\":\"fr-FR\"},{\"@type\":\"Organization\",\"@id\":\"https:\\\/\\\/www.med4skin.ch\\\/fr\\\/#organization\",\"name\":\"med4skin\",\"url\":\"https:\\\/\\\/www.med4skin.ch\\\/fr\\\/\",\"logo\":{\"@type\":\"ImageObject\",\"inLanguage\":\"fr-FR\",\"@id\":\"https:\\\/\\\/www.med4skin.ch\\\/fr\\\/#\\\/schema\\\/logo\\\/image\\\/\",\"url\":\"https:\\\/\\\/www.med4skin.ch\\\/wp-content\\\/uploads\\\/2022\\\/08\\\/cropped-95017869_padded_logo.png\",\"contentUrl\":\"https:\\\/\\\/www.med4skin.ch\\\/wp-content\\\/uploads\\\/2022\\\/08\\\/cropped-95017869_padded_logo.png\",\"width\":\"512\",\"height\":\"512\",\"caption\":\"med4skin\"},\"image\":{\"@id\":\"https:\\\/\\\/www.med4skin.ch\\\/fr\\\/#\\\/schema\\\/logo\\\/image\\\/\"},\"sameAs\":[\"https:\\\/\\\/www.instagram.com\\\/toskani.switzerland\\\/\",\"https:\\\/\\\/www.instagram.com\\\/med4skin.ch\"]}]}<\/script>\n<!-- \/ Yoast SEO plugin. -->","yoast_head_json":{"title":"TOSKANI Neopenmed (NEW) | med4skin","description":"Meilleur appareil de microneedling test\u00e9 m\u00e9dicalement sur le march\u00e9. Neopenmed est tr\u00e8s pr\u00e9cis, silencieux et ergonomique et assure des r\u00e9sultats parfaits.","robots":{"index":"index","follow":"follow","max-snippet":"max-snippet:-1","max-image-preview":"max-image-preview:large","max-video-preview":"max-video-preview:-1"},"canonical":"https:\/\/www.med4skin.ch\/fr\/produkt\/neopenmed-new\/","og_locale":"fr_FR","og_type":"article","og_title":"TOSKANI Neopenmed (NEW) | med4skin","og_description":"Meilleur appareil de microneedling test\u00e9 m\u00e9dicalement sur le march\u00e9. Neopenmed est tr\u00e8s pr\u00e9cis, silencieux et ergonomique et assure des r\u00e9sultats parfaits.","og_url":"https:\/\/www.med4skin.ch\/fr\/produkt\/neopenmed-new\/","og_site_name":"med4skin","article_modified_time":"2026-03-01T16:48:41+00:00","og_image":[{"url":"https:\/\/www.med4skin.ch\/wp-content\/uploads\/2023\/02\/NeopenMed-258x300.jpg","type":"","width":"","height":""}],"twitter_card":"summary_large_image","twitter_misc":{"Dur\u00e9e de lecture estim\u00e9e":"1 minute"},"schema":{"@context":"https:\/\/schema.org","@graph":[{"@type":"WebPage","@id":"https:\/\/www.med4skin.ch\/fr\/produkt\/neopenmed-new\/","url":"https:\/\/www.med4skin.ch\/fr\/produkt\/neopenmed-new\/","name":"TOSKANI Neopenmed (NEW) | med4skin","isPartOf":{"@id":"https:\/\/www.med4skin.ch\/fr\/#website"},"primaryImageOfPage":{"@id":"https:\/\/www.med4skin.ch\/fr\/produkt\/neopenmed-new\/#primaryimage"},"image":{"@id":"https:\/\/www.med4skin.ch\/fr\/produkt\/neopenmed-new\/#primaryimage"},"thumbnailUrl":"https:\/\/www.med4skin.ch\/wp-content\/uploads\/2023\/02\/NeopenMed.jpg","datePublished":"2023-02-08T18:30:24+00:00","dateModified":"2026-03-01T16:48:41+00:00","description":"Meilleur appareil de microneedling test\u00e9 m\u00e9dicalement sur le march\u00e9. Neopenmed est tr\u00e8s pr\u00e9cis, silencieux et ergonomique et assure des r\u00e9sultats parfaits.","breadcrumb":{"@id":"https:\/\/www.med4skin.ch\/fr\/produkt\/neopenmed-new\/#breadcrumb"},"inLanguage":"fr-FR","potentialAction":[{"@type":"ReadAction","target":["https:\/\/www.med4skin.ch\/fr\/produkt\/neopenmed-new\/"]}]},{"@type":"ImageObject","inLanguage":"fr-FR","@id":"https:\/\/www.med4skin.ch\/fr\/produkt\/neopenmed-new\/#primaryimage","url":"https:\/\/www.med4skin.ch\/wp-content\/uploads\/2023\/02\/NeopenMed.jpg","contentUrl":"https:\/\/www.med4skin.ch\/wp-content\/uploads\/2023\/02\/NeopenMed.jpg","width":1656,"height":1928},{"@type":"BreadcrumbList","@id":"https:\/\/www.med4skin.ch\/fr\/produkt\/neopenmed-new\/#breadcrumb","itemListElement":[{"@type":"ListItem","position":1,"name":"Startseite","item":"https:\/\/www.med4skin.ch\/fr\/"},{"@type":"ListItem","position":2,"name":"Boutique des produits HomeCare","item":"https:\/\/www.med4skin.ch\/fr\/boutique-des-produits-homecare\/"},{"@type":"ListItem","position":3,"name":"Neopenmed (NEW)"}]},{"@type":"WebSite","@id":"https:\/\/www.med4skin.ch\/fr\/#website","url":"https:\/\/www.med4skin.ch\/fr\/","name":"med4skin","description":"med4skin - skincare","publisher":{"@id":"https:\/\/www.med4skin.ch\/fr\/#organization"},"potentialAction":[{"@type":"SearchAction","target":{"@type":"EntryPoint","urlTemplate":"https:\/\/www.med4skin.ch\/fr\/?s={search_term_string}"},"query-input":{"@type":"PropertyValueSpecification","valueRequired":true,"valueName":"search_term_string"}}],"inLanguage":"fr-FR"},{"@type":"Organization","@id":"https:\/\/www.med4skin.ch\/fr\/#organization","name":"med4skin","url":"https:\/\/www.med4skin.ch\/fr\/","logo":{"@type":"ImageObject","inLanguage":"fr-FR","@id":"https:\/\/www.med4skin.ch\/fr\/#\/schema\/logo\/image\/","url":"https:\/\/www.med4skin.ch\/wp-content\/uploads\/2022\/08\/cropped-95017869_padded_logo.png","contentUrl":"https:\/\/www.med4skin.ch\/wp-content\/uploads\/2022\/08\/cropped-95017869_padded_logo.png","width":"512","height":"512","caption":"med4skin"},"image":{"@id":"https:\/\/www.med4skin.ch\/fr\/#\/schema\/logo\/image\/"},"sameAs":["https:\/\/www.instagram.com\/toskani.switzerland\/","https:\/\/www.instagram.com\/med4skin.ch"]}]}},"_links":{"self":[{"href":"https:\/\/www.med4skin.ch\/fr\/wp-json\/wp\/v2\/product\/3363","targetHints":{"allow":["GET"]}}],"collection":[{"href":"https:\/\/www.med4skin.ch\/fr\/wp-json\/wp\/v2\/product"}],"about":[{"href":"https:\/\/www.med4skin.ch\/fr\/wp-json\/wp\/v2\/types\/product"}],"wp:featuredmedia":[{"embeddable":true,"href":"https:\/\/www.med4skin.ch\/fr\/wp-json\/wp\/v2\/media\/3359"}],"wp:attachment":[{"href":"https:\/\/www.med4skin.ch\/fr\/wp-json\/wp\/v2\/media?parent=3363"}],"wp:term":[{"taxonomy":"product_brand","embeddable":true,"href":"https:\/\/www.med4skin.ch\/fr\/wp-json\/wp\/v2\/product_brand?post=3363"},{"taxonomy":"product_cat","embeddable":true,"href":"https:\/\/www.med4skin.ch\/fr\/wp-json\/wp\/v2\/product_cat?post=3363"},{"taxonomy":"product_tag","embeddable":true,"href":"https:\/\/www.med4skin.ch\/fr\/wp-json\/wp\/v2\/product_tag?post=3363"}],"curies":[{"name":"wp","href":"https:\/\/api.w.org\/{rel}","templated":true}]}}