{"id":3793,"date":"2023-09-14T20:52:56","date_gmt":"2023-09-14T18:52:56","guid":{"rendered":"https:\/\/www.med4skin.ch\/?post_type=product&#038;p=3793"},"modified":"2025-11-12T15:31:55","modified_gmt":"2025-11-12T14:31:55","slug":"myotec-eye-lift-contour","status":"publish","type":"product","link":"https:\/\/www.med4skin.ch\/fr\/produkt\/myotec-eye-lift-contour\/","title":{"rendered":"Myotec Eye Lift Contour"},"content":{"rendered":"<p id=\"tw-target-text\" class=\"tw-data-text tw-text-large tw-ta\" dir=\"ltr\" data-placeholder=\"\u00dcbersetzung\"><span class=\"Y2IQFc\" lang=\"de\">Un produit qui cible les probl\u00e8mes de peau autour des yeux : r\u00e9duit les rides d&rsquo;expression, att\u00e9nue les cernes et les poches sous les yeux, raffermit et rehausse les paupi\u00e8res. Myotec Eye Lift Contour assure un soin fin et un film velout\u00e9 sans laisser de r\u00e9sidus ou de sensation collante.<\/span><\/p>\n<p><strong>Indications :<\/strong><br \/>\n- Traitement du contour des yeux avec effet Botox et lifting des paupi\u00e8res<br \/>\n- Pour tous les types de peau<\/p>\n<p><strong>Effet<br \/>\n<\/strong>- Effet Botox<br \/>\n- R\u00e9duit les rides d&rsquo;expression<br \/>\n- Effet lifting des paupi\u00e8res<br \/>\n- Combat les poches et les cernes<\/p>\n<p><strong>Principes actifs :<br \/>\n<\/strong>Actyl hexapeptide-1 (produit l&rsquo;effet Botox)<br \/>\nComplexe d&rsquo;arbre \u00e0 soie avec Siegesbeckia orientalis<br \/>\nSoya et complexe d&rsquo;acides amin\u00e9s du riz<br \/>\nBeurre de karit\u00e9<br \/>\nHuile de noix de coco<\/p>\n","protected":false},"excerpt":{"rendered":"<p>verre de 15 ml<\/p>\n","protected":false},"featured_media":3759,"template":"","meta":{"_et_pb_use_builder":"","_et_pb_old_content":"","_et_gb_content_width":""},"product_brand":[],"product_cat":[149,150,167,205],"product_tag":[],"class_list":{"0":"post-3793","1":"product","2":"type-product","3":"status-publish","4":"has-post-thumbnail","6":"product_cat-produits-homecare","7":"product_cat-toskani","8":"product_cat-toskani-home-eye-care-fr","9":"product_cat-toskani-home-pro-age","11":"first","12":"instock","13":"featured","14":"taxable","15":"shipping-taxable","16":"purchasable","17":"product-type-simple"},"yoast_head":"<!-- This site is optimized with the Yoast SEO plugin v27.3 - https:\/\/yoast.com\/product\/yoast-seo-wordpress\/ -->\n<title>TOSKANI Myotec Eye Lift Contour | med4skin<\/title>\n<meta name=\"description\" content=\"Nouveaut\u00e9 de TOSKANI. Myotec Eye Lift Contour est la solution parfaite pour les cernes, les rides d&#039;expression et les poches sous les yeux et a un effet tenseur sur les paupi\u00e8res.\" \/>\n<meta name=\"robots\" content=\"index, follow, max-snippet:-1, max-image-preview:large, max-video-preview:-1\" \/>\n<link rel=\"canonical\" href=\"https:\/\/www.med4skin.ch\/fr\/produkt\/myotec-eye-lift-contour\/\" \/>\n<meta property=\"og:locale\" content=\"fr_FR\" \/>\n<meta property=\"og:type\" content=\"article\" \/>\n<meta property=\"og:title\" content=\"TOSKANI Myotec Eye Lift Contour | med4skin\" \/>\n<meta property=\"og:description\" content=\"Nouveaut\u00e9 de TOSKANI. Myotec Eye Lift Contour est la solution parfaite pour les cernes, les rides d&#039;expression et les poches sous les yeux et a un effet tenseur sur les paupi\u00e8res.\" \/>\n<meta property=\"og:url\" content=\"https:\/\/www.med4skin.ch\/fr\/produkt\/myotec-eye-lift-contour\/\" \/>\n<meta property=\"og:site_name\" content=\"med4skin\" \/>\n<meta property=\"article:modified_time\" content=\"2025-11-12T14:31:55+00:00\" \/>\n<meta property=\"og:image\" content=\"https:\/\/www.med4skin.ch\/wp-content\/uploads\/2023\/09\/ProAge_Myotec_Eye-Contour.1.png\" \/>\n\t<meta property=\"og:image:width\" content=\"2000\" \/>\n\t<meta property=\"og:image:height\" content=\"2000\" \/>\n\t<meta property=\"og:image:type\" content=\"image\/png\" \/>\n<meta name=\"twitter:card\" content=\"summary_large_image\" \/>\n<meta name=\"twitter:label1\" content=\"Dur\u00e9e de lecture estim\u00e9e\" \/>\n\t<meta name=\"twitter:data1\" content=\"1 minute\" \/>\n<script type=\"application\/ld+json\" class=\"yoast-schema-graph\">{\"@context\":\"https:\\\/\\\/schema.org\",\"@graph\":[{\"@type\":\"WebPage\",\"@id\":\"https:\\\/\\\/www.med4skin.ch\\\/fr\\\/produkt\\\/myotec-eye-lift-contour\\\/\",\"url\":\"https:\\\/\\\/www.med4skin.ch\\\/fr\\\/produkt\\\/myotec-eye-lift-contour\\\/\",\"name\":\"TOSKANI Myotec Eye Lift Contour | med4skin\",\"isPartOf\":{\"@id\":\"https:\\\/\\\/www.med4skin.ch\\\/fr\\\/#website\"},\"primaryImageOfPage\":{\"@id\":\"https:\\\/\\\/www.med4skin.ch\\\/fr\\\/produkt\\\/myotec-eye-lift-contour\\\/#primaryimage\"},\"image\":{\"@id\":\"https:\\\/\\\/www.med4skin.ch\\\/fr\\\/produkt\\\/myotec-eye-lift-contour\\\/#primaryimage\"},\"thumbnailUrl\":\"https:\\\/\\\/www.med4skin.ch\\\/wp-content\\\/uploads\\\/2023\\\/09\\\/ProAge_Myotec_Eye-Contour.1.png\",\"datePublished\":\"2023-09-14T18:52:56+00:00\",\"dateModified\":\"2025-11-12T14:31:55+00:00\",\"description\":\"Nouveaut\u00e9 de TOSKANI. Myotec Eye Lift Contour est la solution parfaite pour les cernes, les rides d'expression et les poches sous les yeux et a un effet tenseur sur les paupi\u00e8res.\",\"breadcrumb\":{\"@id\":\"https:\\\/\\\/www.med4skin.ch\\\/fr\\\/produkt\\\/myotec-eye-lift-contour\\\/#breadcrumb\"},\"inLanguage\":\"fr-FR\",\"potentialAction\":[{\"@type\":\"ReadAction\",\"target\":[\"https:\\\/\\\/www.med4skin.ch\\\/fr\\\/produkt\\\/myotec-eye-lift-contour\\\/\"]}]},{\"@type\":\"ImageObject\",\"inLanguage\":\"fr-FR\",\"@id\":\"https:\\\/\\\/www.med4skin.ch\\\/fr\\\/produkt\\\/myotec-eye-lift-contour\\\/#primaryimage\",\"url\":\"https:\\\/\\\/www.med4skin.ch\\\/wp-content\\\/uploads\\\/2023\\\/09\\\/ProAge_Myotec_Eye-Contour.1.png\",\"contentUrl\":\"https:\\\/\\\/www.med4skin.ch\\\/wp-content\\\/uploads\\\/2023\\\/09\\\/ProAge_Myotec_Eye-Contour.1.png\",\"width\":2000,\"height\":2000,\"caption\":\"Anti-\u00e2ge yeux Toskani\"},{\"@type\":\"BreadcrumbList\",\"@id\":\"https:\\\/\\\/www.med4skin.ch\\\/fr\\\/produkt\\\/myotec-eye-lift-contour\\\/#breadcrumb\",\"itemListElement\":[{\"@type\":\"ListItem\",\"position\":1,\"name\":\"Startseite\",\"item\":\"https:\\\/\\\/www.med4skin.ch\\\/fr\\\/\"},{\"@type\":\"ListItem\",\"position\":2,\"name\":\"Boutique des produits HomeCare\",\"item\":\"https:\\\/\\\/www.med4skin.ch\\\/fr\\\/boutique-des-produits-homecare\\\/\"},{\"@type\":\"ListItem\",\"position\":3,\"name\":\"Myotec Eye Lift Contour\"}]},{\"@type\":\"WebSite\",\"@id\":\"https:\\\/\\\/www.med4skin.ch\\\/fr\\\/#website\",\"url\":\"https:\\\/\\\/www.med4skin.ch\\\/fr\\\/\",\"name\":\"med4skin\",\"description\":\"med4skin - skincare\",\"publisher\":{\"@id\":\"https:\\\/\\\/www.med4skin.ch\\\/fr\\\/#organization\"},\"potentialAction\":[{\"@type\":\"SearchAction\",\"target\":{\"@type\":\"EntryPoint\",\"urlTemplate\":\"https:\\\/\\\/www.med4skin.ch\\\/fr\\\/?s={search_term_string}\"},\"query-input\":{\"@type\":\"PropertyValueSpecification\",\"valueRequired\":true,\"valueName\":\"search_term_string\"}}],\"inLanguage\":\"fr-FR\"},{\"@type\":\"Organization\",\"@id\":\"https:\\\/\\\/www.med4skin.ch\\\/fr\\\/#organization\",\"name\":\"med4skin\",\"url\":\"https:\\\/\\\/www.med4skin.ch\\\/fr\\\/\",\"logo\":{\"@type\":\"ImageObject\",\"inLanguage\":\"fr-FR\",\"@id\":\"https:\\\/\\\/www.med4skin.ch\\\/fr\\\/#\\\/schema\\\/logo\\\/image\\\/\",\"url\":\"https:\\\/\\\/www.med4skin.ch\\\/wp-content\\\/uploads\\\/2022\\\/08\\\/cropped-95017869_padded_logo.png\",\"contentUrl\":\"https:\\\/\\\/www.med4skin.ch\\\/wp-content\\\/uploads\\\/2022\\\/08\\\/cropped-95017869_padded_logo.png\",\"width\":\"512\",\"height\":\"512\",\"caption\":\"med4skin\"},\"image\":{\"@id\":\"https:\\\/\\\/www.med4skin.ch\\\/fr\\\/#\\\/schema\\\/logo\\\/image\\\/\"},\"sameAs\":[\"https:\\\/\\\/www.instagram.com\\\/toskani.switzerland\\\/\",\"https:\\\/\\\/www.instagram.com\\\/med4skin.ch\"]}]}<\/script>\n<!-- \/ Yoast SEO plugin. -->","yoast_head_json":{"title":"TOSKANI Myotec Eye Lift Contour | med4skin","description":"Nouveaut\u00e9 de TOSKANI. Myotec Eye Lift Contour est la solution parfaite pour les cernes, les rides d'expression et les poches sous les yeux et a un effet tenseur sur les paupi\u00e8res.","robots":{"index":"index","follow":"follow","max-snippet":"max-snippet:-1","max-image-preview":"max-image-preview:large","max-video-preview":"max-video-preview:-1"},"canonical":"https:\/\/www.med4skin.ch\/fr\/produkt\/myotec-eye-lift-contour\/","og_locale":"fr_FR","og_type":"article","og_title":"TOSKANI Myotec Eye Lift Contour | med4skin","og_description":"Nouveaut\u00e9 de TOSKANI. Myotec Eye Lift Contour est la solution parfaite pour les cernes, les rides d'expression et les poches sous les yeux et a un effet tenseur sur les paupi\u00e8res.","og_url":"https:\/\/www.med4skin.ch\/fr\/produkt\/myotec-eye-lift-contour\/","og_site_name":"med4skin","article_modified_time":"2025-11-12T14:31:55+00:00","og_image":[{"width":2000,"height":2000,"url":"https:\/\/www.med4skin.ch\/wp-content\/uploads\/2023\/09\/ProAge_Myotec_Eye-Contour.1.png","type":"image\/png"}],"twitter_card":"summary_large_image","twitter_misc":{"Dur\u00e9e de lecture estim\u00e9e":"1 minute"},"schema":{"@context":"https:\/\/schema.org","@graph":[{"@type":"WebPage","@id":"https:\/\/www.med4skin.ch\/fr\/produkt\/myotec-eye-lift-contour\/","url":"https:\/\/www.med4skin.ch\/fr\/produkt\/myotec-eye-lift-contour\/","name":"TOSKANI Myotec Eye Lift Contour | med4skin","isPartOf":{"@id":"https:\/\/www.med4skin.ch\/fr\/#website"},"primaryImageOfPage":{"@id":"https:\/\/www.med4skin.ch\/fr\/produkt\/myotec-eye-lift-contour\/#primaryimage"},"image":{"@id":"https:\/\/www.med4skin.ch\/fr\/produkt\/myotec-eye-lift-contour\/#primaryimage"},"thumbnailUrl":"https:\/\/www.med4skin.ch\/wp-content\/uploads\/2023\/09\/ProAge_Myotec_Eye-Contour.1.png","datePublished":"2023-09-14T18:52:56+00:00","dateModified":"2025-11-12T14:31:55+00:00","description":"Nouveaut\u00e9 de TOSKANI. Myotec Eye Lift Contour est la solution parfaite pour les cernes, les rides d'expression et les poches sous les yeux et a un effet tenseur sur les paupi\u00e8res.","breadcrumb":{"@id":"https:\/\/www.med4skin.ch\/fr\/produkt\/myotec-eye-lift-contour\/#breadcrumb"},"inLanguage":"fr-FR","potentialAction":[{"@type":"ReadAction","target":["https:\/\/www.med4skin.ch\/fr\/produkt\/myotec-eye-lift-contour\/"]}]},{"@type":"ImageObject","inLanguage":"fr-FR","@id":"https:\/\/www.med4skin.ch\/fr\/produkt\/myotec-eye-lift-contour\/#primaryimage","url":"https:\/\/www.med4skin.ch\/wp-content\/uploads\/2023\/09\/ProAge_Myotec_Eye-Contour.1.png","contentUrl":"https:\/\/www.med4skin.ch\/wp-content\/uploads\/2023\/09\/ProAge_Myotec_Eye-Contour.1.png","width":2000,"height":2000,"caption":"Anti-\u00e2ge yeux Toskani"},{"@type":"BreadcrumbList","@id":"https:\/\/www.med4skin.ch\/fr\/produkt\/myotec-eye-lift-contour\/#breadcrumb","itemListElement":[{"@type":"ListItem","position":1,"name":"Startseite","item":"https:\/\/www.med4skin.ch\/fr\/"},{"@type":"ListItem","position":2,"name":"Boutique des produits HomeCare","item":"https:\/\/www.med4skin.ch\/fr\/boutique-des-produits-homecare\/"},{"@type":"ListItem","position":3,"name":"Myotec Eye Lift Contour"}]},{"@type":"WebSite","@id":"https:\/\/www.med4skin.ch\/fr\/#website","url":"https:\/\/www.med4skin.ch\/fr\/","name":"med4skin","description":"med4skin - skincare","publisher":{"@id":"https:\/\/www.med4skin.ch\/fr\/#organization"},"potentialAction":[{"@type":"SearchAction","target":{"@type":"EntryPoint","urlTemplate":"https:\/\/www.med4skin.ch\/fr\/?s={search_term_string}"},"query-input":{"@type":"PropertyValueSpecification","valueRequired":true,"valueName":"search_term_string"}}],"inLanguage":"fr-FR"},{"@type":"Organization","@id":"https:\/\/www.med4skin.ch\/fr\/#organization","name":"med4skin","url":"https:\/\/www.med4skin.ch\/fr\/","logo":{"@type":"ImageObject","inLanguage":"fr-FR","@id":"https:\/\/www.med4skin.ch\/fr\/#\/schema\/logo\/image\/","url":"https:\/\/www.med4skin.ch\/wp-content\/uploads\/2022\/08\/cropped-95017869_padded_logo.png","contentUrl":"https:\/\/www.med4skin.ch\/wp-content\/uploads\/2022\/08\/cropped-95017869_padded_logo.png","width":"512","height":"512","caption":"med4skin"},"image":{"@id":"https:\/\/www.med4skin.ch\/fr\/#\/schema\/logo\/image\/"},"sameAs":["https:\/\/www.instagram.com\/toskani.switzerland\/","https:\/\/www.instagram.com\/med4skin.ch"]}]}},"_links":{"self":[{"href":"https:\/\/www.med4skin.ch\/fr\/wp-json\/wp\/v2\/product\/3793","targetHints":{"allow":["GET"]}}],"collection":[{"href":"https:\/\/www.med4skin.ch\/fr\/wp-json\/wp\/v2\/product"}],"about":[{"href":"https:\/\/www.med4skin.ch\/fr\/wp-json\/wp\/v2\/types\/product"}],"wp:featuredmedia":[{"embeddable":true,"href":"https:\/\/www.med4skin.ch\/fr\/wp-json\/wp\/v2\/media\/3759"}],"wp:attachment":[{"href":"https:\/\/www.med4skin.ch\/fr\/wp-json\/wp\/v2\/media?parent=3793"}],"wp:term":[{"taxonomy":"product_brand","embeddable":true,"href":"https:\/\/www.med4skin.ch\/fr\/wp-json\/wp\/v2\/product_brand?post=3793"},{"taxonomy":"product_cat","embeddable":true,"href":"https:\/\/www.med4skin.ch\/fr\/wp-json\/wp\/v2\/product_cat?post=3793"},{"taxonomy":"product_tag","embeddable":true,"href":"https:\/\/www.med4skin.ch\/fr\/wp-json\/wp\/v2\/product_tag?post=3793"}],"curies":[{"name":"wp","href":"https:\/\/api.w.org\/{rel}","templated":true}]}}