{"id":3795,"date":"2023-09-14T20:56:24","date_gmt":"2023-09-14T18:56:24","guid":{"rendered":"https:\/\/www.med4skin.ch\/?post_type=product&#038;p=3795"},"modified":"2024-11-13T12:46:01","modified_gmt":"2024-11-13T11:46:01","slug":"glacier-proage-serum","status":"publish","type":"product","link":"https:\/\/www.med4skin.ch\/fr\/produkt\/glacier-proage-serum\/","title":{"rendered":"Glacier Pro Age advanced Serum"},"content":{"rendered":"<p id=\"tw-target-text\" class=\"tw-data-text tw-text-large tw-ta\" dir=\"ltr\" data-placeholder=\"\u00dcbersetzung\">Un s\u00e9rum l\u00e9ger qui apporte une sensation de fra\u00eecheur \u00e0 la peau gr\u00e2ce \u00e0 ses agents hydratants. Il contient de l&rsquo;eau thermale du glacier et des extraits d&rsquo;origine marine qui aident \u00e0 lisser les rides en redonnant \u00e0 la peau fermet\u00e9, hydratation et \u00e9lasticit\u00e9.<\/p>\n<p class=\"tw-data-text tw-text-large tw-ta\" dir=\"ltr\" data-placeholder=\"\u00dcbersetzung\">Contient de l&rsquo;eau thermale des glaciers des Alpes, enrichie en sels min\u00e9raux, principalement du calcium et du magn\u00e9sium, qui aide \u00e0 renforcer la barri\u00e8re cutan\u00e9e.<\/p>\n<p><strong>Indications :<\/strong><br \/>\n- Pr\u00e9venir les premiers signes de vieillissement cutan\u00e9<br \/>\n- Pour les peaux jeunes et s\u00e8ches<\/p>\n<p><strong>Action<br \/>\n<\/strong>- Hydratation 24h\/24<br \/>\n- Pr\u00e9vention des premiers signes de vieillissement<br \/>\n- Renforce la barri\u00e8re cutan\u00e9e<br \/>\n- Augmente la luminosit\u00e9<\/p>\n<p><strong>Principes actifs :<\/strong><br \/>\nEau thermale des glaciers, riche en calcium et en magn\u00e9sium, qui renforce la barri\u00e8re cutan\u00e9e<br \/>\nPrincipes actifs d&rsquo;origine marine<br \/>\nCocktail de vitamines contenant de la nicotinamide (vitamine B3) et de la vitamine C<br \/>\nCocktail hydratant pour une hydratation maximale<\/p>\n","protected":false},"excerpt":{"rendered":"<p>Pipette de 30 ml<\/p>\n","protected":false},"featured_media":3757,"template":"","meta":{"_et_pb_use_builder":"","_et_pb_old_content":"","_et_gb_content_width":""},"product_brand":[],"product_cat":[149,150,159,205],"product_tag":[],"class_list":{"0":"post-3795","1":"product","2":"type-product","3":"status-publish","4":"has-post-thumbnail","6":"product_cat-produits-homecare","7":"product_cat-toskani","8":"product_cat-toskani-home-anti-aging-fr","9":"product_cat-toskani-home-pro-age","11":"first","12":"instock","13":"taxable","14":"shipping-taxable","15":"purchasable","16":"product-type-simple"},"yoast_head":"<!-- This site is optimized with the Yoast SEO plugin v27.4 - https:\/\/yoast.com\/product\/yoast-seo-wordpress\/ -->\n<title>TOSKANI Glacier Pro Age advanced Serum | med4skin<\/title>\n<meta name=\"description\" content=\"Nouveaut\u00e9 de TOSKANI. Le s\u00e9rum Glacier Pro Age advanced, qui contient un m\u00e9lange d&#039;eau de glacier et d&#039;ingr\u00e9dients actifs exceptionnels. Pour les peaux jeunes.\" \/>\n<meta name=\"robots\" content=\"index, follow, max-snippet:-1, max-image-preview:large, max-video-preview:-1\" \/>\n<link rel=\"canonical\" href=\"https:\/\/www.med4skin.ch\/fr\/produkt\/glacier-proage-serum\/\" \/>\n<meta property=\"og:locale\" content=\"fr_FR\" \/>\n<meta property=\"og:type\" content=\"article\" \/>\n<meta property=\"og:title\" content=\"TOSKANI Glacier Pro Age advanced Serum | med4skin\" \/>\n<meta property=\"og:description\" content=\"Nouveaut\u00e9 de TOSKANI. Le s\u00e9rum Glacier Pro Age advanced, qui contient un m\u00e9lange d&#039;eau de glacier et d&#039;ingr\u00e9dients actifs exceptionnels. Pour les peaux jeunes.\" \/>\n<meta property=\"og:url\" content=\"https:\/\/www.med4skin.ch\/fr\/produkt\/glacier-proage-serum\/\" \/>\n<meta property=\"og:site_name\" content=\"med4skin\" \/>\n<meta property=\"article:modified_time\" content=\"2024-11-13T11:46:01+00:00\" \/>\n<meta property=\"og:image\" content=\"https:\/\/www.med4skin.ch\/wp-content\/uploads\/2023\/09\/ProAge_Glacier_serum.png\" \/>\n\t<meta property=\"og:image:width\" content=\"2000\" \/>\n\t<meta property=\"og:image:height\" content=\"2000\" \/>\n\t<meta property=\"og:image:type\" content=\"image\/png\" \/>\n<meta name=\"twitter:card\" content=\"summary_large_image\" \/>\n<meta name=\"twitter:label1\" content=\"Dur\u00e9e de lecture estim\u00e9e\" \/>\n\t<meta name=\"twitter:data1\" content=\"1 minute\" \/>\n<script type=\"application\/ld+json\" class=\"yoast-schema-graph\">{\"@context\":\"https:\\\/\\\/schema.org\",\"@graph\":[{\"@type\":\"WebPage\",\"@id\":\"https:\\\/\\\/www.med4skin.ch\\\/fr\\\/produkt\\\/glacier-proage-serum\\\/\",\"url\":\"https:\\\/\\\/www.med4skin.ch\\\/fr\\\/produkt\\\/glacier-proage-serum\\\/\",\"name\":\"TOSKANI Glacier Pro Age advanced Serum | med4skin\",\"isPartOf\":{\"@id\":\"https:\\\/\\\/www.med4skin.ch\\\/fr\\\/#website\"},\"primaryImageOfPage\":{\"@id\":\"https:\\\/\\\/www.med4skin.ch\\\/fr\\\/produkt\\\/glacier-proage-serum\\\/#primaryimage\"},\"image\":{\"@id\":\"https:\\\/\\\/www.med4skin.ch\\\/fr\\\/produkt\\\/glacier-proage-serum\\\/#primaryimage\"},\"thumbnailUrl\":\"https:\\\/\\\/www.med4skin.ch\\\/wp-content\\\/uploads\\\/2023\\\/09\\\/ProAge_Glacier_serum.png\",\"datePublished\":\"2023-09-14T18:56:24+00:00\",\"dateModified\":\"2024-11-13T11:46:01+00:00\",\"description\":\"Nouveaut\u00e9 de TOSKANI. Le s\u00e9rum Glacier Pro Age advanced, qui contient un m\u00e9lange d'eau de glacier et d'ingr\u00e9dients actifs exceptionnels. Pour les peaux jeunes.\",\"breadcrumb\":{\"@id\":\"https:\\\/\\\/www.med4skin.ch\\\/fr\\\/produkt\\\/glacier-proage-serum\\\/#breadcrumb\"},\"inLanguage\":\"fr-FR\",\"potentialAction\":[{\"@type\":\"ReadAction\",\"target\":[\"https:\\\/\\\/www.med4skin.ch\\\/fr\\\/produkt\\\/glacier-proage-serum\\\/\"]}]},{\"@type\":\"ImageObject\",\"inLanguage\":\"fr-FR\",\"@id\":\"https:\\\/\\\/www.med4skin.ch\\\/fr\\\/produkt\\\/glacier-proage-serum\\\/#primaryimage\",\"url\":\"https:\\\/\\\/www.med4skin.ch\\\/wp-content\\\/uploads\\\/2023\\\/09\\\/ProAge_Glacier_serum.png\",\"contentUrl\":\"https:\\\/\\\/www.med4skin.ch\\\/wp-content\\\/uploads\\\/2023\\\/09\\\/ProAge_Glacier_serum.png\",\"width\":2000,\"height\":2000},{\"@type\":\"BreadcrumbList\",\"@id\":\"https:\\\/\\\/www.med4skin.ch\\\/fr\\\/produkt\\\/glacier-proage-serum\\\/#breadcrumb\",\"itemListElement\":[{\"@type\":\"ListItem\",\"position\":1,\"name\":\"Startseite\",\"item\":\"https:\\\/\\\/www.med4skin.ch\\\/fr\\\/\"},{\"@type\":\"ListItem\",\"position\":2,\"name\":\"Boutique des produits HomeCare\",\"item\":\"https:\\\/\\\/www.med4skin.ch\\\/fr\\\/boutique-des-produits-homecare\\\/\"},{\"@type\":\"ListItem\",\"position\":3,\"name\":\"Glacier Pro Age advanced Serum\"}]},{\"@type\":\"WebSite\",\"@id\":\"https:\\\/\\\/www.med4skin.ch\\\/fr\\\/#website\",\"url\":\"https:\\\/\\\/www.med4skin.ch\\\/fr\\\/\",\"name\":\"med4skin\",\"description\":\"med4skin - skincare\",\"publisher\":{\"@id\":\"https:\\\/\\\/www.med4skin.ch\\\/fr\\\/#organization\"},\"potentialAction\":[{\"@type\":\"SearchAction\",\"target\":{\"@type\":\"EntryPoint\",\"urlTemplate\":\"https:\\\/\\\/www.med4skin.ch\\\/fr\\\/?s={search_term_string}\"},\"query-input\":{\"@type\":\"PropertyValueSpecification\",\"valueRequired\":true,\"valueName\":\"search_term_string\"}}],\"inLanguage\":\"fr-FR\"},{\"@type\":\"Organization\",\"@id\":\"https:\\\/\\\/www.med4skin.ch\\\/fr\\\/#organization\",\"name\":\"med4skin\",\"url\":\"https:\\\/\\\/www.med4skin.ch\\\/fr\\\/\",\"logo\":{\"@type\":\"ImageObject\",\"inLanguage\":\"fr-FR\",\"@id\":\"https:\\\/\\\/www.med4skin.ch\\\/fr\\\/#\\\/schema\\\/logo\\\/image\\\/\",\"url\":\"https:\\\/\\\/www.med4skin.ch\\\/wp-content\\\/uploads\\\/2022\\\/08\\\/cropped-95017869_padded_logo.png\",\"contentUrl\":\"https:\\\/\\\/www.med4skin.ch\\\/wp-content\\\/uploads\\\/2022\\\/08\\\/cropped-95017869_padded_logo.png\",\"width\":\"512\",\"height\":\"512\",\"caption\":\"med4skin\"},\"image\":{\"@id\":\"https:\\\/\\\/www.med4skin.ch\\\/fr\\\/#\\\/schema\\\/logo\\\/image\\\/\"},\"sameAs\":[\"https:\\\/\\\/www.instagram.com\\\/toskani.switzerland\\\/\",\"https:\\\/\\\/www.instagram.com\\\/med4skin.ch\"]}]}<\/script>\n<!-- \/ Yoast SEO plugin. -->","yoast_head_json":{"title":"TOSKANI Glacier Pro Age advanced Serum | med4skin","description":"Nouveaut\u00e9 de TOSKANI. Le s\u00e9rum Glacier Pro Age advanced, qui contient un m\u00e9lange d'eau de glacier et d'ingr\u00e9dients actifs exceptionnels. Pour les peaux jeunes.","robots":{"index":"index","follow":"follow","max-snippet":"max-snippet:-1","max-image-preview":"max-image-preview:large","max-video-preview":"max-video-preview:-1"},"canonical":"https:\/\/www.med4skin.ch\/fr\/produkt\/glacier-proage-serum\/","og_locale":"fr_FR","og_type":"article","og_title":"TOSKANI Glacier Pro Age advanced Serum | med4skin","og_description":"Nouveaut\u00e9 de TOSKANI. Le s\u00e9rum Glacier Pro Age advanced, qui contient un m\u00e9lange d'eau de glacier et d'ingr\u00e9dients actifs exceptionnels. Pour les peaux jeunes.","og_url":"https:\/\/www.med4skin.ch\/fr\/produkt\/glacier-proage-serum\/","og_site_name":"med4skin","article_modified_time":"2024-11-13T11:46:01+00:00","og_image":[{"width":2000,"height":2000,"url":"https:\/\/www.med4skin.ch\/wp-content\/uploads\/2023\/09\/ProAge_Glacier_serum.png","type":"image\/png"}],"twitter_card":"summary_large_image","twitter_misc":{"Dur\u00e9e de lecture estim\u00e9e":"1 minute"},"schema":{"@context":"https:\/\/schema.org","@graph":[{"@type":"WebPage","@id":"https:\/\/www.med4skin.ch\/fr\/produkt\/glacier-proage-serum\/","url":"https:\/\/www.med4skin.ch\/fr\/produkt\/glacier-proage-serum\/","name":"TOSKANI Glacier Pro Age advanced Serum | med4skin","isPartOf":{"@id":"https:\/\/www.med4skin.ch\/fr\/#website"},"primaryImageOfPage":{"@id":"https:\/\/www.med4skin.ch\/fr\/produkt\/glacier-proage-serum\/#primaryimage"},"image":{"@id":"https:\/\/www.med4skin.ch\/fr\/produkt\/glacier-proage-serum\/#primaryimage"},"thumbnailUrl":"https:\/\/www.med4skin.ch\/wp-content\/uploads\/2023\/09\/ProAge_Glacier_serum.png","datePublished":"2023-09-14T18:56:24+00:00","dateModified":"2024-11-13T11:46:01+00:00","description":"Nouveaut\u00e9 de TOSKANI. Le s\u00e9rum Glacier Pro Age advanced, qui contient un m\u00e9lange d'eau de glacier et d'ingr\u00e9dients actifs exceptionnels. Pour les peaux jeunes.","breadcrumb":{"@id":"https:\/\/www.med4skin.ch\/fr\/produkt\/glacier-proage-serum\/#breadcrumb"},"inLanguage":"fr-FR","potentialAction":[{"@type":"ReadAction","target":["https:\/\/www.med4skin.ch\/fr\/produkt\/glacier-proage-serum\/"]}]},{"@type":"ImageObject","inLanguage":"fr-FR","@id":"https:\/\/www.med4skin.ch\/fr\/produkt\/glacier-proage-serum\/#primaryimage","url":"https:\/\/www.med4skin.ch\/wp-content\/uploads\/2023\/09\/ProAge_Glacier_serum.png","contentUrl":"https:\/\/www.med4skin.ch\/wp-content\/uploads\/2023\/09\/ProAge_Glacier_serum.png","width":2000,"height":2000},{"@type":"BreadcrumbList","@id":"https:\/\/www.med4skin.ch\/fr\/produkt\/glacier-proage-serum\/#breadcrumb","itemListElement":[{"@type":"ListItem","position":1,"name":"Startseite","item":"https:\/\/www.med4skin.ch\/fr\/"},{"@type":"ListItem","position":2,"name":"Boutique des produits HomeCare","item":"https:\/\/www.med4skin.ch\/fr\/boutique-des-produits-homecare\/"},{"@type":"ListItem","position":3,"name":"Glacier Pro Age advanced Serum"}]},{"@type":"WebSite","@id":"https:\/\/www.med4skin.ch\/fr\/#website","url":"https:\/\/www.med4skin.ch\/fr\/","name":"med4skin","description":"med4skin - skincare","publisher":{"@id":"https:\/\/www.med4skin.ch\/fr\/#organization"},"potentialAction":[{"@type":"SearchAction","target":{"@type":"EntryPoint","urlTemplate":"https:\/\/www.med4skin.ch\/fr\/?s={search_term_string}"},"query-input":{"@type":"PropertyValueSpecification","valueRequired":true,"valueName":"search_term_string"}}],"inLanguage":"fr-FR"},{"@type":"Organization","@id":"https:\/\/www.med4skin.ch\/fr\/#organization","name":"med4skin","url":"https:\/\/www.med4skin.ch\/fr\/","logo":{"@type":"ImageObject","inLanguage":"fr-FR","@id":"https:\/\/www.med4skin.ch\/fr\/#\/schema\/logo\/image\/","url":"https:\/\/www.med4skin.ch\/wp-content\/uploads\/2022\/08\/cropped-95017869_padded_logo.png","contentUrl":"https:\/\/www.med4skin.ch\/wp-content\/uploads\/2022\/08\/cropped-95017869_padded_logo.png","width":"512","height":"512","caption":"med4skin"},"image":{"@id":"https:\/\/www.med4skin.ch\/fr\/#\/schema\/logo\/image\/"},"sameAs":["https:\/\/www.instagram.com\/toskani.switzerland\/","https:\/\/www.instagram.com\/med4skin.ch"]}]}},"_links":{"self":[{"href":"https:\/\/www.med4skin.ch\/fr\/wp-json\/wp\/v2\/product\/3795","targetHints":{"allow":["GET"]}}],"collection":[{"href":"https:\/\/www.med4skin.ch\/fr\/wp-json\/wp\/v2\/product"}],"about":[{"href":"https:\/\/www.med4skin.ch\/fr\/wp-json\/wp\/v2\/types\/product"}],"wp:featuredmedia":[{"embeddable":true,"href":"https:\/\/www.med4skin.ch\/fr\/wp-json\/wp\/v2\/media\/3757"}],"wp:attachment":[{"href":"https:\/\/www.med4skin.ch\/fr\/wp-json\/wp\/v2\/media?parent=3795"}],"wp:term":[{"taxonomy":"product_brand","embeddable":true,"href":"https:\/\/www.med4skin.ch\/fr\/wp-json\/wp\/v2\/product_brand?post=3795"},{"taxonomy":"product_cat","embeddable":true,"href":"https:\/\/www.med4skin.ch\/fr\/wp-json\/wp\/v2\/product_cat?post=3795"},{"taxonomy":"product_tag","embeddable":true,"href":"https:\/\/www.med4skin.ch\/fr\/wp-json\/wp\/v2\/product_tag?post=3795"}],"curies":[{"name":"wp","href":"https:\/\/api.w.org\/{rel}","templated":true}]}}