{"id":5539,"date":"2024-07-08T14:55:44","date_gmt":"2024-07-08T12:55:44","guid":{"rendered":"https:\/\/www.med4skin.ch\/produkt\/lotion-densihair-boost\/"},"modified":"2025-11-19T12:54:22","modified_gmt":"2025-11-19T11:54:22","slug":"lotion-densihair-boost","status":"publish","type":"product","link":"https:\/\/www.med4skin.ch\/fr\/produkt\/lotion-densihair-boost\/","title":{"rendered":"Lotion Densihair Boost"},"content":{"rendered":"<p>TOSKANI Densihair Boost Lotion est une nouvelle lotion unique et innovante destin\u00e9e \u00e0 stopper la chute des cheveux et \u00e0 renforcer les cheveux nouveaux et existants.<\/p>\n<p>Il contient du Curcuma Longa, la premi\u00e8re g\u00e9n\u00e9ration de facteurs de croissance v\u00e9g\u00e9taux qui permet d&rsquo;activer la croissance des cheveux par une approche biologique : il provoque une r\u00e9initialisation \u00e9pig\u00e9n\u00e9tique du bulbe pileux, la reprise de l&rsquo;activit\u00e9 des cellules du derme de la papille (activant la g\u00e9n\u00e9ration du follicule pileux), et prolonge la phase anag\u00e8ne. Il stimule \u00e0 la fois la densit\u00e9, la qualit\u00e9 et la croissance des cheveux, tout en retardant fortement leur chute et en les renfor\u00e7ant par la microcirculation et la nutrition des bulbes capillaires.<\/p>\n<p>Le produit repose sur des principes actifs v\u00e9g\u00e9taux. Des \u00e9tudes montrent que ces substances actives v\u00e9g\u00e9tales contenues dans la lotion Densihair Boost produisent un meilleur effet que le produit m\u00e9dical minoxidil.<\/p>\n<p>La cure est id\u00e9alement compl\u00e9t\u00e9e par les g\u00e9lules TOSKANI Densihair. Vous obtiendrez un effet maximal en r\u00e9servant \u00e9galement un traitement de m\u00e9soth\u00e9rapie aupr\u00e8s d&rsquo;un institut de beaut\u00e9 proposant des traitements de perte de cheveux TOSKANI. Nous vous aidons \u00e0 trouver l&rsquo;institut le plus proche de chez vous. Pour cela, \u00e9crivez-nous sur <a href=\"mailto:contact@med4skin.ch\">contact@med4skin.ch.<\/a><\/p>\n<p><strong>Indications :<\/strong><br \/>\nRenforce et revitalise les follicules pileux en stimulant la phase de croissance<br \/>\nAugmente la densit\u00e9 et am\u00e9liore la structure des cheveux<br \/>\nCon\u00e7u comme un compl\u00e9ment aux traitements m\u00e9dicaux contre la chute des cheveux<br \/>\nChute de cheveux saisonni\u00e8re<br \/>\nChute de cheveux pendant la grossesse<br \/>\nFaible trophisme cutan\u00e9<\/p>\n<p><strong>Substances actives :<\/strong><br \/>\nCurcuma Longa, Curcuma Longa liposomis\u00e9, ur\u00e9e, nicotinamide, pyridoxine, vitamine E, zinc, vitamine H<\/p>\n","protected":false},"excerpt":{"rendered":"<p>Spray de 100 ml<\/p>\n","protected":false},"featured_media":5536,"template":"","meta":{"_et_pb_use_builder":"on","_et_pb_old_content":"TOSKANI Densihair Boost Lotion est une nouvelle lotion unique et innovante destin\u00e9e \u00e0 stopper la chute des cheveux et \u00e0 renforcer les cheveux nouveaux et existants.\n\nIl contient du Curcuma Longa, la premi\u00e8re g\u00e9n\u00e9ration de facteurs de croissance v\u00e9g\u00e9taux qui permet d'activer la croissance des cheveux par une approche biologique : il provoque une r\u00e9initialisation \u00e9pig\u00e9n\u00e9tique du bulbe pileux, la reprise de l'activit\u00e9 des cellules du derme de la papille (activant la g\u00e9n\u00e9ration du follicule pileux), et prolonge la phase anag\u00e8ne. Il stimule \u00e0 la fois la densit\u00e9, la qualit\u00e9 et la croissance des cheveux, tout en retardant fortement leur chute et en les renfor\u00e7ant par la microcirculation et la nutrition des bulbes capillaires.\n\nLe produit repose sur des principes actifs v\u00e9g\u00e9taux. Des \u00e9tudes montrent que ces substances actives v\u00e9g\u00e9tales contenues dans la lotion Densihair Boost produisent un meilleur effet que le produit m\u00e9dical minoxidil.\n\nLa cure est id\u00e9alement compl\u00e9t\u00e9e par les g\u00e9lules TOSKANI Densihair. Vous obtiendrez un effet maximal en r\u00e9servant \u00e9galement un traitement de m\u00e9soth\u00e9rapie aupr\u00e8s d'un institut de beaut\u00e9 proposant des traitements de perte de cheveux TOSKANI. Nous vous aidons \u00e0 trouver l'institut le plus proche de chez vous. Pour cela, \u00e9crivez-nous sur <a href=\"mailto:contact@med4skin.ch\">contact@med4skin.ch.<\/a>\n\n<strong>Indications :<\/strong>\nRenforce et revitalise les follicules pileux en stimulant la phase de croissance\nAugmente la densit\u00e9 et am\u00e9liore la structure des cheveux\nCon\u00e7u comme un compl\u00e9ment aux traitements m\u00e9dicaux contre la chute des cheveux\nChute de cheveux saisonni\u00e8re\nChute de cheveux pendant la grossesse\nFaible trophisme cutan\u00e9\n\n<strong>Substances actives :<\/strong>\nCurcuma Longa, Curcuma Longa liposomis\u00e9, ur\u00e9e, niacinamide, pyridoxine, vitamine E, zinc, vitamine H","_et_gb_content_width":""},"product_brand":[],"product_cat":[149,150,165],"product_tag":[],"class_list":{"0":"post-5539","1":"product","2":"type-product","3":"status-publish","4":"has-post-thumbnail","6":"product_cat-produits-homecare","7":"product_cat-toskani","8":"product_cat-toskani-home-hair-cosmetics-fr","10":"first","11":"instock","12":"taxable","13":"shipping-taxable","14":"purchasable","15":"product-type-simple"},"yoast_head":"<!-- This site is optimized with the Yoast SEO plugin v27.4 - https:\/\/yoast.com\/product\/yoast-seo-wordpress\/ -->\n<title>Lotion Densihair Boost | med4skin<\/title>\n<meta name=\"robots\" content=\"index, follow, max-snippet:-1, max-image-preview:large, max-video-preview:-1\" \/>\n<link rel=\"canonical\" href=\"https:\/\/www.med4skin.ch\/fr\/produkt\/lotion-densihair-boost\/\" \/>\n<meta property=\"og:locale\" content=\"fr_FR\" \/>\n<meta property=\"og:type\" content=\"article\" \/>\n<meta property=\"og:title\" content=\"Lotion Densihair Boost | med4skin\" \/>\n<meta property=\"og:description\" content=\"Spray de 100 ml\" \/>\n<meta property=\"og:url\" content=\"https:\/\/www.med4skin.ch\/fr\/produkt\/lotion-densihair-boost\/\" \/>\n<meta property=\"og:site_name\" content=\"med4skin\" \/>\n<meta property=\"article:modified_time\" content=\"2025-11-19T11:54:22+00:00\" \/>\n<meta property=\"og:image\" content=\"https:\/\/www.med4skin.ch\/wp-content\/uploads\/2024\/07\/DensiHair-BL-Caixa-foto-scaled.jpg\" \/>\n\t<meta property=\"og:image:width\" content=\"1707\" \/>\n\t<meta property=\"og:image:height\" content=\"2560\" \/>\n\t<meta property=\"og:image:type\" content=\"image\/jpeg\" \/>\n<meta name=\"twitter:card\" content=\"summary_large_image\" \/>\n<meta name=\"twitter:label1\" content=\"Dur\u00e9e de lecture estim\u00e9e\" \/>\n\t<meta name=\"twitter:data1\" content=\"2 minutes\" \/>\n<script type=\"application\/ld+json\" class=\"yoast-schema-graph\">{\"@context\":\"https:\\\/\\\/schema.org\",\"@graph\":[{\"@type\":\"WebPage\",\"@id\":\"https:\\\/\\\/www.med4skin.ch\\\/fr\\\/produkt\\\/lotion-densihair-boost\\\/\",\"url\":\"https:\\\/\\\/www.med4skin.ch\\\/fr\\\/produkt\\\/lotion-densihair-boost\\\/\",\"name\":\"Lotion Densihair Boost | med4skin\",\"isPartOf\":{\"@id\":\"https:\\\/\\\/www.med4skin.ch\\\/fr\\\/#website\"},\"primaryImageOfPage\":{\"@id\":\"https:\\\/\\\/www.med4skin.ch\\\/fr\\\/produkt\\\/lotion-densihair-boost\\\/#primaryimage\"},\"image\":{\"@id\":\"https:\\\/\\\/www.med4skin.ch\\\/fr\\\/produkt\\\/lotion-densihair-boost\\\/#primaryimage\"},\"thumbnailUrl\":\"https:\\\/\\\/www.med4skin.ch\\\/wp-content\\\/uploads\\\/2024\\\/07\\\/DensiHair-BL-Caixa-foto-scaled.jpg\",\"datePublished\":\"2024-07-08T12:55:44+00:00\",\"dateModified\":\"2025-11-19T11:54:22+00:00\",\"breadcrumb\":{\"@id\":\"https:\\\/\\\/www.med4skin.ch\\\/fr\\\/produkt\\\/lotion-densihair-boost\\\/#breadcrumb\"},\"inLanguage\":\"fr-FR\",\"potentialAction\":[{\"@type\":\"ReadAction\",\"target\":[\"https:\\\/\\\/www.med4skin.ch\\\/fr\\\/produkt\\\/lotion-densihair-boost\\\/\"]}]},{\"@type\":\"ImageObject\",\"inLanguage\":\"fr-FR\",\"@id\":\"https:\\\/\\\/www.med4skin.ch\\\/fr\\\/produkt\\\/lotion-densihair-boost\\\/#primaryimage\",\"url\":\"https:\\\/\\\/www.med4skin.ch\\\/wp-content\\\/uploads\\\/2024\\\/07\\\/DensiHair-BL-Caixa-foto-scaled.jpg\",\"contentUrl\":\"https:\\\/\\\/www.med4skin.ch\\\/wp-content\\\/uploads\\\/2024\\\/07\\\/DensiHair-BL-Caixa-foto-scaled.jpg\",\"width\":1707,\"height\":2560},{\"@type\":\"BreadcrumbList\",\"@id\":\"https:\\\/\\\/www.med4skin.ch\\\/fr\\\/produkt\\\/lotion-densihair-boost\\\/#breadcrumb\",\"itemListElement\":[{\"@type\":\"ListItem\",\"position\":1,\"name\":\"Startseite\",\"item\":\"https:\\\/\\\/www.med4skin.ch\\\/fr\\\/\"},{\"@type\":\"ListItem\",\"position\":2,\"name\":\"Boutique des produits HomeCare\",\"item\":\"https:\\\/\\\/www.med4skin.ch\\\/fr\\\/boutique-des-produits-homecare\\\/\"},{\"@type\":\"ListItem\",\"position\":3,\"name\":\"Lotion Densihair Boost\"}]},{\"@type\":\"WebSite\",\"@id\":\"https:\\\/\\\/www.med4skin.ch\\\/fr\\\/#website\",\"url\":\"https:\\\/\\\/www.med4skin.ch\\\/fr\\\/\",\"name\":\"med4skin\",\"description\":\"med4skin - skincare\",\"publisher\":{\"@id\":\"https:\\\/\\\/www.med4skin.ch\\\/fr\\\/#organization\"},\"potentialAction\":[{\"@type\":\"SearchAction\",\"target\":{\"@type\":\"EntryPoint\",\"urlTemplate\":\"https:\\\/\\\/www.med4skin.ch\\\/fr\\\/?s={search_term_string}\"},\"query-input\":{\"@type\":\"PropertyValueSpecification\",\"valueRequired\":true,\"valueName\":\"search_term_string\"}}],\"inLanguage\":\"fr-FR\"},{\"@type\":\"Organization\",\"@id\":\"https:\\\/\\\/www.med4skin.ch\\\/fr\\\/#organization\",\"name\":\"med4skin\",\"url\":\"https:\\\/\\\/www.med4skin.ch\\\/fr\\\/\",\"logo\":{\"@type\":\"ImageObject\",\"inLanguage\":\"fr-FR\",\"@id\":\"https:\\\/\\\/www.med4skin.ch\\\/fr\\\/#\\\/schema\\\/logo\\\/image\\\/\",\"url\":\"https:\\\/\\\/www.med4skin.ch\\\/wp-content\\\/uploads\\\/2022\\\/08\\\/cropped-95017869_padded_logo.png\",\"contentUrl\":\"https:\\\/\\\/www.med4skin.ch\\\/wp-content\\\/uploads\\\/2022\\\/08\\\/cropped-95017869_padded_logo.png\",\"width\":\"512\",\"height\":\"512\",\"caption\":\"med4skin\"},\"image\":{\"@id\":\"https:\\\/\\\/www.med4skin.ch\\\/fr\\\/#\\\/schema\\\/logo\\\/image\\\/\"},\"sameAs\":[\"https:\\\/\\\/www.instagram.com\\\/toskani.switzerland\\\/\",\"https:\\\/\\\/www.instagram.com\\\/med4skin.ch\"]}]}<\/script>\n<!-- \/ Yoast SEO plugin. -->","yoast_head_json":{"title":"Lotion Densihair Boost | med4skin","robots":{"index":"index","follow":"follow","max-snippet":"max-snippet:-1","max-image-preview":"max-image-preview:large","max-video-preview":"max-video-preview:-1"},"canonical":"https:\/\/www.med4skin.ch\/fr\/produkt\/lotion-densihair-boost\/","og_locale":"fr_FR","og_type":"article","og_title":"Lotion Densihair Boost | med4skin","og_description":"Spray de 100 ml","og_url":"https:\/\/www.med4skin.ch\/fr\/produkt\/lotion-densihair-boost\/","og_site_name":"med4skin","article_modified_time":"2025-11-19T11:54:22+00:00","og_image":[{"width":1707,"height":2560,"url":"https:\/\/www.med4skin.ch\/wp-content\/uploads\/2024\/07\/DensiHair-BL-Caixa-foto-scaled.jpg","type":"image\/jpeg"}],"twitter_card":"summary_large_image","twitter_misc":{"Dur\u00e9e de lecture estim\u00e9e":"2 minutes"},"schema":{"@context":"https:\/\/schema.org","@graph":[{"@type":"WebPage","@id":"https:\/\/www.med4skin.ch\/fr\/produkt\/lotion-densihair-boost\/","url":"https:\/\/www.med4skin.ch\/fr\/produkt\/lotion-densihair-boost\/","name":"Lotion Densihair Boost | med4skin","isPartOf":{"@id":"https:\/\/www.med4skin.ch\/fr\/#website"},"primaryImageOfPage":{"@id":"https:\/\/www.med4skin.ch\/fr\/produkt\/lotion-densihair-boost\/#primaryimage"},"image":{"@id":"https:\/\/www.med4skin.ch\/fr\/produkt\/lotion-densihair-boost\/#primaryimage"},"thumbnailUrl":"https:\/\/www.med4skin.ch\/wp-content\/uploads\/2024\/07\/DensiHair-BL-Caixa-foto-scaled.jpg","datePublished":"2024-07-08T12:55:44+00:00","dateModified":"2025-11-19T11:54:22+00:00","breadcrumb":{"@id":"https:\/\/www.med4skin.ch\/fr\/produkt\/lotion-densihair-boost\/#breadcrumb"},"inLanguage":"fr-FR","potentialAction":[{"@type":"ReadAction","target":["https:\/\/www.med4skin.ch\/fr\/produkt\/lotion-densihair-boost\/"]}]},{"@type":"ImageObject","inLanguage":"fr-FR","@id":"https:\/\/www.med4skin.ch\/fr\/produkt\/lotion-densihair-boost\/#primaryimage","url":"https:\/\/www.med4skin.ch\/wp-content\/uploads\/2024\/07\/DensiHair-BL-Caixa-foto-scaled.jpg","contentUrl":"https:\/\/www.med4skin.ch\/wp-content\/uploads\/2024\/07\/DensiHair-BL-Caixa-foto-scaled.jpg","width":1707,"height":2560},{"@type":"BreadcrumbList","@id":"https:\/\/www.med4skin.ch\/fr\/produkt\/lotion-densihair-boost\/#breadcrumb","itemListElement":[{"@type":"ListItem","position":1,"name":"Startseite","item":"https:\/\/www.med4skin.ch\/fr\/"},{"@type":"ListItem","position":2,"name":"Boutique des produits HomeCare","item":"https:\/\/www.med4skin.ch\/fr\/boutique-des-produits-homecare\/"},{"@type":"ListItem","position":3,"name":"Lotion Densihair Boost"}]},{"@type":"WebSite","@id":"https:\/\/www.med4skin.ch\/fr\/#website","url":"https:\/\/www.med4skin.ch\/fr\/","name":"med4skin","description":"med4skin - skincare","publisher":{"@id":"https:\/\/www.med4skin.ch\/fr\/#organization"},"potentialAction":[{"@type":"SearchAction","target":{"@type":"EntryPoint","urlTemplate":"https:\/\/www.med4skin.ch\/fr\/?s={search_term_string}"},"query-input":{"@type":"PropertyValueSpecification","valueRequired":true,"valueName":"search_term_string"}}],"inLanguage":"fr-FR"},{"@type":"Organization","@id":"https:\/\/www.med4skin.ch\/fr\/#organization","name":"med4skin","url":"https:\/\/www.med4skin.ch\/fr\/","logo":{"@type":"ImageObject","inLanguage":"fr-FR","@id":"https:\/\/www.med4skin.ch\/fr\/#\/schema\/logo\/image\/","url":"https:\/\/www.med4skin.ch\/wp-content\/uploads\/2022\/08\/cropped-95017869_padded_logo.png","contentUrl":"https:\/\/www.med4skin.ch\/wp-content\/uploads\/2022\/08\/cropped-95017869_padded_logo.png","width":"512","height":"512","caption":"med4skin"},"image":{"@id":"https:\/\/www.med4skin.ch\/fr\/#\/schema\/logo\/image\/"},"sameAs":["https:\/\/www.instagram.com\/toskani.switzerland\/","https:\/\/www.instagram.com\/med4skin.ch"]}]}},"_links":{"self":[{"href":"https:\/\/www.med4skin.ch\/fr\/wp-json\/wp\/v2\/product\/5539","targetHints":{"allow":["GET"]}}],"collection":[{"href":"https:\/\/www.med4skin.ch\/fr\/wp-json\/wp\/v2\/product"}],"about":[{"href":"https:\/\/www.med4skin.ch\/fr\/wp-json\/wp\/v2\/types\/product"}],"wp:featuredmedia":[{"embeddable":true,"href":"https:\/\/www.med4skin.ch\/fr\/wp-json\/wp\/v2\/media\/5536"}],"wp:attachment":[{"href":"https:\/\/www.med4skin.ch\/fr\/wp-json\/wp\/v2\/media?parent=5539"}],"wp:term":[{"taxonomy":"product_brand","embeddable":true,"href":"https:\/\/www.med4skin.ch\/fr\/wp-json\/wp\/v2\/product_brand?post=5539"},{"taxonomy":"product_cat","embeddable":true,"href":"https:\/\/www.med4skin.ch\/fr\/wp-json\/wp\/v2\/product_cat?post=5539"},{"taxonomy":"product_tag","embeddable":true,"href":"https:\/\/www.med4skin.ch\/fr\/wp-json\/wp\/v2\/product_tag?post=5539"}],"curies":[{"name":"wp","href":"https:\/\/api.w.org\/{rel}","templated":true}]}}