{"id":5577,"date":"2024-07-24T21:13:14","date_gmt":"2024-07-24T19:13:14","guid":{"rendered":"https:\/\/www.med4skin.ch\/?post_type=product&#038;p=5577"},"modified":"2025-02-27T02:34:27","modified_gmt":"2025-02-27T01:34:27","slug":"kit-cylindre-essential-purifying","status":"publish","type":"product","link":"https:\/\/www.med4skin.ch\/fr\/produkt\/kit-cylindre-essential-purifying\/","title":{"rendered":"Kit cylindre Essential Purifying"},"content":{"rendered":"<p>Le kit id\u00e9al pour nettoyer en douceur et pr\u00e9parer une peau impure aux soins ult\u00e9rieurs. Purifying Cleanser et Bamboo dans un seul emballage. En cadeau, un serre-t\u00eate TOSKANI est offert par-dessus.<\/p>\n<p><span style=\"color: #0000ff;\"><strong>Nettoyant purifiant :<\/strong><\/span><\/p>\n<p>TOSKANI Purifying Cleanser est un gel sans huile qui nettoie en douceur le visage et le contour des yeux. Ce gel nettoyant \u00e9limine les impuret\u00e9s et l&rsquo;exc\u00e8s de s\u00e9bum qui obstruent les pores et entra\u00eenent la formation de points noirs et de boutons sur les peaux \u00e0 tendance acn\u00e9ique. Purifying Cleanser r\u00e9gule la production de s\u00e9bum et laisse une sensation de peau propre, fra\u00eeche, lisse et calme. Ce nettoyant peut \u00e9galement \u00eatre utilis\u00e9 dans le corps. Utilisez-le deux fois par jour, le matin et le soir.<\/p>\n<p><strong>Indications :<\/strong><br \/>\nConvient aux peaux grasses ou impures pr\u00e9sentant des boutons, des com\u00e9dons, des pores dilat\u00e9s et une peau d\u00e9shydrat\u00e9e.<\/p>\n<p><strong>Substances actives :<\/strong><br \/>\nExtrait de feuille d&rsquo;hamam\u00e9lis virginiana, extrait de salvia officinalis, ur\u00e9e, acide lactique, complexe nettoyant, agents nettoyants<\/p>\n<p><span style=\"color: #0000ff;\"><strong>Bamboo Hydratonic :<\/strong><\/span><\/p>\n<p>TOSKANI Bamboo Hydratonic est une eau faciale rafra\u00eechissante \u00e0 base d&rsquo;eau de bambou et d&rsquo;AHA de citron et d&rsquo;orange, connue pour ses propri\u00e9t\u00e9s hydratantes et adoucissantes. Apr\u00e8s l&rsquo;application, la peau est douce &amp; soyeuse et est pr\u00eate pour le rituel de la peau comme les s\u00e9rums et les cr\u00e8mes hydratantes. Cette lotion est id\u00e9ale \u00e0 utiliser apr\u00e8s chaque nettoyant TOSKANI, comme Energizing ou Purifying Cleanser.<\/p>\n<p><strong>Indications :<\/strong><br \/>\nPeau s\u00e8che<br \/>\nSoins quotidiens de la peau<\/p>\n<p><strong>Substances actives :<\/strong><br \/>\neau de bambou, extraits d&rsquo;orange et de citron, extrait d&rsquo;alo\u00e8s, acide glycolique et lactique, extrait d&rsquo;\u00e9rable<\/p>\n","protected":false},"excerpt":{"rendered":"<p>1 x TKN-0111 Bamboo Hydratonic Spray 200 ml<br \/>\n1 x TKN-0114 Purifying Cleanser Distributeur de 200 ml<br \/>\n1 x bandeau TOSKANI noir<br \/>\n1 x bo\u00eete de cylindres<\/p>\n","protected":false},"featured_media":5559,"template":"","meta":{"_et_pb_use_builder":"","_et_pb_old_content":"","_et_gb_content_width":""},"product_brand":[],"product_cat":[149,150,162,198],"product_tag":[],"class_list":{"0":"post-5577","1":"product","2":"type-product","3":"status-publish","4":"has-post-thumbnail","6":"product_cat-produits-homecare","7":"product_cat-toskani","8":"product_cat-toskani-home-hygiene-purifying-fr","9":"product_cat-toskani-promo-fr","11":"first","12":"instock","13":"taxable","14":"shipping-taxable","15":"purchasable","16":"product-type-simple"},"yoast_head":"<!-- This site is optimized with the Yoast SEO plugin v27.4 - https:\/\/yoast.com\/product\/yoast-seo-wordpress\/ -->\n<title>Kit cylindre Essential Purifying | med4skin<\/title>\n<meta name=\"description\" content=\"Le kit id\u00e9al pour nettoyer en douceur et pr\u00e9parer une peau impure aux soins ult\u00e9rieurs avec 2 produits phares de TOSKANI.\" \/>\n<meta name=\"robots\" content=\"index, follow, max-snippet:-1, max-image-preview:large, max-video-preview:-1\" \/>\n<link rel=\"canonical\" href=\"https:\/\/www.med4skin.ch\/fr\/produkt\/kit-cylindre-essential-purifying\/\" \/>\n<meta property=\"og:locale\" content=\"fr_FR\" \/>\n<meta property=\"og:type\" content=\"article\" \/>\n<meta property=\"og:title\" content=\"Kit cylindre Essential Purifying | med4skin\" \/>\n<meta property=\"og:description\" content=\"Le kit id\u00e9al pour nettoyer en douceur et pr\u00e9parer une peau impure aux soins ult\u00e9rieurs avec 2 produits phares de TOSKANI.\" \/>\n<meta property=\"og:url\" content=\"https:\/\/www.med4skin.ch\/fr\/produkt\/kit-cylindre-essential-purifying\/\" \/>\n<meta property=\"og:site_name\" content=\"med4skin\" \/>\n<meta property=\"article:modified_time\" content=\"2025-02-27T01:34:27+00:00\" \/>\n<meta property=\"og:image\" content=\"https:\/\/www.med4skin.ch\/wp-content\/uploads\/2024\/07\/KIT_Essential-Purifying.1.png\" \/>\n\t<meta property=\"og:image:width\" content=\"2560\" \/>\n\t<meta property=\"og:image:height\" content=\"1435\" \/>\n\t<meta property=\"og:image:type\" content=\"image\/png\" \/>\n<meta name=\"twitter:card\" content=\"summary_large_image\" \/>\n<meta name=\"twitter:label1\" content=\"Dur\u00e9e de lecture estim\u00e9e\" \/>\n\t<meta name=\"twitter:data1\" content=\"2 minutes\" \/>\n<script type=\"application\/ld+json\" class=\"yoast-schema-graph\">{\"@context\":\"https:\\\/\\\/schema.org\",\"@graph\":[{\"@type\":\"WebPage\",\"@id\":\"https:\\\/\\\/www.med4skin.ch\\\/fr\\\/produkt\\\/kit-cylindre-essential-purifying\\\/\",\"url\":\"https:\\\/\\\/www.med4skin.ch\\\/fr\\\/produkt\\\/kit-cylindre-essential-purifying\\\/\",\"name\":\"Kit cylindre Essential Purifying | med4skin\",\"isPartOf\":{\"@id\":\"https:\\\/\\\/www.med4skin.ch\\\/fr\\\/#website\"},\"primaryImageOfPage\":{\"@id\":\"https:\\\/\\\/www.med4skin.ch\\\/fr\\\/produkt\\\/kit-cylindre-essential-purifying\\\/#primaryimage\"},\"image\":{\"@id\":\"https:\\\/\\\/www.med4skin.ch\\\/fr\\\/produkt\\\/kit-cylindre-essential-purifying\\\/#primaryimage\"},\"thumbnailUrl\":\"https:\\\/\\\/www.med4skin.ch\\\/wp-content\\\/uploads\\\/2024\\\/07\\\/KIT_Essential-Purifying.1.png\",\"datePublished\":\"2024-07-24T19:13:14+00:00\",\"dateModified\":\"2025-02-27T01:34:27+00:00\",\"description\":\"Le kit id\u00e9al pour nettoyer en douceur et pr\u00e9parer une peau impure aux soins ult\u00e9rieurs avec 2 produits phares de TOSKANI.\",\"breadcrumb\":{\"@id\":\"https:\\\/\\\/www.med4skin.ch\\\/fr\\\/produkt\\\/kit-cylindre-essential-purifying\\\/#breadcrumb\"},\"inLanguage\":\"fr-FR\",\"potentialAction\":[{\"@type\":\"ReadAction\",\"target\":[\"https:\\\/\\\/www.med4skin.ch\\\/fr\\\/produkt\\\/kit-cylindre-essential-purifying\\\/\"]}]},{\"@type\":\"ImageObject\",\"inLanguage\":\"fr-FR\",\"@id\":\"https:\\\/\\\/www.med4skin.ch\\\/fr\\\/produkt\\\/kit-cylindre-essential-purifying\\\/#primaryimage\",\"url\":\"https:\\\/\\\/www.med4skin.ch\\\/wp-content\\\/uploads\\\/2024\\\/07\\\/KIT_Essential-Purifying.1.png\",\"contentUrl\":\"https:\\\/\\\/www.med4skin.ch\\\/wp-content\\\/uploads\\\/2024\\\/07\\\/KIT_Essential-Purifying.1.png\",\"width\":2560,\"height\":1435},{\"@type\":\"BreadcrumbList\",\"@id\":\"https:\\\/\\\/www.med4skin.ch\\\/fr\\\/produkt\\\/kit-cylindre-essential-purifying\\\/#breadcrumb\",\"itemListElement\":[{\"@type\":\"ListItem\",\"position\":1,\"name\":\"Startseite\",\"item\":\"https:\\\/\\\/www.med4skin.ch\\\/fr\\\/\"},{\"@type\":\"ListItem\",\"position\":2,\"name\":\"Boutique des produits HomeCare\",\"item\":\"https:\\\/\\\/www.med4skin.ch\\\/fr\\\/boutique-des-produits-homecare\\\/\"},{\"@type\":\"ListItem\",\"position\":3,\"name\":\"Kit cylindre Essential Purifying\"}]},{\"@type\":\"WebSite\",\"@id\":\"https:\\\/\\\/www.med4skin.ch\\\/fr\\\/#website\",\"url\":\"https:\\\/\\\/www.med4skin.ch\\\/fr\\\/\",\"name\":\"med4skin\",\"description\":\"med4skin - skincare\",\"publisher\":{\"@id\":\"https:\\\/\\\/www.med4skin.ch\\\/fr\\\/#organization\"},\"potentialAction\":[{\"@type\":\"SearchAction\",\"target\":{\"@type\":\"EntryPoint\",\"urlTemplate\":\"https:\\\/\\\/www.med4skin.ch\\\/fr\\\/?s={search_term_string}\"},\"query-input\":{\"@type\":\"PropertyValueSpecification\",\"valueRequired\":true,\"valueName\":\"search_term_string\"}}],\"inLanguage\":\"fr-FR\"},{\"@type\":\"Organization\",\"@id\":\"https:\\\/\\\/www.med4skin.ch\\\/fr\\\/#organization\",\"name\":\"med4skin\",\"url\":\"https:\\\/\\\/www.med4skin.ch\\\/fr\\\/\",\"logo\":{\"@type\":\"ImageObject\",\"inLanguage\":\"fr-FR\",\"@id\":\"https:\\\/\\\/www.med4skin.ch\\\/fr\\\/#\\\/schema\\\/logo\\\/image\\\/\",\"url\":\"https:\\\/\\\/www.med4skin.ch\\\/wp-content\\\/uploads\\\/2022\\\/08\\\/cropped-95017869_padded_logo.png\",\"contentUrl\":\"https:\\\/\\\/www.med4skin.ch\\\/wp-content\\\/uploads\\\/2022\\\/08\\\/cropped-95017869_padded_logo.png\",\"width\":\"512\",\"height\":\"512\",\"caption\":\"med4skin\"},\"image\":{\"@id\":\"https:\\\/\\\/www.med4skin.ch\\\/fr\\\/#\\\/schema\\\/logo\\\/image\\\/\"},\"sameAs\":[\"https:\\\/\\\/www.instagram.com\\\/toskani.switzerland\\\/\",\"https:\\\/\\\/www.instagram.com\\\/med4skin.ch\"]}]}<\/script>\n<!-- \/ Yoast SEO plugin. -->","yoast_head_json":{"title":"Kit cylindre Essential Purifying | med4skin","description":"Le kit id\u00e9al pour nettoyer en douceur et pr\u00e9parer une peau impure aux soins ult\u00e9rieurs avec 2 produits phares de TOSKANI.","robots":{"index":"index","follow":"follow","max-snippet":"max-snippet:-1","max-image-preview":"max-image-preview:large","max-video-preview":"max-video-preview:-1"},"canonical":"https:\/\/www.med4skin.ch\/fr\/produkt\/kit-cylindre-essential-purifying\/","og_locale":"fr_FR","og_type":"article","og_title":"Kit cylindre Essential Purifying | med4skin","og_description":"Le kit id\u00e9al pour nettoyer en douceur et pr\u00e9parer une peau impure aux soins ult\u00e9rieurs avec 2 produits phares de TOSKANI.","og_url":"https:\/\/www.med4skin.ch\/fr\/produkt\/kit-cylindre-essential-purifying\/","og_site_name":"med4skin","article_modified_time":"2025-02-27T01:34:27+00:00","og_image":[{"width":2560,"height":1435,"url":"https:\/\/www.med4skin.ch\/wp-content\/uploads\/2024\/07\/KIT_Essential-Purifying.1.png","type":"image\/png"}],"twitter_card":"summary_large_image","twitter_misc":{"Dur\u00e9e de lecture estim\u00e9e":"2 minutes"},"schema":{"@context":"https:\/\/schema.org","@graph":[{"@type":"WebPage","@id":"https:\/\/www.med4skin.ch\/fr\/produkt\/kit-cylindre-essential-purifying\/","url":"https:\/\/www.med4skin.ch\/fr\/produkt\/kit-cylindre-essential-purifying\/","name":"Kit cylindre Essential Purifying | med4skin","isPartOf":{"@id":"https:\/\/www.med4skin.ch\/fr\/#website"},"primaryImageOfPage":{"@id":"https:\/\/www.med4skin.ch\/fr\/produkt\/kit-cylindre-essential-purifying\/#primaryimage"},"image":{"@id":"https:\/\/www.med4skin.ch\/fr\/produkt\/kit-cylindre-essential-purifying\/#primaryimage"},"thumbnailUrl":"https:\/\/www.med4skin.ch\/wp-content\/uploads\/2024\/07\/KIT_Essential-Purifying.1.png","datePublished":"2024-07-24T19:13:14+00:00","dateModified":"2025-02-27T01:34:27+00:00","description":"Le kit id\u00e9al pour nettoyer en douceur et pr\u00e9parer une peau impure aux soins ult\u00e9rieurs avec 2 produits phares de TOSKANI.","breadcrumb":{"@id":"https:\/\/www.med4skin.ch\/fr\/produkt\/kit-cylindre-essential-purifying\/#breadcrumb"},"inLanguage":"fr-FR","potentialAction":[{"@type":"ReadAction","target":["https:\/\/www.med4skin.ch\/fr\/produkt\/kit-cylindre-essential-purifying\/"]}]},{"@type":"ImageObject","inLanguage":"fr-FR","@id":"https:\/\/www.med4skin.ch\/fr\/produkt\/kit-cylindre-essential-purifying\/#primaryimage","url":"https:\/\/www.med4skin.ch\/wp-content\/uploads\/2024\/07\/KIT_Essential-Purifying.1.png","contentUrl":"https:\/\/www.med4skin.ch\/wp-content\/uploads\/2024\/07\/KIT_Essential-Purifying.1.png","width":2560,"height":1435},{"@type":"BreadcrumbList","@id":"https:\/\/www.med4skin.ch\/fr\/produkt\/kit-cylindre-essential-purifying\/#breadcrumb","itemListElement":[{"@type":"ListItem","position":1,"name":"Startseite","item":"https:\/\/www.med4skin.ch\/fr\/"},{"@type":"ListItem","position":2,"name":"Boutique des produits HomeCare","item":"https:\/\/www.med4skin.ch\/fr\/boutique-des-produits-homecare\/"},{"@type":"ListItem","position":3,"name":"Kit cylindre Essential Purifying"}]},{"@type":"WebSite","@id":"https:\/\/www.med4skin.ch\/fr\/#website","url":"https:\/\/www.med4skin.ch\/fr\/","name":"med4skin","description":"med4skin - skincare","publisher":{"@id":"https:\/\/www.med4skin.ch\/fr\/#organization"},"potentialAction":[{"@type":"SearchAction","target":{"@type":"EntryPoint","urlTemplate":"https:\/\/www.med4skin.ch\/fr\/?s={search_term_string}"},"query-input":{"@type":"PropertyValueSpecification","valueRequired":true,"valueName":"search_term_string"}}],"inLanguage":"fr-FR"},{"@type":"Organization","@id":"https:\/\/www.med4skin.ch\/fr\/#organization","name":"med4skin","url":"https:\/\/www.med4skin.ch\/fr\/","logo":{"@type":"ImageObject","inLanguage":"fr-FR","@id":"https:\/\/www.med4skin.ch\/fr\/#\/schema\/logo\/image\/","url":"https:\/\/www.med4skin.ch\/wp-content\/uploads\/2022\/08\/cropped-95017869_padded_logo.png","contentUrl":"https:\/\/www.med4skin.ch\/wp-content\/uploads\/2022\/08\/cropped-95017869_padded_logo.png","width":"512","height":"512","caption":"med4skin"},"image":{"@id":"https:\/\/www.med4skin.ch\/fr\/#\/schema\/logo\/image\/"},"sameAs":["https:\/\/www.instagram.com\/toskani.switzerland\/","https:\/\/www.instagram.com\/med4skin.ch"]}]}},"_links":{"self":[{"href":"https:\/\/www.med4skin.ch\/fr\/wp-json\/wp\/v2\/product\/5577","targetHints":{"allow":["GET"]}}],"collection":[{"href":"https:\/\/www.med4skin.ch\/fr\/wp-json\/wp\/v2\/product"}],"about":[{"href":"https:\/\/www.med4skin.ch\/fr\/wp-json\/wp\/v2\/types\/product"}],"wp:featuredmedia":[{"embeddable":true,"href":"https:\/\/www.med4skin.ch\/fr\/wp-json\/wp\/v2\/media\/5559"}],"wp:attachment":[{"href":"https:\/\/www.med4skin.ch\/fr\/wp-json\/wp\/v2\/media?parent=5577"}],"wp:term":[{"taxonomy":"product_brand","embeddable":true,"href":"https:\/\/www.med4skin.ch\/fr\/wp-json\/wp\/v2\/product_brand?post=5577"},{"taxonomy":"product_cat","embeddable":true,"href":"https:\/\/www.med4skin.ch\/fr\/wp-json\/wp\/v2\/product_cat?post=5577"},{"taxonomy":"product_tag","embeddable":true,"href":"https:\/\/www.med4skin.ch\/fr\/wp-json\/wp\/v2\/product_tag?post=5577"}],"curies":[{"name":"wp","href":"https:\/\/api.w.org\/{rel}","templated":true}]}}