{"id":5774,"date":"2024-08-27T21:57:00","date_gmt":"2024-08-27T19:57:00","guid":{"rendered":"https:\/\/www.med4skin.ch\/?post_type=product&#038;p=5774"},"modified":"2025-08-11T18:41:14","modified_gmt":"2025-08-11T16:41:14","slug":"w-tranex-boost-complex","status":"publish","type":"product","link":"https:\/\/www.med4skin.ch\/fr\/produkt\/w-tranex-boost-complex\/","title":{"rendered":"W-Tranex Boost Complex"},"content":{"rendered":"<p>TOSKANIMED W-Tranex Boost Complex fait partie de la nouvelle gamme de produits de m\u00e9soth\u00e9rapie de pointe de TOSKANIMED et est exclusivement r\u00e9serv\u00e9 aux m\u00e9decins et aux h\u00f4pitaux.<\/p>\n<p>Le W-Tranex Boost Complex agit comme un harmonisateur de teint, r\u00e9duisant les imperfections et les irr\u00e9gularit\u00e9s du teint pour une peau \u00e9clatante et uniforme.<\/p>\n<p><strong>Indications<\/strong><br \/>\nHyperpigmentation de la peau<br \/>\nPeau sensible sujette \u00e0 l&rsquo;hyperpigmentation.<br \/>\nHyperpigmentation de la zone intime<br \/>\nPeau photo-vieillie<\/p>\n<p><strong>Substances actives<\/strong><br \/>\nSH polypeptide-2 (TRX), oligopeptide-34 (TGP-2), acide tranexamique, alpha arbutine, gluthation, extrait de racine de gan cao, extrait de racine de r\u00e9glisse, extrait de matsutake, vitamine B2 (niacinamide)<\/p>\n<p><strong>Application<\/strong><br \/>\nAvec TOSKANI Mesoject Gun ou NEOPENMED Microneedling de TOSKANIMED - au moins 48 heures entre 2 traitements<\/p>\n","protected":false},"excerpt":{"rendered":"<p>5 flacons de 3 ml<\/p>\n","protected":false},"featured_media":5761,"template":"","meta":{"_et_pb_use_builder":"","_et_pb_old_content":"","_et_gb_content_width":""},"product_brand":[],"product_cat":[279,161,168],"product_tag":[],"class_list":{"0":"post-5774","1":"product","2":"type-product","3":"status-publish","4":"has-post-thumbnail","6":"product_cat-complexe-toskani-boost","7":"product_cat-professionnel","8":"product_cat-toskanimed","10":"first","11":"instock","12":"taxable","13":"shipping-taxable","14":"purchasable","15":"product-type-simple"},"yoast_head":"<!-- This site is optimized with the Yoast SEO plugin v27.5 - https:\/\/yoast.com\/product\/yoast-seo-wordpress\/ -->\n<title>W-Tranex Boost Complex | med4skin<\/title>\n<meta name=\"description\" content=\"Harmonise le teint de la peau, r\u00e9duit les imperfections et les irr\u00e9gularit\u00e9s du teint pour une peau \u00e9clatante et uniforme.\" \/>\n<meta name=\"robots\" content=\"index, follow, max-snippet:-1, max-image-preview:large, max-video-preview:-1\" \/>\n<link rel=\"canonical\" href=\"https:\/\/www.med4skin.ch\/fr\/produkt\/w-tranex-boost-complex\/\" \/>\n<meta property=\"og:locale\" content=\"fr_FR\" \/>\n<meta property=\"og:type\" content=\"article\" \/>\n<meta property=\"og:title\" content=\"W-Tranex Boost Complex | med4skin\" \/>\n<meta property=\"og:description\" content=\"Harmonise le teint de la peau, r\u00e9duit les imperfections et les irr\u00e9gularit\u00e9s du teint pour une peau \u00e9clatante et uniforme.\" \/>\n<meta property=\"og:url\" content=\"https:\/\/www.med4skin.ch\/fr\/produkt\/w-tranex-boost-complex\/\" \/>\n<meta property=\"og:site_name\" content=\"med4skin\" \/>\n<meta property=\"article:modified_time\" content=\"2025-08-11T16:41:14+00:00\" \/>\n<meta property=\"og:image\" content=\"https:\/\/www.med4skin.ch\/wp-content\/uploads\/2024\/08\/W-Tranex-Boost-Complex.png\" \/>\n\t<meta property=\"og:image:width\" content=\"692\" \/>\n\t<meta property=\"og:image:height\" content=\"755\" \/>\n\t<meta property=\"og:image:type\" content=\"image\/png\" \/>\n<meta name=\"twitter:card\" content=\"summary_large_image\" \/>\n<meta name=\"twitter:label1\" content=\"Dur\u00e9e de lecture estim\u00e9e\" \/>\n\t<meta name=\"twitter:data1\" content=\"1 minute\" \/>\n<script type=\"application\/ld+json\" class=\"yoast-schema-graph\">{\"@context\":\"https:\\\/\\\/schema.org\",\"@graph\":[{\"@type\":\"WebPage\",\"@id\":\"https:\\\/\\\/www.med4skin.ch\\\/fr\\\/produkt\\\/w-tranex-boost-complex\\\/\",\"url\":\"https:\\\/\\\/www.med4skin.ch\\\/fr\\\/produkt\\\/w-tranex-boost-complex\\\/\",\"name\":\"W-Tranex Boost Complex | med4skin\",\"isPartOf\":{\"@id\":\"https:\\\/\\\/www.med4skin.ch\\\/fr\\\/#website\"},\"primaryImageOfPage\":{\"@id\":\"https:\\\/\\\/www.med4skin.ch\\\/fr\\\/produkt\\\/w-tranex-boost-complex\\\/#primaryimage\"},\"image\":{\"@id\":\"https:\\\/\\\/www.med4skin.ch\\\/fr\\\/produkt\\\/w-tranex-boost-complex\\\/#primaryimage\"},\"thumbnailUrl\":\"https:\\\/\\\/www.med4skin.ch\\\/wp-content\\\/uploads\\\/2024\\\/08\\\/W-Tranex-Boost-Complex.png\",\"datePublished\":\"2024-08-27T19:57:00+00:00\",\"dateModified\":\"2025-08-11T16:41:14+00:00\",\"description\":\"Harmonise le teint de la peau, r\u00e9duit les imperfections et les irr\u00e9gularit\u00e9s du teint pour une peau \u00e9clatante et uniforme.\",\"breadcrumb\":{\"@id\":\"https:\\\/\\\/www.med4skin.ch\\\/fr\\\/produkt\\\/w-tranex-boost-complex\\\/#breadcrumb\"},\"inLanguage\":\"fr-FR\",\"potentialAction\":[{\"@type\":\"ReadAction\",\"target\":[\"https:\\\/\\\/www.med4skin.ch\\\/fr\\\/produkt\\\/w-tranex-boost-complex\\\/\"]}]},{\"@type\":\"ImageObject\",\"inLanguage\":\"fr-FR\",\"@id\":\"https:\\\/\\\/www.med4skin.ch\\\/fr\\\/produkt\\\/w-tranex-boost-complex\\\/#primaryimage\",\"url\":\"https:\\\/\\\/www.med4skin.ch\\\/wp-content\\\/uploads\\\/2024\\\/08\\\/W-Tranex-Boost-Complex.png\",\"contentUrl\":\"https:\\\/\\\/www.med4skin.ch\\\/wp-content\\\/uploads\\\/2024\\\/08\\\/W-Tranex-Boost-Complex.png\",\"width\":692,\"height\":755},{\"@type\":\"BreadcrumbList\",\"@id\":\"https:\\\/\\\/www.med4skin.ch\\\/fr\\\/produkt\\\/w-tranex-boost-complex\\\/#breadcrumb\",\"itemListElement\":[{\"@type\":\"ListItem\",\"position\":1,\"name\":\"Startseite\",\"item\":\"https:\\\/\\\/www.med4skin.ch\\\/fr\\\/\"},{\"@type\":\"ListItem\",\"position\":2,\"name\":\"Boutique des produits HomeCare\",\"item\":\"https:\\\/\\\/www.med4skin.ch\\\/fr\\\/boutique-des-produits-homecare\\\/\"},{\"@type\":\"ListItem\",\"position\":3,\"name\":\"W-Tranex Boost Complex\"}]},{\"@type\":\"WebSite\",\"@id\":\"https:\\\/\\\/www.med4skin.ch\\\/fr\\\/#website\",\"url\":\"https:\\\/\\\/www.med4skin.ch\\\/fr\\\/\",\"name\":\"med4skin\",\"description\":\"med4skin - skincare\",\"publisher\":{\"@id\":\"https:\\\/\\\/www.med4skin.ch\\\/fr\\\/#organization\"},\"potentialAction\":[{\"@type\":\"SearchAction\",\"target\":{\"@type\":\"EntryPoint\",\"urlTemplate\":\"https:\\\/\\\/www.med4skin.ch\\\/fr\\\/?s={search_term_string}\"},\"query-input\":{\"@type\":\"PropertyValueSpecification\",\"valueRequired\":true,\"valueName\":\"search_term_string\"}}],\"inLanguage\":\"fr-FR\"},{\"@type\":\"Organization\",\"@id\":\"https:\\\/\\\/www.med4skin.ch\\\/fr\\\/#organization\",\"name\":\"med4skin\",\"url\":\"https:\\\/\\\/www.med4skin.ch\\\/fr\\\/\",\"logo\":{\"@type\":\"ImageObject\",\"inLanguage\":\"fr-FR\",\"@id\":\"https:\\\/\\\/www.med4skin.ch\\\/fr\\\/#\\\/schema\\\/logo\\\/image\\\/\",\"url\":\"https:\\\/\\\/www.med4skin.ch\\\/wp-content\\\/uploads\\\/2022\\\/08\\\/cropped-95017869_padded_logo.png\",\"contentUrl\":\"https:\\\/\\\/www.med4skin.ch\\\/wp-content\\\/uploads\\\/2022\\\/08\\\/cropped-95017869_padded_logo.png\",\"width\":\"512\",\"height\":\"512\",\"caption\":\"med4skin\"},\"image\":{\"@id\":\"https:\\\/\\\/www.med4skin.ch\\\/fr\\\/#\\\/schema\\\/logo\\\/image\\\/\"},\"sameAs\":[\"https:\\\/\\\/www.instagram.com\\\/toskani.switzerland\\\/\",\"https:\\\/\\\/www.instagram.com\\\/med4skin.ch\"]}]}<\/script>\n<!-- \/ Yoast SEO plugin. -->","yoast_head_json":{"title":"W-Tranex Boost Complex | med4skin","description":"Harmonise le teint de la peau, r\u00e9duit les imperfections et les irr\u00e9gularit\u00e9s du teint pour une peau \u00e9clatante et uniforme.","robots":{"index":"index","follow":"follow","max-snippet":"max-snippet:-1","max-image-preview":"max-image-preview:large","max-video-preview":"max-video-preview:-1"},"canonical":"https:\/\/www.med4skin.ch\/fr\/produkt\/w-tranex-boost-complex\/","og_locale":"fr_FR","og_type":"article","og_title":"W-Tranex Boost Complex | med4skin","og_description":"Harmonise le teint de la peau, r\u00e9duit les imperfections et les irr\u00e9gularit\u00e9s du teint pour une peau \u00e9clatante et uniforme.","og_url":"https:\/\/www.med4skin.ch\/fr\/produkt\/w-tranex-boost-complex\/","og_site_name":"med4skin","article_modified_time":"2025-08-11T16:41:14+00:00","og_image":[{"width":692,"height":755,"url":"https:\/\/www.med4skin.ch\/wp-content\/uploads\/2024\/08\/W-Tranex-Boost-Complex.png","type":"image\/png"}],"twitter_card":"summary_large_image","twitter_misc":{"Dur\u00e9e de lecture estim\u00e9e":"1 minute"},"schema":{"@context":"https:\/\/schema.org","@graph":[{"@type":"WebPage","@id":"https:\/\/www.med4skin.ch\/fr\/produkt\/w-tranex-boost-complex\/","url":"https:\/\/www.med4skin.ch\/fr\/produkt\/w-tranex-boost-complex\/","name":"W-Tranex Boost Complex | med4skin","isPartOf":{"@id":"https:\/\/www.med4skin.ch\/fr\/#website"},"primaryImageOfPage":{"@id":"https:\/\/www.med4skin.ch\/fr\/produkt\/w-tranex-boost-complex\/#primaryimage"},"image":{"@id":"https:\/\/www.med4skin.ch\/fr\/produkt\/w-tranex-boost-complex\/#primaryimage"},"thumbnailUrl":"https:\/\/www.med4skin.ch\/wp-content\/uploads\/2024\/08\/W-Tranex-Boost-Complex.png","datePublished":"2024-08-27T19:57:00+00:00","dateModified":"2025-08-11T16:41:14+00:00","description":"Harmonise le teint de la peau, r\u00e9duit les imperfections et les irr\u00e9gularit\u00e9s du teint pour une peau \u00e9clatante et uniforme.","breadcrumb":{"@id":"https:\/\/www.med4skin.ch\/fr\/produkt\/w-tranex-boost-complex\/#breadcrumb"},"inLanguage":"fr-FR","potentialAction":[{"@type":"ReadAction","target":["https:\/\/www.med4skin.ch\/fr\/produkt\/w-tranex-boost-complex\/"]}]},{"@type":"ImageObject","inLanguage":"fr-FR","@id":"https:\/\/www.med4skin.ch\/fr\/produkt\/w-tranex-boost-complex\/#primaryimage","url":"https:\/\/www.med4skin.ch\/wp-content\/uploads\/2024\/08\/W-Tranex-Boost-Complex.png","contentUrl":"https:\/\/www.med4skin.ch\/wp-content\/uploads\/2024\/08\/W-Tranex-Boost-Complex.png","width":692,"height":755},{"@type":"BreadcrumbList","@id":"https:\/\/www.med4skin.ch\/fr\/produkt\/w-tranex-boost-complex\/#breadcrumb","itemListElement":[{"@type":"ListItem","position":1,"name":"Startseite","item":"https:\/\/www.med4skin.ch\/fr\/"},{"@type":"ListItem","position":2,"name":"Boutique des produits HomeCare","item":"https:\/\/www.med4skin.ch\/fr\/boutique-des-produits-homecare\/"},{"@type":"ListItem","position":3,"name":"W-Tranex Boost Complex"}]},{"@type":"WebSite","@id":"https:\/\/www.med4skin.ch\/fr\/#website","url":"https:\/\/www.med4skin.ch\/fr\/","name":"med4skin","description":"med4skin - skincare","publisher":{"@id":"https:\/\/www.med4skin.ch\/fr\/#organization"},"potentialAction":[{"@type":"SearchAction","target":{"@type":"EntryPoint","urlTemplate":"https:\/\/www.med4skin.ch\/fr\/?s={search_term_string}"},"query-input":{"@type":"PropertyValueSpecification","valueRequired":true,"valueName":"search_term_string"}}],"inLanguage":"fr-FR"},{"@type":"Organization","@id":"https:\/\/www.med4skin.ch\/fr\/#organization","name":"med4skin","url":"https:\/\/www.med4skin.ch\/fr\/","logo":{"@type":"ImageObject","inLanguage":"fr-FR","@id":"https:\/\/www.med4skin.ch\/fr\/#\/schema\/logo\/image\/","url":"https:\/\/www.med4skin.ch\/wp-content\/uploads\/2022\/08\/cropped-95017869_padded_logo.png","contentUrl":"https:\/\/www.med4skin.ch\/wp-content\/uploads\/2022\/08\/cropped-95017869_padded_logo.png","width":"512","height":"512","caption":"med4skin"},"image":{"@id":"https:\/\/www.med4skin.ch\/fr\/#\/schema\/logo\/image\/"},"sameAs":["https:\/\/www.instagram.com\/toskani.switzerland\/","https:\/\/www.instagram.com\/med4skin.ch"]}]}},"_links":{"self":[{"href":"https:\/\/www.med4skin.ch\/fr\/wp-json\/wp\/v2\/product\/5774","targetHints":{"allow":["GET"]}}],"collection":[{"href":"https:\/\/www.med4skin.ch\/fr\/wp-json\/wp\/v2\/product"}],"about":[{"href":"https:\/\/www.med4skin.ch\/fr\/wp-json\/wp\/v2\/types\/product"}],"wp:featuredmedia":[{"embeddable":true,"href":"https:\/\/www.med4skin.ch\/fr\/wp-json\/wp\/v2\/media\/5761"}],"wp:attachment":[{"href":"https:\/\/www.med4skin.ch\/fr\/wp-json\/wp\/v2\/media?parent=5774"}],"wp:term":[{"taxonomy":"product_brand","embeddable":true,"href":"https:\/\/www.med4skin.ch\/fr\/wp-json\/wp\/v2\/product_brand?post=5774"},{"taxonomy":"product_cat","embeddable":true,"href":"https:\/\/www.med4skin.ch\/fr\/wp-json\/wp\/v2\/product_cat?post=5774"},{"taxonomy":"product_tag","embeddable":true,"href":"https:\/\/www.med4skin.ch\/fr\/wp-json\/wp\/v2\/product_tag?post=5774"}],"curies":[{"name":"wp","href":"https:\/\/api.w.org\/{rel}","templated":true}]}}