{"id":5776,"date":"2024-08-27T22:15:20","date_gmt":"2024-08-27T20:15:20","guid":{"rendered":"https:\/\/www.med4skin.ch\/?post_type=product&#038;p=5776"},"modified":"2026-01-24T08:38:11","modified_gmt":"2026-01-24T07:38:11","slug":"densihair-boost-complex","status":"publish","type":"product","link":"https:\/\/www.med4skin.ch\/fr\/produkt\/densihair-boost-complex\/","title":{"rendered":"Complexe DensiHair Boost"},"content":{"rendered":"<p>TOSKANIMED DensiHair Boost Complex fait partie de la nouvelle gamme de produits de m\u00e9soth\u00e9rapie de pointe de TOSKANIMED et est exclusivement r\u00e9serv\u00e9 aux m\u00e9decins et aux h\u00f4pitaux. Le complexe DensiHair Boost a un effet densifiant et fortifiant pour les cheveux. Il revitalise et nourrit le cuir chevelu, r\u00e9duisant ainsi la chute des cheveux et permettant d&rsquo;obtenir des cheveux plus \u00e9pais et plus denses.<\/p>\n<p><strong>Indications<\/strong><br \/>\nAlop\u00e9cie androg\u00e9nique chez les hommes et les femmes.<br \/>\nAlop\u00e9cie traumatique.<br \/>\nAlop\u00e9cie areata.<br \/>\nAlop\u00e9cie diffuse<\/p>\n<p><strong>Substances actives<\/strong><br \/>\nSH polypeptides-1, SH polypeptides-9, SH oligopeptides-2, cuivre tripeptides-1, acides amin\u00e9s, taurine, vitamine A, vitamine B complexe, vitamine C, vitamine E, min\u00e9raux<\/p>\n<p><strong>Application<\/strong><br \/>\nAvec TOSKANI Mesoject Gun ou NEOPENMED Microneedling de TOSKANIMED - au moins 48 heures entre 2 traitements<\/p>\n","protected":false},"excerpt":{"rendered":"<p>5 flacons de 5 ml<\/p>\n","protected":false},"featured_media":5763,"template":"","meta":{"_et_pb_use_builder":"","_et_pb_old_content":"","_et_gb_content_width":""},"product_brand":[],"product_cat":[279,161,168],"product_tag":[],"class_list":{"0":"post-5776","1":"product","2":"type-product","3":"status-publish","4":"has-post-thumbnail","6":"product_cat-complexe-toskani-boost","7":"product_cat-professionnel","8":"product_cat-toskanimed","10":"first","11":"instock","12":"taxable","13":"shipping-taxable","14":"purchasable","15":"product-type-simple"},"yoast_head":"<!-- This site is optimized with the Yoast SEO plugin v27.4 - https:\/\/yoast.com\/product\/yoast-seo-wordpress\/ -->\n<title>TOSKANIMED Complexe DensiHair Boost | med4skin<\/title>\n<meta name=\"description\" content=\"Agit comme un \u00e9paississant et un fortifiant pour les cheveux. Revitalise et nourrit le cuir chevelu, r\u00e9duit la chute des cheveux et permet d&#039;obtenir des cheveux plus \u00e9pais et plus denses.\" \/>\n<meta name=\"robots\" content=\"index, follow, max-snippet:-1, max-image-preview:large, max-video-preview:-1\" \/>\n<link rel=\"canonical\" href=\"https:\/\/www.med4skin.ch\/fr\/produkt\/densihair-boost-complex\/\" \/>\n<meta property=\"og:locale\" content=\"fr_FR\" \/>\n<meta property=\"og:type\" content=\"article\" \/>\n<meta property=\"og:title\" content=\"TOSKANIMED Complexe DensiHair Boost | med4skin\" \/>\n<meta property=\"og:description\" content=\"Agit comme un \u00e9paississant et un fortifiant pour les cheveux. Revitalise et nourrit le cuir chevelu, r\u00e9duit la chute des cheveux et permet d&#039;obtenir des cheveux plus \u00e9pais et plus denses.\" \/>\n<meta property=\"og:url\" content=\"https:\/\/www.med4skin.ch\/fr\/produkt\/densihair-boost-complex\/\" \/>\n<meta property=\"og:site_name\" content=\"med4skin\" \/>\n<meta property=\"article:modified_time\" content=\"2026-01-24T07:38:11+00:00\" \/>\n<meta property=\"og:image\" content=\"https:\/\/www.med4skin.ch\/wp-content\/uploads\/2024\/08\/DensiHair-Boost-Complex.png\" \/>\n\t<meta property=\"og:image:width\" content=\"692\" \/>\n\t<meta property=\"og:image:height\" content=\"755\" \/>\n\t<meta property=\"og:image:type\" content=\"image\/png\" \/>\n<meta name=\"twitter:card\" content=\"summary_large_image\" \/>\n<meta name=\"twitter:label1\" content=\"Dur\u00e9e de lecture estim\u00e9e\" \/>\n\t<meta name=\"twitter:data1\" content=\"1 minute\" \/>\n<script type=\"application\/ld+json\" class=\"yoast-schema-graph\">{\"@context\":\"https:\\\/\\\/schema.org\",\"@graph\":[{\"@type\":\"WebPage\",\"@id\":\"https:\\\/\\\/www.med4skin.ch\\\/fr\\\/produkt\\\/densihair-boost-complex\\\/\",\"url\":\"https:\\\/\\\/www.med4skin.ch\\\/fr\\\/produkt\\\/densihair-boost-complex\\\/\",\"name\":\"TOSKANIMED Complexe DensiHair Boost | med4skin\",\"isPartOf\":{\"@id\":\"https:\\\/\\\/www.med4skin.ch\\\/fr\\\/#website\"},\"primaryImageOfPage\":{\"@id\":\"https:\\\/\\\/www.med4skin.ch\\\/fr\\\/produkt\\\/densihair-boost-complex\\\/#primaryimage\"},\"image\":{\"@id\":\"https:\\\/\\\/www.med4skin.ch\\\/fr\\\/produkt\\\/densihair-boost-complex\\\/#primaryimage\"},\"thumbnailUrl\":\"https:\\\/\\\/www.med4skin.ch\\\/wp-content\\\/uploads\\\/2024\\\/08\\\/DensiHair-Boost-Complex.png\",\"datePublished\":\"2024-08-27T20:15:20+00:00\",\"dateModified\":\"2026-01-24T07:38:11+00:00\",\"description\":\"Agit comme un \u00e9paississant et un fortifiant pour les cheveux. Revitalise et nourrit le cuir chevelu, r\u00e9duit la chute des cheveux et permet d'obtenir des cheveux plus \u00e9pais et plus denses.\",\"breadcrumb\":{\"@id\":\"https:\\\/\\\/www.med4skin.ch\\\/fr\\\/produkt\\\/densihair-boost-complex\\\/#breadcrumb\"},\"inLanguage\":\"fr-FR\",\"potentialAction\":[{\"@type\":\"ReadAction\",\"target\":[\"https:\\\/\\\/www.med4skin.ch\\\/fr\\\/produkt\\\/densihair-boost-complex\\\/\"]}]},{\"@type\":\"ImageObject\",\"inLanguage\":\"fr-FR\",\"@id\":\"https:\\\/\\\/www.med4skin.ch\\\/fr\\\/produkt\\\/densihair-boost-complex\\\/#primaryimage\",\"url\":\"https:\\\/\\\/www.med4skin.ch\\\/wp-content\\\/uploads\\\/2024\\\/08\\\/DensiHair-Boost-Complex.png\",\"contentUrl\":\"https:\\\/\\\/www.med4skin.ch\\\/wp-content\\\/uploads\\\/2024\\\/08\\\/DensiHair-Boost-Complex.png\",\"width\":692,\"height\":755},{\"@type\":\"BreadcrumbList\",\"@id\":\"https:\\\/\\\/www.med4skin.ch\\\/fr\\\/produkt\\\/densihair-boost-complex\\\/#breadcrumb\",\"itemListElement\":[{\"@type\":\"ListItem\",\"position\":1,\"name\":\"Startseite\",\"item\":\"https:\\\/\\\/www.med4skin.ch\\\/fr\\\/\"},{\"@type\":\"ListItem\",\"position\":2,\"name\":\"Boutique des produits HomeCare\",\"item\":\"https:\\\/\\\/www.med4skin.ch\\\/fr\\\/boutique-des-produits-homecare\\\/\"},{\"@type\":\"ListItem\",\"position\":3,\"name\":\"Complexe DensiHair Boost\"}]},{\"@type\":\"WebSite\",\"@id\":\"https:\\\/\\\/www.med4skin.ch\\\/fr\\\/#website\",\"url\":\"https:\\\/\\\/www.med4skin.ch\\\/fr\\\/\",\"name\":\"med4skin\",\"description\":\"med4skin - skincare\",\"publisher\":{\"@id\":\"https:\\\/\\\/www.med4skin.ch\\\/fr\\\/#organization\"},\"potentialAction\":[{\"@type\":\"SearchAction\",\"target\":{\"@type\":\"EntryPoint\",\"urlTemplate\":\"https:\\\/\\\/www.med4skin.ch\\\/fr\\\/?s={search_term_string}\"},\"query-input\":{\"@type\":\"PropertyValueSpecification\",\"valueRequired\":true,\"valueName\":\"search_term_string\"}}],\"inLanguage\":\"fr-FR\"},{\"@type\":\"Organization\",\"@id\":\"https:\\\/\\\/www.med4skin.ch\\\/fr\\\/#organization\",\"name\":\"med4skin\",\"url\":\"https:\\\/\\\/www.med4skin.ch\\\/fr\\\/\",\"logo\":{\"@type\":\"ImageObject\",\"inLanguage\":\"fr-FR\",\"@id\":\"https:\\\/\\\/www.med4skin.ch\\\/fr\\\/#\\\/schema\\\/logo\\\/image\\\/\",\"url\":\"https:\\\/\\\/www.med4skin.ch\\\/wp-content\\\/uploads\\\/2022\\\/08\\\/cropped-95017869_padded_logo.png\",\"contentUrl\":\"https:\\\/\\\/www.med4skin.ch\\\/wp-content\\\/uploads\\\/2022\\\/08\\\/cropped-95017869_padded_logo.png\",\"width\":\"512\",\"height\":\"512\",\"caption\":\"med4skin\"},\"image\":{\"@id\":\"https:\\\/\\\/www.med4skin.ch\\\/fr\\\/#\\\/schema\\\/logo\\\/image\\\/\"},\"sameAs\":[\"https:\\\/\\\/www.instagram.com\\\/toskani.switzerland\\\/\",\"https:\\\/\\\/www.instagram.com\\\/med4skin.ch\"]}]}<\/script>\n<!-- \/ Yoast SEO plugin. -->","yoast_head_json":{"title":"TOSKANIMED Complexe DensiHair Boost | med4skin","description":"Agit comme un \u00e9paississant et un fortifiant pour les cheveux. Revitalise et nourrit le cuir chevelu, r\u00e9duit la chute des cheveux et permet d'obtenir des cheveux plus \u00e9pais et plus denses.","robots":{"index":"index","follow":"follow","max-snippet":"max-snippet:-1","max-image-preview":"max-image-preview:large","max-video-preview":"max-video-preview:-1"},"canonical":"https:\/\/www.med4skin.ch\/fr\/produkt\/densihair-boost-complex\/","og_locale":"fr_FR","og_type":"article","og_title":"TOSKANIMED Complexe DensiHair Boost | med4skin","og_description":"Agit comme un \u00e9paississant et un fortifiant pour les cheveux. Revitalise et nourrit le cuir chevelu, r\u00e9duit la chute des cheveux et permet d'obtenir des cheveux plus \u00e9pais et plus denses.","og_url":"https:\/\/www.med4skin.ch\/fr\/produkt\/densihair-boost-complex\/","og_site_name":"med4skin","article_modified_time":"2026-01-24T07:38:11+00:00","og_image":[{"width":692,"height":755,"url":"https:\/\/www.med4skin.ch\/wp-content\/uploads\/2024\/08\/DensiHair-Boost-Complex.png","type":"image\/png"}],"twitter_card":"summary_large_image","twitter_misc":{"Dur\u00e9e de lecture estim\u00e9e":"1 minute"},"schema":{"@context":"https:\/\/schema.org","@graph":[{"@type":"WebPage","@id":"https:\/\/www.med4skin.ch\/fr\/produkt\/densihair-boost-complex\/","url":"https:\/\/www.med4skin.ch\/fr\/produkt\/densihair-boost-complex\/","name":"TOSKANIMED Complexe DensiHair Boost | med4skin","isPartOf":{"@id":"https:\/\/www.med4skin.ch\/fr\/#website"},"primaryImageOfPage":{"@id":"https:\/\/www.med4skin.ch\/fr\/produkt\/densihair-boost-complex\/#primaryimage"},"image":{"@id":"https:\/\/www.med4skin.ch\/fr\/produkt\/densihair-boost-complex\/#primaryimage"},"thumbnailUrl":"https:\/\/www.med4skin.ch\/wp-content\/uploads\/2024\/08\/DensiHair-Boost-Complex.png","datePublished":"2024-08-27T20:15:20+00:00","dateModified":"2026-01-24T07:38:11+00:00","description":"Agit comme un \u00e9paississant et un fortifiant pour les cheveux. Revitalise et nourrit le cuir chevelu, r\u00e9duit la chute des cheveux et permet d'obtenir des cheveux plus \u00e9pais et plus denses.","breadcrumb":{"@id":"https:\/\/www.med4skin.ch\/fr\/produkt\/densihair-boost-complex\/#breadcrumb"},"inLanguage":"fr-FR","potentialAction":[{"@type":"ReadAction","target":["https:\/\/www.med4skin.ch\/fr\/produkt\/densihair-boost-complex\/"]}]},{"@type":"ImageObject","inLanguage":"fr-FR","@id":"https:\/\/www.med4skin.ch\/fr\/produkt\/densihair-boost-complex\/#primaryimage","url":"https:\/\/www.med4skin.ch\/wp-content\/uploads\/2024\/08\/DensiHair-Boost-Complex.png","contentUrl":"https:\/\/www.med4skin.ch\/wp-content\/uploads\/2024\/08\/DensiHair-Boost-Complex.png","width":692,"height":755},{"@type":"BreadcrumbList","@id":"https:\/\/www.med4skin.ch\/fr\/produkt\/densihair-boost-complex\/#breadcrumb","itemListElement":[{"@type":"ListItem","position":1,"name":"Startseite","item":"https:\/\/www.med4skin.ch\/fr\/"},{"@type":"ListItem","position":2,"name":"Boutique des produits HomeCare","item":"https:\/\/www.med4skin.ch\/fr\/boutique-des-produits-homecare\/"},{"@type":"ListItem","position":3,"name":"Complexe DensiHair Boost"}]},{"@type":"WebSite","@id":"https:\/\/www.med4skin.ch\/fr\/#website","url":"https:\/\/www.med4skin.ch\/fr\/","name":"med4skin","description":"med4skin - skincare","publisher":{"@id":"https:\/\/www.med4skin.ch\/fr\/#organization"},"potentialAction":[{"@type":"SearchAction","target":{"@type":"EntryPoint","urlTemplate":"https:\/\/www.med4skin.ch\/fr\/?s={search_term_string}"},"query-input":{"@type":"PropertyValueSpecification","valueRequired":true,"valueName":"search_term_string"}}],"inLanguage":"fr-FR"},{"@type":"Organization","@id":"https:\/\/www.med4skin.ch\/fr\/#organization","name":"med4skin","url":"https:\/\/www.med4skin.ch\/fr\/","logo":{"@type":"ImageObject","inLanguage":"fr-FR","@id":"https:\/\/www.med4skin.ch\/fr\/#\/schema\/logo\/image\/","url":"https:\/\/www.med4skin.ch\/wp-content\/uploads\/2022\/08\/cropped-95017869_padded_logo.png","contentUrl":"https:\/\/www.med4skin.ch\/wp-content\/uploads\/2022\/08\/cropped-95017869_padded_logo.png","width":"512","height":"512","caption":"med4skin"},"image":{"@id":"https:\/\/www.med4skin.ch\/fr\/#\/schema\/logo\/image\/"},"sameAs":["https:\/\/www.instagram.com\/toskani.switzerland\/","https:\/\/www.instagram.com\/med4skin.ch"]}]}},"_links":{"self":[{"href":"https:\/\/www.med4skin.ch\/fr\/wp-json\/wp\/v2\/product\/5776","targetHints":{"allow":["GET"]}}],"collection":[{"href":"https:\/\/www.med4skin.ch\/fr\/wp-json\/wp\/v2\/product"}],"about":[{"href":"https:\/\/www.med4skin.ch\/fr\/wp-json\/wp\/v2\/types\/product"}],"wp:featuredmedia":[{"embeddable":true,"href":"https:\/\/www.med4skin.ch\/fr\/wp-json\/wp\/v2\/media\/5763"}],"wp:attachment":[{"href":"https:\/\/www.med4skin.ch\/fr\/wp-json\/wp\/v2\/media?parent=5776"}],"wp:term":[{"taxonomy":"product_brand","embeddable":true,"href":"https:\/\/www.med4skin.ch\/fr\/wp-json\/wp\/v2\/product_brand?post=5776"},{"taxonomy":"product_cat","embeddable":true,"href":"https:\/\/www.med4skin.ch\/fr\/wp-json\/wp\/v2\/product_cat?post=5776"},{"taxonomy":"product_tag","embeddable":true,"href":"https:\/\/www.med4skin.ch\/fr\/wp-json\/wp\/v2\/product_tag?post=5776"}],"curies":[{"name":"wp","href":"https:\/\/api.w.org\/{rel}","templated":true}]}}