{"id":6276,"date":"2024-11-25T12:57:52","date_gmt":"2024-11-25T11:57:52","guid":{"rendered":"https:\/\/www.med4skin.ch\/produkt\/masque-pro-age\/"},"modified":"2025-10-15T21:05:21","modified_gmt":"2025-10-15T19:05:21","slug":"masque-pro-age","status":"publish","type":"product","link":"https:\/\/www.med4skin.ch\/fr\/produkt\/masque-pro-age\/","title":{"rendered":"Masque Pro Age"},"content":{"rendered":"<p>Masque en biocellulose Ice-Like (masque non tiss\u00e9) \u00e0 action globale qui s&rsquo;adapte parfaitement \u00e0 la physionomie du visage et inclut \u00e9galement la zone du cou.<\/p>\n<p>Ice-Like est un masque semblable au lyocell avec une structure unique de fibres cristallines. Le lyocell est une fibre similaire au coton, obtenue \u00e0 partir de la cellulose de diff\u00e9rents arbres. Ce tissu est connu pour \u00eatre un mat\u00e9riau durable, car il provient d&rsquo;une source naturelle - la cellulose de bois - et son processus de fabrication est respectueux de l&rsquo;environnement.<\/p>\n<p>Contrairement au lyocell, l&rsquo;ice-like a un diam\u00e8tre de fibre plus petit, ce qui en fait un support beaucoup plus doux avec une meilleure adh\u00e9rence et transparence.<\/p>\n<p><strong>Adh\u00e9sion parfaite<\/strong><br \/>\nIce-Like est incroyablement pratique et s&rsquo;adapte parfaitement au teint pour une sensation de fra\u00eecheur imm\u00e9diate. Lorsqu&rsquo;il entre en contact avec le s\u00e9rum, le masque se transforme en une belle texture gel.<\/p>\n<p><strong>Application<\/strong><br \/>\nCompar\u00e9 au masque Lyocell, le masque Ice-Like offre une dur\u00e9e de traitement plus longue, car il a retenu beaucoup plus d&rsquo;humidit\u00e9.<\/p>\n<p><strong>effet :  <\/strong><\/p>\n<ul>\n<li>R\u00e9duit visiblement les rides<\/li>\n<li>Effet raffermissant<\/li>\n<li>Booster d&rsquo;hydratation<\/li>\n<li>Active le collag\u00e8ne et les fibroblastes<\/li>\n<\/ul>\n<p><strong>Substances actives :<\/strong><\/p>\n<ul>\n<li>Collag\u00e8ne marin : am\u00e9liore la production naturelle de collag\u00e8ne, renforce la capacit\u00e9 de soutien de la matrice extracellulaire et assure la fermet\u00e9.<\/li>\n<li>Bio Matrix Repair : extrait biotechnologique d&rsquo;algues. Prot\u00e8ge la matrice extracellulaire de la d\u00e9gradation et agit comme un booster de fibroblastes et de collag\u00e8ne.<\/li>\n<li>Prot\u00e9ine de bl\u00e9 hydrolys\u00e9e : forme un film doux, \u00e9lastique et continu qui adoucit et raffermit les couches sup\u00e9rieures de l&rsquo;\u00e9piderme et am\u00e9liore la texture de la peau.<\/li>\n<\/ul>\n<p>&nbsp;<\/p>\n","protected":false},"excerpt":{"rendered":"<p>1 bo\u00eete de 10 masques non tiss\u00e9s visage et cou avec 30 ml de s\u00e9rum<\/p>\n","protected":false},"featured_media":6834,"template":"","meta":{"_et_pb_use_builder":"","_et_pb_old_content":"","_et_gb_content_width":""},"product_brand":[],"product_cat":[263,149,159,205],"product_tag":[],"class_list":{"0":"post-6276","1":"product","2":"type-product","3":"status-publish","4":"has-post-thumbnail","6":"product_cat-masques-toskani","7":"product_cat-produits-homecare","8":"product_cat-toskani-home-anti-aging-fr","9":"product_cat-toskani-home-pro-age","11":"first","12":"instock","13":"taxable","14":"shipping-taxable","15":"purchasable","16":"product-type-simple"},"yoast_head":"<!-- This site is optimized with the Yoast SEO plugin v27.4 - https:\/\/yoast.com\/product\/yoast-seo-wordpress\/ -->\n<title>TOSKANI Masque Pro Age | med4skin<\/title>\n<meta name=\"robots\" content=\"index, follow, max-snippet:-1, max-image-preview:large, max-video-preview:-1\" \/>\n<link rel=\"canonical\" href=\"https:\/\/www.med4skin.ch\/fr\/produkt\/masque-pro-age\/\" \/>\n<meta property=\"og:locale\" content=\"fr_FR\" \/>\n<meta property=\"og:type\" content=\"article\" \/>\n<meta property=\"og:title\" content=\"TOSKANI Masque Pro Age | med4skin\" \/>\n<meta property=\"og:description\" content=\"1 bo\u00eete de 10 masques non tiss\u00e9s visage et cou avec 30 ml de s\u00e9rum\" \/>\n<meta property=\"og:url\" content=\"https:\/\/www.med4skin.ch\/fr\/produkt\/masque-pro-age\/\" \/>\n<meta property=\"og:site_name\" content=\"med4skin\" \/>\n<meta property=\"article:modified_time\" content=\"2025-10-15T19:05:21+00:00\" \/>\n<meta property=\"og:image\" content=\"https:\/\/www.med4skin.ch\/wp-content\/uploads\/2024\/11\/ProAge_CajaSachet-cerrada.2-1.png\" \/>\n\t<meta property=\"og:image:width\" content=\"2000\" \/>\n\t<meta property=\"og:image:height\" content=\"1371\" \/>\n\t<meta property=\"og:image:type\" content=\"image\/png\" \/>\n<meta name=\"twitter:card\" content=\"summary_large_image\" \/>\n<meta name=\"twitter:label1\" content=\"Dur\u00e9e de lecture estim\u00e9e\" \/>\n\t<meta name=\"twitter:data1\" content=\"1 minute\" \/>\n<script type=\"application\/ld+json\" class=\"yoast-schema-graph\">{\"@context\":\"https:\\\/\\\/schema.org\",\"@graph\":[{\"@type\":\"WebPage\",\"@id\":\"https:\\\/\\\/www.med4skin.ch\\\/fr\\\/produkt\\\/masque-pro-age\\\/\",\"url\":\"https:\\\/\\\/www.med4skin.ch\\\/fr\\\/produkt\\\/masque-pro-age\\\/\",\"name\":\"TOSKANI Masque Pro Age | med4skin\",\"isPartOf\":{\"@id\":\"https:\\\/\\\/www.med4skin.ch\\\/fr\\\/#website\"},\"primaryImageOfPage\":{\"@id\":\"https:\\\/\\\/www.med4skin.ch\\\/fr\\\/produkt\\\/masque-pro-age\\\/#primaryimage\"},\"image\":{\"@id\":\"https:\\\/\\\/www.med4skin.ch\\\/fr\\\/produkt\\\/masque-pro-age\\\/#primaryimage\"},\"thumbnailUrl\":\"https:\\\/\\\/www.med4skin.ch\\\/wp-content\\\/uploads\\\/2024\\\/11\\\/ProAge_CajaSachet-cerrada.2-1.png\",\"datePublished\":\"2024-11-25T11:57:52+00:00\",\"dateModified\":\"2025-10-15T19:05:21+00:00\",\"breadcrumb\":{\"@id\":\"https:\\\/\\\/www.med4skin.ch\\\/fr\\\/produkt\\\/masque-pro-age\\\/#breadcrumb\"},\"inLanguage\":\"fr-FR\",\"potentialAction\":[{\"@type\":\"ReadAction\",\"target\":[\"https:\\\/\\\/www.med4skin.ch\\\/fr\\\/produkt\\\/masque-pro-age\\\/\"]}]},{\"@type\":\"ImageObject\",\"inLanguage\":\"fr-FR\",\"@id\":\"https:\\\/\\\/www.med4skin.ch\\\/fr\\\/produkt\\\/masque-pro-age\\\/#primaryimage\",\"url\":\"https:\\\/\\\/www.med4skin.ch\\\/wp-content\\\/uploads\\\/2024\\\/11\\\/ProAge_CajaSachet-cerrada.2-1.png\",\"contentUrl\":\"https:\\\/\\\/www.med4skin.ch\\\/wp-content\\\/uploads\\\/2024\\\/11\\\/ProAge_CajaSachet-cerrada.2-1.png\",\"width\":2000,\"height\":1371},{\"@type\":\"BreadcrumbList\",\"@id\":\"https:\\\/\\\/www.med4skin.ch\\\/fr\\\/produkt\\\/masque-pro-age\\\/#breadcrumb\",\"itemListElement\":[{\"@type\":\"ListItem\",\"position\":1,\"name\":\"Startseite\",\"item\":\"https:\\\/\\\/www.med4skin.ch\\\/fr\\\/\"},{\"@type\":\"ListItem\",\"position\":2,\"name\":\"Boutique des produits HomeCare\",\"item\":\"https:\\\/\\\/www.med4skin.ch\\\/fr\\\/boutique-des-produits-homecare\\\/\"},{\"@type\":\"ListItem\",\"position\":3,\"name\":\"Masque Pro Age\"}]},{\"@type\":\"WebSite\",\"@id\":\"https:\\\/\\\/www.med4skin.ch\\\/fr\\\/#website\",\"url\":\"https:\\\/\\\/www.med4skin.ch\\\/fr\\\/\",\"name\":\"med4skin\",\"description\":\"med4skin - skincare\",\"publisher\":{\"@id\":\"https:\\\/\\\/www.med4skin.ch\\\/fr\\\/#organization\"},\"potentialAction\":[{\"@type\":\"SearchAction\",\"target\":{\"@type\":\"EntryPoint\",\"urlTemplate\":\"https:\\\/\\\/www.med4skin.ch\\\/fr\\\/?s={search_term_string}\"},\"query-input\":{\"@type\":\"PropertyValueSpecification\",\"valueRequired\":true,\"valueName\":\"search_term_string\"}}],\"inLanguage\":\"fr-FR\"},{\"@type\":\"Organization\",\"@id\":\"https:\\\/\\\/www.med4skin.ch\\\/fr\\\/#organization\",\"name\":\"med4skin\",\"url\":\"https:\\\/\\\/www.med4skin.ch\\\/fr\\\/\",\"logo\":{\"@type\":\"ImageObject\",\"inLanguage\":\"fr-FR\",\"@id\":\"https:\\\/\\\/www.med4skin.ch\\\/fr\\\/#\\\/schema\\\/logo\\\/image\\\/\",\"url\":\"https:\\\/\\\/www.med4skin.ch\\\/wp-content\\\/uploads\\\/2022\\\/08\\\/cropped-95017869_padded_logo.png\",\"contentUrl\":\"https:\\\/\\\/www.med4skin.ch\\\/wp-content\\\/uploads\\\/2022\\\/08\\\/cropped-95017869_padded_logo.png\",\"width\":\"512\",\"height\":\"512\",\"caption\":\"med4skin\"},\"image\":{\"@id\":\"https:\\\/\\\/www.med4skin.ch\\\/fr\\\/#\\\/schema\\\/logo\\\/image\\\/\"},\"sameAs\":[\"https:\\\/\\\/www.instagram.com\\\/toskani.switzerland\\\/\",\"https:\\\/\\\/www.instagram.com\\\/med4skin.ch\"]}]}<\/script>\n<!-- \/ Yoast SEO plugin. -->","yoast_head_json":{"title":"TOSKANI Masque Pro Age | med4skin","robots":{"index":"index","follow":"follow","max-snippet":"max-snippet:-1","max-image-preview":"max-image-preview:large","max-video-preview":"max-video-preview:-1"},"canonical":"https:\/\/www.med4skin.ch\/fr\/produkt\/masque-pro-age\/","og_locale":"fr_FR","og_type":"article","og_title":"TOSKANI Masque Pro Age | med4skin","og_description":"1 bo\u00eete de 10 masques non tiss\u00e9s visage et cou avec 30 ml de s\u00e9rum","og_url":"https:\/\/www.med4skin.ch\/fr\/produkt\/masque-pro-age\/","og_site_name":"med4skin","article_modified_time":"2025-10-15T19:05:21+00:00","og_image":[{"width":2000,"height":1371,"url":"https:\/\/www.med4skin.ch\/wp-content\/uploads\/2024\/11\/ProAge_CajaSachet-cerrada.2-1.png","type":"image\/png"}],"twitter_card":"summary_large_image","twitter_misc":{"Dur\u00e9e de lecture estim\u00e9e":"1 minute"},"schema":{"@context":"https:\/\/schema.org","@graph":[{"@type":"WebPage","@id":"https:\/\/www.med4skin.ch\/fr\/produkt\/masque-pro-age\/","url":"https:\/\/www.med4skin.ch\/fr\/produkt\/masque-pro-age\/","name":"TOSKANI Masque Pro Age | med4skin","isPartOf":{"@id":"https:\/\/www.med4skin.ch\/fr\/#website"},"primaryImageOfPage":{"@id":"https:\/\/www.med4skin.ch\/fr\/produkt\/masque-pro-age\/#primaryimage"},"image":{"@id":"https:\/\/www.med4skin.ch\/fr\/produkt\/masque-pro-age\/#primaryimage"},"thumbnailUrl":"https:\/\/www.med4skin.ch\/wp-content\/uploads\/2024\/11\/ProAge_CajaSachet-cerrada.2-1.png","datePublished":"2024-11-25T11:57:52+00:00","dateModified":"2025-10-15T19:05:21+00:00","breadcrumb":{"@id":"https:\/\/www.med4skin.ch\/fr\/produkt\/masque-pro-age\/#breadcrumb"},"inLanguage":"fr-FR","potentialAction":[{"@type":"ReadAction","target":["https:\/\/www.med4skin.ch\/fr\/produkt\/masque-pro-age\/"]}]},{"@type":"ImageObject","inLanguage":"fr-FR","@id":"https:\/\/www.med4skin.ch\/fr\/produkt\/masque-pro-age\/#primaryimage","url":"https:\/\/www.med4skin.ch\/wp-content\/uploads\/2024\/11\/ProAge_CajaSachet-cerrada.2-1.png","contentUrl":"https:\/\/www.med4skin.ch\/wp-content\/uploads\/2024\/11\/ProAge_CajaSachet-cerrada.2-1.png","width":2000,"height":1371},{"@type":"BreadcrumbList","@id":"https:\/\/www.med4skin.ch\/fr\/produkt\/masque-pro-age\/#breadcrumb","itemListElement":[{"@type":"ListItem","position":1,"name":"Startseite","item":"https:\/\/www.med4skin.ch\/fr\/"},{"@type":"ListItem","position":2,"name":"Boutique des produits HomeCare","item":"https:\/\/www.med4skin.ch\/fr\/boutique-des-produits-homecare\/"},{"@type":"ListItem","position":3,"name":"Masque Pro Age"}]},{"@type":"WebSite","@id":"https:\/\/www.med4skin.ch\/fr\/#website","url":"https:\/\/www.med4skin.ch\/fr\/","name":"med4skin","description":"med4skin - skincare","publisher":{"@id":"https:\/\/www.med4skin.ch\/fr\/#organization"},"potentialAction":[{"@type":"SearchAction","target":{"@type":"EntryPoint","urlTemplate":"https:\/\/www.med4skin.ch\/fr\/?s={search_term_string}"},"query-input":{"@type":"PropertyValueSpecification","valueRequired":true,"valueName":"search_term_string"}}],"inLanguage":"fr-FR"},{"@type":"Organization","@id":"https:\/\/www.med4skin.ch\/fr\/#organization","name":"med4skin","url":"https:\/\/www.med4skin.ch\/fr\/","logo":{"@type":"ImageObject","inLanguage":"fr-FR","@id":"https:\/\/www.med4skin.ch\/fr\/#\/schema\/logo\/image\/","url":"https:\/\/www.med4skin.ch\/wp-content\/uploads\/2022\/08\/cropped-95017869_padded_logo.png","contentUrl":"https:\/\/www.med4skin.ch\/wp-content\/uploads\/2022\/08\/cropped-95017869_padded_logo.png","width":"512","height":"512","caption":"med4skin"},"image":{"@id":"https:\/\/www.med4skin.ch\/fr\/#\/schema\/logo\/image\/"},"sameAs":["https:\/\/www.instagram.com\/toskani.switzerland\/","https:\/\/www.instagram.com\/med4skin.ch"]}]}},"_links":{"self":[{"href":"https:\/\/www.med4skin.ch\/fr\/wp-json\/wp\/v2\/product\/6276","targetHints":{"allow":["GET"]}}],"collection":[{"href":"https:\/\/www.med4skin.ch\/fr\/wp-json\/wp\/v2\/product"}],"about":[{"href":"https:\/\/www.med4skin.ch\/fr\/wp-json\/wp\/v2\/types\/product"}],"wp:featuredmedia":[{"embeddable":true,"href":"https:\/\/www.med4skin.ch\/fr\/wp-json\/wp\/v2\/media\/6834"}],"wp:attachment":[{"href":"https:\/\/www.med4skin.ch\/fr\/wp-json\/wp\/v2\/media?parent=6276"}],"wp:term":[{"taxonomy":"product_brand","embeddable":true,"href":"https:\/\/www.med4skin.ch\/fr\/wp-json\/wp\/v2\/product_brand?post=6276"},{"taxonomy":"product_cat","embeddable":true,"href":"https:\/\/www.med4skin.ch\/fr\/wp-json\/wp\/v2\/product_cat?post=6276"},{"taxonomy":"product_tag","embeddable":true,"href":"https:\/\/www.med4skin.ch\/fr\/wp-json\/wp\/v2\/product_tag?post=6276"}],"curies":[{"name":"wp","href":"https:\/\/api.w.org\/{rel}","templated":true}]}}