{"id":6356,"date":"2025-02-27T02:08:32","date_gmt":"2025-02-27T01:08:32","guid":{"rendered":"https:\/\/www.med4skin.ch\/produkt\/creme-solaire-fluide-sun-shiel-d-sfp50\/"},"modified":"2025-11-19T12:54:21","modified_gmt":"2025-11-19T11:54:21","slug":"sun-shield-fluid-suncream-spf50","status":"publish","type":"product","link":"https:\/\/www.med4skin.ch\/fr\/produkt\/sun-shield-fluid-suncream-spf50\/","title":{"rendered":"Sun Shiel-D Fluid Suncream SPF50+"},"content":{"rendered":"<p>Une protection solaire ultra-l\u00e9g\u00e8re \u00e0 large spectre avec amplificateur de synth\u00e8se de la vitamine D et tr\u00e8s haut indice de protection solaire 50+.<\/p>\n<p>Votre peau produit plus de vitamine D avec cette cr\u00e8me solaire que si vous vous exposiez au soleil sans cr\u00e8me solaire, et ce avec une protection solaire compl\u00e8te.<\/p>\n<p>Pour tous les types de peau.<\/p>\n<p>Avantages<br \/>\n\uf06e Facteur de protection solaire tr\u00e8s \u00e9lev\u00e9 50<br \/>\n\uf06e Large bande : UVA\/UVB\/IR\/HEV<br \/>\n\uf06e Renforce la synth\u00e8se de la vitamine D<br \/>\n\uf06e Non com\u00e9dog\u00e8ne<\/p>\n","protected":false},"excerpt":{"rendered":"<p>Tube de 50 ml<\/p>\n","protected":false},"featured_media":6830,"template":"","meta":{"_et_pb_use_builder":"","_et_pb_old_content":"","_et_gb_content_width":""},"product_brand":[],"product_cat":[149,150,158],"product_tag":[],"class_list":{"0":"post-6356","1":"product","2":"type-product","3":"status-publish","4":"has-post-thumbnail","6":"product_cat-produits-homecare","7":"product_cat-toskani","8":"product_cat-toskani-home-protect-repair-fr-2","10":"first","11":"instock","12":"featured","13":"taxable","14":"shipping-taxable","15":"purchasable","16":"product-type-simple"},"yoast_head":"<!-- This site is optimized with the Yoast SEO plugin v27.4 - https:\/\/yoast.com\/product\/yoast-seo-wordpress\/ -->\n<title>Sun Shiel-D Fluid Suncream SPF50+ | med4skin<\/title>\n<meta name=\"description\" content=\"La premi\u00e8re cr\u00e8me solaire contenant un booster de vitamine D. La peau produit plus de vitamine D que lorsque vous vous exposez au soleil sans cr\u00e8me solaire.\" \/>\n<meta name=\"robots\" content=\"index, follow, max-snippet:-1, max-image-preview:large, max-video-preview:-1\" \/>\n<link rel=\"canonical\" href=\"https:\/\/www.med4skin.ch\/fr\/produkt\/sun-shield-fluid-suncream-spf50\/\" \/>\n<meta property=\"og:locale\" content=\"fr_FR\" \/>\n<meta property=\"og:type\" content=\"article\" \/>\n<meta property=\"og:title\" content=\"Sun Shiel-D Fluid Suncream SPF50+ | med4skin\" \/>\n<meta property=\"og:description\" content=\"La premi\u00e8re cr\u00e8me solaire contenant un booster de vitamine D. La peau produit plus de vitamine D que lorsque vous vous exposez au soleil sans cr\u00e8me solaire.\" \/>\n<meta property=\"og:url\" content=\"https:\/\/www.med4skin.ch\/fr\/produkt\/sun-shield-fluid-suncream-spf50\/\" \/>\n<meta property=\"og:site_name\" content=\"med4skin\" \/>\n<meta property=\"article:modified_time\" content=\"2025-11-19T11:54:21+00:00\" \/>\n<meta property=\"og:image\" content=\"https:\/\/www.med4skin.ch\/wp-content\/uploads\/2025\/02\/Sun-Shiel-D-1.png\" \/>\n\t<meta property=\"og:image:width\" content=\"1\" \/>\n\t<meta property=\"og:image:height\" content=\"1\" \/>\n\t<meta property=\"og:image:type\" content=\"image\/png\" \/>\n<meta name=\"twitter:card\" content=\"summary_large_image\" \/>\n<meta name=\"twitter:label1\" content=\"Dur\u00e9e de lecture estim\u00e9e\" \/>\n\t<meta name=\"twitter:data1\" content=\"1 minute\" \/>\n<script type=\"application\/ld+json\" class=\"yoast-schema-graph\">{\"@context\":\"https:\\\/\\\/schema.org\",\"@graph\":[{\"@type\":\"WebPage\",\"@id\":\"https:\\\/\\\/www.med4skin.ch\\\/fr\\\/produkt\\\/sun-shield-fluid-suncream-spf50\\\/\",\"url\":\"https:\\\/\\\/www.med4skin.ch\\\/fr\\\/produkt\\\/sun-shield-fluid-suncream-spf50\\\/\",\"name\":\"Sun Shiel-D Fluid Suncream SPF50+ | med4skin\",\"isPartOf\":{\"@id\":\"https:\\\/\\\/www.med4skin.ch\\\/fr\\\/#website\"},\"primaryImageOfPage\":{\"@id\":\"https:\\\/\\\/www.med4skin.ch\\\/fr\\\/produkt\\\/sun-shield-fluid-suncream-spf50\\\/#primaryimage\"},\"image\":{\"@id\":\"https:\\\/\\\/www.med4skin.ch\\\/fr\\\/produkt\\\/sun-shield-fluid-suncream-spf50\\\/#primaryimage\"},\"thumbnailUrl\":\"https:\\\/\\\/www.med4skin.ch\\\/wp-content\\\/uploads\\\/2025\\\/02\\\/Sun-Shiel-D-1.png\",\"datePublished\":\"2025-02-27T01:08:32+00:00\",\"dateModified\":\"2025-11-19T11:54:21+00:00\",\"description\":\"La premi\u00e8re cr\u00e8me solaire contenant un booster de vitamine D. La peau produit plus de vitamine D que lorsque vous vous exposez au soleil sans cr\u00e8me solaire.\",\"breadcrumb\":{\"@id\":\"https:\\\/\\\/www.med4skin.ch\\\/fr\\\/produkt\\\/sun-shield-fluid-suncream-spf50\\\/#breadcrumb\"},\"inLanguage\":\"fr-FR\",\"potentialAction\":[{\"@type\":\"ReadAction\",\"target\":[\"https:\\\/\\\/www.med4skin.ch\\\/fr\\\/produkt\\\/sun-shield-fluid-suncream-spf50\\\/\"]}]},{\"@type\":\"ImageObject\",\"inLanguage\":\"fr-FR\",\"@id\":\"https:\\\/\\\/www.med4skin.ch\\\/fr\\\/produkt\\\/sun-shield-fluid-suncream-spf50\\\/#primaryimage\",\"url\":\"https:\\\/\\\/www.med4skin.ch\\\/wp-content\\\/uploads\\\/2025\\\/02\\\/Sun-Shiel-D-1.png\",\"contentUrl\":\"https:\\\/\\\/www.med4skin.ch\\\/wp-content\\\/uploads\\\/2025\\\/02\\\/Sun-Shiel-D-1.png\",\"width\":2537,\"height\":2482},{\"@type\":\"BreadcrumbList\",\"@id\":\"https:\\\/\\\/www.med4skin.ch\\\/fr\\\/produkt\\\/sun-shield-fluid-suncream-spf50\\\/#breadcrumb\",\"itemListElement\":[{\"@type\":\"ListItem\",\"position\":1,\"name\":\"Startseite\",\"item\":\"https:\\\/\\\/www.med4skin.ch\\\/fr\\\/\"},{\"@type\":\"ListItem\",\"position\":2,\"name\":\"Boutique des produits HomeCare\",\"item\":\"https:\\\/\\\/www.med4skin.ch\\\/fr\\\/boutique-des-produits-homecare\\\/\"},{\"@type\":\"ListItem\",\"position\":3,\"name\":\"Sun Shiel-D Fluid Suncream SPF50+\"}]},{\"@type\":\"WebSite\",\"@id\":\"https:\\\/\\\/www.med4skin.ch\\\/fr\\\/#website\",\"url\":\"https:\\\/\\\/www.med4skin.ch\\\/fr\\\/\",\"name\":\"med4skin\",\"description\":\"med4skin - skincare\",\"publisher\":{\"@id\":\"https:\\\/\\\/www.med4skin.ch\\\/fr\\\/#organization\"},\"potentialAction\":[{\"@type\":\"SearchAction\",\"target\":{\"@type\":\"EntryPoint\",\"urlTemplate\":\"https:\\\/\\\/www.med4skin.ch\\\/fr\\\/?s={search_term_string}\"},\"query-input\":{\"@type\":\"PropertyValueSpecification\",\"valueRequired\":true,\"valueName\":\"search_term_string\"}}],\"inLanguage\":\"fr-FR\"},{\"@type\":\"Organization\",\"@id\":\"https:\\\/\\\/www.med4skin.ch\\\/fr\\\/#organization\",\"name\":\"med4skin\",\"url\":\"https:\\\/\\\/www.med4skin.ch\\\/fr\\\/\",\"logo\":{\"@type\":\"ImageObject\",\"inLanguage\":\"fr-FR\",\"@id\":\"https:\\\/\\\/www.med4skin.ch\\\/fr\\\/#\\\/schema\\\/logo\\\/image\\\/\",\"url\":\"https:\\\/\\\/www.med4skin.ch\\\/wp-content\\\/uploads\\\/2022\\\/08\\\/cropped-95017869_padded_logo.png\",\"contentUrl\":\"https:\\\/\\\/www.med4skin.ch\\\/wp-content\\\/uploads\\\/2022\\\/08\\\/cropped-95017869_padded_logo.png\",\"width\":\"512\",\"height\":\"512\",\"caption\":\"med4skin\"},\"image\":{\"@id\":\"https:\\\/\\\/www.med4skin.ch\\\/fr\\\/#\\\/schema\\\/logo\\\/image\\\/\"},\"sameAs\":[\"https:\\\/\\\/www.instagram.com\\\/toskani.switzerland\\\/\",\"https:\\\/\\\/www.instagram.com\\\/med4skin.ch\"]}]}<\/script>\n<!-- \/ Yoast SEO plugin. -->","yoast_head_json":{"title":"Sun Shiel-D Fluid Suncream SPF50+ | med4skin","description":"La premi\u00e8re cr\u00e8me solaire contenant un booster de vitamine D. La peau produit plus de vitamine D que lorsque vous vous exposez au soleil sans cr\u00e8me solaire.","robots":{"index":"index","follow":"follow","max-snippet":"max-snippet:-1","max-image-preview":"max-image-preview:large","max-video-preview":"max-video-preview:-1"},"canonical":"https:\/\/www.med4skin.ch\/fr\/produkt\/sun-shield-fluid-suncream-spf50\/","og_locale":"fr_FR","og_type":"article","og_title":"Sun Shiel-D Fluid Suncream SPF50+ | med4skin","og_description":"La premi\u00e8re cr\u00e8me solaire contenant un booster de vitamine D. La peau produit plus de vitamine D que lorsque vous vous exposez au soleil sans cr\u00e8me solaire.","og_url":"https:\/\/www.med4skin.ch\/fr\/produkt\/sun-shield-fluid-suncream-spf50\/","og_site_name":"med4skin","article_modified_time":"2025-11-19T11:54:21+00:00","og_image":[{"url":"https:\/\/www.med4skin.ch\/wp-content\/uploads\/2025\/02\/Sun-Shiel-D-1.png","width":1,"height":1,"type":"image\/png"}],"twitter_card":"summary_large_image","twitter_misc":{"Dur\u00e9e de lecture estim\u00e9e":"1 minute"},"schema":{"@context":"https:\/\/schema.org","@graph":[{"@type":"WebPage","@id":"https:\/\/www.med4skin.ch\/fr\/produkt\/sun-shield-fluid-suncream-spf50\/","url":"https:\/\/www.med4skin.ch\/fr\/produkt\/sun-shield-fluid-suncream-spf50\/","name":"Sun Shiel-D Fluid Suncream SPF50+ | med4skin","isPartOf":{"@id":"https:\/\/www.med4skin.ch\/fr\/#website"},"primaryImageOfPage":{"@id":"https:\/\/www.med4skin.ch\/fr\/produkt\/sun-shield-fluid-suncream-spf50\/#primaryimage"},"image":{"@id":"https:\/\/www.med4skin.ch\/fr\/produkt\/sun-shield-fluid-suncream-spf50\/#primaryimage"},"thumbnailUrl":"https:\/\/www.med4skin.ch\/wp-content\/uploads\/2025\/02\/Sun-Shiel-D-1.png","datePublished":"2025-02-27T01:08:32+00:00","dateModified":"2025-11-19T11:54:21+00:00","description":"La premi\u00e8re cr\u00e8me solaire contenant un booster de vitamine D. La peau produit plus de vitamine D que lorsque vous vous exposez au soleil sans cr\u00e8me solaire.","breadcrumb":{"@id":"https:\/\/www.med4skin.ch\/fr\/produkt\/sun-shield-fluid-suncream-spf50\/#breadcrumb"},"inLanguage":"fr-FR","potentialAction":[{"@type":"ReadAction","target":["https:\/\/www.med4skin.ch\/fr\/produkt\/sun-shield-fluid-suncream-spf50\/"]}]},{"@type":"ImageObject","inLanguage":"fr-FR","@id":"https:\/\/www.med4skin.ch\/fr\/produkt\/sun-shield-fluid-suncream-spf50\/#primaryimage","url":"https:\/\/www.med4skin.ch\/wp-content\/uploads\/2025\/02\/Sun-Shiel-D-1.png","contentUrl":"https:\/\/www.med4skin.ch\/wp-content\/uploads\/2025\/02\/Sun-Shiel-D-1.png","width":2537,"height":2482},{"@type":"BreadcrumbList","@id":"https:\/\/www.med4skin.ch\/fr\/produkt\/sun-shield-fluid-suncream-spf50\/#breadcrumb","itemListElement":[{"@type":"ListItem","position":1,"name":"Startseite","item":"https:\/\/www.med4skin.ch\/fr\/"},{"@type":"ListItem","position":2,"name":"Boutique des produits HomeCare","item":"https:\/\/www.med4skin.ch\/fr\/boutique-des-produits-homecare\/"},{"@type":"ListItem","position":3,"name":"Sun Shiel-D Fluid Suncream SPF50+"}]},{"@type":"WebSite","@id":"https:\/\/www.med4skin.ch\/fr\/#website","url":"https:\/\/www.med4skin.ch\/fr\/","name":"med4skin","description":"med4skin - skincare","publisher":{"@id":"https:\/\/www.med4skin.ch\/fr\/#organization"},"potentialAction":[{"@type":"SearchAction","target":{"@type":"EntryPoint","urlTemplate":"https:\/\/www.med4skin.ch\/fr\/?s={search_term_string}"},"query-input":{"@type":"PropertyValueSpecification","valueRequired":true,"valueName":"search_term_string"}}],"inLanguage":"fr-FR"},{"@type":"Organization","@id":"https:\/\/www.med4skin.ch\/fr\/#organization","name":"med4skin","url":"https:\/\/www.med4skin.ch\/fr\/","logo":{"@type":"ImageObject","inLanguage":"fr-FR","@id":"https:\/\/www.med4skin.ch\/fr\/#\/schema\/logo\/image\/","url":"https:\/\/www.med4skin.ch\/wp-content\/uploads\/2022\/08\/cropped-95017869_padded_logo.png","contentUrl":"https:\/\/www.med4skin.ch\/wp-content\/uploads\/2022\/08\/cropped-95017869_padded_logo.png","width":"512","height":"512","caption":"med4skin"},"image":{"@id":"https:\/\/www.med4skin.ch\/fr\/#\/schema\/logo\/image\/"},"sameAs":["https:\/\/www.instagram.com\/toskani.switzerland\/","https:\/\/www.instagram.com\/med4skin.ch"]}]}},"_links":{"self":[{"href":"https:\/\/www.med4skin.ch\/fr\/wp-json\/wp\/v2\/product\/6356","targetHints":{"allow":["GET"]}}],"collection":[{"href":"https:\/\/www.med4skin.ch\/fr\/wp-json\/wp\/v2\/product"}],"about":[{"href":"https:\/\/www.med4skin.ch\/fr\/wp-json\/wp\/v2\/types\/product"}],"wp:featuredmedia":[{"embeddable":true,"href":"https:\/\/www.med4skin.ch\/fr\/wp-json\/wp\/v2\/media\/6830"}],"wp:attachment":[{"href":"https:\/\/www.med4skin.ch\/fr\/wp-json\/wp\/v2\/media?parent=6356"}],"wp:term":[{"taxonomy":"product_brand","embeddable":true,"href":"https:\/\/www.med4skin.ch\/fr\/wp-json\/wp\/v2\/product_brand?post=6356"},{"taxonomy":"product_cat","embeddable":true,"href":"https:\/\/www.med4skin.ch\/fr\/wp-json\/wp\/v2\/product_cat?post=6356"},{"taxonomy":"product_tag","embeddable":true,"href":"https:\/\/www.med4skin.ch\/fr\/wp-json\/wp\/v2\/product_tag?post=6356"}],"curies":[{"name":"wp","href":"https:\/\/api.w.org\/{rel}","templated":true}]}}