{"id":6404,"date":"2025-03-23T12:33:47","date_gmt":"2025-03-23T11:33:47","guid":{"rendered":"https:\/\/www.med4skin.ch\/produkt\/swiss-medspa-serum-de-contour-du-corps\/"},"modified":"2025-03-23T19:31:41","modified_gmt":"2025-03-23T18:31:41","slug":"swiss-medspa-serum-de-contour-du-corps","status":"publish","type":"product","link":"https:\/\/www.med4skin.ch\/fr\/produkt\/swiss-medspa-serum-de-contour-du-corps\/","title":{"rendered":"swiss medSpa S\u00e9rum pour le contour du corps"},"content":{"rendered":"<p>Les principes actifs cibl\u00e9s de swiss medSpa BODY CONTOUR, adapt\u00e9s au cycle hormonal de la femme, permettent d&rsquo;obtenir des r\u00e9sultats visibles.<\/p>\n<p>swiss medSpa a d\u00e9velopp\u00e9 les 4 produits suivants, adapt\u00e9s aux diff\u00e9rentes phases du cycle f\u00e9minin, qui peuvent bien entendu \u00eatre utilis\u00e9s par les hommes ind\u00e9pendamment de leur cycle :<\/p>\n<ul>\n<li><strong>Phase 1 :<\/strong>\n<ul>\n<li>swiss medSpa BODY RE LIFT<\/li>\n<\/ul>\n<\/li>\n<li><strong>Phase 2 :<\/strong>\n<ul>\n<li>swiss medSpa BODY CONTOUR<\/li>\n<\/ul>\n<\/li>\n<li><strong>Ind\u00e9pendant des phases :<\/strong>\n<ul>\n<li>swiss medSpa BODY DETOX<\/li>\n<li>swiss medSpa BODY SLIM<\/li>\n<\/ul>\n<\/li>\n<\/ul>\n<p><strong>swiss medSpa BODY CONTOUR :<\/strong><\/p>\n<p>Le concentr\u00e9 emp\u00eache le d\u00e9p\u00f4t de d\u00e9chets dans les parois intercellulaires de l&rsquo;hypoderme ainsi que l&rsquo;augmentation de la taille des cellules graisseuses elles-m\u00eames.<\/p>\n<p>Que se passe-t-il dans la <strong>deuxi\u00e8me phase du cycle de la femme<\/strong>: le corps commence \u00e0 faire de la r\u00e9tention d&rsquo;eau, de la congestion, une l\u00e9g\u00e8re prise de poids et de volume. Les changements hormonaux entra\u00eenent \u00e9galement souvent des sensibilit\u00e9s et des frustrations alimentaires.<\/p>\n<p>En refroidissant lentement les zones probl\u00e9matiques des cuisses, du ventre, le m\u00e9tabolisme et le syst\u00e8me lymphatique sont stimul\u00e9s. D\u00e9congestionne et rafra\u00eechit les jambes fatigu\u00e9es.<\/p>\n<p><em><strong>Effet et utilisation<\/strong><\/em><\/p>\n<ul>\n<li>En phase II, il est particuli\u00e8rement important d&rsquo;\u00e9viter la r\u00e9tention d&rsquo;eau dans le tissu conjonctif et d&rsquo;activer le m\u00e9tabolisme des graisses.<\/li>\n<li>Si une femme n&rsquo;a pas de cycle menstruel r\u00e9gulier ou si elle est en m\u00e9nopause\/post-m\u00e9nopause, il est recommand\u00e9 de commencer par la phase II, c&rsquo;est-\u00e0-dire BODY CONTOUR.<\/li>\n<li>Les jambes lourdes et congestionn\u00e9es adorent BODY CONTOUR, qui peut \u00e9galement \u00eatre utilis\u00e9 en cas de grossesse.<\/li>\n<li>Les pieds qui br\u00fblent la nuit, les mollets douloureux, les chevilles congestionn\u00e9es BODY CONTOUR agit et le sommeil est plus agr\u00e9able.<\/li>\n<li>S&rsquo;oppose \u00e0 la lipogen\u00e8se<\/li>\n<\/ul>\n<p><em><strong><br \/>\nSubstances actives :<\/strong><\/em><\/p>\n<ul>\n<li>Menthol<\/li>\n<li>Camphor<\/li>\n<li>glyc\u00e9rine v\u00e9g\u00e9tale<\/li>\n<\/ul>\n<p><em><strong><br \/>\nContre-indications<\/strong><\/em><\/p>\n<p>Les personnes qui ne supportent pas le froid, qui souffrent d&rsquo;une cystite aigu\u00eb, qui allaitent ou qui suivent un traitement hom\u00e9opathique ne doivent pas utiliser BODY CONTOUR.<\/p>\n<p><em><strong>Information g\u00e9n\u00e9rale :<\/strong><\/em><\/p>\n<p>L&rsquo;id\u00e9al est de commencer l&rsquo;utilisation des principes actifs swiss medSpa par un traitement dans un institut de beaut\u00e9 form\u00e9 par nos soins, qui vous montrera \u00e9galement comment renforcer l&rsquo;effet de la m\u00e9thode de l&rsquo;enveloppement. En outre, l&rsquo;institut de beaut\u00e9 peut \u00e9galement vous garantir les meilleurs r\u00e9sultats avec un drainage lymphatique compl\u00e9mentaire, que ce soit avec des pantalons de drainage lymphatique sp\u00e9cialement con\u00e7us \u00e0 cet effet ou manuellement.<\/p>\n<p>Pour obtenir une liste de nos partenaires instituts de beaut\u00e9, contactez-nous : <a href=\"mailto:contact@med4skin.ch\">contact@med4skin.ch<\/a> ou au +41 44 888 92 14.<\/p>\n","protected":false},"excerpt":{"rendered":"<p>Tube airless de 150 ml<\/p>\n","protected":false},"featured_media":6814,"template":"","meta":{"_et_pb_use_builder":"","_et_pb_old_content":"","_et_gb_content_width":""},"product_brand":[293],"product_cat":[294],"product_tag":[],"class_list":{"0":"post-6404","1":"product","2":"type-product","3":"status-publish","4":"has-post-thumbnail","6":"product_brand-swiss-medspa","7":"product_cat-swiss-medspa-fr","9":"first","10":"instock","11":"taxable","12":"shipping-taxable","13":"purchasable","14":"product-type-simple"},"yoast_head":"<!-- This site is optimized with the Yoast SEO plugin v27.4 - https:\/\/yoast.com\/product\/yoast-seo-wordpress\/ -->\n<title>swiss medSpa S\u00e9rum pour le contour du corps | med4skin<\/title>\n<meta name=\"description\" content=\"swiss medSpa BODY CONTOUR emp\u00eache le d\u00e9p\u00f4t de d\u00e9chets dans les parois intercellulaires de l&#039;hypoderme ainsi que l&#039;augmentation de la taille des cellules adipeuses elles-m\u00eames.\" \/>\n<meta name=\"robots\" content=\"index, follow, max-snippet:-1, max-image-preview:large, max-video-preview:-1\" \/>\n<link rel=\"canonical\" href=\"https:\/\/www.med4skin.ch\/fr\/produkt\/swiss-medspa-serum-de-contour-du-corps\/\" \/>\n<meta property=\"og:locale\" content=\"fr_FR\" \/>\n<meta property=\"og:type\" content=\"article\" \/>\n<meta property=\"og:title\" content=\"swiss medSpa S\u00e9rum pour le contour du corps | med4skin\" \/>\n<meta property=\"og:description\" content=\"swiss medSpa BODY CONTOUR emp\u00eache le d\u00e9p\u00f4t de d\u00e9chets dans les parois intercellulaires de l&#039;hypoderme ainsi que l&#039;augmentation de la taille des cellules adipeuses elles-m\u00eames.\" \/>\n<meta property=\"og:url\" content=\"https:\/\/www.med4skin.ch\/fr\/produkt\/swiss-medspa-serum-de-contour-du-corps\/\" \/>\n<meta property=\"og:site_name\" content=\"med4skin\" \/>\n<meta property=\"article:modified_time\" content=\"2025-03-23T18:31:41+00:00\" \/>\n<meta property=\"og:image\" content=\"https:\/\/www.med4skin.ch\/wp-content\/uploads\/2025\/03\/Body-Contour-Quadrat.png\" \/>\n\t<meta property=\"og:image:width\" content=\"1165\" \/>\n\t<meta property=\"og:image:height\" content=\"1284\" \/>\n\t<meta property=\"og:image:type\" content=\"image\/png\" \/>\n<meta name=\"twitter:card\" content=\"summary_large_image\" \/>\n<meta name=\"twitter:label1\" content=\"Dur\u00e9e de lecture estim\u00e9e\" \/>\n\t<meta name=\"twitter:data1\" content=\"2 minutes\" \/>\n<script type=\"application\/ld+json\" class=\"yoast-schema-graph\">{\"@context\":\"https:\\\/\\\/schema.org\",\"@graph\":[{\"@type\":\"WebPage\",\"@id\":\"https:\\\/\\\/www.med4skin.ch\\\/fr\\\/produkt\\\/swiss-medspa-serum-de-contour-du-corps\\\/\",\"url\":\"https:\\\/\\\/www.med4skin.ch\\\/fr\\\/produkt\\\/swiss-medspa-serum-de-contour-du-corps\\\/\",\"name\":\"swiss medSpa S\u00e9rum pour le contour du corps | med4skin\",\"isPartOf\":{\"@id\":\"https:\\\/\\\/www.med4skin.ch\\\/fr\\\/#website\"},\"primaryImageOfPage\":{\"@id\":\"https:\\\/\\\/www.med4skin.ch\\\/fr\\\/produkt\\\/swiss-medspa-serum-de-contour-du-corps\\\/#primaryimage\"},\"image\":{\"@id\":\"https:\\\/\\\/www.med4skin.ch\\\/fr\\\/produkt\\\/swiss-medspa-serum-de-contour-du-corps\\\/#primaryimage\"},\"thumbnailUrl\":\"https:\\\/\\\/www.med4skin.ch\\\/wp-content\\\/uploads\\\/2025\\\/03\\\/Body-Contour-Quadrat-1.png\",\"datePublished\":\"2025-03-23T11:33:47+00:00\",\"dateModified\":\"2025-03-23T18:31:41+00:00\",\"description\":\"swiss medSpa BODY CONTOUR emp\u00eache le d\u00e9p\u00f4t de d\u00e9chets dans les parois intercellulaires de l'hypoderme ainsi que l'augmentation de la taille des cellules adipeuses elles-m\u00eames.\",\"breadcrumb\":{\"@id\":\"https:\\\/\\\/www.med4skin.ch\\\/fr\\\/produkt\\\/swiss-medspa-serum-de-contour-du-corps\\\/#breadcrumb\"},\"inLanguage\":\"fr-FR\",\"potentialAction\":[{\"@type\":\"ReadAction\",\"target\":[\"https:\\\/\\\/www.med4skin.ch\\\/fr\\\/produkt\\\/swiss-medspa-serum-de-contour-du-corps\\\/\"]}]},{\"@type\":\"ImageObject\",\"inLanguage\":\"fr-FR\",\"@id\":\"https:\\\/\\\/www.med4skin.ch\\\/fr\\\/produkt\\\/swiss-medspa-serum-de-contour-du-corps\\\/#primaryimage\",\"url\":\"https:\\\/\\\/www.med4skin.ch\\\/wp-content\\\/uploads\\\/2025\\\/03\\\/Body-Contour-Quadrat-1.png\",\"contentUrl\":\"https:\\\/\\\/www.med4skin.ch\\\/wp-content\\\/uploads\\\/2025\\\/03\\\/Body-Contour-Quadrat-1.png\",\"width\":1165,\"height\":1284},{\"@type\":\"BreadcrumbList\",\"@id\":\"https:\\\/\\\/www.med4skin.ch\\\/fr\\\/produkt\\\/swiss-medspa-serum-de-contour-du-corps\\\/#breadcrumb\",\"itemListElement\":[{\"@type\":\"ListItem\",\"position\":1,\"name\":\"Startseite\",\"item\":\"https:\\\/\\\/www.med4skin.ch\\\/fr\\\/\"},{\"@type\":\"ListItem\",\"position\":2,\"name\":\"Boutique des produits HomeCare\",\"item\":\"https:\\\/\\\/www.med4skin.ch\\\/fr\\\/boutique-des-produits-homecare\\\/\"},{\"@type\":\"ListItem\",\"position\":3,\"name\":\"swiss medSpa S\u00e9rum pour le contour du corps\"}]},{\"@type\":\"WebSite\",\"@id\":\"https:\\\/\\\/www.med4skin.ch\\\/fr\\\/#website\",\"url\":\"https:\\\/\\\/www.med4skin.ch\\\/fr\\\/\",\"name\":\"med4skin\",\"description\":\"med4skin - skincare\",\"publisher\":{\"@id\":\"https:\\\/\\\/www.med4skin.ch\\\/fr\\\/#organization\"},\"potentialAction\":[{\"@type\":\"SearchAction\",\"target\":{\"@type\":\"EntryPoint\",\"urlTemplate\":\"https:\\\/\\\/www.med4skin.ch\\\/fr\\\/?s={search_term_string}\"},\"query-input\":{\"@type\":\"PropertyValueSpecification\",\"valueRequired\":true,\"valueName\":\"search_term_string\"}}],\"inLanguage\":\"fr-FR\"},{\"@type\":\"Organization\",\"@id\":\"https:\\\/\\\/www.med4skin.ch\\\/fr\\\/#organization\",\"name\":\"med4skin\",\"url\":\"https:\\\/\\\/www.med4skin.ch\\\/fr\\\/\",\"logo\":{\"@type\":\"ImageObject\",\"inLanguage\":\"fr-FR\",\"@id\":\"https:\\\/\\\/www.med4skin.ch\\\/fr\\\/#\\\/schema\\\/logo\\\/image\\\/\",\"url\":\"https:\\\/\\\/www.med4skin.ch\\\/wp-content\\\/uploads\\\/2022\\\/08\\\/cropped-95017869_padded_logo.png\",\"contentUrl\":\"https:\\\/\\\/www.med4skin.ch\\\/wp-content\\\/uploads\\\/2022\\\/08\\\/cropped-95017869_padded_logo.png\",\"width\":\"512\",\"height\":\"512\",\"caption\":\"med4skin\"},\"image\":{\"@id\":\"https:\\\/\\\/www.med4skin.ch\\\/fr\\\/#\\\/schema\\\/logo\\\/image\\\/\"},\"sameAs\":[\"https:\\\/\\\/www.instagram.com\\\/toskani.switzerland\\\/\",\"https:\\\/\\\/www.instagram.com\\\/med4skin.ch\"]}]}<\/script>\n<!-- \/ Yoast SEO plugin. -->","yoast_head_json":{"title":"swiss medSpa S\u00e9rum pour le contour du corps | med4skin","description":"swiss medSpa BODY CONTOUR emp\u00eache le d\u00e9p\u00f4t de d\u00e9chets dans les parois intercellulaires de l'hypoderme ainsi que l'augmentation de la taille des cellules adipeuses elles-m\u00eames.","robots":{"index":"index","follow":"follow","max-snippet":"max-snippet:-1","max-image-preview":"max-image-preview:large","max-video-preview":"max-video-preview:-1"},"canonical":"https:\/\/www.med4skin.ch\/fr\/produkt\/swiss-medspa-serum-de-contour-du-corps\/","og_locale":"fr_FR","og_type":"article","og_title":"swiss medSpa S\u00e9rum pour le contour du corps | med4skin","og_description":"swiss medSpa BODY CONTOUR emp\u00eache le d\u00e9p\u00f4t de d\u00e9chets dans les parois intercellulaires de l'hypoderme ainsi que l'augmentation de la taille des cellules adipeuses elles-m\u00eames.","og_url":"https:\/\/www.med4skin.ch\/fr\/produkt\/swiss-medspa-serum-de-contour-du-corps\/","og_site_name":"med4skin","article_modified_time":"2025-03-23T18:31:41+00:00","og_image":[{"width":1165,"height":1284,"url":"https:\/\/www.med4skin.ch\/wp-content\/uploads\/2025\/03\/Body-Contour-Quadrat.png","type":"image\/png"}],"twitter_card":"summary_large_image","twitter_misc":{"Dur\u00e9e de lecture estim\u00e9e":"2 minutes"},"schema":{"@context":"https:\/\/schema.org","@graph":[{"@type":"WebPage","@id":"https:\/\/www.med4skin.ch\/fr\/produkt\/swiss-medspa-serum-de-contour-du-corps\/","url":"https:\/\/www.med4skin.ch\/fr\/produkt\/swiss-medspa-serum-de-contour-du-corps\/","name":"swiss medSpa S\u00e9rum pour le contour du corps | med4skin","isPartOf":{"@id":"https:\/\/www.med4skin.ch\/fr\/#website"},"primaryImageOfPage":{"@id":"https:\/\/www.med4skin.ch\/fr\/produkt\/swiss-medspa-serum-de-contour-du-corps\/#primaryimage"},"image":{"@id":"https:\/\/www.med4skin.ch\/fr\/produkt\/swiss-medspa-serum-de-contour-du-corps\/#primaryimage"},"thumbnailUrl":"https:\/\/www.med4skin.ch\/wp-content\/uploads\/2025\/03\/Body-Contour-Quadrat-1.png","datePublished":"2025-03-23T11:33:47+00:00","dateModified":"2025-03-23T18:31:41+00:00","description":"swiss medSpa BODY CONTOUR emp\u00eache le d\u00e9p\u00f4t de d\u00e9chets dans les parois intercellulaires de l'hypoderme ainsi que l'augmentation de la taille des cellules adipeuses elles-m\u00eames.","breadcrumb":{"@id":"https:\/\/www.med4skin.ch\/fr\/produkt\/swiss-medspa-serum-de-contour-du-corps\/#breadcrumb"},"inLanguage":"fr-FR","potentialAction":[{"@type":"ReadAction","target":["https:\/\/www.med4skin.ch\/fr\/produkt\/swiss-medspa-serum-de-contour-du-corps\/"]}]},{"@type":"ImageObject","inLanguage":"fr-FR","@id":"https:\/\/www.med4skin.ch\/fr\/produkt\/swiss-medspa-serum-de-contour-du-corps\/#primaryimage","url":"https:\/\/www.med4skin.ch\/wp-content\/uploads\/2025\/03\/Body-Contour-Quadrat-1.png","contentUrl":"https:\/\/www.med4skin.ch\/wp-content\/uploads\/2025\/03\/Body-Contour-Quadrat-1.png","width":1165,"height":1284},{"@type":"BreadcrumbList","@id":"https:\/\/www.med4skin.ch\/fr\/produkt\/swiss-medspa-serum-de-contour-du-corps\/#breadcrumb","itemListElement":[{"@type":"ListItem","position":1,"name":"Startseite","item":"https:\/\/www.med4skin.ch\/fr\/"},{"@type":"ListItem","position":2,"name":"Boutique des produits HomeCare","item":"https:\/\/www.med4skin.ch\/fr\/boutique-des-produits-homecare\/"},{"@type":"ListItem","position":3,"name":"swiss medSpa S\u00e9rum pour le contour du corps"}]},{"@type":"WebSite","@id":"https:\/\/www.med4skin.ch\/fr\/#website","url":"https:\/\/www.med4skin.ch\/fr\/","name":"med4skin","description":"med4skin - skincare","publisher":{"@id":"https:\/\/www.med4skin.ch\/fr\/#organization"},"potentialAction":[{"@type":"SearchAction","target":{"@type":"EntryPoint","urlTemplate":"https:\/\/www.med4skin.ch\/fr\/?s={search_term_string}"},"query-input":{"@type":"PropertyValueSpecification","valueRequired":true,"valueName":"search_term_string"}}],"inLanguage":"fr-FR"},{"@type":"Organization","@id":"https:\/\/www.med4skin.ch\/fr\/#organization","name":"med4skin","url":"https:\/\/www.med4skin.ch\/fr\/","logo":{"@type":"ImageObject","inLanguage":"fr-FR","@id":"https:\/\/www.med4skin.ch\/fr\/#\/schema\/logo\/image\/","url":"https:\/\/www.med4skin.ch\/wp-content\/uploads\/2022\/08\/cropped-95017869_padded_logo.png","contentUrl":"https:\/\/www.med4skin.ch\/wp-content\/uploads\/2022\/08\/cropped-95017869_padded_logo.png","width":"512","height":"512","caption":"med4skin"},"image":{"@id":"https:\/\/www.med4skin.ch\/fr\/#\/schema\/logo\/image\/"},"sameAs":["https:\/\/www.instagram.com\/toskani.switzerland\/","https:\/\/www.instagram.com\/med4skin.ch"]}]}},"_links":{"self":[{"href":"https:\/\/www.med4skin.ch\/fr\/wp-json\/wp\/v2\/product\/6404","targetHints":{"allow":["GET"]}}],"collection":[{"href":"https:\/\/www.med4skin.ch\/fr\/wp-json\/wp\/v2\/product"}],"about":[{"href":"https:\/\/www.med4skin.ch\/fr\/wp-json\/wp\/v2\/types\/product"}],"wp:featuredmedia":[{"embeddable":true,"href":"https:\/\/www.med4skin.ch\/fr\/wp-json\/wp\/v2\/media\/6814"}],"wp:attachment":[{"href":"https:\/\/www.med4skin.ch\/fr\/wp-json\/wp\/v2\/media?parent=6404"}],"wp:term":[{"taxonomy":"product_brand","embeddable":true,"href":"https:\/\/www.med4skin.ch\/fr\/wp-json\/wp\/v2\/product_brand?post=6404"},{"taxonomy":"product_cat","embeddable":true,"href":"https:\/\/www.med4skin.ch\/fr\/wp-json\/wp\/v2\/product_cat?post=6404"},{"taxonomy":"product_tag","embeddable":true,"href":"https:\/\/www.med4skin.ch\/fr\/wp-json\/wp\/v2\/product_tag?post=6404"}],"curies":[{"name":"wp","href":"https:\/\/api.w.org\/{rel}","templated":true}]}}