{"id":6408,"date":"2025-03-23T12:59:07","date_gmt":"2025-03-23T11:59:07","guid":{"rendered":"https:\/\/www.med4skin.ch\/produkt\/swiss-medspa-detox\/"},"modified":"2025-08-11T18:38:39","modified_gmt":"2025-08-11T16:38:39","slug":"swiss-medspa-detox","status":"publish","type":"product","link":"https:\/\/www.med4skin.ch\/fr\/produkt\/swiss-medspa-detox\/","title":{"rendered":"swiss medSpa Detox Mask\/Serum"},"content":{"rendered":"<p>Un paquet de puissance avec deux combinaisons diff\u00e9rentes d&rsquo;ingr\u00e9dients actifs. swiss medSpa a d\u00e9velopp\u00e9 les 4 produits suivants, adapt\u00e9s aux diff\u00e9rentes phases du cycle f\u00e9minin, qui peuvent bien entendu \u00eatre utilis\u00e9s par les hommes ind\u00e9pendamment de leur cycle :<\/p>\n<ul>\n<li><strong>Phase 1 :<\/strong>\n<ul>\n<li>swiss medSpa BODY RE LIFT<\/li>\n<\/ul>\n<\/li>\n<li><strong>Phase 2 :<\/strong>\n<ul>\n<li>swiss medSpa BODY CONTOUR<\/li>\n<\/ul>\n<\/li>\n<li><strong>Ind\u00e9pendant des phases :<\/strong>\n<ul>\n<li>swiss medSpa BODY DETOX<\/li>\n<li>swiss medSpa BODY SLIM<\/li>\n<\/ul>\n<\/li>\n<\/ul>\n<p><strong>swiss medSpa DETOX :<\/strong><br \/>\nSeuls les liposomes sous forme de gel non gras et exempts d&rsquo;\u00e9mulsifiants sont stables et peuvent faire p\u00e9n\u00e9trer les principes actifs dans les couches profondes de la peau. Notre recherche \u00e9tant issue du domaine m\u00e9dical, cela a toujours \u00e9t\u00e9 un credo pour l&rsquo;efficacit\u00e9 des s\u00e9rums de Swiss medSpa. BODY DETOX peut \u00eatre utilis\u00e9 comme produit d&rsquo;entr\u00e9e de gamme ou pour les personnes plus jeunes. Il peut \u00eatre utilis\u00e9 en compl\u00e9ment d&rsquo;autres cures d\u00e9tox et amincissantes au printemps ou en combinaison avec les autres produits Swiss medSpa.<\/p>\n<p><strong>Concentr\u00e9 d&rsquo;ingr\u00e9dients actifs 1<\/strong><br \/>\nCelui-ci contient des ingr\u00e9dients inhibant la croissance des cellules graisseuses et renfor\u00e7ant le tissu conjonctif. Il active les enzymes de d\u00e9gradation des graisses ATGL (Adipozyte Triglyceride Lipase). La peau et les tissus deviennent ainsi plus fermes.<\/p>\n<p><strong>Concentr\u00e9 d&rsquo;actifs 2<\/strong><br \/>\nCelui-ci augmente lentement la circulation sanguine, ce qui augmente la concentration en oxyg\u00e8ne, favorisant ainsi fortement l&rsquo;\u00e9limination des d\u00e9chets. Ces concentr\u00e9s se soutiennent mutuellement. L&rsquo;activit\u00e9 dans l&rsquo;hypoderme est augment\u00e9e, ce qui stimule les mitochondries.<\/p>\n<p><strong>Consistance<\/strong><br \/>\nApr\u00e8s quelques applications seulement, la peau est sensiblement plus douce et plus ferme.<\/p>\n<p><em><strong>Ingr\u00e9dients actifs :<\/strong><\/em><\/p>\n<ul>\n<li><strong>La g\u00e9nist\u00e9ine<\/strong> s&rsquo;oppose \u00e0 l&rsquo;adipogen\u00e8se, \u00e0 la lipolyse. La g\u00e9nist\u00e9ine est un collag\u00e8ne v\u00e9g\u00e9tal qui renforce le tissu conjonctif.<\/li>\n<li><strong>Spirulina plantensis Extract<\/strong> est une algue d&rsquo;eau douce et a un effet drainant et d\u00e9sacidifiant. Raffermit et restructure les tissus.<\/li>\n<li><strong>Les carnitines<\/strong> agissent comme des antioxydants et sont cens\u00e9es r\u00e9duire les cellules graisseuses.<\/li>\n<li><strong>La caf\u00e9ine<\/strong> favorise la circulation sanguine et aide \u00e0 \u00e9liminer les cellules graisseuses.<\/li>\n<li>Les transporteurs <strong>(liposomes)<\/strong> permettent de faire p\u00e9n\u00e9trer les principes actifs dans les couches profondes de la peau.<\/li>\n<\/ul>\n<p><em><strong>Contre-indications \/ informations compl\u00e9mentaires :<\/strong><\/em><br \/>\nComme les complexes d&rsquo;ingr\u00e9dients actifs sont intenses, il est possible que les peaux tr\u00e8s sensibles r\u00e9agissent plus fortement. C&rsquo;est normal et cela s&rsquo;att\u00e9nuera apr\u00e8s plusieurs utilisations. Les femmes m\u00e9nopaus\u00e9es ayant des bouff\u00e9es de chaleur prononc\u00e9es peuvent r\u00e9agir plus fortement. Application locale uniquement.<\/p>\n<p>Le BODY DETOX peut \u00eatre appliqu\u00e9 de mani\u00e8re ponctuelle, int\u00e9rieur et ext\u00e9rieur des bras, ventre fesses, int\u00e9rieur et ext\u00e9rieur des cuisses. La circulation sanguine se fait diff\u00e9remment. \u00c9viter les varices fortes. L&rsquo;id\u00e9al est de commencer l&rsquo;utilisation des principes actifs swiss medSpa par un traitement dans un institut de beaut\u00e9 form\u00e9 par nos soins, qui vous montrera \u00e9galement comment renforcer l&rsquo;effet de la m\u00e9thode de l&rsquo;enveloppement. En outre, l&rsquo;institut de beaut\u00e9 peut \u00e9galement vous garantir les meilleurs r\u00e9sultats avec un drainage lymphatique compl\u00e9mentaire, que ce soit avec des pantalons de drainage lymphatique sp\u00e9cialement con\u00e7us \u00e0 cet effet ou manuellement.<\/p>\n<p>Pour obtenir une liste de nos partenaires instituts de beaut\u00e9, contactez-nous : <a href=\"mailto:contact@med4skin.ch\">contact@med4skin.ch<\/a> ou au 044 888 92 14.<\/p>\n","protected":false},"excerpt":{"rendered":"<p>Tube airless de 150 ml<\/p>\n","protected":false},"featured_media":6812,"template":"","meta":{"_et_pb_use_builder":"off","_et_pb_old_content":"Un paquet de puissance avec deux combinaisons diff\u00e9rentes d'ingr\u00e9dients actifs.\r\n\r\nswiss medSpa a d\u00e9velopp\u00e9 les 4 produits suivants, adapt\u00e9s aux diff\u00e9rentes phases du cycle f\u00e9minin, qui peuvent bien entendu \u00eatre utilis\u00e9s par les hommes ind\u00e9pendamment de leur cycle :\r\n<ul>\r\n \t<li><strong>Phase 1 :<\/strong>\r\n<ul>\r\n \t<li>swiss medSpa BODY RE LIFT<\/li>\r\n<\/ul>\r\n<\/li>\r\n \t<li><strong>Phase 2 :<\/strong>\r\n<ul>\r\n \t<li>swiss medSpa BODY CONTOUR<\/li>\r\n<\/ul>\r\n<\/li>\r\n \t<li><strong>Ind\u00e9pendant des phases :<\/strong>\r\n<ul>\r\n \t<li>swiss medSpa BODY DETOX<\/li>\r\n \t<li>swiss medSpa BODY SLIM<\/li>\r\n<\/ul>\r\n<\/li>\r\n<\/ul>\r\n<strong>swiss medSpa DETOX :<\/strong>\r\n\r\nSeuls les liposomes sous forme de gel non gras et sans \u00e9mulsifiant sont stables et peuvent faire p\u00e9n\u00e9trer les principes actifs dans les couches profondes de la peau. Notre recherche \u00e9tant issue du domaine m\u00e9dical, cela a toujours \u00e9t\u00e9 un credo pour l'efficacit\u00e9 des s\u00e9rums de Swiss medSpa.\r\n\r\nBODY DETOX peut \u00eatre utilis\u00e9 comme produit d'entr\u00e9e de gamme ou pour les personnes plus jeunes. Il peut \u00eatre utilis\u00e9 en compl\u00e9ment d'autres cures d\u00e9tox et amincissantes au printemps ou en combinaison avec les autres produits Swiss medSpa.<strong> <\/strong>\r\n\r\n<strong>Concentr\u00e9 d'ingr\u00e9dients actifs 1<\/strong>\r\n\r\nCelui-ci contient des ingr\u00e9dients inhibant la croissance des cellules graisseuses et renfor\u00e7ant le tissu conjonctif. Il active les enzymes de d\u00e9gradation des graisses ATGL (Adipozyte Triglyceride Lipase). Cela permet de raffermir la peau et les tissus.\r\n\r\n<strong>Concentr\u00e9 de substances actives 2<\/strong>\r\n\r\nCelui-ci augmente lentement la circulation sanguine, ce qui augmente la concentration d'oxyg\u00e8ne, favorisant ainsi fortement l'\u00e9limination des d\u00e9chets.\r\n\r\nCes concentr\u00e9s se soutiennent mutuellement. L'activit\u00e9 dans l'hypoderme est augment\u00e9e, ce qui stimule les mitochondries.\r\n\r\n<strong>Consistance<\/strong>\r\n\r\nApr\u00e8s quelques applications seulement, la peau devient sensiblement plus douce et plus ferme.\r\n\r\n<em><strong>Substances actives :<\/strong><\/em>\r\n<ul>\r\n \t<li><strong>La g\u00e9nist\u00e9ine<\/strong> s'oppose \u00e0 l'adipogen\u00e8se, \u00e0 la lipolyse. La g\u00e9nist\u00e9ine est un collag\u00e8ne v\u00e9g\u00e9tal qui renforce le tissu conjonctif.<\/li>\r\n \t<li><strong>Spirulina plantensis Extract<\/strong> est une algue d'eau douce et a un effet drainant et d\u00e9sacidifiant. Raffermit et restructure les tissus.<\/li>\r\n \t<li><strong>Les carnitines<\/strong> agissent comme des antioxydants et sont cens\u00e9es r\u00e9duire les cellules graisseuses.<\/li>\r\n \t<li><strong>La caf\u00e9ine<\/strong> favorise la circulation sanguine et aide \u00e0 \u00e9liminer les cellules graisseuses.<\/li>\r\n \t<li>Les transporteurs <strong>(liposomes)<\/strong> permettent de faire p\u00e9n\u00e9trer les principes actifs dans les couches profondes de la peau.<\/li>\r\n<\/ul>\r\n \r\n\r\n<em><strong>Contre-indications \/ informations compl\u00e9mentaires :<\/strong><\/em>\r\n\r\nComme les complexes actifs sont intenses, il se peut que les peaux tr\u00e8s sensibles r\u00e9agissent plus fortement. C'est normal et cela s'att\u00e9nuera apr\u00e8s plusieurs utilisations. Les femmes m\u00e9nopaus\u00e9es ayant des bouff\u00e9es de chaleur prononc\u00e9es peuvent r\u00e9agir plus fortement. Application locale uniquement. Le BODY DETOX peut \u00eatre appliqu\u00e9 de mani\u00e8re ponctuelle, int\u00e9rieur et ext\u00e9rieur des bras, ventre fesses, int\u00e9rieur et ext\u00e9rieur des cuisses. La circulation sanguine se fait diff\u00e9remment. \u00c9viter les varices fortes.\r\n\r\nL'id\u00e9al est de commencer l'utilisation des principes actifs swiss medSpa par un traitement dans un institut de beaut\u00e9 form\u00e9 par nos soins, qui vous montrera \u00e9galement comment renforcer l'effet de la m\u00e9thode de l'enveloppement. En outre, l'institut de beaut\u00e9 peut \u00e9galement vous garantir les meilleurs r\u00e9sultats avec un drainage lymphatique compl\u00e9mentaire, que ce soit avec des pantalons de drainage lymphatique sp\u00e9cialement con\u00e7us \u00e0 cet effet ou manuellement.\r\n\r\nPour obtenir une liste de nos partenaires instituts de beaut\u00e9, contactez-nous : <a href=\"mailto:contact@med4skin.ch\">contact@med4skin.ch<\/a> ou au 044 888 92 14.","_et_gb_content_width":""},"product_brand":[293],"product_cat":[294],"product_tag":[],"class_list":{"0":"post-6408","1":"product","2":"type-product","3":"status-publish","4":"has-post-thumbnail","6":"product_brand-swiss-medspa","7":"product_cat-swiss-medspa-fr","9":"first","10":"instock","11":"taxable","12":"shipping-taxable","13":"purchasable","14":"product-type-simple"},"yoast_head":"<!-- This site is optimized with the Yoast SEO plugin v27.4 - https:\/\/yoast.com\/product\/yoast-seo-wordpress\/ -->\n<title>swiss medSpa Detox Mask\/Serum | med4skin<\/title>\n<meta name=\"description\" content=\"swiss medSpa BODY DETOX peut \u00eatre utilis\u00e9 en compl\u00e9ment de cures d\u00e9tox et amincissantes ou en combinaison avec nos autres produits swiss medSpa.\" \/>\n<meta name=\"robots\" content=\"index, follow, max-snippet:-1, max-image-preview:large, max-video-preview:-1\" \/>\n<link rel=\"canonical\" href=\"https:\/\/www.med4skin.ch\/fr\/produkt\/swiss-medspa-detox\/\" \/>\n<meta property=\"og:locale\" content=\"fr_FR\" \/>\n<meta property=\"og:type\" content=\"article\" \/>\n<meta property=\"og:title\" content=\"swiss medSpa Detox Mask\/Serum | med4skin\" \/>\n<meta property=\"og:description\" content=\"swiss medSpa BODY DETOX peut \u00eatre utilis\u00e9 en compl\u00e9ment de cures d\u00e9tox et amincissantes ou en combinaison avec nos autres produits swiss medSpa.\" \/>\n<meta property=\"og:url\" content=\"https:\/\/www.med4skin.ch\/fr\/produkt\/swiss-medspa-detox\/\" \/>\n<meta property=\"og:site_name\" content=\"med4skin\" \/>\n<meta property=\"article:modified_time\" content=\"2025-08-11T16:38:39+00:00\" \/>\n<meta property=\"og:image\" content=\"https:\/\/www.med4skin.ch\/wp-content\/uploads\/2025\/03\/Body-Detox-quadrat-1.png\" \/>\n\t<meta property=\"og:image:width\" content=\"1165\" \/>\n\t<meta property=\"og:image:height\" content=\"1284\" \/>\n\t<meta property=\"og:image:type\" content=\"image\/png\" \/>\n<meta name=\"twitter:card\" content=\"summary_large_image\" \/>\n<meta name=\"twitter:label1\" content=\"Dur\u00e9e de lecture estim\u00e9e\" \/>\n\t<meta name=\"twitter:data1\" content=\"3 minutes\" \/>\n<script type=\"application\/ld+json\" class=\"yoast-schema-graph\">{\"@context\":\"https:\\\/\\\/schema.org\",\"@graph\":[{\"@type\":\"WebPage\",\"@id\":\"https:\\\/\\\/www.med4skin.ch\\\/fr\\\/produkt\\\/swiss-medspa-detox\\\/\",\"url\":\"https:\\\/\\\/www.med4skin.ch\\\/fr\\\/produkt\\\/swiss-medspa-detox\\\/\",\"name\":\"swiss medSpa Detox Mask\\\/Serum | med4skin\",\"isPartOf\":{\"@id\":\"https:\\\/\\\/www.med4skin.ch\\\/fr\\\/#website\"},\"primaryImageOfPage\":{\"@id\":\"https:\\\/\\\/www.med4skin.ch\\\/fr\\\/produkt\\\/swiss-medspa-detox\\\/#primaryimage\"},\"image\":{\"@id\":\"https:\\\/\\\/www.med4skin.ch\\\/fr\\\/produkt\\\/swiss-medspa-detox\\\/#primaryimage\"},\"thumbnailUrl\":\"https:\\\/\\\/www.med4skin.ch\\\/wp-content\\\/uploads\\\/2025\\\/03\\\/Body-Detox-quadrat-1.png\",\"datePublished\":\"2025-03-23T11:59:07+00:00\",\"dateModified\":\"2025-08-11T16:38:39+00:00\",\"description\":\"swiss medSpa BODY DETOX peut \u00eatre utilis\u00e9 en compl\u00e9ment de cures d\u00e9tox et amincissantes ou en combinaison avec nos autres produits swiss medSpa.\",\"breadcrumb\":{\"@id\":\"https:\\\/\\\/www.med4skin.ch\\\/fr\\\/produkt\\\/swiss-medspa-detox\\\/#breadcrumb\"},\"inLanguage\":\"fr-FR\",\"potentialAction\":[{\"@type\":\"ReadAction\",\"target\":[\"https:\\\/\\\/www.med4skin.ch\\\/fr\\\/produkt\\\/swiss-medspa-detox\\\/\"]}]},{\"@type\":\"ImageObject\",\"inLanguage\":\"fr-FR\",\"@id\":\"https:\\\/\\\/www.med4skin.ch\\\/fr\\\/produkt\\\/swiss-medspa-detox\\\/#primaryimage\",\"url\":\"https:\\\/\\\/www.med4skin.ch\\\/wp-content\\\/uploads\\\/2025\\\/03\\\/Body-Detox-quadrat-1.png\",\"contentUrl\":\"https:\\\/\\\/www.med4skin.ch\\\/wp-content\\\/uploads\\\/2025\\\/03\\\/Body-Detox-quadrat-1.png\",\"width\":1165,\"height\":1284},{\"@type\":\"BreadcrumbList\",\"@id\":\"https:\\\/\\\/www.med4skin.ch\\\/fr\\\/produkt\\\/swiss-medspa-detox\\\/#breadcrumb\",\"itemListElement\":[{\"@type\":\"ListItem\",\"position\":1,\"name\":\"Startseite\",\"item\":\"https:\\\/\\\/www.med4skin.ch\\\/fr\\\/\"},{\"@type\":\"ListItem\",\"position\":2,\"name\":\"Boutique des produits HomeCare\",\"item\":\"https:\\\/\\\/www.med4skin.ch\\\/fr\\\/boutique-des-produits-homecare\\\/\"},{\"@type\":\"ListItem\",\"position\":3,\"name\":\"swiss medSpa Detox Mask\\\/Serum\"}]},{\"@type\":\"WebSite\",\"@id\":\"https:\\\/\\\/www.med4skin.ch\\\/fr\\\/#website\",\"url\":\"https:\\\/\\\/www.med4skin.ch\\\/fr\\\/\",\"name\":\"med4skin\",\"description\":\"med4skin - skincare\",\"publisher\":{\"@id\":\"https:\\\/\\\/www.med4skin.ch\\\/fr\\\/#organization\"},\"potentialAction\":[{\"@type\":\"SearchAction\",\"target\":{\"@type\":\"EntryPoint\",\"urlTemplate\":\"https:\\\/\\\/www.med4skin.ch\\\/fr\\\/?s={search_term_string}\"},\"query-input\":{\"@type\":\"PropertyValueSpecification\",\"valueRequired\":true,\"valueName\":\"search_term_string\"}}],\"inLanguage\":\"fr-FR\"},{\"@type\":\"Organization\",\"@id\":\"https:\\\/\\\/www.med4skin.ch\\\/fr\\\/#organization\",\"name\":\"med4skin\",\"url\":\"https:\\\/\\\/www.med4skin.ch\\\/fr\\\/\",\"logo\":{\"@type\":\"ImageObject\",\"inLanguage\":\"fr-FR\",\"@id\":\"https:\\\/\\\/www.med4skin.ch\\\/fr\\\/#\\\/schema\\\/logo\\\/image\\\/\",\"url\":\"https:\\\/\\\/www.med4skin.ch\\\/wp-content\\\/uploads\\\/2022\\\/08\\\/cropped-95017869_padded_logo.png\",\"contentUrl\":\"https:\\\/\\\/www.med4skin.ch\\\/wp-content\\\/uploads\\\/2022\\\/08\\\/cropped-95017869_padded_logo.png\",\"width\":\"512\",\"height\":\"512\",\"caption\":\"med4skin\"},\"image\":{\"@id\":\"https:\\\/\\\/www.med4skin.ch\\\/fr\\\/#\\\/schema\\\/logo\\\/image\\\/\"},\"sameAs\":[\"https:\\\/\\\/www.instagram.com\\\/toskani.switzerland\\\/\",\"https:\\\/\\\/www.instagram.com\\\/med4skin.ch\"]}]}<\/script>\n<!-- \/ Yoast SEO plugin. -->","yoast_head_json":{"title":"swiss medSpa Detox Mask\/Serum | med4skin","description":"swiss medSpa BODY DETOX peut \u00eatre utilis\u00e9 en compl\u00e9ment de cures d\u00e9tox et amincissantes ou en combinaison avec nos autres produits swiss medSpa.","robots":{"index":"index","follow":"follow","max-snippet":"max-snippet:-1","max-image-preview":"max-image-preview:large","max-video-preview":"max-video-preview:-1"},"canonical":"https:\/\/www.med4skin.ch\/fr\/produkt\/swiss-medspa-detox\/","og_locale":"fr_FR","og_type":"article","og_title":"swiss medSpa Detox Mask\/Serum | med4skin","og_description":"swiss medSpa BODY DETOX peut \u00eatre utilis\u00e9 en compl\u00e9ment de cures d\u00e9tox et amincissantes ou en combinaison avec nos autres produits swiss medSpa.","og_url":"https:\/\/www.med4skin.ch\/fr\/produkt\/swiss-medspa-detox\/","og_site_name":"med4skin","article_modified_time":"2025-08-11T16:38:39+00:00","og_image":[{"width":1165,"height":1284,"url":"https:\/\/www.med4skin.ch\/wp-content\/uploads\/2025\/03\/Body-Detox-quadrat-1.png","type":"image\/png"}],"twitter_card":"summary_large_image","twitter_misc":{"Dur\u00e9e de lecture estim\u00e9e":"3 minutes"},"schema":{"@context":"https:\/\/schema.org","@graph":[{"@type":"WebPage","@id":"https:\/\/www.med4skin.ch\/fr\/produkt\/swiss-medspa-detox\/","url":"https:\/\/www.med4skin.ch\/fr\/produkt\/swiss-medspa-detox\/","name":"swiss medSpa Detox Mask\/Serum | med4skin","isPartOf":{"@id":"https:\/\/www.med4skin.ch\/fr\/#website"},"primaryImageOfPage":{"@id":"https:\/\/www.med4skin.ch\/fr\/produkt\/swiss-medspa-detox\/#primaryimage"},"image":{"@id":"https:\/\/www.med4skin.ch\/fr\/produkt\/swiss-medspa-detox\/#primaryimage"},"thumbnailUrl":"https:\/\/www.med4skin.ch\/wp-content\/uploads\/2025\/03\/Body-Detox-quadrat-1.png","datePublished":"2025-03-23T11:59:07+00:00","dateModified":"2025-08-11T16:38:39+00:00","description":"swiss medSpa BODY DETOX peut \u00eatre utilis\u00e9 en compl\u00e9ment de cures d\u00e9tox et amincissantes ou en combinaison avec nos autres produits swiss medSpa.","breadcrumb":{"@id":"https:\/\/www.med4skin.ch\/fr\/produkt\/swiss-medspa-detox\/#breadcrumb"},"inLanguage":"fr-FR","potentialAction":[{"@type":"ReadAction","target":["https:\/\/www.med4skin.ch\/fr\/produkt\/swiss-medspa-detox\/"]}]},{"@type":"ImageObject","inLanguage":"fr-FR","@id":"https:\/\/www.med4skin.ch\/fr\/produkt\/swiss-medspa-detox\/#primaryimage","url":"https:\/\/www.med4skin.ch\/wp-content\/uploads\/2025\/03\/Body-Detox-quadrat-1.png","contentUrl":"https:\/\/www.med4skin.ch\/wp-content\/uploads\/2025\/03\/Body-Detox-quadrat-1.png","width":1165,"height":1284},{"@type":"BreadcrumbList","@id":"https:\/\/www.med4skin.ch\/fr\/produkt\/swiss-medspa-detox\/#breadcrumb","itemListElement":[{"@type":"ListItem","position":1,"name":"Startseite","item":"https:\/\/www.med4skin.ch\/fr\/"},{"@type":"ListItem","position":2,"name":"Boutique des produits HomeCare","item":"https:\/\/www.med4skin.ch\/fr\/boutique-des-produits-homecare\/"},{"@type":"ListItem","position":3,"name":"swiss medSpa Detox Mask\/Serum"}]},{"@type":"WebSite","@id":"https:\/\/www.med4skin.ch\/fr\/#website","url":"https:\/\/www.med4skin.ch\/fr\/","name":"med4skin","description":"med4skin - skincare","publisher":{"@id":"https:\/\/www.med4skin.ch\/fr\/#organization"},"potentialAction":[{"@type":"SearchAction","target":{"@type":"EntryPoint","urlTemplate":"https:\/\/www.med4skin.ch\/fr\/?s={search_term_string}"},"query-input":{"@type":"PropertyValueSpecification","valueRequired":true,"valueName":"search_term_string"}}],"inLanguage":"fr-FR"},{"@type":"Organization","@id":"https:\/\/www.med4skin.ch\/fr\/#organization","name":"med4skin","url":"https:\/\/www.med4skin.ch\/fr\/","logo":{"@type":"ImageObject","inLanguage":"fr-FR","@id":"https:\/\/www.med4skin.ch\/fr\/#\/schema\/logo\/image\/","url":"https:\/\/www.med4skin.ch\/wp-content\/uploads\/2022\/08\/cropped-95017869_padded_logo.png","contentUrl":"https:\/\/www.med4skin.ch\/wp-content\/uploads\/2022\/08\/cropped-95017869_padded_logo.png","width":"512","height":"512","caption":"med4skin"},"image":{"@id":"https:\/\/www.med4skin.ch\/fr\/#\/schema\/logo\/image\/"},"sameAs":["https:\/\/www.instagram.com\/toskani.switzerland\/","https:\/\/www.instagram.com\/med4skin.ch"]}]}},"_links":{"self":[{"href":"https:\/\/www.med4skin.ch\/fr\/wp-json\/wp\/v2\/product\/6408","targetHints":{"allow":["GET"]}}],"collection":[{"href":"https:\/\/www.med4skin.ch\/fr\/wp-json\/wp\/v2\/product"}],"about":[{"href":"https:\/\/www.med4skin.ch\/fr\/wp-json\/wp\/v2\/types\/product"}],"wp:featuredmedia":[{"embeddable":true,"href":"https:\/\/www.med4skin.ch\/fr\/wp-json\/wp\/v2\/media\/6812"}],"wp:attachment":[{"href":"https:\/\/www.med4skin.ch\/fr\/wp-json\/wp\/v2\/media?parent=6408"}],"wp:term":[{"taxonomy":"product_brand","embeddable":true,"href":"https:\/\/www.med4skin.ch\/fr\/wp-json\/wp\/v2\/product_brand?post=6408"},{"taxonomy":"product_cat","embeddable":true,"href":"https:\/\/www.med4skin.ch\/fr\/wp-json\/wp\/v2\/product_cat?post=6408"},{"taxonomy":"product_tag","embeddable":true,"href":"https:\/\/www.med4skin.ch\/fr\/wp-json\/wp\/v2\/product_tag?post=6408"}],"curies":[{"name":"wp","href":"https:\/\/api.w.org\/{rel}","templated":true}]}}