{"id":6414,"date":"2025-03-23T15:04:22","date_gmt":"2025-03-23T14:04:22","guid":{"rendered":"https:\/\/www.med4skin.ch\/produkt\/swiss-medspa-body-slim\/"},"modified":"2025-03-23T19:21:05","modified_gmt":"2025-03-23T18:21:05","slug":"swiss-medspa-body-slim","status":"publish","type":"product","link":"https:\/\/www.med4skin.ch\/fr\/produkt\/swiss-medspa-body-slim\/","title":{"rendered":"swiss medSpa Body Slim"},"content":{"rendered":"<p>Cette cr\u00e8me pour le corps favorise la r\u00e9duction de la cellulite et le raffermissement.<\/p>\n<p>swiss medSpa a d\u00e9velopp\u00e9 les 4 produits suivants, adapt\u00e9s aux diff\u00e9rentes phases du cycle f\u00e9minin, qui peuvent bien entendu \u00eatre utilis\u00e9s par les hommes ind\u00e9pendamment de leur cycle :<\/p>\n<ul>\n<li><strong>Phase 1 :<\/strong>\n<ul>\n<li>swiss medSpa BODY RE LIFT<\/li>\n<\/ul>\n<\/li>\n<li><strong>Phase 2 :<\/strong>\n<ul>\n<li>swiss medSpa BODY CONTOUR<\/li>\n<\/ul>\n<\/li>\n<li><strong>Ind\u00e9pendant des phases :<\/strong>\n<ul>\n<li>swiss medSpa BODY DETOX<\/li>\n<li>swiss medSpa BODY SLIM<\/li>\n<\/ul>\n<\/li>\n<\/ul>\n<p>&nbsp;<\/p>\n<p><strong>swiss medSPA BODY SLIM :<\/strong><\/p>\n<p>La haute teneur en ingr\u00e9dients actifs exclusifs revitalisent la peau, quel que soit le cycle de la femme. En m\u00eame temps, ce soin anti-\u00e2ge lutte contre le vieillissement pr\u00e9matur\u00e9 de la peau. En cas de perte de volume et\/ou de poids, BODY SLIM aide \u00e0 restaurer l&rsquo;\u00e9lasticit\u00e9 de la peau. Il peut \u00eatre combin\u00e9 comme soin de jour avec DETOX, RE LIFT ou CONTOUR.<\/p>\n<p>BODY SLIM optimise les soins corporels quotidiens, ind\u00e9pendamment du cycle de la femme.<\/p>\n<p><strong>Offrez-vous une peau douce comme de la soie !<\/strong><\/p>\n<p>BODY SLIM est un soin de jour pour tout le corps destin\u00e9 aux femmes qui recherchent plus qu&rsquo;une simple hydratation.<\/p>\n<p><em><strong>Applications :<\/strong><\/em><\/p>\n<ul>\n<li>Pour r\u00e9duire la cellulite au stade initial<\/li>\n<li>Soin optimal \u00e9galement pour les seins, le haut des bras, etc.<\/li>\n<li>Pour tous les types de peau, y compris les peaux tr\u00e8s s\u00e8ches.<\/li>\n<li>L&rsquo;absence d&rsquo;huiles min\u00e9rales, de parab\u00e8nes et de PEG en fait un produit id\u00e9al pour les peaux sensibles.<\/li>\n<li>Soins saisonniers extr\u00eames : combiner les tibias secs avec swiss medSpa BODY DETOX<\/li>\n<\/ul>\n<p>Massez BODY SLIM quotidiennement de bas en haut avec les s\u00e9rums adapt\u00e9s \u00e0 votre cycle. De l\u00e9gers massages par p\u00e9trissage et tapotement optimisent \u00e9galement l&rsquo;aspect de votre peau.<\/p>\n<p>Optimal pour :<\/p>\n<ul>\n<li>En cas de traitement de la cellulite, comme soin final<\/li>\n<li>Cr\u00e8me d&rsquo;introduction pour la pr\u00e9vention de la cellulite<\/li>\n<li>Soin final apr\u00e8s le peeling complet du corps<\/li>\n<li>Enveloppement corporel Detox-Balance<\/li>\n<li>Soin de jour pour les peaux sensibles comme le psoriasis<\/li>\n<li>Le marron d&rsquo;Inde peut renforcer les parois veineuses :<\/li>\n<\/ul>\n<p><em><strong>effet :<\/strong><\/em><\/p>\n<ul>\n<li>Effet revitalisant<\/li>\n<li>R\u00e9duit la cellulite<\/li>\n<li>Favorise le raffermissement de la peau<\/li>\n<li>Peut \u00e9galement \u00eatre utilis\u00e9 pendant l&rsquo;allaitement<\/li>\n<li>Pr\u00e9vient les stries\/vergetures, important avant la grossesse<\/li>\n<li>Pr\u00e9vient le vieillissement pr\u00e9matur\u00e9 de la peau<\/li>\n<\/ul>\n<p><em><strong>Substances actives :<\/strong><\/em><\/p>\n<ul>\n<li>Extrait de graine d&rsquo;Aesculus Hippocastanum<\/li>\n<li>Extrait d&rsquo;algues<\/li>\n<li>Pullulan<\/li>\n<li>Tocoph\u00e9rol<\/li>\n<li>Huiles de soja<\/li>\n<\/ul>\n<p><em><strong>Contre-indications<\/strong><\/em><\/p>\n<ul>\n<li>pas de<\/li>\n<\/ul>\n<p>&nbsp;<\/p>\n<p><em><strong>Information g\u00e9n\u00e9rale :<\/strong><\/em><\/p>\n<p>L&rsquo;id\u00e9al est de commencer l&rsquo;utilisation des principes actifs swiss medSpa par un traitement dans un institut de beaut\u00e9 form\u00e9 par nos soins, qui vous montrera \u00e9galement comment renforcer l&rsquo;effet de la m\u00e9thode de l&rsquo;enveloppement. En outre, l&rsquo;institut de beaut\u00e9 peut \u00e9galement vous garantir les meilleurs r\u00e9sultats avec un drainage lymphatique compl\u00e9mentaire, que ce soit avec des pantalons de drainage lymphatique sp\u00e9cialement con\u00e7us \u00e0 cet effet ou manuellement.<\/p>\n<p>Pour obtenir une liste de nos partenaires instituts de beaut\u00e9, contactez-nous : <a href=\"mailto:contact@med4skin.ch\">contact@med4skin.ch<\/a> ou au 044 888 92 14.<\/p>\n","protected":false},"excerpt":{"rendered":"<p>Tube airless de 150 ml<\/p>\n","protected":false},"featured_media":6810,"template":"","meta":{"_et_pb_use_builder":"","_et_pb_old_content":"","_et_gb_content_width":""},"product_brand":[293],"product_cat":[294],"product_tag":[],"class_list":{"0":"post-6414","1":"product","2":"type-product","3":"status-publish","4":"has-post-thumbnail","6":"product_brand-swiss-medspa","7":"product_cat-swiss-medspa-fr","9":"first","10":"instock","11":"taxable","12":"shipping-taxable","13":"purchasable","14":"product-type-simple"},"yoast_head":"<!-- This site is optimized with the Yoast SEO plugin v27.4 - https:\/\/yoast.com\/product\/yoast-seo-wordpress\/ -->\n<title>swiss medSpa Body Slim | med4skin<\/title>\n<meta name=\"description\" content=\"swiss medSpa Body Slim est une cr\u00e8me revitalisante qui pr\u00e9vient les vergetures, r\u00e9duit la cellulite et favorise le raffermissement de la peau.\" \/>\n<meta name=\"robots\" content=\"index, follow, max-snippet:-1, max-image-preview:large, max-video-preview:-1\" \/>\n<link rel=\"canonical\" href=\"https:\/\/www.med4skin.ch\/fr\/produkt\/swiss-medspa-body-slim\/\" \/>\n<meta property=\"og:locale\" content=\"fr_FR\" \/>\n<meta property=\"og:type\" content=\"article\" \/>\n<meta property=\"og:title\" content=\"swiss medSpa Body Slim | med4skin\" \/>\n<meta property=\"og:description\" content=\"swiss medSpa Body Slim est une cr\u00e8me revitalisante qui pr\u00e9vient les vergetures, r\u00e9duit la cellulite et favorise le raffermissement de la peau.\" \/>\n<meta property=\"og:url\" content=\"https:\/\/www.med4skin.ch\/fr\/produkt\/swiss-medspa-body-slim\/\" \/>\n<meta property=\"og:site_name\" content=\"med4skin\" \/>\n<meta property=\"article:modified_time\" content=\"2025-03-23T18:21:05+00:00\" \/>\n<meta property=\"og:image\" content=\"https:\/\/www.med4skin.ch\/wp-content\/uploads\/2025\/03\/Body-Slim-quadrat.png\" \/>\n\t<meta property=\"og:image:width\" content=\"1165\" \/>\n\t<meta property=\"og:image:height\" content=\"1284\" \/>\n\t<meta property=\"og:image:type\" content=\"image\/png\" \/>\n<meta name=\"twitter:card\" content=\"summary_large_image\" \/>\n<meta name=\"twitter:label1\" content=\"Dur\u00e9e de lecture estim\u00e9e\" \/>\n\t<meta name=\"twitter:data1\" content=\"2 minutes\" \/>\n<script type=\"application\/ld+json\" class=\"yoast-schema-graph\">{\"@context\":\"https:\\\/\\\/schema.org\",\"@graph\":[{\"@type\":\"WebPage\",\"@id\":\"https:\\\/\\\/www.med4skin.ch\\\/fr\\\/produkt\\\/swiss-medspa-body-slim\\\/\",\"url\":\"https:\\\/\\\/www.med4skin.ch\\\/fr\\\/produkt\\\/swiss-medspa-body-slim\\\/\",\"name\":\"swiss medSpa Body Slim | med4skin\",\"isPartOf\":{\"@id\":\"https:\\\/\\\/www.med4skin.ch\\\/fr\\\/#website\"},\"primaryImageOfPage\":{\"@id\":\"https:\\\/\\\/www.med4skin.ch\\\/fr\\\/produkt\\\/swiss-medspa-body-slim\\\/#primaryimage\"},\"image\":{\"@id\":\"https:\\\/\\\/www.med4skin.ch\\\/fr\\\/produkt\\\/swiss-medspa-body-slim\\\/#primaryimage\"},\"thumbnailUrl\":\"https:\\\/\\\/www.med4skin.ch\\\/wp-content\\\/uploads\\\/2025\\\/03\\\/Body-Slim-quadrat-1.png\",\"datePublished\":\"2025-03-23T14:04:22+00:00\",\"dateModified\":\"2025-03-23T18:21:05+00:00\",\"description\":\"swiss medSpa Body Slim est une cr\u00e8me revitalisante qui pr\u00e9vient les vergetures, r\u00e9duit la cellulite et favorise le raffermissement de la peau.\",\"breadcrumb\":{\"@id\":\"https:\\\/\\\/www.med4skin.ch\\\/fr\\\/produkt\\\/swiss-medspa-body-slim\\\/#breadcrumb\"},\"inLanguage\":\"fr-FR\",\"potentialAction\":[{\"@type\":\"ReadAction\",\"target\":[\"https:\\\/\\\/www.med4skin.ch\\\/fr\\\/produkt\\\/swiss-medspa-body-slim\\\/\"]}]},{\"@type\":\"ImageObject\",\"inLanguage\":\"fr-FR\",\"@id\":\"https:\\\/\\\/www.med4skin.ch\\\/fr\\\/produkt\\\/swiss-medspa-body-slim\\\/#primaryimage\",\"url\":\"https:\\\/\\\/www.med4skin.ch\\\/wp-content\\\/uploads\\\/2025\\\/03\\\/Body-Slim-quadrat-1.png\",\"contentUrl\":\"https:\\\/\\\/www.med4skin.ch\\\/wp-content\\\/uploads\\\/2025\\\/03\\\/Body-Slim-quadrat-1.png\",\"width\":1165,\"height\":1284},{\"@type\":\"BreadcrumbList\",\"@id\":\"https:\\\/\\\/www.med4skin.ch\\\/fr\\\/produkt\\\/swiss-medspa-body-slim\\\/#breadcrumb\",\"itemListElement\":[{\"@type\":\"ListItem\",\"position\":1,\"name\":\"Startseite\",\"item\":\"https:\\\/\\\/www.med4skin.ch\\\/fr\\\/\"},{\"@type\":\"ListItem\",\"position\":2,\"name\":\"Boutique des produits HomeCare\",\"item\":\"https:\\\/\\\/www.med4skin.ch\\\/fr\\\/boutique-des-produits-homecare\\\/\"},{\"@type\":\"ListItem\",\"position\":3,\"name\":\"swiss medSpa Body Slim\"}]},{\"@type\":\"WebSite\",\"@id\":\"https:\\\/\\\/www.med4skin.ch\\\/fr\\\/#website\",\"url\":\"https:\\\/\\\/www.med4skin.ch\\\/fr\\\/\",\"name\":\"med4skin\",\"description\":\"med4skin - skincare\",\"publisher\":{\"@id\":\"https:\\\/\\\/www.med4skin.ch\\\/fr\\\/#organization\"},\"potentialAction\":[{\"@type\":\"SearchAction\",\"target\":{\"@type\":\"EntryPoint\",\"urlTemplate\":\"https:\\\/\\\/www.med4skin.ch\\\/fr\\\/?s={search_term_string}\"},\"query-input\":{\"@type\":\"PropertyValueSpecification\",\"valueRequired\":true,\"valueName\":\"search_term_string\"}}],\"inLanguage\":\"fr-FR\"},{\"@type\":\"Organization\",\"@id\":\"https:\\\/\\\/www.med4skin.ch\\\/fr\\\/#organization\",\"name\":\"med4skin\",\"url\":\"https:\\\/\\\/www.med4skin.ch\\\/fr\\\/\",\"logo\":{\"@type\":\"ImageObject\",\"inLanguage\":\"fr-FR\",\"@id\":\"https:\\\/\\\/www.med4skin.ch\\\/fr\\\/#\\\/schema\\\/logo\\\/image\\\/\",\"url\":\"https:\\\/\\\/www.med4skin.ch\\\/wp-content\\\/uploads\\\/2022\\\/08\\\/cropped-95017869_padded_logo.png\",\"contentUrl\":\"https:\\\/\\\/www.med4skin.ch\\\/wp-content\\\/uploads\\\/2022\\\/08\\\/cropped-95017869_padded_logo.png\",\"width\":\"512\",\"height\":\"512\",\"caption\":\"med4skin\"},\"image\":{\"@id\":\"https:\\\/\\\/www.med4skin.ch\\\/fr\\\/#\\\/schema\\\/logo\\\/image\\\/\"},\"sameAs\":[\"https:\\\/\\\/www.instagram.com\\\/toskani.switzerland\\\/\",\"https:\\\/\\\/www.instagram.com\\\/med4skin.ch\"]}]}<\/script>\n<!-- \/ Yoast SEO plugin. -->","yoast_head_json":{"title":"swiss medSpa Body Slim | med4skin","description":"swiss medSpa Body Slim est une cr\u00e8me revitalisante qui pr\u00e9vient les vergetures, r\u00e9duit la cellulite et favorise le raffermissement de la peau.","robots":{"index":"index","follow":"follow","max-snippet":"max-snippet:-1","max-image-preview":"max-image-preview:large","max-video-preview":"max-video-preview:-1"},"canonical":"https:\/\/www.med4skin.ch\/fr\/produkt\/swiss-medspa-body-slim\/","og_locale":"fr_FR","og_type":"article","og_title":"swiss medSpa Body Slim | med4skin","og_description":"swiss medSpa Body Slim est une cr\u00e8me revitalisante qui pr\u00e9vient les vergetures, r\u00e9duit la cellulite et favorise le raffermissement de la peau.","og_url":"https:\/\/www.med4skin.ch\/fr\/produkt\/swiss-medspa-body-slim\/","og_site_name":"med4skin","article_modified_time":"2025-03-23T18:21:05+00:00","og_image":[{"width":1165,"height":1284,"url":"https:\/\/www.med4skin.ch\/wp-content\/uploads\/2025\/03\/Body-Slim-quadrat.png","type":"image\/png"}],"twitter_card":"summary_large_image","twitter_misc":{"Dur\u00e9e de lecture estim\u00e9e":"2 minutes"},"schema":{"@context":"https:\/\/schema.org","@graph":[{"@type":"WebPage","@id":"https:\/\/www.med4skin.ch\/fr\/produkt\/swiss-medspa-body-slim\/","url":"https:\/\/www.med4skin.ch\/fr\/produkt\/swiss-medspa-body-slim\/","name":"swiss medSpa Body Slim | med4skin","isPartOf":{"@id":"https:\/\/www.med4skin.ch\/fr\/#website"},"primaryImageOfPage":{"@id":"https:\/\/www.med4skin.ch\/fr\/produkt\/swiss-medspa-body-slim\/#primaryimage"},"image":{"@id":"https:\/\/www.med4skin.ch\/fr\/produkt\/swiss-medspa-body-slim\/#primaryimage"},"thumbnailUrl":"https:\/\/www.med4skin.ch\/wp-content\/uploads\/2025\/03\/Body-Slim-quadrat-1.png","datePublished":"2025-03-23T14:04:22+00:00","dateModified":"2025-03-23T18:21:05+00:00","description":"swiss medSpa Body Slim est une cr\u00e8me revitalisante qui pr\u00e9vient les vergetures, r\u00e9duit la cellulite et favorise le raffermissement de la peau.","breadcrumb":{"@id":"https:\/\/www.med4skin.ch\/fr\/produkt\/swiss-medspa-body-slim\/#breadcrumb"},"inLanguage":"fr-FR","potentialAction":[{"@type":"ReadAction","target":["https:\/\/www.med4skin.ch\/fr\/produkt\/swiss-medspa-body-slim\/"]}]},{"@type":"ImageObject","inLanguage":"fr-FR","@id":"https:\/\/www.med4skin.ch\/fr\/produkt\/swiss-medspa-body-slim\/#primaryimage","url":"https:\/\/www.med4skin.ch\/wp-content\/uploads\/2025\/03\/Body-Slim-quadrat-1.png","contentUrl":"https:\/\/www.med4skin.ch\/wp-content\/uploads\/2025\/03\/Body-Slim-quadrat-1.png","width":1165,"height":1284},{"@type":"BreadcrumbList","@id":"https:\/\/www.med4skin.ch\/fr\/produkt\/swiss-medspa-body-slim\/#breadcrumb","itemListElement":[{"@type":"ListItem","position":1,"name":"Startseite","item":"https:\/\/www.med4skin.ch\/fr\/"},{"@type":"ListItem","position":2,"name":"Boutique des produits HomeCare","item":"https:\/\/www.med4skin.ch\/fr\/boutique-des-produits-homecare\/"},{"@type":"ListItem","position":3,"name":"swiss medSpa Body Slim"}]},{"@type":"WebSite","@id":"https:\/\/www.med4skin.ch\/fr\/#website","url":"https:\/\/www.med4skin.ch\/fr\/","name":"med4skin","description":"med4skin - skincare","publisher":{"@id":"https:\/\/www.med4skin.ch\/fr\/#organization"},"potentialAction":[{"@type":"SearchAction","target":{"@type":"EntryPoint","urlTemplate":"https:\/\/www.med4skin.ch\/fr\/?s={search_term_string}"},"query-input":{"@type":"PropertyValueSpecification","valueRequired":true,"valueName":"search_term_string"}}],"inLanguage":"fr-FR"},{"@type":"Organization","@id":"https:\/\/www.med4skin.ch\/fr\/#organization","name":"med4skin","url":"https:\/\/www.med4skin.ch\/fr\/","logo":{"@type":"ImageObject","inLanguage":"fr-FR","@id":"https:\/\/www.med4skin.ch\/fr\/#\/schema\/logo\/image\/","url":"https:\/\/www.med4skin.ch\/wp-content\/uploads\/2022\/08\/cropped-95017869_padded_logo.png","contentUrl":"https:\/\/www.med4skin.ch\/wp-content\/uploads\/2022\/08\/cropped-95017869_padded_logo.png","width":"512","height":"512","caption":"med4skin"},"image":{"@id":"https:\/\/www.med4skin.ch\/fr\/#\/schema\/logo\/image\/"},"sameAs":["https:\/\/www.instagram.com\/toskani.switzerland\/","https:\/\/www.instagram.com\/med4skin.ch"]}]}},"_links":{"self":[{"href":"https:\/\/www.med4skin.ch\/fr\/wp-json\/wp\/v2\/product\/6414","targetHints":{"allow":["GET"]}}],"collection":[{"href":"https:\/\/www.med4skin.ch\/fr\/wp-json\/wp\/v2\/product"}],"about":[{"href":"https:\/\/www.med4skin.ch\/fr\/wp-json\/wp\/v2\/types\/product"}],"wp:featuredmedia":[{"embeddable":true,"href":"https:\/\/www.med4skin.ch\/fr\/wp-json\/wp\/v2\/media\/6810"}],"wp:attachment":[{"href":"https:\/\/www.med4skin.ch\/fr\/wp-json\/wp\/v2\/media?parent=6414"}],"wp:term":[{"taxonomy":"product_brand","embeddable":true,"href":"https:\/\/www.med4skin.ch\/fr\/wp-json\/wp\/v2\/product_brand?post=6414"},{"taxonomy":"product_cat","embeddable":true,"href":"https:\/\/www.med4skin.ch\/fr\/wp-json\/wp\/v2\/product_cat?post=6414"},{"taxonomy":"product_tag","embeddable":true,"href":"https:\/\/www.med4skin.ch\/fr\/wp-json\/wp\/v2\/product_tag?post=6414"}],"curies":[{"name":"wp","href":"https:\/\/api.w.org\/{rel}","templated":true}]}}