{"id":6429,"date":"2025-03-23T19:33:32","date_gmt":"2025-03-23T18:33:32","guid":{"rendered":"https:\/\/www.med4skin.ch\/?post_type=product&#038;p=6429"},"modified":"2025-03-23T19:40:59","modified_gmt":"2025-03-23T18:40:59","slug":"swiss-medspa-body-re-lift-serum-kopie","status":"publish","type":"product","link":"https:\/\/www.med4skin.ch\/fr\/produkt\/swiss-medspa-body-re-lift-serum-kopie\/","title":{"rendered":"swiss medSpa Body Re Lift S\u00e9rum PRO"},"content":{"rendered":"<p>Tr\u00e8s efficace avec une exp\u00e9rience et un succ\u00e8s tangibles.<\/p>\n<p>swiss medSpa a d\u00e9velopp\u00e9 les 4 produits suivants, adapt\u00e9s aux diff\u00e9rentes phases du cycle f\u00e9minin, qui peuvent bien entendu \u00eatre utilis\u00e9s par les hommes ind\u00e9pendamment de leur cycle :<\/p>\n<ul>\n<li><strong>Phase 1 :<\/strong>\n<ul>\n<li>swiss medSpa BODY RE LIFT<\/li>\n<\/ul>\n<\/li>\n<li><strong>Phase 2 :<\/strong>\n<ul>\n<li>swiss medSpa BODY CONTOUR<\/li>\n<\/ul>\n<\/li>\n<li><strong>Ind\u00e9pendant des phases :<\/strong>\n<ul>\n<li>swiss medSpa BODY DETOX<\/li>\n<li>swiss medSpa BODY SLIM<\/li>\n<\/ul>\n<\/li>\n<\/ul>\n<p>&nbsp;<\/p>\n<p><strong>swiss medSPA BODY RE LIFT :<\/strong><\/p>\n<p>Les ingr\u00e9dients actifs ont \u00e9t\u00e9 encapsul\u00e9s dans de minuscules v\u00e9sicules d&rsquo;aqua-transport techniquement nouvelles, c&rsquo;est-\u00e0-dire des liposomes naturels semblables \u00e0 la peau.<\/p>\n<p>Dans la phase I du cycle de la femme, la cellulite, les stries \/ vergetures et le rel\u00e2chement des tissus sont clairement visibles. La peau est tr\u00e8s r\u00e9ceptive \u00e0 ce stade. La consistance de BODY RE LIFT est agr\u00e9able et p\u00e9n\u00e8tre rapidement.<\/p>\n<p><strong>BODY RE LIFT<\/strong> est con\u00e7u pour r\u00e9pondre aux besoins exigeants des femmes :<\/p>\n<ul>\n<li>le produit favorise la lipolyse biochimique, ce qui stimule le m\u00e9tabolisme<\/li>\n<li>Les creux de la cellulite, les stries \/ vergetures et le rel\u00e2chement des tissus (apr\u00e8s une grossesse ou une perte de poids) sont r\u00e9duits.<\/li>\n<li>rel\u00e2chement cutan\u00e9 li\u00e9 \u00e0 l&rsquo;\u00e2ge ou pr\u00e9matur\u00e9, les principes actifs r\u00e9g\u00e9n\u00e8rent et raffermissent la peau<\/li>\n<li>La formation de collag\u00e8ne est activ\u00e9e<\/li>\n<\/ul>\n<p><em><strong>effet :<\/strong><\/em><\/p>\n<ul>\n<li>Des r\u00e9sultats rapidement visibles et tangibles<\/li>\n<li>Les cellulites\/cellules sont \u00e9limin\u00e9es<\/li>\n<li>Le raffermissement de la peau et la formation de collag\u00e8ne sont favoris\u00e9s<\/li>\n<li>Stimule le m\u00e9tabolisme<\/li>\n<li>Les stries sont r\u00e9duites<\/li>\n<li>La perte de graisse est stimul\u00e9e<\/li>\n<\/ul>\n<p>Les r\u00e9actions de la peau peuvent varier au d\u00e9but. Certains ressentent une forte circulation sanguine et des rougeurs apr\u00e8s une courte p\u00e9riode d&rsquo;application, mais cela s&rsquo;estompe rapidement. Avec une utilisation r\u00e9guli\u00e8re, l&rsquo;\u00e9piderme ne rougit plus. Cependant, la sous-cutan\u00e9e continue de subir une activation prolong\u00e9e. C&rsquo;est l&rsquo;objectif de la r\u00e9ussite.<\/p>\n<p>Il est \u00e9galement prouv\u00e9 que les traitements contre la cellulite doivent \u00eatre effectu\u00e9s par les clients sur une p\u00e9riode de 3 \u00e0 4 mois. Cependant, les r\u00e9sultats commencent \u00e0 appara\u00eetre au bout de 2 \u00e0 3 semaines.<\/p>\n<p><em><strong>Substances actives :<\/strong><\/em><\/p>\n<ul>\n<li>Fucus Vesiculosus<\/li>\n<li>Laminaria Digitata<\/li>\n<li>Spiruline Platensis<\/li>\n<li>Genistein<\/li>\n<li>Carnitine<\/li>\n<li>Ur\u00e9e<\/li>\n<li>Caf\u00e9ine<\/li>\n<li>Vitamine C<\/li>\n<\/ul>\n<p><em><strong><br \/>\nContre-indications<\/strong><\/em><\/p>\n<ul>\n<li>Maladies de la peau qui ne permettent pas les traitements stimulant la circulation sanguine<\/li>\n<li>\u00c9viter les varices ou les t\u00e9langiectasies<\/li>\n<\/ul>\n","protected":false},"excerpt":{"rendered":"<p>Distributeur de 500 ml<\/p>\n","protected":false},"featured_media":6808,"template":"","meta":{"_et_pb_use_builder":"","_et_pb_old_content":"","_et_gb_content_width":""},"product_brand":[293],"product_cat":[296],"product_tag":[],"class_list":{"0":"post-6429","1":"product","2":"type-product","3":"status-publish","4":"has-post-thumbnail","6":"product_brand-swiss-medspa","7":"product_cat-swiss-medspa-pro-fr","9":"first","10":"instock","11":"taxable","12":"shipping-taxable","13":"purchasable","14":"product-type-simple"},"yoast_head":"<!-- This site is optimized with the Yoast SEO plugin v27.4 - https:\/\/yoast.com\/product\/yoast-seo-wordpress\/ -->\n<title>swiss medSpa Body Re Lift S\u00e9rum PRO | med4skin<\/title>\n<meta name=\"description\" content=\"Body Re Lift PRO de Swiss medSpa stimule la microcirculation, \u00e9limine la cellulite et r\u00e9duit les capitons. Soutien \u00e9galement en cas de vergetures.\" \/>\n<meta name=\"robots\" content=\"index, follow, max-snippet:-1, max-image-preview:large, max-video-preview:-1\" \/>\n<link rel=\"canonical\" href=\"https:\/\/www.med4skin.ch\/fr\/produkt\/swiss-medspa-body-re-lift-serum-kopie\/\" \/>\n<meta property=\"og:locale\" content=\"fr_FR\" \/>\n<meta property=\"og:type\" content=\"article\" \/>\n<meta property=\"og:title\" content=\"swiss medSpa Body Re Lift S\u00e9rum PRO | med4skin\" \/>\n<meta property=\"og:description\" content=\"Body Re Lift PRO de Swiss medSpa stimule la microcirculation, \u00e9limine la cellulite et r\u00e9duit les capitons. Soutien \u00e9galement en cas de vergetures.\" \/>\n<meta property=\"og:url\" content=\"https:\/\/www.med4skin.ch\/fr\/produkt\/swiss-medspa-body-re-lift-serum-kopie\/\" \/>\n<meta property=\"og:site_name\" content=\"med4skin\" \/>\n<meta property=\"article:modified_time\" content=\"2025-03-23T18:40:59+00:00\" \/>\n<meta name=\"twitter:card\" content=\"summary_large_image\" \/>\n<meta name=\"twitter:label1\" content=\"Dur\u00e9e de lecture estim\u00e9e\" \/>\n\t<meta name=\"twitter:data1\" content=\"2 minutes\" \/>\n<script type=\"application\/ld+json\" class=\"yoast-schema-graph\">{\"@context\":\"https:\\\/\\\/schema.org\",\"@graph\":[{\"@type\":\"WebPage\",\"@id\":\"https:\\\/\\\/www.med4skin.ch\\\/fr\\\/produkt\\\/swiss-medspa-body-re-lift-serum-kopie\\\/\",\"url\":\"https:\\\/\\\/www.med4skin.ch\\\/fr\\\/produkt\\\/swiss-medspa-body-re-lift-serum-kopie\\\/\",\"name\":\"swiss medSpa Body Re Lift S\u00e9rum PRO | med4skin\",\"isPartOf\":{\"@id\":\"https:\\\/\\\/www.med4skin.ch\\\/fr\\\/#website\"},\"primaryImageOfPage\":{\"@id\":\"https:\\\/\\\/www.med4skin.ch\\\/fr\\\/produkt\\\/swiss-medspa-body-re-lift-serum-kopie\\\/#primaryimage\"},\"image\":{\"@id\":\"https:\\\/\\\/www.med4skin.ch\\\/fr\\\/produkt\\\/swiss-medspa-body-re-lift-serum-kopie\\\/#primaryimage\"},\"thumbnailUrl\":\"https:\\\/\\\/www.med4skin.ch\\\/wp-content\\\/uploads\\\/2025\\\/03\\\/Body-Re-Lift-PRO-1.jpg\",\"datePublished\":\"2025-03-23T18:33:32+00:00\",\"dateModified\":\"2025-03-23T18:40:59+00:00\",\"description\":\"Body Re Lift PRO de Swiss medSpa stimule la microcirculation, \u00e9limine la cellulite et r\u00e9duit les capitons. Soutien \u00e9galement en cas de vergetures.\",\"breadcrumb\":{\"@id\":\"https:\\\/\\\/www.med4skin.ch\\\/fr\\\/produkt\\\/swiss-medspa-body-re-lift-serum-kopie\\\/#breadcrumb\"},\"inLanguage\":\"fr-FR\",\"potentialAction\":[{\"@type\":\"ReadAction\",\"target\":[\"https:\\\/\\\/www.med4skin.ch\\\/fr\\\/produkt\\\/swiss-medspa-body-re-lift-serum-kopie\\\/\"]}]},{\"@type\":\"ImageObject\",\"inLanguage\":\"fr-FR\",\"@id\":\"https:\\\/\\\/www.med4skin.ch\\\/fr\\\/produkt\\\/swiss-medspa-body-re-lift-serum-kopie\\\/#primaryimage\",\"url\":\"https:\\\/\\\/www.med4skin.ch\\\/wp-content\\\/uploads\\\/2025\\\/03\\\/Body-Re-Lift-PRO-1.jpg\",\"contentUrl\":\"https:\\\/\\\/www.med4skin.ch\\\/wp-content\\\/uploads\\\/2025\\\/03\\\/Body-Re-Lift-PRO-1.jpg\",\"width\":1080,\"height\":1080},{\"@type\":\"BreadcrumbList\",\"@id\":\"https:\\\/\\\/www.med4skin.ch\\\/fr\\\/produkt\\\/swiss-medspa-body-re-lift-serum-kopie\\\/#breadcrumb\",\"itemListElement\":[{\"@type\":\"ListItem\",\"position\":1,\"name\":\"Startseite\",\"item\":\"https:\\\/\\\/www.med4skin.ch\\\/fr\\\/\"},{\"@type\":\"ListItem\",\"position\":2,\"name\":\"Boutique des produits HomeCare\",\"item\":\"https:\\\/\\\/www.med4skin.ch\\\/fr\\\/boutique-des-produits-homecare\\\/\"},{\"@type\":\"ListItem\",\"position\":3,\"name\":\"swiss medSpa Body Re Lift S\u00e9rum PRO\"}]},{\"@type\":\"WebSite\",\"@id\":\"https:\\\/\\\/www.med4skin.ch\\\/fr\\\/#website\",\"url\":\"https:\\\/\\\/www.med4skin.ch\\\/fr\\\/\",\"name\":\"med4skin\",\"description\":\"med4skin - skincare\",\"publisher\":{\"@id\":\"https:\\\/\\\/www.med4skin.ch\\\/fr\\\/#organization\"},\"potentialAction\":[{\"@type\":\"SearchAction\",\"target\":{\"@type\":\"EntryPoint\",\"urlTemplate\":\"https:\\\/\\\/www.med4skin.ch\\\/fr\\\/?s={search_term_string}\"},\"query-input\":{\"@type\":\"PropertyValueSpecification\",\"valueRequired\":true,\"valueName\":\"search_term_string\"}}],\"inLanguage\":\"fr-FR\"},{\"@type\":\"Organization\",\"@id\":\"https:\\\/\\\/www.med4skin.ch\\\/fr\\\/#organization\",\"name\":\"med4skin\",\"url\":\"https:\\\/\\\/www.med4skin.ch\\\/fr\\\/\",\"logo\":{\"@type\":\"ImageObject\",\"inLanguage\":\"fr-FR\",\"@id\":\"https:\\\/\\\/www.med4skin.ch\\\/fr\\\/#\\\/schema\\\/logo\\\/image\\\/\",\"url\":\"https:\\\/\\\/www.med4skin.ch\\\/wp-content\\\/uploads\\\/2022\\\/08\\\/cropped-95017869_padded_logo.png\",\"contentUrl\":\"https:\\\/\\\/www.med4skin.ch\\\/wp-content\\\/uploads\\\/2022\\\/08\\\/cropped-95017869_padded_logo.png\",\"width\":\"512\",\"height\":\"512\",\"caption\":\"med4skin\"},\"image\":{\"@id\":\"https:\\\/\\\/www.med4skin.ch\\\/fr\\\/#\\\/schema\\\/logo\\\/image\\\/\"},\"sameAs\":[\"https:\\\/\\\/www.instagram.com\\\/toskani.switzerland\\\/\",\"https:\\\/\\\/www.instagram.com\\\/med4skin.ch\"]}]}<\/script>\n<!-- \/ Yoast SEO plugin. -->","yoast_head_json":{"title":"swiss medSpa Body Re Lift S\u00e9rum PRO | med4skin","description":"Body Re Lift PRO de Swiss medSpa stimule la microcirculation, \u00e9limine la cellulite et r\u00e9duit les capitons. Soutien \u00e9galement en cas de vergetures.","robots":{"index":"index","follow":"follow","max-snippet":"max-snippet:-1","max-image-preview":"max-image-preview:large","max-video-preview":"max-video-preview:-1"},"canonical":"https:\/\/www.med4skin.ch\/fr\/produkt\/swiss-medspa-body-re-lift-serum-kopie\/","og_locale":"fr_FR","og_type":"article","og_title":"swiss medSpa Body Re Lift S\u00e9rum PRO | med4skin","og_description":"Body Re Lift PRO de Swiss medSpa stimule la microcirculation, \u00e9limine la cellulite et r\u00e9duit les capitons. Soutien \u00e9galement en cas de vergetures.","og_url":"https:\/\/www.med4skin.ch\/fr\/produkt\/swiss-medspa-body-re-lift-serum-kopie\/","og_site_name":"med4skin","article_modified_time":"2025-03-23T18:40:59+00:00","twitter_card":"summary_large_image","twitter_misc":{"Dur\u00e9e de lecture estim\u00e9e":"2 minutes"},"schema":{"@context":"https:\/\/schema.org","@graph":[{"@type":"WebPage","@id":"https:\/\/www.med4skin.ch\/fr\/produkt\/swiss-medspa-body-re-lift-serum-kopie\/","url":"https:\/\/www.med4skin.ch\/fr\/produkt\/swiss-medspa-body-re-lift-serum-kopie\/","name":"swiss medSpa Body Re Lift S\u00e9rum PRO | med4skin","isPartOf":{"@id":"https:\/\/www.med4skin.ch\/fr\/#website"},"primaryImageOfPage":{"@id":"https:\/\/www.med4skin.ch\/fr\/produkt\/swiss-medspa-body-re-lift-serum-kopie\/#primaryimage"},"image":{"@id":"https:\/\/www.med4skin.ch\/fr\/produkt\/swiss-medspa-body-re-lift-serum-kopie\/#primaryimage"},"thumbnailUrl":"https:\/\/www.med4skin.ch\/wp-content\/uploads\/2025\/03\/Body-Re-Lift-PRO-1.jpg","datePublished":"2025-03-23T18:33:32+00:00","dateModified":"2025-03-23T18:40:59+00:00","description":"Body Re Lift PRO de Swiss medSpa stimule la microcirculation, \u00e9limine la cellulite et r\u00e9duit les capitons. Soutien \u00e9galement en cas de vergetures.","breadcrumb":{"@id":"https:\/\/www.med4skin.ch\/fr\/produkt\/swiss-medspa-body-re-lift-serum-kopie\/#breadcrumb"},"inLanguage":"fr-FR","potentialAction":[{"@type":"ReadAction","target":["https:\/\/www.med4skin.ch\/fr\/produkt\/swiss-medspa-body-re-lift-serum-kopie\/"]}]},{"@type":"ImageObject","inLanguage":"fr-FR","@id":"https:\/\/www.med4skin.ch\/fr\/produkt\/swiss-medspa-body-re-lift-serum-kopie\/#primaryimage","url":"https:\/\/www.med4skin.ch\/wp-content\/uploads\/2025\/03\/Body-Re-Lift-PRO-1.jpg","contentUrl":"https:\/\/www.med4skin.ch\/wp-content\/uploads\/2025\/03\/Body-Re-Lift-PRO-1.jpg","width":1080,"height":1080},{"@type":"BreadcrumbList","@id":"https:\/\/www.med4skin.ch\/fr\/produkt\/swiss-medspa-body-re-lift-serum-kopie\/#breadcrumb","itemListElement":[{"@type":"ListItem","position":1,"name":"Startseite","item":"https:\/\/www.med4skin.ch\/fr\/"},{"@type":"ListItem","position":2,"name":"Boutique des produits HomeCare","item":"https:\/\/www.med4skin.ch\/fr\/boutique-des-produits-homecare\/"},{"@type":"ListItem","position":3,"name":"swiss medSpa Body Re Lift S\u00e9rum PRO"}]},{"@type":"WebSite","@id":"https:\/\/www.med4skin.ch\/fr\/#website","url":"https:\/\/www.med4skin.ch\/fr\/","name":"med4skin","description":"med4skin - skincare","publisher":{"@id":"https:\/\/www.med4skin.ch\/fr\/#organization"},"potentialAction":[{"@type":"SearchAction","target":{"@type":"EntryPoint","urlTemplate":"https:\/\/www.med4skin.ch\/fr\/?s={search_term_string}"},"query-input":{"@type":"PropertyValueSpecification","valueRequired":true,"valueName":"search_term_string"}}],"inLanguage":"fr-FR"},{"@type":"Organization","@id":"https:\/\/www.med4skin.ch\/fr\/#organization","name":"med4skin","url":"https:\/\/www.med4skin.ch\/fr\/","logo":{"@type":"ImageObject","inLanguage":"fr-FR","@id":"https:\/\/www.med4skin.ch\/fr\/#\/schema\/logo\/image\/","url":"https:\/\/www.med4skin.ch\/wp-content\/uploads\/2022\/08\/cropped-95017869_padded_logo.png","contentUrl":"https:\/\/www.med4skin.ch\/wp-content\/uploads\/2022\/08\/cropped-95017869_padded_logo.png","width":"512","height":"512","caption":"med4skin"},"image":{"@id":"https:\/\/www.med4skin.ch\/fr\/#\/schema\/logo\/image\/"},"sameAs":["https:\/\/www.instagram.com\/toskani.switzerland\/","https:\/\/www.instagram.com\/med4skin.ch"]}]}},"_links":{"self":[{"href":"https:\/\/www.med4skin.ch\/fr\/wp-json\/wp\/v2\/product\/6429","targetHints":{"allow":["GET"]}}],"collection":[{"href":"https:\/\/www.med4skin.ch\/fr\/wp-json\/wp\/v2\/product"}],"about":[{"href":"https:\/\/www.med4skin.ch\/fr\/wp-json\/wp\/v2\/types\/product"}],"wp:featuredmedia":[{"embeddable":true,"href":"https:\/\/www.med4skin.ch\/fr\/wp-json\/wp\/v2\/media\/6808"}],"wp:attachment":[{"href":"https:\/\/www.med4skin.ch\/fr\/wp-json\/wp\/v2\/media?parent=6429"}],"wp:term":[{"taxonomy":"product_brand","embeddable":true,"href":"https:\/\/www.med4skin.ch\/fr\/wp-json\/wp\/v2\/product_brand?post=6429"},{"taxonomy":"product_cat","embeddable":true,"href":"https:\/\/www.med4skin.ch\/fr\/wp-json\/wp\/v2\/product_cat?post=6429"},{"taxonomy":"product_tag","embeddable":true,"href":"https:\/\/www.med4skin.ch\/fr\/wp-json\/wp\/v2\/product_tag?post=6429"}],"curies":[{"name":"wp","href":"https:\/\/api.w.org\/{rel}","templated":true}]}}