{"id":6690,"date":"2025-08-01T18:18:29","date_gmt":"2025-08-01T16:18:29","guid":{"rendered":"https:\/\/www.med4skin.ch\/produkt\/peeling-contour-des-yeux-perfect-glow\/"},"modified":"2026-01-24T08:38:11","modified_gmt":"2026-01-24T07:38:11","slug":"perfect-glow-eye-contour-peel","status":"publish","type":"product","link":"https:\/\/www.med4skin.ch\/fr\/produkt\/perfect-glow-eye-contour-peel\/","title":{"rendered":"Peeling contour des yeux Perfect Glow"},"content":{"rendered":"<p><strong>TOSKANIMED Perfect Glow Eye Contour Peel : le traitement esth\u00e9tique non invasif pour le rajeunissement du contour des yeux pour tous les types de peau<\/strong><\/p>\n<p>Le regard ne refl\u00e8te pas seulement les \u00e9motions, mais montre \u00e9galement le passage du temps, le stress accumul\u00e9 et les effets des facteurs hormonaux ou environnementaux. La zone p\u00e9ri-orbitaire - fine, vascularis\u00e9e et particuli\u00e8rement sensible - n\u00e9cessite des solutions sp\u00e9cifiques, pr\u00e9cises et tr\u00e8s bien tol\u00e9r\u00e9es. C&rsquo;est dans cette optique que TOSKANIMED <strong>pr\u00e9sente <\/strong> <strong>le Perfect Glow Eye Contour Peel, <\/strong>un traitement pr\u00e9curseur qui marque un avant et un apr\u00e8s dans le soin du contour des yeux.<\/p>\n<p>Ce peeling chimique non agressif a \u00e9t\u00e9 sp\u00e9cialement con\u00e7u pour traiter de mani\u00e8re globale les besoins du contour des yeux : cernes, taches pigmentaires, rel\u00e2chement, rides et perte d&rsquo;\u00e9clat. Pour ce faire, il utilise une formule intelligente et sensible, adapt\u00e9e aux peaux sensibles, qui donne <strong>des r\u00e9sultats visibles d\u00e8s la premi\u00e8re s\u00e9ance<\/strong>.<\/p>\n<p><strong>Doux mais puissamment efficace<\/strong><\/p>\n<p><strong>Perfect Glow Eye Contour Pell <\/strong>n&rsquo;est pas seulement un autre exfoliant : c&rsquo;est une solution multifonctionnelle soigneusement con\u00e7ue. Sa texture de type gel permet une application pr\u00e9cise et s\u00fbre dans la zone p\u00e9rioculaire et garantit uniformit\u00e9, contr\u00f4le et tol\u00e9rance.<\/p>\n<p>Son efficacit\u00e9 repose sur cinq principes actifs qui agissent en synergie :<\/p>\n<ul>\n<li><strong>Acide mand\u00e9lique :<\/strong> exfolie en douceur, am\u00e9liore la texture et aide \u00e0 uniformiser le teint.<\/li>\n<li><strong>Acide phytique<\/strong>: antioxydant et \u00e9claircissant, prot\u00e8ge contre les dommages cellulaires.<\/li>\n<li><strong>Vitamine C stabilis\u00e9e<\/strong>: augmente l&rsquo;\u00e9clat et stimule la synth\u00e8se du collag\u00e8ne.<\/li>\n<li><strong>DMAE :<\/strong> assure un effet lifting et am\u00e9liore la fermet\u00e9 de la peau.<\/li>\n<\/ul>\n<p>Le r\u00e9sultat : un traitement qui agit sur tous les signes de vieillissement du regard, sans agressivit\u00e9 ni effets secondaires. <strong>Perfect Glow<\/strong> ne fait pas que rajeunir, il revitalise, illumine et transforme.<\/p>\n","protected":false},"excerpt":{"rendered":"<p>5 flacons de 3 ml<\/p>\n","protected":false},"featured_media":6625,"template":"","meta":{"_et_pb_use_builder":"","_et_pb_old_content":"","_et_gb_content_width":""},"product_brand":[],"product_cat":[161,183,168],"product_tag":[],"class_list":{"0":"post-6690","1":"product","2":"type-product","3":"status-publish","4":"has-post-thumbnail","6":"product_cat-professionnel","7":"product_cat-toskani-combined-peelings","8":"product_cat-toskanimed","10":"first","11":"instock","12":"taxable","13":"shipping-taxable","14":"purchasable","15":"product-type-simple"},"yoast_head":"<!-- This site is optimized with the Yoast SEO plugin v27.4 - https:\/\/yoast.com\/product\/yoast-seo-wordpress\/ -->\n<title>TOSKANI Peeling contour des yeux Perfect Glow | med4skin<\/title>\n<meta name=\"description\" content=\"Exfoliant qui traite globalement les besoins du contour de l&#039;\u0153il tels que les cernes, les taches pigmentaires, le rel\u00e2chement, les rides et la perte d&#039;\u00e9clat.\" \/>\n<meta name=\"robots\" content=\"index, follow, max-snippet:-1, max-image-preview:large, max-video-preview:-1\" \/>\n<link rel=\"canonical\" href=\"https:\/\/www.med4skin.ch\/fr\/produkt\/perfect-glow-eye-contour-peel\/\" \/>\n<meta property=\"og:locale\" content=\"fr_FR\" \/>\n<meta property=\"og:type\" content=\"article\" \/>\n<meta property=\"og:title\" content=\"TOSKANI Peeling contour des yeux Perfect Glow | med4skin\" \/>\n<meta property=\"og:description\" content=\"Exfoliant qui traite globalement les besoins du contour de l&#039;\u0153il tels que les cernes, les taches pigmentaires, le rel\u00e2chement, les rides et la perte d&#039;\u00e9clat.\" \/>\n<meta property=\"og:url\" content=\"https:\/\/www.med4skin.ch\/fr\/produkt\/perfect-glow-eye-contour-peel\/\" \/>\n<meta property=\"og:site_name\" content=\"med4skin\" \/>\n<meta property=\"article:modified_time\" content=\"2026-01-24T07:38:11+00:00\" \/>\n<meta property=\"og:image\" content=\"https:\/\/www.med4skin.ch\/wp-content\/uploads\/2025\/08\/PerfectGlow_vial_5.1-e1754065899208.png\" \/>\n\t<meta property=\"og:image:width\" content=\"500\" \/>\n\t<meta property=\"og:image:height\" content=\"337\" \/>\n\t<meta property=\"og:image:type\" content=\"image\/png\" \/>\n<meta name=\"twitter:card\" content=\"summary_large_image\" \/>\n<meta name=\"twitter:label1\" content=\"Dur\u00e9e de lecture estim\u00e9e\" \/>\n\t<meta name=\"twitter:data1\" content=\"2 minutes\" \/>\n<script type=\"application\/ld+json\" class=\"yoast-schema-graph\">{\"@context\":\"https:\\\/\\\/schema.org\",\"@graph\":[{\"@type\":\"WebPage\",\"@id\":\"https:\\\/\\\/www.med4skin.ch\\\/fr\\\/produkt\\\/perfect-glow-eye-contour-peel\\\/\",\"url\":\"https:\\\/\\\/www.med4skin.ch\\\/fr\\\/produkt\\\/perfect-glow-eye-contour-peel\\\/\",\"name\":\"TOSKANI Peeling contour des yeux Perfect Glow | med4skin\",\"isPartOf\":{\"@id\":\"https:\\\/\\\/www.med4skin.ch\\\/fr\\\/#website\"},\"primaryImageOfPage\":{\"@id\":\"https:\\\/\\\/www.med4skin.ch\\\/fr\\\/produkt\\\/perfect-glow-eye-contour-peel\\\/#primaryimage\"},\"image\":{\"@id\":\"https:\\\/\\\/www.med4skin.ch\\\/fr\\\/produkt\\\/perfect-glow-eye-contour-peel\\\/#primaryimage\"},\"thumbnailUrl\":\"https:\\\/\\\/www.med4skin.ch\\\/wp-content\\\/uploads\\\/2025\\\/08\\\/PerfectGlow_vial_5.1-e1754065899208.png\",\"datePublished\":\"2025-08-01T16:18:29+00:00\",\"dateModified\":\"2026-01-24T07:38:11+00:00\",\"description\":\"Exfoliant qui traite globalement les besoins du contour de l'\u0153il tels que les cernes, les taches pigmentaires, le rel\u00e2chement, les rides et la perte d'\u00e9clat.\",\"breadcrumb\":{\"@id\":\"https:\\\/\\\/www.med4skin.ch\\\/fr\\\/produkt\\\/perfect-glow-eye-contour-peel\\\/#breadcrumb\"},\"inLanguage\":\"fr-FR\",\"potentialAction\":[{\"@type\":\"ReadAction\",\"target\":[\"https:\\\/\\\/www.med4skin.ch\\\/fr\\\/produkt\\\/perfect-glow-eye-contour-peel\\\/\"]}]},{\"@type\":\"ImageObject\",\"inLanguage\":\"fr-FR\",\"@id\":\"https:\\\/\\\/www.med4skin.ch\\\/fr\\\/produkt\\\/perfect-glow-eye-contour-peel\\\/#primaryimage\",\"url\":\"https:\\\/\\\/www.med4skin.ch\\\/wp-content\\\/uploads\\\/2025\\\/08\\\/PerfectGlow_vial_5.1-e1754065899208.png\",\"contentUrl\":\"https:\\\/\\\/www.med4skin.ch\\\/wp-content\\\/uploads\\\/2025\\\/08\\\/PerfectGlow_vial_5.1-e1754065899208.png\",\"width\":500,\"height\":337},{\"@type\":\"BreadcrumbList\",\"@id\":\"https:\\\/\\\/www.med4skin.ch\\\/fr\\\/produkt\\\/perfect-glow-eye-contour-peel\\\/#breadcrumb\",\"itemListElement\":[{\"@type\":\"ListItem\",\"position\":1,\"name\":\"Startseite\",\"item\":\"https:\\\/\\\/www.med4skin.ch\\\/fr\\\/\"},{\"@type\":\"ListItem\",\"position\":2,\"name\":\"Boutique des produits HomeCare\",\"item\":\"https:\\\/\\\/www.med4skin.ch\\\/fr\\\/boutique-des-produits-homecare\\\/\"},{\"@type\":\"ListItem\",\"position\":3,\"name\":\"Peeling contour des yeux Perfect Glow\"}]},{\"@type\":\"WebSite\",\"@id\":\"https:\\\/\\\/www.med4skin.ch\\\/fr\\\/#website\",\"url\":\"https:\\\/\\\/www.med4skin.ch\\\/fr\\\/\",\"name\":\"med4skin\",\"description\":\"med4skin - skincare\",\"publisher\":{\"@id\":\"https:\\\/\\\/www.med4skin.ch\\\/fr\\\/#organization\"},\"potentialAction\":[{\"@type\":\"SearchAction\",\"target\":{\"@type\":\"EntryPoint\",\"urlTemplate\":\"https:\\\/\\\/www.med4skin.ch\\\/fr\\\/?s={search_term_string}\"},\"query-input\":{\"@type\":\"PropertyValueSpecification\",\"valueRequired\":true,\"valueName\":\"search_term_string\"}}],\"inLanguage\":\"fr-FR\"},{\"@type\":\"Organization\",\"@id\":\"https:\\\/\\\/www.med4skin.ch\\\/fr\\\/#organization\",\"name\":\"med4skin\",\"url\":\"https:\\\/\\\/www.med4skin.ch\\\/fr\\\/\",\"logo\":{\"@type\":\"ImageObject\",\"inLanguage\":\"fr-FR\",\"@id\":\"https:\\\/\\\/www.med4skin.ch\\\/fr\\\/#\\\/schema\\\/logo\\\/image\\\/\",\"url\":\"https:\\\/\\\/www.med4skin.ch\\\/wp-content\\\/uploads\\\/2022\\\/08\\\/cropped-95017869_padded_logo.png\",\"contentUrl\":\"https:\\\/\\\/www.med4skin.ch\\\/wp-content\\\/uploads\\\/2022\\\/08\\\/cropped-95017869_padded_logo.png\",\"width\":\"512\",\"height\":\"512\",\"caption\":\"med4skin\"},\"image\":{\"@id\":\"https:\\\/\\\/www.med4skin.ch\\\/fr\\\/#\\\/schema\\\/logo\\\/image\\\/\"},\"sameAs\":[\"https:\\\/\\\/www.instagram.com\\\/toskani.switzerland\\\/\",\"https:\\\/\\\/www.instagram.com\\\/med4skin.ch\"]}]}<\/script>\n<!-- \/ Yoast SEO plugin. -->","yoast_head_json":{"title":"TOSKANI Peeling contour des yeux Perfect Glow | med4skin","description":"Exfoliant qui traite globalement les besoins du contour de l'\u0153il tels que les cernes, les taches pigmentaires, le rel\u00e2chement, les rides et la perte d'\u00e9clat.","robots":{"index":"index","follow":"follow","max-snippet":"max-snippet:-1","max-image-preview":"max-image-preview:large","max-video-preview":"max-video-preview:-1"},"canonical":"https:\/\/www.med4skin.ch\/fr\/produkt\/perfect-glow-eye-contour-peel\/","og_locale":"fr_FR","og_type":"article","og_title":"TOSKANI Peeling contour des yeux Perfect Glow | med4skin","og_description":"Exfoliant qui traite globalement les besoins du contour de l'\u0153il tels que les cernes, les taches pigmentaires, le rel\u00e2chement, les rides et la perte d'\u00e9clat.","og_url":"https:\/\/www.med4skin.ch\/fr\/produkt\/perfect-glow-eye-contour-peel\/","og_site_name":"med4skin","article_modified_time":"2026-01-24T07:38:11+00:00","og_image":[{"width":500,"height":337,"url":"https:\/\/www.med4skin.ch\/wp-content\/uploads\/2025\/08\/PerfectGlow_vial_5.1-e1754065899208.png","type":"image\/png"}],"twitter_card":"summary_large_image","twitter_misc":{"Dur\u00e9e de lecture estim\u00e9e":"2 minutes"},"schema":{"@context":"https:\/\/schema.org","@graph":[{"@type":"WebPage","@id":"https:\/\/www.med4skin.ch\/fr\/produkt\/perfect-glow-eye-contour-peel\/","url":"https:\/\/www.med4skin.ch\/fr\/produkt\/perfect-glow-eye-contour-peel\/","name":"TOSKANI Peeling contour des yeux Perfect Glow | med4skin","isPartOf":{"@id":"https:\/\/www.med4skin.ch\/fr\/#website"},"primaryImageOfPage":{"@id":"https:\/\/www.med4skin.ch\/fr\/produkt\/perfect-glow-eye-contour-peel\/#primaryimage"},"image":{"@id":"https:\/\/www.med4skin.ch\/fr\/produkt\/perfect-glow-eye-contour-peel\/#primaryimage"},"thumbnailUrl":"https:\/\/www.med4skin.ch\/wp-content\/uploads\/2025\/08\/PerfectGlow_vial_5.1-e1754065899208.png","datePublished":"2025-08-01T16:18:29+00:00","dateModified":"2026-01-24T07:38:11+00:00","description":"Exfoliant qui traite globalement les besoins du contour de l'\u0153il tels que les cernes, les taches pigmentaires, le rel\u00e2chement, les rides et la perte d'\u00e9clat.","breadcrumb":{"@id":"https:\/\/www.med4skin.ch\/fr\/produkt\/perfect-glow-eye-contour-peel\/#breadcrumb"},"inLanguage":"fr-FR","potentialAction":[{"@type":"ReadAction","target":["https:\/\/www.med4skin.ch\/fr\/produkt\/perfect-glow-eye-contour-peel\/"]}]},{"@type":"ImageObject","inLanguage":"fr-FR","@id":"https:\/\/www.med4skin.ch\/fr\/produkt\/perfect-glow-eye-contour-peel\/#primaryimage","url":"https:\/\/www.med4skin.ch\/wp-content\/uploads\/2025\/08\/PerfectGlow_vial_5.1-e1754065899208.png","contentUrl":"https:\/\/www.med4skin.ch\/wp-content\/uploads\/2025\/08\/PerfectGlow_vial_5.1-e1754065899208.png","width":500,"height":337},{"@type":"BreadcrumbList","@id":"https:\/\/www.med4skin.ch\/fr\/produkt\/perfect-glow-eye-contour-peel\/#breadcrumb","itemListElement":[{"@type":"ListItem","position":1,"name":"Startseite","item":"https:\/\/www.med4skin.ch\/fr\/"},{"@type":"ListItem","position":2,"name":"Boutique des produits HomeCare","item":"https:\/\/www.med4skin.ch\/fr\/boutique-des-produits-homecare\/"},{"@type":"ListItem","position":3,"name":"Peeling contour des yeux Perfect Glow"}]},{"@type":"WebSite","@id":"https:\/\/www.med4skin.ch\/fr\/#website","url":"https:\/\/www.med4skin.ch\/fr\/","name":"med4skin","description":"med4skin - skincare","publisher":{"@id":"https:\/\/www.med4skin.ch\/fr\/#organization"},"potentialAction":[{"@type":"SearchAction","target":{"@type":"EntryPoint","urlTemplate":"https:\/\/www.med4skin.ch\/fr\/?s={search_term_string}"},"query-input":{"@type":"PropertyValueSpecification","valueRequired":true,"valueName":"search_term_string"}}],"inLanguage":"fr-FR"},{"@type":"Organization","@id":"https:\/\/www.med4skin.ch\/fr\/#organization","name":"med4skin","url":"https:\/\/www.med4skin.ch\/fr\/","logo":{"@type":"ImageObject","inLanguage":"fr-FR","@id":"https:\/\/www.med4skin.ch\/fr\/#\/schema\/logo\/image\/","url":"https:\/\/www.med4skin.ch\/wp-content\/uploads\/2022\/08\/cropped-95017869_padded_logo.png","contentUrl":"https:\/\/www.med4skin.ch\/wp-content\/uploads\/2022\/08\/cropped-95017869_padded_logo.png","width":"512","height":"512","caption":"med4skin"},"image":{"@id":"https:\/\/www.med4skin.ch\/fr\/#\/schema\/logo\/image\/"},"sameAs":["https:\/\/www.instagram.com\/toskani.switzerland\/","https:\/\/www.instagram.com\/med4skin.ch"]}]}},"_links":{"self":[{"href":"https:\/\/www.med4skin.ch\/fr\/wp-json\/wp\/v2\/product\/6690","targetHints":{"allow":["GET"]}}],"collection":[{"href":"https:\/\/www.med4skin.ch\/fr\/wp-json\/wp\/v2\/product"}],"about":[{"href":"https:\/\/www.med4skin.ch\/fr\/wp-json\/wp\/v2\/types\/product"}],"wp:featuredmedia":[{"embeddable":true,"href":"https:\/\/www.med4skin.ch\/fr\/wp-json\/wp\/v2\/media\/6625"}],"wp:attachment":[{"href":"https:\/\/www.med4skin.ch\/fr\/wp-json\/wp\/v2\/media?parent=6690"}],"wp:term":[{"taxonomy":"product_brand","embeddable":true,"href":"https:\/\/www.med4skin.ch\/fr\/wp-json\/wp\/v2\/product_brand?post=6690"},{"taxonomy":"product_cat","embeddable":true,"href":"https:\/\/www.med4skin.ch\/fr\/wp-json\/wp\/v2\/product_cat?post=6690"},{"taxonomy":"product_tag","embeddable":true,"href":"https:\/\/www.med4skin.ch\/fr\/wp-json\/wp\/v2\/product_tag?post=6690"}],"curies":[{"name":"wp","href":"https:\/\/api.w.org\/{rel}","templated":true}]}}