{"id":6729,"date":"2025-08-08T13:14:59","date_gmt":"2025-08-08T11:14:59","guid":{"rendered":"https:\/\/www.med4skin.ch\/produkt\/aox-advanced-antioxidant-serum\/"},"modified":"2025-11-07T17:02:20","modified_gmt":"2025-11-07T16:02:20","slug":"aox-advanced-antioxidant-serum","status":"publish","type":"product","link":"https:\/\/www.med4skin.ch\/fr\/produkt\/aox-advanced-antioxidant-serum\/","title":{"rendered":"S\u00e9rum antioxydant avanc\u00e9 AOX"},"content":{"rendered":"<p><strong>AOX Advanced Antioxidant est une nouvelle ligne d&rsquo;antioxydants hautement concentr\u00e9s de TOSKANI, bas\u00e9e sur un extrait liposomal de tulipe noire (BTE - Black Tulip Extract - Lipo Complex).<\/strong><\/p>\n<p>Cette gamme innovante active les antioxydants naturels de la peau tels que le gluthation et le coenzyme Q10 tout en renfor\u00e7ant l&rsquo;action des vitamines C et E.<\/p>\n<p>L&rsquo;\u00e9clat, la vitalit\u00e9 et les d\u00e9fenses naturelles de la peau contre le vieillissement sont ainsi restaur\u00e9s et vous avez une peau plus forte et plus \u00e9clatante que jamais.<\/p>\n<p>Le <strong>s\u00e9rum antioxydant avanc\u00e9 AOX<\/strong>a une texture l\u00e9g\u00e8re, prot\u00e8ge et r\u00e9pare la peau contre le stress oxydatif. L&rsquo;extrait BTE-Lipo r\u00e9g\u00e9n\u00e8re les antioxydants de la peau et combat les radicaux libres ROS (Reactive Oxygen Species) et RNS (Reactive Nitrogen Species).<br \/>\nLe s\u00e9rum contient \u00e9galement de l&rsquo;acide ascorbique pur avec du glutathion afin de renforcer l&rsquo;action antioxydante et d&rsquo;obtenir un effet \u00e9claircissant.<\/p>\n<p><strong>Effets et avantages :<\/strong><br \/>\nAntioxydant puissant<br \/>\nRenforce la barri\u00e8re cutan\u00e9e<br \/>\nCr\u00e9e un effet glow<br \/>\nA un effet r\u00e9parateur sur la peau photo-vieillie (photoaging)<br \/>\nTest\u00e9 sous contr\u00f4le dermatologique<\/p>\n<p><strong>Principaux ingr\u00e9dients actifs :<\/strong><br \/>\nACHILLEA MILLEFOLIUM EXTRACT :<br \/>\n<em>Augmente la teneur en chaperons, des prot\u00e9ines qui contribuent \u00e0 am\u00e9liorer la sant\u00e9 des cellules.<\/em><br \/>\nBETAKAROTIN :<br \/>\n<em>Pigment naturel issu de la carotte. Prot\u00e8ge la cellule contre les dommages caus\u00e9s par les UV et emp\u00eache la d\u00e9gradation du collag\u00e8ne par les rayons IR.<br \/>\n<\/em>GOLDEN AC :<br \/>\n<em>Acide ascorbique et glutathion dans une particule d&rsquo;or. Offre une puissante action antioxydante et un effet \u00e9claircissant.<\/em><\/p>\n<p>&nbsp;<\/p>\n","protected":false},"excerpt":{"rendered":"<p>Pipette 30ml<\/p>\n","protected":false},"featured_media":6796,"template":"","meta":{"_et_pb_use_builder":"","_et_pb_old_content":"","_et_gb_content_width":""},"product_brand":[],"product_cat":[149,304,150,298,158],"product_tag":[],"class_list":{"0":"post-6729","1":"product","2":"type-product","3":"status-publish","4":"has-post-thumbnail","6":"product_cat-produits-homecare","7":"product_cat-toscani-aox","8":"product_cat-toskani","9":"product_cat-toskani-accueil-antioxydant","10":"product_cat-toskani-home-protect-repair-fr-2","12":"first","13":"instock","14":"taxable","15":"shipping-taxable","16":"purchasable","17":"product-type-simple"},"yoast_head":"<!-- This site is optimized with the Yoast SEO plugin v27.4 - https:\/\/yoast.com\/product\/yoast-seo-wordpress\/ -->\n<title>S\u00e9rum antioxydant avanc\u00e9 AOX | med4skin<\/title>\n<meta name=\"description\" content=\"Le s\u00e9rum antioxydant avanc\u00e9 AOX a une texture l\u00e9g\u00e8re, prot\u00e8ge et r\u00e9pare la peau contre le stress oxydatif. Contient de l&#039;extrait de tulipe noire.\" \/>\n<meta name=\"robots\" content=\"index, follow, max-snippet:-1, max-image-preview:large, max-video-preview:-1\" \/>\n<link rel=\"canonical\" href=\"https:\/\/www.med4skin.ch\/fr\/produkt\/aox-advanced-antioxidant-serum\/\" \/>\n<meta property=\"og:locale\" content=\"fr_FR\" \/>\n<meta property=\"og:type\" content=\"article\" \/>\n<meta property=\"og:title\" content=\"S\u00e9rum antioxydant avanc\u00e9 AOX | med4skin\" \/>\n<meta property=\"og:description\" content=\"Le s\u00e9rum antioxydant avanc\u00e9 AOX a une texture l\u00e9g\u00e8re, prot\u00e8ge et r\u00e9pare la peau contre le stress oxydatif. Contient de l&#039;extrait de tulipe noire.\" \/>\n<meta property=\"og:url\" content=\"https:\/\/www.med4skin.ch\/fr\/produkt\/aox-advanced-antioxidant-serum\/\" \/>\n<meta property=\"og:site_name\" content=\"med4skin\" \/>\n<meta property=\"article:modified_time\" content=\"2025-11-07T16:02:20+00:00\" \/>\n<meta property=\"og:image\" content=\"https:\/\/www.med4skin.ch\/wp-content\/uploads\/2025\/08\/AOX-Advanced-Serum-1-scaled.jpg\" \/>\n\t<meta property=\"og:image:width\" content=\"2048\" \/>\n\t<meta property=\"og:image:height\" content=\"2560\" \/>\n\t<meta property=\"og:image:type\" content=\"image\/jpeg\" \/>\n<meta name=\"twitter:card\" content=\"summary_large_image\" \/>\n<meta name=\"twitter:label1\" content=\"Dur\u00e9e de lecture estim\u00e9e\" \/>\n\t<meta name=\"twitter:data1\" content=\"2 minutes\" \/>\n<script type=\"application\/ld+json\" class=\"yoast-schema-graph\">{\"@context\":\"https:\\\/\\\/schema.org\",\"@graph\":[{\"@type\":\"WebPage\",\"@id\":\"https:\\\/\\\/www.med4skin.ch\\\/fr\\\/produkt\\\/aox-advanced-antioxidant-serum\\\/\",\"url\":\"https:\\\/\\\/www.med4skin.ch\\\/fr\\\/produkt\\\/aox-advanced-antioxidant-serum\\\/\",\"name\":\"S\u00e9rum antioxydant avanc\u00e9 AOX | med4skin\",\"isPartOf\":{\"@id\":\"https:\\\/\\\/www.med4skin.ch\\\/fr\\\/#website\"},\"primaryImageOfPage\":{\"@id\":\"https:\\\/\\\/www.med4skin.ch\\\/fr\\\/produkt\\\/aox-advanced-antioxidant-serum\\\/#primaryimage\"},\"image\":{\"@id\":\"https:\\\/\\\/www.med4skin.ch\\\/fr\\\/produkt\\\/aox-advanced-antioxidant-serum\\\/#primaryimage\"},\"thumbnailUrl\":\"https:\\\/\\\/www.med4skin.ch\\\/wp-content\\\/uploads\\\/2025\\\/08\\\/AOX-Advanced-Serum-1-scaled.jpg\",\"datePublished\":\"2025-08-08T11:14:59+00:00\",\"dateModified\":\"2025-11-07T16:02:20+00:00\",\"description\":\"Le s\u00e9rum antioxydant avanc\u00e9 AOX a une texture l\u00e9g\u00e8re, prot\u00e8ge et r\u00e9pare la peau contre le stress oxydatif. Contient de l'extrait de tulipe noire.\",\"breadcrumb\":{\"@id\":\"https:\\\/\\\/www.med4skin.ch\\\/fr\\\/produkt\\\/aox-advanced-antioxidant-serum\\\/#breadcrumb\"},\"inLanguage\":\"fr-FR\",\"potentialAction\":[{\"@type\":\"ReadAction\",\"target\":[\"https:\\\/\\\/www.med4skin.ch\\\/fr\\\/produkt\\\/aox-advanced-antioxidant-serum\\\/\"]}]},{\"@type\":\"ImageObject\",\"inLanguage\":\"fr-FR\",\"@id\":\"https:\\\/\\\/www.med4skin.ch\\\/fr\\\/produkt\\\/aox-advanced-antioxidant-serum\\\/#primaryimage\",\"url\":\"https:\\\/\\\/www.med4skin.ch\\\/wp-content\\\/uploads\\\/2025\\\/08\\\/AOX-Advanced-Serum-1-scaled.jpg\",\"contentUrl\":\"https:\\\/\\\/www.med4skin.ch\\\/wp-content\\\/uploads\\\/2025\\\/08\\\/AOX-Advanced-Serum-1-scaled.jpg\",\"width\":2048,\"height\":2560},{\"@type\":\"BreadcrumbList\",\"@id\":\"https:\\\/\\\/www.med4skin.ch\\\/fr\\\/produkt\\\/aox-advanced-antioxidant-serum\\\/#breadcrumb\",\"itemListElement\":[{\"@type\":\"ListItem\",\"position\":1,\"name\":\"Startseite\",\"item\":\"https:\\\/\\\/www.med4skin.ch\\\/fr\\\/\"},{\"@type\":\"ListItem\",\"position\":2,\"name\":\"Boutique des produits HomeCare\",\"item\":\"https:\\\/\\\/www.med4skin.ch\\\/fr\\\/boutique-des-produits-homecare\\\/\"},{\"@type\":\"ListItem\",\"position\":3,\"name\":\"S\u00e9rum antioxydant avanc\u00e9 AOX\"}]},{\"@type\":\"WebSite\",\"@id\":\"https:\\\/\\\/www.med4skin.ch\\\/fr\\\/#website\",\"url\":\"https:\\\/\\\/www.med4skin.ch\\\/fr\\\/\",\"name\":\"med4skin\",\"description\":\"med4skin - skincare\",\"publisher\":{\"@id\":\"https:\\\/\\\/www.med4skin.ch\\\/fr\\\/#organization\"},\"potentialAction\":[{\"@type\":\"SearchAction\",\"target\":{\"@type\":\"EntryPoint\",\"urlTemplate\":\"https:\\\/\\\/www.med4skin.ch\\\/fr\\\/?s={search_term_string}\"},\"query-input\":{\"@type\":\"PropertyValueSpecification\",\"valueRequired\":true,\"valueName\":\"search_term_string\"}}],\"inLanguage\":\"fr-FR\"},{\"@type\":\"Organization\",\"@id\":\"https:\\\/\\\/www.med4skin.ch\\\/fr\\\/#organization\",\"name\":\"med4skin\",\"url\":\"https:\\\/\\\/www.med4skin.ch\\\/fr\\\/\",\"logo\":{\"@type\":\"ImageObject\",\"inLanguage\":\"fr-FR\",\"@id\":\"https:\\\/\\\/www.med4skin.ch\\\/fr\\\/#\\\/schema\\\/logo\\\/image\\\/\",\"url\":\"https:\\\/\\\/www.med4skin.ch\\\/wp-content\\\/uploads\\\/2022\\\/08\\\/cropped-95017869_padded_logo.png\",\"contentUrl\":\"https:\\\/\\\/www.med4skin.ch\\\/wp-content\\\/uploads\\\/2022\\\/08\\\/cropped-95017869_padded_logo.png\",\"width\":\"512\",\"height\":\"512\",\"caption\":\"med4skin\"},\"image\":{\"@id\":\"https:\\\/\\\/www.med4skin.ch\\\/fr\\\/#\\\/schema\\\/logo\\\/image\\\/\"},\"sameAs\":[\"https:\\\/\\\/www.instagram.com\\\/toskani.switzerland\\\/\",\"https:\\\/\\\/www.instagram.com\\\/med4skin.ch\"]}]}<\/script>\n<!-- \/ Yoast SEO plugin. -->","yoast_head_json":{"title":"S\u00e9rum antioxydant avanc\u00e9 AOX | med4skin","description":"Le s\u00e9rum antioxydant avanc\u00e9 AOX a une texture l\u00e9g\u00e8re, prot\u00e8ge et r\u00e9pare la peau contre le stress oxydatif. Contient de l'extrait de tulipe noire.","robots":{"index":"index","follow":"follow","max-snippet":"max-snippet:-1","max-image-preview":"max-image-preview:large","max-video-preview":"max-video-preview:-1"},"canonical":"https:\/\/www.med4skin.ch\/fr\/produkt\/aox-advanced-antioxidant-serum\/","og_locale":"fr_FR","og_type":"article","og_title":"S\u00e9rum antioxydant avanc\u00e9 AOX | med4skin","og_description":"Le s\u00e9rum antioxydant avanc\u00e9 AOX a une texture l\u00e9g\u00e8re, prot\u00e8ge et r\u00e9pare la peau contre le stress oxydatif. Contient de l'extrait de tulipe noire.","og_url":"https:\/\/www.med4skin.ch\/fr\/produkt\/aox-advanced-antioxidant-serum\/","og_site_name":"med4skin","article_modified_time":"2025-11-07T16:02:20+00:00","og_image":[{"width":2048,"height":2560,"url":"https:\/\/www.med4skin.ch\/wp-content\/uploads\/2025\/08\/AOX-Advanced-Serum-1-scaled.jpg","type":"image\/jpeg"}],"twitter_card":"summary_large_image","twitter_misc":{"Dur\u00e9e de lecture estim\u00e9e":"2 minutes"},"schema":{"@context":"https:\/\/schema.org","@graph":[{"@type":"WebPage","@id":"https:\/\/www.med4skin.ch\/fr\/produkt\/aox-advanced-antioxidant-serum\/","url":"https:\/\/www.med4skin.ch\/fr\/produkt\/aox-advanced-antioxidant-serum\/","name":"S\u00e9rum antioxydant avanc\u00e9 AOX | med4skin","isPartOf":{"@id":"https:\/\/www.med4skin.ch\/fr\/#website"},"primaryImageOfPage":{"@id":"https:\/\/www.med4skin.ch\/fr\/produkt\/aox-advanced-antioxidant-serum\/#primaryimage"},"image":{"@id":"https:\/\/www.med4skin.ch\/fr\/produkt\/aox-advanced-antioxidant-serum\/#primaryimage"},"thumbnailUrl":"https:\/\/www.med4skin.ch\/wp-content\/uploads\/2025\/08\/AOX-Advanced-Serum-1-scaled.jpg","datePublished":"2025-08-08T11:14:59+00:00","dateModified":"2025-11-07T16:02:20+00:00","description":"Le s\u00e9rum antioxydant avanc\u00e9 AOX a une texture l\u00e9g\u00e8re, prot\u00e8ge et r\u00e9pare la peau contre le stress oxydatif. Contient de l'extrait de tulipe noire.","breadcrumb":{"@id":"https:\/\/www.med4skin.ch\/fr\/produkt\/aox-advanced-antioxidant-serum\/#breadcrumb"},"inLanguage":"fr-FR","potentialAction":[{"@type":"ReadAction","target":["https:\/\/www.med4skin.ch\/fr\/produkt\/aox-advanced-antioxidant-serum\/"]}]},{"@type":"ImageObject","inLanguage":"fr-FR","@id":"https:\/\/www.med4skin.ch\/fr\/produkt\/aox-advanced-antioxidant-serum\/#primaryimage","url":"https:\/\/www.med4skin.ch\/wp-content\/uploads\/2025\/08\/AOX-Advanced-Serum-1-scaled.jpg","contentUrl":"https:\/\/www.med4skin.ch\/wp-content\/uploads\/2025\/08\/AOX-Advanced-Serum-1-scaled.jpg","width":2048,"height":2560},{"@type":"BreadcrumbList","@id":"https:\/\/www.med4skin.ch\/fr\/produkt\/aox-advanced-antioxidant-serum\/#breadcrumb","itemListElement":[{"@type":"ListItem","position":1,"name":"Startseite","item":"https:\/\/www.med4skin.ch\/fr\/"},{"@type":"ListItem","position":2,"name":"Boutique des produits HomeCare","item":"https:\/\/www.med4skin.ch\/fr\/boutique-des-produits-homecare\/"},{"@type":"ListItem","position":3,"name":"S\u00e9rum antioxydant avanc\u00e9 AOX"}]},{"@type":"WebSite","@id":"https:\/\/www.med4skin.ch\/fr\/#website","url":"https:\/\/www.med4skin.ch\/fr\/","name":"med4skin","description":"med4skin - skincare","publisher":{"@id":"https:\/\/www.med4skin.ch\/fr\/#organization"},"potentialAction":[{"@type":"SearchAction","target":{"@type":"EntryPoint","urlTemplate":"https:\/\/www.med4skin.ch\/fr\/?s={search_term_string}"},"query-input":{"@type":"PropertyValueSpecification","valueRequired":true,"valueName":"search_term_string"}}],"inLanguage":"fr-FR"},{"@type":"Organization","@id":"https:\/\/www.med4skin.ch\/fr\/#organization","name":"med4skin","url":"https:\/\/www.med4skin.ch\/fr\/","logo":{"@type":"ImageObject","inLanguage":"fr-FR","@id":"https:\/\/www.med4skin.ch\/fr\/#\/schema\/logo\/image\/","url":"https:\/\/www.med4skin.ch\/wp-content\/uploads\/2022\/08\/cropped-95017869_padded_logo.png","contentUrl":"https:\/\/www.med4skin.ch\/wp-content\/uploads\/2022\/08\/cropped-95017869_padded_logo.png","width":"512","height":"512","caption":"med4skin"},"image":{"@id":"https:\/\/www.med4skin.ch\/fr\/#\/schema\/logo\/image\/"},"sameAs":["https:\/\/www.instagram.com\/toskani.switzerland\/","https:\/\/www.instagram.com\/med4skin.ch"]}]}},"_links":{"self":[{"href":"https:\/\/www.med4skin.ch\/fr\/wp-json\/wp\/v2\/product\/6729","targetHints":{"allow":["GET"]}}],"collection":[{"href":"https:\/\/www.med4skin.ch\/fr\/wp-json\/wp\/v2\/product"}],"about":[{"href":"https:\/\/www.med4skin.ch\/fr\/wp-json\/wp\/v2\/types\/product"}],"wp:featuredmedia":[{"embeddable":true,"href":"https:\/\/www.med4skin.ch\/fr\/wp-json\/wp\/v2\/media\/6796"}],"wp:attachment":[{"href":"https:\/\/www.med4skin.ch\/fr\/wp-json\/wp\/v2\/media?parent=6729"}],"wp:term":[{"taxonomy":"product_brand","embeddable":true,"href":"https:\/\/www.med4skin.ch\/fr\/wp-json\/wp\/v2\/product_brand?post=6729"},{"taxonomy":"product_cat","embeddable":true,"href":"https:\/\/www.med4skin.ch\/fr\/wp-json\/wp\/v2\/product_cat?post=6729"},{"taxonomy":"product_tag","embeddable":true,"href":"https:\/\/www.med4skin.ch\/fr\/wp-json\/wp\/v2\/product_tag?post=6729"}],"curies":[{"name":"wp","href":"https:\/\/api.w.org\/{rel}","templated":true}]}}