{"id":7075,"date":"2025-10-15T20:42:57","date_gmt":"2025-10-15T18:42:57","guid":{"rendered":"https:\/\/www.med4skin.ch\/produkt\/lumicen-boost-serum\/"},"modified":"2026-02-17T18:14:41","modified_gmt":"2026-02-17T17:14:41","slug":"lumicen-boost-serum","status":"publish","type":"product","link":"https:\/\/www.med4skin.ch\/fr\/produkt\/lumicen-boost-serum\/","title":{"rendered":"S\u00e9rum Lumicen Boost PDRN 3%"},"content":{"rendered":"<p>Le Lumicen Boost Serum est bas\u00e9 sur le PDRN et est consid\u00e9r\u00e9 comme l&rsquo;un des ingr\u00e9dients les plus importants pour une peau saine. Le s\u00e9rum contient une concentration de 3% de PDRN pur (Sodium DNA) et est l&rsquo;un des meilleurs s\u00e9rums du march\u00e9 dans cette cat\u00e9gorie.<\/p>\n<p>S\u00e9rum intense \u00e0 la texture l\u00e9g\u00e8re et nacr\u00e9e pour un traitement reconstructeur qui renforce les r\u00e9sultats des traitements en institut. Id\u00e9al pour apaiser et r\u00e9g\u00e9n\u00e9rer la peau \u00e0 la maison apr\u00e8s un traitement m\u00e9dico-esth\u00e9tique. Am\u00e9liore visiblement la texture, l&rsquo;hydratation et la fermet\u00e9 et r\u00e9g\u00e9n\u00e8re la peau de l&rsquo;int\u00e9rieur.<\/p>\n<p>Le s\u00e9rum peut \u00e9galement \u00eatre utilis\u00e9 comme un s\u00e9rum anti-\u00e2ge classique \u00e0 la maison, sans avoir suivi de traitement m\u00e9dico-esth\u00e9tique au pr\u00e9alable.<\/p>\n<p><strong>Indications :<\/strong><br \/>\n- pour toutes les personnes qui souhaitent am\u00e9liorer la qualit\u00e9 de leur peau<br \/>\n- apr\u00e8s des traitements m\u00e9dico-esth\u00e9tiques<br \/>\n- Probl\u00e8mes de fonctionnement de la barri\u00e8re cutan\u00e9e<br \/>\n- En cas de signes de vieillissement de la peau<br \/>\n- Cicatrices d&rsquo;acn\u00e9<br \/>\n- Rosac\u00e9e<br \/>\n- Hyperpigmentation<br \/>\n- Peau sensible<br \/>\n- peau stress\u00e9e par la chaleur (\u00e9t\u00e9) ou le froid (hiver)<\/p>\n<p><strong>Effet<br \/>\n<\/strong> -<strong> Stimulation de la r\u00e9g\u00e9n\u00e9ration cellulaire :<\/strong> favorise la r\u00e9paration et la r\u00e9g\u00e9n\u00e9ration des cellules de la peau.<br \/>\n<strong>- Effet r\u00e9parateur lors des traitements m\u00e9dico-esth\u00e9tiques :<\/strong> Le complexe PDRN acc\u00e9l\u00e8re le processus de gu\u00e9rison et de r\u00e9g\u00e9n\u00e9ration et am\u00e9liore les r\u00e9sultats des traitements.<br \/>\n- <strong> Fermet\u00e9 et \u00e9lasticit\u00e9 accrues<\/strong>: stimule la production de collag\u00e8ne, am\u00e9liore la fermet\u00e9 de la peau et lutte contre les signes de vieillissement.<br \/>\n<strong>- Am\u00e9liore l&rsquo;hydratation :<\/strong> Augmente la capacit\u00e9 de la peau \u00e0 retenir l&rsquo;eau, assurant ainsi une hydratation profonde et durable.<br \/>\n<strong>- R\u00e9duit les inflammations :<\/strong> Apaise les peaux irrit\u00e9es et r\u00e9duit les rougeurs et l&rsquo;inconfort. Il renforce, prolonge et am\u00e9liore l&rsquo;effet des traitements m\u00e9dico-esth\u00e9tiques \u00e0 domicile.<br \/>\n- <strong> Am\u00e9liore la texture de la peau :<\/strong> permet d&rsquo;obtenir une peau plus douce, plus uniforme et plus lumineuse et peut \u00e9galement contribuer \u00e0 r\u00e9duire les imperfections cutan\u00e9es.<\/p>\n<p><strong>Substances actives :<br \/>\n<\/strong><em><strong>Complexe PDRN (3 %)<br \/>\n<\/strong><\/em>L&rsquo;ADN de sodium est un biopolym\u00e8re obtenu \u00e0 partir de l&rsquo;ADN du tissu gonadique de saumons sauvages d&rsquo;Alaska. L&rsquo;ADN est extrait, purifi\u00e9, puis transform\u00e9 en sel de sodium, ce qui le rend utilisable pour des applications m\u00e9dicales et cosm\u00e9tiques.<\/p>\n<p>Ce complexe r\u00e9sulte de la synergie de polynucl\u00e9otides de faible et de moyenne masse mol\u00e9culaire, ce qui permet d&rsquo;obtenir un effet imm\u00e9diat tout en garantissant une action \u00e0 long terme.<\/p>\n<p><em><strong>Acide hyaluronique 4D<br \/>\n<\/strong><\/em>Un ingr\u00e9dient actif qui combine quatre types d&rsquo;acide hyaluronique (AH) : r\u00e9ticul\u00e9, de haut, moyen et bas poids mol\u00e9culaire. Il fait un don<br \/>\nune hydratation efficace et profonde dans toutes les couches de la peau, am\u00e9liore l&rsquo;\u00e9lasticit\u00e9 et r\u00e9duit la perte d&rsquo;eau. Cette synergie permet<br \/>\nune hydratation profonde et durable, am\u00e9liore l&rsquo;\u00e9lasticit\u00e9 de la peau et renforce la barri\u00e8re protectrice de la peau.<\/p>\n","protected":false},"excerpt":{"rendered":"<p>Pipette 30 ml<\/p>\n<p>&nbsp;<\/p>\n","protected":false},"featured_media":7060,"template":"","meta":{"_et_pb_use_builder":"","_et_pb_old_content":"","_et_gb_content_width":""},"product_brand":[],"product_cat":[303,306,149,302],"product_tag":[],"class_list":{"0":"post-7075","1":"product","2":"type-product","3":"status-publish","4":"has-post-thumbnail","6":"product_cat-anti-age","7":"product_cat-lumicen","8":"product_cat-produits-homecare","9":"product_cat-toskanimed-fr","11":"first","12":"instock","13":"taxable","14":"shipping-taxable","15":"purchasable","16":"product-type-simple"},"yoast_head":"<!-- This site is optimized with the Yoast SEO plugin v27.4 - https:\/\/yoast.com\/product\/yoast-seo-wordpress\/ -->\n<title>S\u00e9rum Lumicen Boost PDRN 3% | med4skin<\/title>\n<meta name=\"description\" content=\"S\u00e9rum PDRN contenant 3% d&#039;ADN de sodium pur. Pour toutes les personnes qui souhaitent am\u00e9liorer la qualit\u00e9 de leur peau, qu&#039;elle soit sensible, irrit\u00e9e ou normale,\" \/>\n<meta name=\"robots\" content=\"index, follow, max-snippet:-1, max-image-preview:large, max-video-preview:-1\" \/>\n<link rel=\"canonical\" href=\"https:\/\/www.med4skin.ch\/fr\/produkt\/lumicen-boost-serum\/\" \/>\n<meta property=\"og:locale\" content=\"fr_FR\" \/>\n<meta property=\"og:type\" content=\"article\" \/>\n<meta property=\"og:title\" content=\"S\u00e9rum Lumicen Boost PDRN 3% | med4skin\" \/>\n<meta property=\"og:description\" content=\"S\u00e9rum PDRN contenant 3% d&#039;ADN de sodium pur. Pour toutes les personnes qui souhaitent am\u00e9liorer la qualit\u00e9 de leur peau, qu&#039;elle soit sensible, irrit\u00e9e ou normale,\" \/>\n<meta property=\"og:url\" content=\"https:\/\/www.med4skin.ch\/fr\/produkt\/lumicen-boost-serum\/\" \/>\n<meta property=\"og:site_name\" content=\"med4skin\" \/>\n<meta property=\"article:modified_time\" content=\"2026-02-17T17:14:41+00:00\" \/>\n<meta property=\"og:image\" content=\"https:\/\/www.med4skin.ch\/wp-content\/uploads\/2025\/10\/Copia-de-SILUETA_LUMICEN-SERUM_sin-fondo-scaled.png\" \/>\n\t<meta property=\"og:image:width\" content=\"2048\" \/>\n\t<meta property=\"og:image:height\" content=\"2560\" \/>\n\t<meta property=\"og:image:type\" content=\"image\/png\" \/>\n<meta name=\"twitter:card\" content=\"summary_large_image\" \/>\n<meta name=\"twitter:label1\" content=\"Dur\u00e9e de lecture estim\u00e9e\" \/>\n\t<meta name=\"twitter:data1\" content=\"3 minutes\" \/>\n<script type=\"application\/ld+json\" class=\"yoast-schema-graph\">{\"@context\":\"https:\\\/\\\/schema.org\",\"@graph\":[{\"@type\":\"WebPage\",\"@id\":\"https:\\\/\\\/www.med4skin.ch\\\/fr\\\/produkt\\\/lumicen-boost-serum\\\/\",\"url\":\"https:\\\/\\\/www.med4skin.ch\\\/fr\\\/produkt\\\/lumicen-boost-serum\\\/\",\"name\":\"S\u00e9rum Lumicen Boost PDRN 3% | med4skin\",\"isPartOf\":{\"@id\":\"https:\\\/\\\/www.med4skin.ch\\\/fr\\\/#website\"},\"primaryImageOfPage\":{\"@id\":\"https:\\\/\\\/www.med4skin.ch\\\/fr\\\/produkt\\\/lumicen-boost-serum\\\/#primaryimage\"},\"image\":{\"@id\":\"https:\\\/\\\/www.med4skin.ch\\\/fr\\\/produkt\\\/lumicen-boost-serum\\\/#primaryimage\"},\"thumbnailUrl\":\"https:\\\/\\\/www.med4skin.ch\\\/wp-content\\\/uploads\\\/2025\\\/10\\\/Copia-de-SILUETA_LUMICEN-SERUM_sin-fondo-scaled.png\",\"datePublished\":\"2025-10-15T18:42:57+00:00\",\"dateModified\":\"2026-02-17T17:14:41+00:00\",\"description\":\"S\u00e9rum PDRN contenant 3% d'ADN de sodium pur. Pour toutes les personnes qui souhaitent am\u00e9liorer la qualit\u00e9 de leur peau, qu'elle soit sensible, irrit\u00e9e ou normale,\",\"breadcrumb\":{\"@id\":\"https:\\\/\\\/www.med4skin.ch\\\/fr\\\/produkt\\\/lumicen-boost-serum\\\/#breadcrumb\"},\"inLanguage\":\"fr-FR\",\"potentialAction\":[{\"@type\":\"ReadAction\",\"target\":[\"https:\\\/\\\/www.med4skin.ch\\\/fr\\\/produkt\\\/lumicen-boost-serum\\\/\"]}]},{\"@type\":\"ImageObject\",\"inLanguage\":\"fr-FR\",\"@id\":\"https:\\\/\\\/www.med4skin.ch\\\/fr\\\/produkt\\\/lumicen-boost-serum\\\/#primaryimage\",\"url\":\"https:\\\/\\\/www.med4skin.ch\\\/wp-content\\\/uploads\\\/2025\\\/10\\\/Copia-de-SILUETA_LUMICEN-SERUM_sin-fondo-scaled.png\",\"contentUrl\":\"https:\\\/\\\/www.med4skin.ch\\\/wp-content\\\/uploads\\\/2025\\\/10\\\/Copia-de-SILUETA_LUMICEN-SERUM_sin-fondo-scaled.png\",\"width\":2048,\"height\":2560,\"caption\":\"Lumicen Boost Serum\"},{\"@type\":\"BreadcrumbList\",\"@id\":\"https:\\\/\\\/www.med4skin.ch\\\/fr\\\/produkt\\\/lumicen-boost-serum\\\/#breadcrumb\",\"itemListElement\":[{\"@type\":\"ListItem\",\"position\":1,\"name\":\"Startseite\",\"item\":\"https:\\\/\\\/www.med4skin.ch\\\/fr\\\/\"},{\"@type\":\"ListItem\",\"position\":2,\"name\":\"Boutique des produits HomeCare\",\"item\":\"https:\\\/\\\/www.med4skin.ch\\\/fr\\\/boutique-des-produits-homecare\\\/\"},{\"@type\":\"ListItem\",\"position\":3,\"name\":\"S\u00e9rum Lumicen Boost PDRN 3%\"}]},{\"@type\":\"WebSite\",\"@id\":\"https:\\\/\\\/www.med4skin.ch\\\/fr\\\/#website\",\"url\":\"https:\\\/\\\/www.med4skin.ch\\\/fr\\\/\",\"name\":\"med4skin\",\"description\":\"med4skin - skincare\",\"publisher\":{\"@id\":\"https:\\\/\\\/www.med4skin.ch\\\/fr\\\/#organization\"},\"potentialAction\":[{\"@type\":\"SearchAction\",\"target\":{\"@type\":\"EntryPoint\",\"urlTemplate\":\"https:\\\/\\\/www.med4skin.ch\\\/fr\\\/?s={search_term_string}\"},\"query-input\":{\"@type\":\"PropertyValueSpecification\",\"valueRequired\":true,\"valueName\":\"search_term_string\"}}],\"inLanguage\":\"fr-FR\"},{\"@type\":\"Organization\",\"@id\":\"https:\\\/\\\/www.med4skin.ch\\\/fr\\\/#organization\",\"name\":\"med4skin\",\"url\":\"https:\\\/\\\/www.med4skin.ch\\\/fr\\\/\",\"logo\":{\"@type\":\"ImageObject\",\"inLanguage\":\"fr-FR\",\"@id\":\"https:\\\/\\\/www.med4skin.ch\\\/fr\\\/#\\\/schema\\\/logo\\\/image\\\/\",\"url\":\"https:\\\/\\\/www.med4skin.ch\\\/wp-content\\\/uploads\\\/2022\\\/08\\\/cropped-95017869_padded_logo.png\",\"contentUrl\":\"https:\\\/\\\/www.med4skin.ch\\\/wp-content\\\/uploads\\\/2022\\\/08\\\/cropped-95017869_padded_logo.png\",\"width\":\"512\",\"height\":\"512\",\"caption\":\"med4skin\"},\"image\":{\"@id\":\"https:\\\/\\\/www.med4skin.ch\\\/fr\\\/#\\\/schema\\\/logo\\\/image\\\/\"},\"sameAs\":[\"https:\\\/\\\/www.instagram.com\\\/toskani.switzerland\\\/\",\"https:\\\/\\\/www.instagram.com\\\/med4skin.ch\"]}]}<\/script>\n<!-- \/ Yoast SEO plugin. -->","yoast_head_json":{"title":"S\u00e9rum Lumicen Boost PDRN 3% | med4skin","description":"S\u00e9rum PDRN contenant 3% d'ADN de sodium pur. Pour toutes les personnes qui souhaitent am\u00e9liorer la qualit\u00e9 de leur peau, qu'elle soit sensible, irrit\u00e9e ou normale,","robots":{"index":"index","follow":"follow","max-snippet":"max-snippet:-1","max-image-preview":"max-image-preview:large","max-video-preview":"max-video-preview:-1"},"canonical":"https:\/\/www.med4skin.ch\/fr\/produkt\/lumicen-boost-serum\/","og_locale":"fr_FR","og_type":"article","og_title":"S\u00e9rum Lumicen Boost PDRN 3% | med4skin","og_description":"S\u00e9rum PDRN contenant 3% d'ADN de sodium pur. Pour toutes les personnes qui souhaitent am\u00e9liorer la qualit\u00e9 de leur peau, qu'elle soit sensible, irrit\u00e9e ou normale,","og_url":"https:\/\/www.med4skin.ch\/fr\/produkt\/lumicen-boost-serum\/","og_site_name":"med4skin","article_modified_time":"2026-02-17T17:14:41+00:00","og_image":[{"width":2048,"height":2560,"url":"https:\/\/www.med4skin.ch\/wp-content\/uploads\/2025\/10\/Copia-de-SILUETA_LUMICEN-SERUM_sin-fondo-scaled.png","type":"image\/png"}],"twitter_card":"summary_large_image","twitter_misc":{"Dur\u00e9e de lecture estim\u00e9e":"3 minutes"},"schema":{"@context":"https:\/\/schema.org","@graph":[{"@type":"WebPage","@id":"https:\/\/www.med4skin.ch\/fr\/produkt\/lumicen-boost-serum\/","url":"https:\/\/www.med4skin.ch\/fr\/produkt\/lumicen-boost-serum\/","name":"S\u00e9rum Lumicen Boost PDRN 3% | med4skin","isPartOf":{"@id":"https:\/\/www.med4skin.ch\/fr\/#website"},"primaryImageOfPage":{"@id":"https:\/\/www.med4skin.ch\/fr\/produkt\/lumicen-boost-serum\/#primaryimage"},"image":{"@id":"https:\/\/www.med4skin.ch\/fr\/produkt\/lumicen-boost-serum\/#primaryimage"},"thumbnailUrl":"https:\/\/www.med4skin.ch\/wp-content\/uploads\/2025\/10\/Copia-de-SILUETA_LUMICEN-SERUM_sin-fondo-scaled.png","datePublished":"2025-10-15T18:42:57+00:00","dateModified":"2026-02-17T17:14:41+00:00","description":"S\u00e9rum PDRN contenant 3% d'ADN de sodium pur. Pour toutes les personnes qui souhaitent am\u00e9liorer la qualit\u00e9 de leur peau, qu'elle soit sensible, irrit\u00e9e ou normale,","breadcrumb":{"@id":"https:\/\/www.med4skin.ch\/fr\/produkt\/lumicen-boost-serum\/#breadcrumb"},"inLanguage":"fr-FR","potentialAction":[{"@type":"ReadAction","target":["https:\/\/www.med4skin.ch\/fr\/produkt\/lumicen-boost-serum\/"]}]},{"@type":"ImageObject","inLanguage":"fr-FR","@id":"https:\/\/www.med4skin.ch\/fr\/produkt\/lumicen-boost-serum\/#primaryimage","url":"https:\/\/www.med4skin.ch\/wp-content\/uploads\/2025\/10\/Copia-de-SILUETA_LUMICEN-SERUM_sin-fondo-scaled.png","contentUrl":"https:\/\/www.med4skin.ch\/wp-content\/uploads\/2025\/10\/Copia-de-SILUETA_LUMICEN-SERUM_sin-fondo-scaled.png","width":2048,"height":2560,"caption":"Lumicen Boost Serum"},{"@type":"BreadcrumbList","@id":"https:\/\/www.med4skin.ch\/fr\/produkt\/lumicen-boost-serum\/#breadcrumb","itemListElement":[{"@type":"ListItem","position":1,"name":"Startseite","item":"https:\/\/www.med4skin.ch\/fr\/"},{"@type":"ListItem","position":2,"name":"Boutique des produits HomeCare","item":"https:\/\/www.med4skin.ch\/fr\/boutique-des-produits-homecare\/"},{"@type":"ListItem","position":3,"name":"S\u00e9rum Lumicen Boost PDRN 3%"}]},{"@type":"WebSite","@id":"https:\/\/www.med4skin.ch\/fr\/#website","url":"https:\/\/www.med4skin.ch\/fr\/","name":"med4skin","description":"med4skin - skincare","publisher":{"@id":"https:\/\/www.med4skin.ch\/fr\/#organization"},"potentialAction":[{"@type":"SearchAction","target":{"@type":"EntryPoint","urlTemplate":"https:\/\/www.med4skin.ch\/fr\/?s={search_term_string}"},"query-input":{"@type":"PropertyValueSpecification","valueRequired":true,"valueName":"search_term_string"}}],"inLanguage":"fr-FR"},{"@type":"Organization","@id":"https:\/\/www.med4skin.ch\/fr\/#organization","name":"med4skin","url":"https:\/\/www.med4skin.ch\/fr\/","logo":{"@type":"ImageObject","inLanguage":"fr-FR","@id":"https:\/\/www.med4skin.ch\/fr\/#\/schema\/logo\/image\/","url":"https:\/\/www.med4skin.ch\/wp-content\/uploads\/2022\/08\/cropped-95017869_padded_logo.png","contentUrl":"https:\/\/www.med4skin.ch\/wp-content\/uploads\/2022\/08\/cropped-95017869_padded_logo.png","width":"512","height":"512","caption":"med4skin"},"image":{"@id":"https:\/\/www.med4skin.ch\/fr\/#\/schema\/logo\/image\/"},"sameAs":["https:\/\/www.instagram.com\/toskani.switzerland\/","https:\/\/www.instagram.com\/med4skin.ch"]}]}},"_links":{"self":[{"href":"https:\/\/www.med4skin.ch\/fr\/wp-json\/wp\/v2\/product\/7075","targetHints":{"allow":["GET"]}}],"collection":[{"href":"https:\/\/www.med4skin.ch\/fr\/wp-json\/wp\/v2\/product"}],"about":[{"href":"https:\/\/www.med4skin.ch\/fr\/wp-json\/wp\/v2\/types\/product"}],"wp:featuredmedia":[{"embeddable":true,"href":"https:\/\/www.med4skin.ch\/fr\/wp-json\/wp\/v2\/media\/7060"}],"wp:attachment":[{"href":"https:\/\/www.med4skin.ch\/fr\/wp-json\/wp\/v2\/media?parent=7075"}],"wp:term":[{"taxonomy":"product_brand","embeddable":true,"href":"https:\/\/www.med4skin.ch\/fr\/wp-json\/wp\/v2\/product_brand?post=7075"},{"taxonomy":"product_cat","embeddable":true,"href":"https:\/\/www.med4skin.ch\/fr\/wp-json\/wp\/v2\/product_cat?post=7075"},{"taxonomy":"product_tag","embeddable":true,"href":"https:\/\/www.med4skin.ch\/fr\/wp-json\/wp\/v2\/product_tag?post=7075"}],"curies":[{"name":"wp","href":"https:\/\/api.w.org\/{rel}","templated":true}]}}