{"id":7219,"date":"2025-11-16T18:16:16","date_gmt":"2025-11-16T17:16:16","guid":{"rendered":"https:\/\/www.med4skin.ch\/?post_type=product&#038;p=7219"},"modified":"2025-11-16T18:33:52","modified_gmt":"2025-11-16T17:33:52","slug":"tca-15-pde-kopie","status":"publish","type":"product","link":"https:\/\/www.med4skin.ch\/fr\/produkt\/tca-15-pde-kopie\/","title":{"rendered":"TCA 15%"},"content":{"rendered":"<p>TOSKANI TCA Peel est un peeling chimique \u00e0 base d&rsquo;acide trichlorac\u00e9tique. Ce peeling est utilis\u00e9 pour traiter une grande vari\u00e9t\u00e9 de probl\u00e8mes de peau, y compris les cicatrices, l&rsquo;hyperpigmentation, le m\u00e9lasma, les dommages caus\u00e9s par le soleil et les signes de vieillissement. En l&rsquo;appliquant sur la peau, les couches sup\u00e9rieures de l&rsquo;\u00e9piderme sont \u00e9limin\u00e9es et une nouvelle couche fra\u00eeche appara\u00eet.<\/p>\n<p><strong>Indications<\/strong><br \/>\nCicatrices d&rsquo;acn\u00e9, hyperpigmentation, m\u00e9lasma, ridules, dommages caus\u00e9s par le soleil<\/p>\n<p><strong>Principes actifs<\/strong><br \/>\nAcide trichlorac\u00e9tique 15%<\/p>\n","protected":false},"excerpt":{"rendered":"<p>Vials 5x4ml<\/p>\n","protected":false},"featured_media":7226,"template":"","meta":{"_et_pb_use_builder":"","_et_pb_old_content":"","_et_gb_content_width":""},"product_brand":[],"product_cat":[161,178,168],"product_tag":[],"class_list":{"0":"post-7219","1":"product","2":"type-product","3":"status-publish","4":"has-post-thumbnail","6":"product_cat-professionnel","7":"product_cat-toskani-monoacid-peelings","8":"product_cat-toskanimed","10":"first","11":"instock","12":"taxable","13":"shipping-taxable","14":"purchasable","15":"product-type-simple"},"yoast_head":"<!-- This site is optimized with the Yoast SEO plugin v27.4 - https:\/\/yoast.com\/product\/yoast-seo-wordpress\/ -->\n<title>TOSKANI TCA 15% | med4skin<\/title>\n<meta name=\"description\" content=\"TOSKANI TCA Peel est un peeling chimique \u00e0 l&#039;acide trichlorac\u00e9tique, efficace contre les cicatrices, l&#039;hyperpigmentation, le m\u00e9lasma, les dommages caus\u00e9s par le soleil et les signes de vieillissement.\" \/>\n<meta name=\"robots\" content=\"index, follow, max-snippet:-1, max-image-preview:large, max-video-preview:-1\" \/>\n<link rel=\"canonical\" href=\"https:\/\/www.med4skin.ch\/fr\/produkt\/tca-15-pde-kopie\/\" \/>\n<meta property=\"og:locale\" content=\"fr_FR\" \/>\n<meta property=\"og:type\" content=\"article\" \/>\n<meta property=\"og:title\" content=\"TOSKANI TCA 15% | med4skin\" \/>\n<meta property=\"og:description\" content=\"TOSKANI TCA Peel est un peeling chimique \u00e0 l&#039;acide trichlorac\u00e9tique, efficace contre les cicatrices, l&#039;hyperpigmentation, le m\u00e9lasma, les dommages caus\u00e9s par le soleil et les signes de vieillissement.\" \/>\n<meta property=\"og:url\" content=\"https:\/\/www.med4skin.ch\/fr\/produkt\/tca-15-pde-kopie\/\" \/>\n<meta property=\"og:site_name\" content=\"med4skin\" \/>\n<meta property=\"article:modified_time\" content=\"2025-11-16T17:33:52+00:00\" \/>\n<meta property=\"og:image\" content=\"https:\/\/www.med4skin.ch\/wp-content\/uploads\/2025\/11\/TCA15-Render-Caja-Vial-ROW-2509-1.png\" \/>\n\t<meta property=\"og:image:width\" content=\"1\" \/>\n\t<meta property=\"og:image:height\" content=\"1\" \/>\n\t<meta property=\"og:image:type\" content=\"image\/png\" \/>\n<meta name=\"twitter:card\" content=\"summary_large_image\" \/>\n<meta name=\"twitter:label1\" content=\"Dur\u00e9e de lecture estim\u00e9e\" \/>\n\t<meta name=\"twitter:data1\" content=\"1 minute\" \/>\n<script type=\"application\/ld+json\" class=\"yoast-schema-graph\">{\"@context\":\"https:\\\/\\\/schema.org\",\"@graph\":[{\"@type\":\"WebPage\",\"@id\":\"https:\\\/\\\/www.med4skin.ch\\\/fr\\\/produkt\\\/tca-15-pde-kopie\\\/\",\"url\":\"https:\\\/\\\/www.med4skin.ch\\\/fr\\\/produkt\\\/tca-15-pde-kopie\\\/\",\"name\":\"TOSKANI TCA 15% | med4skin\",\"isPartOf\":{\"@id\":\"https:\\\/\\\/www.med4skin.ch\\\/fr\\\/#website\"},\"primaryImageOfPage\":{\"@id\":\"https:\\\/\\\/www.med4skin.ch\\\/fr\\\/produkt\\\/tca-15-pde-kopie\\\/#primaryimage\"},\"image\":{\"@id\":\"https:\\\/\\\/www.med4skin.ch\\\/fr\\\/produkt\\\/tca-15-pde-kopie\\\/#primaryimage\"},\"thumbnailUrl\":\"https:\\\/\\\/www.med4skin.ch\\\/wp-content\\\/uploads\\\/2025\\\/11\\\/TCA15-Render-Caja-Vial-ROW-2509-1.png\",\"datePublished\":\"2025-11-16T17:16:16+00:00\",\"dateModified\":\"2025-11-16T17:33:52+00:00\",\"description\":\"TOSKANI TCA Peel est un peeling chimique \u00e0 l'acide trichlorac\u00e9tique, efficace contre les cicatrices, l'hyperpigmentation, le m\u00e9lasma, les dommages caus\u00e9s par le soleil et les signes de vieillissement.\",\"breadcrumb\":{\"@id\":\"https:\\\/\\\/www.med4skin.ch\\\/fr\\\/produkt\\\/tca-15-pde-kopie\\\/#breadcrumb\"},\"inLanguage\":\"fr-FR\",\"potentialAction\":[{\"@type\":\"ReadAction\",\"target\":[\"https:\\\/\\\/www.med4skin.ch\\\/fr\\\/produkt\\\/tca-15-pde-kopie\\\/\"]}]},{\"@type\":\"ImageObject\",\"inLanguage\":\"fr-FR\",\"@id\":\"https:\\\/\\\/www.med4skin.ch\\\/fr\\\/produkt\\\/tca-15-pde-kopie\\\/#primaryimage\",\"url\":\"https:\\\/\\\/www.med4skin.ch\\\/wp-content\\\/uploads\\\/2025\\\/11\\\/TCA15-Render-Caja-Vial-ROW-2509-1.png\",\"contentUrl\":\"https:\\\/\\\/www.med4skin.ch\\\/wp-content\\\/uploads\\\/2025\\\/11\\\/TCA15-Render-Caja-Vial-ROW-2509-1.png\"},{\"@type\":\"BreadcrumbList\",\"@id\":\"https:\\\/\\\/www.med4skin.ch\\\/fr\\\/produkt\\\/tca-15-pde-kopie\\\/#breadcrumb\",\"itemListElement\":[{\"@type\":\"ListItem\",\"position\":1,\"name\":\"Startseite\",\"item\":\"https:\\\/\\\/www.med4skin.ch\\\/fr\\\/\"},{\"@type\":\"ListItem\",\"position\":2,\"name\":\"Boutique des produits HomeCare\",\"item\":\"https:\\\/\\\/www.med4skin.ch\\\/fr\\\/boutique-des-produits-homecare\\\/\"},{\"@type\":\"ListItem\",\"position\":3,\"name\":\"TCA 15%\"}]},{\"@type\":\"WebSite\",\"@id\":\"https:\\\/\\\/www.med4skin.ch\\\/fr\\\/#website\",\"url\":\"https:\\\/\\\/www.med4skin.ch\\\/fr\\\/\",\"name\":\"med4skin\",\"description\":\"med4skin - skincare\",\"publisher\":{\"@id\":\"https:\\\/\\\/www.med4skin.ch\\\/fr\\\/#organization\"},\"potentialAction\":[{\"@type\":\"SearchAction\",\"target\":{\"@type\":\"EntryPoint\",\"urlTemplate\":\"https:\\\/\\\/www.med4skin.ch\\\/fr\\\/?s={search_term_string}\"},\"query-input\":{\"@type\":\"PropertyValueSpecification\",\"valueRequired\":true,\"valueName\":\"search_term_string\"}}],\"inLanguage\":\"fr-FR\"},{\"@type\":\"Organization\",\"@id\":\"https:\\\/\\\/www.med4skin.ch\\\/fr\\\/#organization\",\"name\":\"med4skin\",\"url\":\"https:\\\/\\\/www.med4skin.ch\\\/fr\\\/\",\"logo\":{\"@type\":\"ImageObject\",\"inLanguage\":\"fr-FR\",\"@id\":\"https:\\\/\\\/www.med4skin.ch\\\/fr\\\/#\\\/schema\\\/logo\\\/image\\\/\",\"url\":\"https:\\\/\\\/www.med4skin.ch\\\/wp-content\\\/uploads\\\/2022\\\/08\\\/cropped-95017869_padded_logo.png\",\"contentUrl\":\"https:\\\/\\\/www.med4skin.ch\\\/wp-content\\\/uploads\\\/2022\\\/08\\\/cropped-95017869_padded_logo.png\",\"width\":\"512\",\"height\":\"512\",\"caption\":\"med4skin\"},\"image\":{\"@id\":\"https:\\\/\\\/www.med4skin.ch\\\/fr\\\/#\\\/schema\\\/logo\\\/image\\\/\"},\"sameAs\":[\"https:\\\/\\\/www.instagram.com\\\/toskani.switzerland\\\/\",\"https:\\\/\\\/www.instagram.com\\\/med4skin.ch\"]}]}<\/script>\n<!-- \/ Yoast SEO plugin. -->","yoast_head_json":{"title":"TOSKANI TCA 15% | med4skin","description":"TOSKANI TCA Peel est un peeling chimique \u00e0 l'acide trichlorac\u00e9tique, efficace contre les cicatrices, l'hyperpigmentation, le m\u00e9lasma, les dommages caus\u00e9s par le soleil et les signes de vieillissement.","robots":{"index":"index","follow":"follow","max-snippet":"max-snippet:-1","max-image-preview":"max-image-preview:large","max-video-preview":"max-video-preview:-1"},"canonical":"https:\/\/www.med4skin.ch\/fr\/produkt\/tca-15-pde-kopie\/","og_locale":"fr_FR","og_type":"article","og_title":"TOSKANI TCA 15% | med4skin","og_description":"TOSKANI TCA Peel est un peeling chimique \u00e0 l'acide trichlorac\u00e9tique, efficace contre les cicatrices, l'hyperpigmentation, le m\u00e9lasma, les dommages caus\u00e9s par le soleil et les signes de vieillissement.","og_url":"https:\/\/www.med4skin.ch\/fr\/produkt\/tca-15-pde-kopie\/","og_site_name":"med4skin","article_modified_time":"2025-11-16T17:33:52+00:00","og_image":[{"url":"https:\/\/www.med4skin.ch\/wp-content\/uploads\/2025\/11\/TCA15-Render-Caja-Vial-ROW-2509-1.png","width":1,"height":1,"type":"image\/png"}],"twitter_card":"summary_large_image","twitter_misc":{"Dur\u00e9e de lecture estim\u00e9e":"1 minute"},"schema":{"@context":"https:\/\/schema.org","@graph":[{"@type":"WebPage","@id":"https:\/\/www.med4skin.ch\/fr\/produkt\/tca-15-pde-kopie\/","url":"https:\/\/www.med4skin.ch\/fr\/produkt\/tca-15-pde-kopie\/","name":"TOSKANI TCA 15% | med4skin","isPartOf":{"@id":"https:\/\/www.med4skin.ch\/fr\/#website"},"primaryImageOfPage":{"@id":"https:\/\/www.med4skin.ch\/fr\/produkt\/tca-15-pde-kopie\/#primaryimage"},"image":{"@id":"https:\/\/www.med4skin.ch\/fr\/produkt\/tca-15-pde-kopie\/#primaryimage"},"thumbnailUrl":"https:\/\/www.med4skin.ch\/wp-content\/uploads\/2025\/11\/TCA15-Render-Caja-Vial-ROW-2509-1.png","datePublished":"2025-11-16T17:16:16+00:00","dateModified":"2025-11-16T17:33:52+00:00","description":"TOSKANI TCA Peel est un peeling chimique \u00e0 l'acide trichlorac\u00e9tique, efficace contre les cicatrices, l'hyperpigmentation, le m\u00e9lasma, les dommages caus\u00e9s par le soleil et les signes de vieillissement.","breadcrumb":{"@id":"https:\/\/www.med4skin.ch\/fr\/produkt\/tca-15-pde-kopie\/#breadcrumb"},"inLanguage":"fr-FR","potentialAction":[{"@type":"ReadAction","target":["https:\/\/www.med4skin.ch\/fr\/produkt\/tca-15-pde-kopie\/"]}]},{"@type":"ImageObject","inLanguage":"fr-FR","@id":"https:\/\/www.med4skin.ch\/fr\/produkt\/tca-15-pde-kopie\/#primaryimage","url":"https:\/\/www.med4skin.ch\/wp-content\/uploads\/2025\/11\/TCA15-Render-Caja-Vial-ROW-2509-1.png","contentUrl":"https:\/\/www.med4skin.ch\/wp-content\/uploads\/2025\/11\/TCA15-Render-Caja-Vial-ROW-2509-1.png"},{"@type":"BreadcrumbList","@id":"https:\/\/www.med4skin.ch\/fr\/produkt\/tca-15-pde-kopie\/#breadcrumb","itemListElement":[{"@type":"ListItem","position":1,"name":"Startseite","item":"https:\/\/www.med4skin.ch\/fr\/"},{"@type":"ListItem","position":2,"name":"Boutique des produits HomeCare","item":"https:\/\/www.med4skin.ch\/fr\/boutique-des-produits-homecare\/"},{"@type":"ListItem","position":3,"name":"TCA 15%"}]},{"@type":"WebSite","@id":"https:\/\/www.med4skin.ch\/fr\/#website","url":"https:\/\/www.med4skin.ch\/fr\/","name":"med4skin","description":"med4skin - skincare","publisher":{"@id":"https:\/\/www.med4skin.ch\/fr\/#organization"},"potentialAction":[{"@type":"SearchAction","target":{"@type":"EntryPoint","urlTemplate":"https:\/\/www.med4skin.ch\/fr\/?s={search_term_string}"},"query-input":{"@type":"PropertyValueSpecification","valueRequired":true,"valueName":"search_term_string"}}],"inLanguage":"fr-FR"},{"@type":"Organization","@id":"https:\/\/www.med4skin.ch\/fr\/#organization","name":"med4skin","url":"https:\/\/www.med4skin.ch\/fr\/","logo":{"@type":"ImageObject","inLanguage":"fr-FR","@id":"https:\/\/www.med4skin.ch\/fr\/#\/schema\/logo\/image\/","url":"https:\/\/www.med4skin.ch\/wp-content\/uploads\/2022\/08\/cropped-95017869_padded_logo.png","contentUrl":"https:\/\/www.med4skin.ch\/wp-content\/uploads\/2022\/08\/cropped-95017869_padded_logo.png","width":"512","height":"512","caption":"med4skin"},"image":{"@id":"https:\/\/www.med4skin.ch\/fr\/#\/schema\/logo\/image\/"},"sameAs":["https:\/\/www.instagram.com\/toskani.switzerland\/","https:\/\/www.instagram.com\/med4skin.ch"]}]}},"_links":{"self":[{"href":"https:\/\/www.med4skin.ch\/fr\/wp-json\/wp\/v2\/product\/7219","targetHints":{"allow":["GET"]}}],"collection":[{"href":"https:\/\/www.med4skin.ch\/fr\/wp-json\/wp\/v2\/product"}],"about":[{"href":"https:\/\/www.med4skin.ch\/fr\/wp-json\/wp\/v2\/types\/product"}],"wp:featuredmedia":[{"embeddable":true,"href":"https:\/\/www.med4skin.ch\/fr\/wp-json\/wp\/v2\/media\/7226"}],"wp:attachment":[{"href":"https:\/\/www.med4skin.ch\/fr\/wp-json\/wp\/v2\/media?parent=7219"}],"wp:term":[{"taxonomy":"product_brand","embeddable":true,"href":"https:\/\/www.med4skin.ch\/fr\/wp-json\/wp\/v2\/product_brand?post=7219"},{"taxonomy":"product_cat","embeddable":true,"href":"https:\/\/www.med4skin.ch\/fr\/wp-json\/wp\/v2\/product_cat?post=7219"},{"taxonomy":"product_tag","embeddable":true,"href":"https:\/\/www.med4skin.ch\/fr\/wp-json\/wp\/v2\/product_tag?post=7219"}],"curies":[{"name":"wp","href":"https:\/\/api.w.org\/{rel}","templated":true}]}}