{"id":7292,"date":"2025-11-21T20:10:30","date_gmt":"2025-11-21T19:10:30","guid":{"rendered":"https:\/\/www.med4skin.ch\/?post_type=product&#038;p=7292"},"modified":"2025-11-23T20:26:35","modified_gmt":"2025-11-23T19:26:35","slug":"creme-antioxydante-avancee-aox-kopie","status":"publish","type":"product","link":"https:\/\/www.med4skin.ch\/fr\/produkt\/creme-antioxydante-avancee-aox-kopie\/","title":{"rendered":"AOX PROMO avec 3 produits et un sac"},"content":{"rendered":"<p><strong>Toute la gamme AOX Cream, Serum et Eyes&amp;Lips, accompagn\u00e9e d&rsquo;une trousse de toilette, en offre promotionnelle !<\/strong><\/p>\n<p><strong>AOX Advanced Antioxidant est une nouvelle ligne d&rsquo;antioxydants hautement concentr\u00e9s de TOSKANI, bas\u00e9e sur un extrait liposomal de tulipe noire (BTE - Black Tulip Extract - Lipo Complex).<\/strong><\/p>\n<p>Cette gamme innovante active les antioxydants naturels de la peau tels que le gluthation et le coenzyme Q10 tout en renfor\u00e7ant l&rsquo;action des vitamines C et E.<\/p>\n<p>L&rsquo;\u00e9clat, la vitalit\u00e9 et les d\u00e9fenses naturelles de la peau contre le vieillissement sont ainsi restaur\u00e9s et vous avez une peau plus forte et plus \u00e9clatante que jamais.<\/p>\n<p>La <a href=\"https:\/\/www.med4skin.ch\/fr\/produkt\/aox-advanced-antioxidant-cream\/\"><strong>Cr\u00e8me antioxydante avanc\u00e9e AOX<\/strong><\/a> a une texture tr\u00e8s l\u00e9g\u00e8re et a un caract\u00e8re hautement protecteur avec un effet anti-\u00e2ge. Elle lutte contre les radicaux libres et poss\u00e8de une protection intelligente contre les UVA gr\u00e2ce \u00e0 l&rsquo;ingr\u00e9dient UVA Smart Protection.<\/p>\n<p>Le <a href=\"https:\/\/www.med4skin.ch\/fr\/produkt\/aox-advanced-antioxidant-serum\/\"><strong>S\u00e9rum antioxydant avanc\u00e9 AOX<\/strong><\/a> a une texture l\u00e9g\u00e8re, prot\u00e8ge et r\u00e9pare la peau contre le stress oxydatif. L&rsquo;extrait BTE-Lipo r\u00e9g\u00e9n\u00e8re les antioxydants de la peau et combat les radicaux libres ROS (Reactive Oxygen Species) et RNS (Reactive Nitrogen Species). Le s\u00e9rum contient \u00e9galement de l&rsquo;acide ascorbique pur avec du glutathion li\u00e9 \u00e0 des particules d&rsquo;or afin de renforcer l&rsquo;action antioxydante et d&rsquo;obtenir un effet \u00e9claircissant.<\/p>\n<p><a href=\"https:\/\/www.med4skin.ch\/fr\/produkt\/aox-advanced-antioxidant-eyes-lips\/\"><strong>AOX Antioxydant avanc\u00e9 Yeux &amp; L\u00e8vres<\/strong><\/a> a une texture tr\u00e8s l\u00e9g\u00e8re. Son complexe BTE-Lipo de tulipe noire r\u00e9g\u00e9n\u00e8re les antioxydants internes et lutte contre les radicaux libres (ROS et RNS). De plus, il contient des ingr\u00e9dients sp\u00e9cifiques pour le contour des yeux et des l\u00e8vres, qui offrent un effet tenseur et r\u00e9ducteur de rides.<\/p>\n","protected":false},"excerpt":{"rendered":"<p>1 x Cr\u00e8me AOX - 50 ml Airglass (airless)<br \/>\n1 x S\u00e9rum AOX - 30 ml Pipette<br \/>\n1 x AOX Eyes&amp;Lips - 10 ml roll-on<br \/>\n1 x sac de toilette noir<\/p>\n","protected":false},"featured_media":7300,"template":"","meta":{"_et_pb_use_builder":"","_et_pb_old_content":"","_et_gb_content_width":""},"product_brand":[],"product_cat":[149,304,150,298,158,198],"product_tag":[],"class_list":{"0":"post-7292","1":"product","2":"type-product","3":"status-publish","4":"has-post-thumbnail","6":"product_cat-produits-homecare","7":"product_cat-toscani-aox","8":"product_cat-toskani","9":"product_cat-toskani-accueil-antioxydant","10":"product_cat-toskani-home-protect-repair-fr-2","11":"product_cat-toskani-promo-fr","13":"first","14":"instock","15":"taxable","16":"shipping-taxable","17":"purchasable","18":"product-type-simple"},"yoast_head":"<!-- This site is optimized with the Yoast SEO plugin v27.4 - https:\/\/yoast.com\/product\/yoast-seo-wordpress\/ -->\n<title>AOX PROMO avec 3 produits et un sac | med4skin<\/title>\n<meta name=\"description\" content=\"La cr\u00e8me AOX a une texture tr\u00e8s l\u00e9g\u00e8re et a un caract\u00e8re fortement protecteur avec un effet anti-\u00e2ge. Elle contient de l&#039;extrait de tulipe noire.\" \/>\n<meta name=\"robots\" content=\"index, follow, max-snippet:-1, max-image-preview:large, max-video-preview:-1\" \/>\n<link rel=\"canonical\" href=\"https:\/\/www.med4skin.ch\/fr\/produkt\/creme-antioxydante-avancee-aox-kopie\/\" \/>\n<meta property=\"og:locale\" content=\"fr_FR\" \/>\n<meta property=\"og:type\" content=\"article\" \/>\n<meta property=\"og:title\" content=\"AOX PROMO avec 3 produits et un sac | med4skin\" \/>\n<meta property=\"og:description\" content=\"La cr\u00e8me AOX a une texture tr\u00e8s l\u00e9g\u00e8re et a un caract\u00e8re fortement protecteur avec un effet anti-\u00e2ge. Elle contient de l&#039;extrait de tulipe noire.\" \/>\n<meta property=\"og:url\" content=\"https:\/\/www.med4skin.ch\/fr\/produkt\/creme-antioxydante-avancee-aox-kopie\/\" \/>\n<meta property=\"og:site_name\" content=\"med4skin\" \/>\n<meta property=\"article:modified_time\" content=\"2025-11-23T19:26:35+00:00\" \/>\n<meta property=\"og:image\" content=\"https:\/\/www.med4skin.ch\/wp-content\/uploads\/2025\/11\/AOX-Toiletten-Tasche-Spezialangebot.png\" \/>\n\t<meta property=\"og:image:width\" content=\"1000\" \/>\n\t<meta property=\"og:image:height\" content=\"750\" \/>\n\t<meta property=\"og:image:type\" content=\"image\/png\" \/>\n<meta name=\"twitter:card\" content=\"summary_large_image\" \/>\n<meta name=\"twitter:label1\" content=\"Dur\u00e9e de lecture estim\u00e9e\" \/>\n\t<meta name=\"twitter:data1\" content=\"2 minutes\" \/>\n<script type=\"application\/ld+json\" class=\"yoast-schema-graph\">{\"@context\":\"https:\\\/\\\/schema.org\",\"@graph\":[{\"@type\":\"WebPage\",\"@id\":\"https:\\\/\\\/www.med4skin.ch\\\/fr\\\/produkt\\\/creme-antioxydante-avancee-aox-kopie\\\/\",\"url\":\"https:\\\/\\\/www.med4skin.ch\\\/fr\\\/produkt\\\/creme-antioxydante-avancee-aox-kopie\\\/\",\"name\":\"AOX PROMO avec 3 produits et un sac | med4skin\",\"isPartOf\":{\"@id\":\"https:\\\/\\\/www.med4skin.ch\\\/fr\\\/#website\"},\"primaryImageOfPage\":{\"@id\":\"https:\\\/\\\/www.med4skin.ch\\\/fr\\\/produkt\\\/creme-antioxydante-avancee-aox-kopie\\\/#primaryimage\"},\"image\":{\"@id\":\"https:\\\/\\\/www.med4skin.ch\\\/fr\\\/produkt\\\/creme-antioxydante-avancee-aox-kopie\\\/#primaryimage\"},\"thumbnailUrl\":\"https:\\\/\\\/www.med4skin.ch\\\/wp-content\\\/uploads\\\/2025\\\/11\\\/AOX-Toiletten-Tasche-Spezialangebot.png\",\"datePublished\":\"2025-11-21T19:10:30+00:00\",\"dateModified\":\"2025-11-23T19:26:35+00:00\",\"description\":\"La cr\u00e8me AOX a une texture tr\u00e8s l\u00e9g\u00e8re et a un caract\u00e8re fortement protecteur avec un effet anti-\u00e2ge. Elle contient de l'extrait de tulipe noire.\",\"breadcrumb\":{\"@id\":\"https:\\\/\\\/www.med4skin.ch\\\/fr\\\/produkt\\\/creme-antioxydante-avancee-aox-kopie\\\/#breadcrumb\"},\"inLanguage\":\"fr-FR\",\"potentialAction\":[{\"@type\":\"ReadAction\",\"target\":[\"https:\\\/\\\/www.med4skin.ch\\\/fr\\\/produkt\\\/creme-antioxydante-avancee-aox-kopie\\\/\"]}]},{\"@type\":\"ImageObject\",\"inLanguage\":\"fr-FR\",\"@id\":\"https:\\\/\\\/www.med4skin.ch\\\/fr\\\/produkt\\\/creme-antioxydante-avancee-aox-kopie\\\/#primaryimage\",\"url\":\"https:\\\/\\\/www.med4skin.ch\\\/wp-content\\\/uploads\\\/2025\\\/11\\\/AOX-Toiletten-Tasche-Spezialangebot.png\",\"contentUrl\":\"https:\\\/\\\/www.med4skin.ch\\\/wp-content\\\/uploads\\\/2025\\\/11\\\/AOX-Toiletten-Tasche-Spezialangebot.png\",\"width\":1000,\"height\":750},{\"@type\":\"BreadcrumbList\",\"@id\":\"https:\\\/\\\/www.med4skin.ch\\\/fr\\\/produkt\\\/creme-antioxydante-avancee-aox-kopie\\\/#breadcrumb\",\"itemListElement\":[{\"@type\":\"ListItem\",\"position\":1,\"name\":\"Startseite\",\"item\":\"https:\\\/\\\/www.med4skin.ch\\\/fr\\\/\"},{\"@type\":\"ListItem\",\"position\":2,\"name\":\"Boutique des produits HomeCare\",\"item\":\"https:\\\/\\\/www.med4skin.ch\\\/fr\\\/boutique-des-produits-homecare\\\/\"},{\"@type\":\"ListItem\",\"position\":3,\"name\":\"AOX PROMO avec 3 produits et un sac\"}]},{\"@type\":\"WebSite\",\"@id\":\"https:\\\/\\\/www.med4skin.ch\\\/fr\\\/#website\",\"url\":\"https:\\\/\\\/www.med4skin.ch\\\/fr\\\/\",\"name\":\"med4skin\",\"description\":\"med4skin - skincare\",\"publisher\":{\"@id\":\"https:\\\/\\\/www.med4skin.ch\\\/fr\\\/#organization\"},\"potentialAction\":[{\"@type\":\"SearchAction\",\"target\":{\"@type\":\"EntryPoint\",\"urlTemplate\":\"https:\\\/\\\/www.med4skin.ch\\\/fr\\\/?s={search_term_string}\"},\"query-input\":{\"@type\":\"PropertyValueSpecification\",\"valueRequired\":true,\"valueName\":\"search_term_string\"}}],\"inLanguage\":\"fr-FR\"},{\"@type\":\"Organization\",\"@id\":\"https:\\\/\\\/www.med4skin.ch\\\/fr\\\/#organization\",\"name\":\"med4skin\",\"url\":\"https:\\\/\\\/www.med4skin.ch\\\/fr\\\/\",\"logo\":{\"@type\":\"ImageObject\",\"inLanguage\":\"fr-FR\",\"@id\":\"https:\\\/\\\/www.med4skin.ch\\\/fr\\\/#\\\/schema\\\/logo\\\/image\\\/\",\"url\":\"https:\\\/\\\/www.med4skin.ch\\\/wp-content\\\/uploads\\\/2022\\\/08\\\/cropped-95017869_padded_logo.png\",\"contentUrl\":\"https:\\\/\\\/www.med4skin.ch\\\/wp-content\\\/uploads\\\/2022\\\/08\\\/cropped-95017869_padded_logo.png\",\"width\":\"512\",\"height\":\"512\",\"caption\":\"med4skin\"},\"image\":{\"@id\":\"https:\\\/\\\/www.med4skin.ch\\\/fr\\\/#\\\/schema\\\/logo\\\/image\\\/\"},\"sameAs\":[\"https:\\\/\\\/www.instagram.com\\\/toskani.switzerland\\\/\",\"https:\\\/\\\/www.instagram.com\\\/med4skin.ch\"]}]}<\/script>\n<!-- \/ Yoast SEO plugin. -->","yoast_head_json":{"title":"AOX PROMO avec 3 produits et un sac | med4skin","description":"La cr\u00e8me AOX a une texture tr\u00e8s l\u00e9g\u00e8re et a un caract\u00e8re fortement protecteur avec un effet anti-\u00e2ge. Elle contient de l'extrait de tulipe noire.","robots":{"index":"index","follow":"follow","max-snippet":"max-snippet:-1","max-image-preview":"max-image-preview:large","max-video-preview":"max-video-preview:-1"},"canonical":"https:\/\/www.med4skin.ch\/fr\/produkt\/creme-antioxydante-avancee-aox-kopie\/","og_locale":"fr_FR","og_type":"article","og_title":"AOX PROMO avec 3 produits et un sac | med4skin","og_description":"La cr\u00e8me AOX a une texture tr\u00e8s l\u00e9g\u00e8re et a un caract\u00e8re fortement protecteur avec un effet anti-\u00e2ge. Elle contient de l'extrait de tulipe noire.","og_url":"https:\/\/www.med4skin.ch\/fr\/produkt\/creme-antioxydante-avancee-aox-kopie\/","og_site_name":"med4skin","article_modified_time":"2025-11-23T19:26:35+00:00","og_image":[{"width":1000,"height":750,"url":"https:\/\/www.med4skin.ch\/wp-content\/uploads\/2025\/11\/AOX-Toiletten-Tasche-Spezialangebot.png","type":"image\/png"}],"twitter_card":"summary_large_image","twitter_misc":{"Dur\u00e9e de lecture estim\u00e9e":"2 minutes"},"schema":{"@context":"https:\/\/schema.org","@graph":[{"@type":"WebPage","@id":"https:\/\/www.med4skin.ch\/fr\/produkt\/creme-antioxydante-avancee-aox-kopie\/","url":"https:\/\/www.med4skin.ch\/fr\/produkt\/creme-antioxydante-avancee-aox-kopie\/","name":"AOX PROMO avec 3 produits et un sac | med4skin","isPartOf":{"@id":"https:\/\/www.med4skin.ch\/fr\/#website"},"primaryImageOfPage":{"@id":"https:\/\/www.med4skin.ch\/fr\/produkt\/creme-antioxydante-avancee-aox-kopie\/#primaryimage"},"image":{"@id":"https:\/\/www.med4skin.ch\/fr\/produkt\/creme-antioxydante-avancee-aox-kopie\/#primaryimage"},"thumbnailUrl":"https:\/\/www.med4skin.ch\/wp-content\/uploads\/2025\/11\/AOX-Toiletten-Tasche-Spezialangebot.png","datePublished":"2025-11-21T19:10:30+00:00","dateModified":"2025-11-23T19:26:35+00:00","description":"La cr\u00e8me AOX a une texture tr\u00e8s l\u00e9g\u00e8re et a un caract\u00e8re fortement protecteur avec un effet anti-\u00e2ge. Elle contient de l'extrait de tulipe noire.","breadcrumb":{"@id":"https:\/\/www.med4skin.ch\/fr\/produkt\/creme-antioxydante-avancee-aox-kopie\/#breadcrumb"},"inLanguage":"fr-FR","potentialAction":[{"@type":"ReadAction","target":["https:\/\/www.med4skin.ch\/fr\/produkt\/creme-antioxydante-avancee-aox-kopie\/"]}]},{"@type":"ImageObject","inLanguage":"fr-FR","@id":"https:\/\/www.med4skin.ch\/fr\/produkt\/creme-antioxydante-avancee-aox-kopie\/#primaryimage","url":"https:\/\/www.med4skin.ch\/wp-content\/uploads\/2025\/11\/AOX-Toiletten-Tasche-Spezialangebot.png","contentUrl":"https:\/\/www.med4skin.ch\/wp-content\/uploads\/2025\/11\/AOX-Toiletten-Tasche-Spezialangebot.png","width":1000,"height":750},{"@type":"BreadcrumbList","@id":"https:\/\/www.med4skin.ch\/fr\/produkt\/creme-antioxydante-avancee-aox-kopie\/#breadcrumb","itemListElement":[{"@type":"ListItem","position":1,"name":"Startseite","item":"https:\/\/www.med4skin.ch\/fr\/"},{"@type":"ListItem","position":2,"name":"Boutique des produits HomeCare","item":"https:\/\/www.med4skin.ch\/fr\/boutique-des-produits-homecare\/"},{"@type":"ListItem","position":3,"name":"AOX PROMO avec 3 produits et un sac"}]},{"@type":"WebSite","@id":"https:\/\/www.med4skin.ch\/fr\/#website","url":"https:\/\/www.med4skin.ch\/fr\/","name":"med4skin","description":"med4skin - skincare","publisher":{"@id":"https:\/\/www.med4skin.ch\/fr\/#organization"},"potentialAction":[{"@type":"SearchAction","target":{"@type":"EntryPoint","urlTemplate":"https:\/\/www.med4skin.ch\/fr\/?s={search_term_string}"},"query-input":{"@type":"PropertyValueSpecification","valueRequired":true,"valueName":"search_term_string"}}],"inLanguage":"fr-FR"},{"@type":"Organization","@id":"https:\/\/www.med4skin.ch\/fr\/#organization","name":"med4skin","url":"https:\/\/www.med4skin.ch\/fr\/","logo":{"@type":"ImageObject","inLanguage":"fr-FR","@id":"https:\/\/www.med4skin.ch\/fr\/#\/schema\/logo\/image\/","url":"https:\/\/www.med4skin.ch\/wp-content\/uploads\/2022\/08\/cropped-95017869_padded_logo.png","contentUrl":"https:\/\/www.med4skin.ch\/wp-content\/uploads\/2022\/08\/cropped-95017869_padded_logo.png","width":"512","height":"512","caption":"med4skin"},"image":{"@id":"https:\/\/www.med4skin.ch\/fr\/#\/schema\/logo\/image\/"},"sameAs":["https:\/\/www.instagram.com\/toskani.switzerland\/","https:\/\/www.instagram.com\/med4skin.ch"]}]}},"_links":{"self":[{"href":"https:\/\/www.med4skin.ch\/fr\/wp-json\/wp\/v2\/product\/7292","targetHints":{"allow":["GET"]}}],"collection":[{"href":"https:\/\/www.med4skin.ch\/fr\/wp-json\/wp\/v2\/product"}],"about":[{"href":"https:\/\/www.med4skin.ch\/fr\/wp-json\/wp\/v2\/types\/product"}],"wp:featuredmedia":[{"embeddable":true,"href":"https:\/\/www.med4skin.ch\/fr\/wp-json\/wp\/v2\/media\/7300"}],"wp:attachment":[{"href":"https:\/\/www.med4skin.ch\/fr\/wp-json\/wp\/v2\/media?parent=7292"}],"wp:term":[{"taxonomy":"product_brand","embeddable":true,"href":"https:\/\/www.med4skin.ch\/fr\/wp-json\/wp\/v2\/product_brand?post=7292"},{"taxonomy":"product_cat","embeddable":true,"href":"https:\/\/www.med4skin.ch\/fr\/wp-json\/wp\/v2\/product_cat?post=7292"},{"taxonomy":"product_tag","embeddable":true,"href":"https:\/\/www.med4skin.ch\/fr\/wp-json\/wp\/v2\/product_tag?post=7292"}],"curies":[{"name":"wp","href":"https:\/\/api.w.org\/{rel}","templated":true}]}}